{"id":10311,"date":"2022-08-27T21:52:40","date_gmt":"2022-08-27T19:52:40","guid":{"rendered":"https:\/\/kirche-hilsbach-weiler.de\/hw\/?page_id=10311"},"modified":"2023-07-07T18:27:16","modified_gmt":"2023-07-07T16:27:16","slug":"hanna-printz","status":"publish","type":"page","link":"https:\/\/kirche-hilsbach-weiler.de\/hw\/?page_id=10311","title":{"rendered":"Hanna Printz"},"content":{"rendered":"\r\n<figure class=\"wp-block-image size-large is-resized is-style-default\">\r\n<figcaption><a href=\"https:\/\/i0.wp.com\/kirche-hilsbach-weiler.de\/hw\/wp-content\/uploads\/2022\/11\/Zwischenablage01.jpg?ssl=1\" data-src=\"https:\/\/kirche-hilsbach-weiler.de\/hw\/wp-content\/uploads\/2022\/11\/Zwischenablage01.jpg\" data-thumb=\"https:\/\/kirche-hilsbach-weiler.de\/hw\/wp-content\/uploads\/2022\/11\/Zwischenablage01-230x300.jpg\" class=\"ml-lightbox-enabled\"><img data-recalc-dims=\"1\" loading=\"lazy\" decoding=\"async\" data-attachment-id=\"10431\" data-permalink=\"https:\/\/kirche-hilsbach-weiler.de\/hw\/?attachment_id=10431\" data-orig-file=\"https:\/\/i0.wp.com\/kirche-hilsbach-weiler.de\/hw\/wp-content\/uploads\/2022\/11\/Zwischenablage01.jpg?fit=248%2C324&amp;ssl=1\" data-orig-size=\"248,324\" data-comments-opened=\"0\" data-image-meta=\"{&quot;aperture&quot;:&quot;0&quot;,&quot;credit&quot;:&quot;&quot;,&quot;camera&quot;:&quot;&quot;,&quot;caption&quot;:&quot;&quot;,&quot;created_timestamp&quot;:&quot;0&quot;,&quot;copyright&quot;:&quot;&quot;,&quot;focal_length&quot;:&quot;0&quot;,&quot;iso&quot;:&quot;0&quot;,&quot;shutter_speed&quot;:&quot;0&quot;,&quot;title&quot;:&quot;&quot;,&quot;orientation&quot;:&quot;0&quot;}\" data-image-title=\"Zwischenablage01\" data-image-description=\"\" data-image-caption=\"\" data-large-file=\"https:\/\/i0.wp.com\/kirche-hilsbach-weiler.de\/hw\/wp-content\/uploads\/2022\/11\/Zwischenablage01.jpg?fit=248%2C324&amp;ssl=1\" class=\"alignnone wp-image-10431 size-medium\" src=\"https:\/\/i0.wp.com\/kirche-hilsbach-weiler.de\/hw\/wp-content\/uploads\/2022\/11\/Zwischenablage01.jpg?resize=230%2C300&#038;ssl=1\" alt=\"\" width=\"230\" height=\"300\" srcset=\"https:\/\/i0.wp.com\/kirche-hilsbach-weiler.de\/hw\/wp-content\/uploads\/2022\/11\/Zwischenablage01.jpg?resize=230%2C300&amp;ssl=1 230w, https:\/\/i0.wp.com\/kirche-hilsbach-weiler.de\/hw\/wp-content\/uploads\/2022\/11\/Zwischenablage01.jpg?w=248&amp;ssl=1 248w\" sizes=\"auto, (max-width: 230px) 100vw, 230px\" \/><\/a><br>Hanna Printz war von Dezember 2022 <br>bis Juni 2023 in Kambodscha<br><br><\/figcaption>\r\n<\/figure>\r\n","protected":false},"excerpt":{"rendered":"","protected":false},"author":6,"featured_media":0,"parent":8334,"menu_order":0,"comment_status":"closed","ping_status":"closed","template":"","meta":{"ngg_post_thumbnail":0,"footnotes":""},"class_list":["entry","page","publish","author-ekhwadmin","post-10311"],"jetpack_shortlink":"https:\/\/wp.me\/P4vBdR-2Gj","jetpack_likes_enabled":false,"jetpack-related-posts":[{"id":8367,"url":"https:\/\/kirche-hilsbach-weiler.de\/hw\/?page_id=8367","url_meta":{"origin":10311,"position":0},"title":"Simon Printz","author":"Stefan Pickel","date":"17. Juli 2020","format":false,"excerpt":"War von Januar bis Juli 2021 in S\u00fcdafrika,und ist seit Sommer 2023 mit Pro11 unterwegs.Weitere Infos mit Newsletter: https:\/\/www.pro11.org\/simon.printz","rel":"","context":"\u00c4hnlicher Beitrag","block_context":{"text":"\u00c4hnlicher Beitrag","link":""},"img":{"alt_text":"","src":"https:\/\/i0.wp.com\/kirche-hilsbach-weiler.de\/hw\/wp-content\/uploads\/2020\/07\/Bild_001.jpg?resize=350%2C200&ssl=1","width":350,"height":200,"srcset":"https:\/\/i0.wp.com\/kirche-hilsbach-weiler.de\/hw\/wp-content\/uploads\/2020\/07\/Bild_001.jpg?resize=350%2C200&ssl=1 1x, https:\/\/i0.wp.com\/kirche-hilsbach-weiler.de\/hw\/wp-content\/uploads\/2020\/07\/Bild_001.jpg?resize=525%2C300&ssl=1 1.5x, https:\/\/i0.wp.com\/kirche-hilsbach-weiler.de\/hw\/wp-content\/uploads\/2020\/07\/Bild_001.jpg?resize=700%2C400&ssl=1 2x"},"classes":[]},{"id":1895,"url":"https:\/\/kirche-hilsbach-weiler.de\/hw\/?page_id=1895","url_meta":{"origin":10311,"position":1},"title":"Predigten","author":"Administrator","date":"14. April 2014","format":false,"excerpt":"NACHgeDACHT \u00fcber Himmel & Erde Andachten, Predigten & mehr zum NACHschauen, NACHh\u00f6ren und NACHdenken","rel":"","context":"\u00c4hnlicher Beitrag","block_context":{"text":"\u00c4hnlicher Beitrag","link":""},"img":{"alt_text":"","src":"https:\/\/i0.wp.com\/kirche-hilsbach-weiler.de\/hw\/wp-content\/uploads\/2023\/01\/nachGEDACHT-2.jpg?fit=1200%2C675&ssl=1&resize=350%2C200","width":350,"height":200,"srcset":"https:\/\/i0.wp.com\/kirche-hilsbach-weiler.de\/hw\/wp-content\/uploads\/2023\/01\/nachGEDACHT-2.jpg?fit=1200%2C675&ssl=1&resize=350%2C200 1x, https:\/\/i0.wp.com\/kirche-hilsbach-weiler.de\/hw\/wp-content\/uploads\/2023\/01\/nachGEDACHT-2.jpg?fit=1200%2C675&ssl=1&resize=525%2C300 1.5x, https:\/\/i0.wp.com\/kirche-hilsbach-weiler.de\/hw\/wp-content\/uploads\/2023\/01\/nachGEDACHT-2.jpg?fit=1200%2C675&ssl=1&resize=700%2C400 2x, https:\/\/i0.wp.com\/kirche-hilsbach-weiler.de\/hw\/wp-content\/uploads\/2023\/01\/nachGEDACHT-2.jpg?fit=1200%2C675&ssl=1&resize=1050%2C600 3x"},"classes":[]},{"id":4176,"url":"https:\/\/kirche-hilsbach-weiler.de\/hw\/?page_id=4176","url_meta":{"origin":10311,"position":2},"title":"Gemeindebrief","author":"Carsten Glaser","date":"26. September 2015","format":false,"excerpt":"","rel":"","context":"\u00c4hnlicher Beitrag","block_context":{"text":"\u00c4hnlicher Beitrag","link":""},"img":{"alt_text":"","src":"https:\/\/i0.wp.com\/kirche-hilsbach-weiler.de\/hw\/wp-content\/uploads\/2026\/03\/GB202604-210x300.png?resize=350%2C200&ssl=1","width":350,"height":200},"classes":[]},{"id":2041,"url":"https:\/\/kirche-hilsbach-weiler.de\/hw\/?page_id=2041","url_meta":{"origin":10311,"position":3},"title":"Kirchengemeinderat HilsbachWeiler","author":"Stefan Pickel","date":"13. Januar 2020","format":false,"excerpt":"Bei den letzten Kirchenwahlen im Dezember 2025 wurde der aktuell amtierende Kirchengemeinderat gew\u00e4hlt. Pfarrer Dr. Markus Printz ist von Amtes wegen Mitglied im Kirchengemeinderat. Der Kirchengemeinderat ist \u00fcber folgende Mailadresse erreichbar: kgr@kirche-hilsbach-weiler.de Gerne k\u00f6nnen Sie sich mit Ihren Anliegen auch pers\u00f6nlich an jedes der Mitglieder (Kirchen\u00e4lteste) wenden: Der Kirchengemeinderat (=\u2026","rel":"","context":"\u00c4hnlicher Beitrag","block_context":{"text":"\u00c4hnlicher Beitrag","link":""},"img":{"alt_text":"","src":"https:\/\/i0.wp.com\/kirche-hilsbach-weiler.de\/hw\/wp-content\/uploads\/2022\/10\/KGR-2022.jpg?resize=350%2C200&ssl=1","width":350,"height":200,"srcset":"https:\/\/i0.wp.com\/kirche-hilsbach-weiler.de\/hw\/wp-content\/uploads\/2022\/10\/KGR-2022.jpg?resize=350%2C200&ssl=1 1x, https:\/\/i0.wp.com\/kirche-hilsbach-weiler.de\/hw\/wp-content\/uploads\/2022\/10\/KGR-2022.jpg?resize=525%2C300&ssl=1 1.5x, https:\/\/i0.wp.com\/kirche-hilsbach-weiler.de\/hw\/wp-content\/uploads\/2022\/10\/KGR-2022.jpg?resize=700%2C400&ssl=1 2x, https:\/\/i0.wp.com\/kirche-hilsbach-weiler.de\/hw\/wp-content\/uploads\/2022\/10\/KGR-2022.jpg?resize=1050%2C600&ssl=1 3x, https:\/\/i0.wp.com\/kirche-hilsbach-weiler.de\/hw\/wp-content\/uploads\/2022\/10\/KGR-2022.jpg?resize=1400%2C800&ssl=1 4x"},"classes":[]},{"id":25,"url":"https:\/\/kirche-hilsbach-weiler.de\/hw\/?page_id=25","url_meta":{"origin":10311,"position":4},"title":"Infos","author":"Administrator","date":"29. Juni 2012","format":false,"excerpt":"","rel":"","context":"\u00c4hnlicher Beitrag","block_context":{"text":"\u00c4hnlicher Beitrag","link":""},"img":{"alt_text":"","src":"https:\/\/i0.wp.com\/kirche-hilsbach-weiler.de\/hw\/wp-content\/uploads\/2020\/04\/KirchenHilsbachWeiler-17-scaled.jpg?resize=350%2C200&ssl=1","width":350,"height":200,"srcset":"https:\/\/i0.wp.com\/kirche-hilsbach-weiler.de\/hw\/wp-content\/uploads\/2020\/04\/KirchenHilsbachWeiler-17-scaled.jpg?resize=350%2C200&ssl=1 1x, https:\/\/i0.wp.com\/kirche-hilsbach-weiler.de\/hw\/wp-content\/uploads\/2020\/04\/KirchenHilsbachWeiler-17-scaled.jpg?resize=525%2C300&ssl=1 1.5x, https:\/\/i0.wp.com\/kirche-hilsbach-weiler.de\/hw\/wp-content\/uploads\/2020\/04\/KirchenHilsbachWeiler-17-scaled.jpg?resize=700%2C400&ssl=1 2x, https:\/\/i0.wp.com\/kirche-hilsbach-weiler.de\/hw\/wp-content\/uploads\/2020\/04\/KirchenHilsbachWeiler-17-scaled.jpg?resize=1050%2C600&ssl=1 3x, https:\/\/i0.wp.com\/kirche-hilsbach-weiler.de\/hw\/wp-content\/uploads\/2020\/04\/KirchenHilsbachWeiler-17-scaled.jpg?resize=1400%2C800&ssl=1 4x"},"classes":[]},{"id":2191,"url":"https:\/\/kirche-hilsbach-weiler.de\/hw\/?page_id=2191","url_meta":{"origin":10311,"position":5},"title":"Impressum","author":"Administrator","date":"1. April 2014","format":false,"excerpt":"Evangelische Landeskirche in Baden Evangelische Kirchengemeinde Hilsbach-Weiler Marktstr. 11 74889 Sinsheim Telefon: +49 (0) 7260317 Telefax: +49 (0) 7260920313 E-Mail: info@kirche-hilsbach-weiler.de Vertretungsberechtigt\/vertreten durch: Ralf Holzwarth Pfarrer Markus Printz Rechtsform Die Evangelische Kirchengemeinde Hilsbach-Weiler ist eine K\u00f6rperschaft des \u00f6ffentlichen Rechts. Rechtstr\u00e4ger der Aufsichtsbeh\u00f6rde: Evangelische Landeskirche in Baden, Blumenstra\u00dfe 1 - 7,\u2026","rel":"","context":"\u00c4hnlicher Beitrag","block_context":{"text":"\u00c4hnlicher Beitrag","link":""},"img":{"alt_text":"","src":"","width":0,"height":0},"classes":[]}],"jetpack_sharing_enabled":true,"_links":{"self":[{"href":"https:\/\/kirche-hilsbach-weiler.de\/hw\/index.php?rest_route=\/wp\/v2\/pages\/10311","targetHints":{"allow":["GET"]}}],"collection":[{"href":"https:\/\/kirche-hilsbach-weiler.de\/hw\/index.php?rest_route=\/wp\/v2\/pages"}],"about":[{"href":"https:\/\/kirche-hilsbach-weiler.de\/hw\/index.php?rest_route=\/wp\/v2\/types\/page"}],"author":[{"embeddable":true,"href":"https:\/\/kirche-hilsbach-weiler.de\/hw\/index.php?rest_route=\/wp\/v2\/users\/6"}],"replies":[{"embeddable":true,"href":"https:\/\/kirche-hilsbach-weiler.de\/hw\/index.php?rest_route=%2Fwp%2Fv2%2Fcomments&post=10311"}],"version-history":[{"count":0,"href":"https:\/\/kirche-hilsbach-weiler.de\/hw\/index.php?rest_route=\/wp\/v2\/pages\/10311\/revisions"}],"up":[{"embeddable":true,"href":"https:\/\/kirche-hilsbach-weiler.de\/hw\/index.php?rest_route=\/wp\/v2\/pages\/8334"}],"wp:attachment":[{"href":"https:\/\/kirche-hilsbach-weiler.de\/hw\/index.php?rest_route=%2Fwp%2Fv2%2Fmedia&parent=10311"}],"curies":[{"name":"wp","href":"https:\/\/api.w.org\/{rel}","templated":true}]}}