{"id":10488,"date":"2023-01-09T16:43:34","date_gmt":"2023-01-09T15:43:34","guid":{"rendered":"https:\/\/kirche-hilsbach-weiler.de\/hw\/?page_id=10488"},"modified":"2024-07-29T22:16:30","modified_gmt":"2024-07-29T20:16:30","slug":"kreaktiv","status":"publish","type":"page","link":"https:\/\/kirche-hilsbach-weiler.de\/hw\/?page_id=10488","title":{"rendered":"KREAKTIV-Treffen"},"content":{"rendered":"<p><strong>Eine Mischung aus Kreativit\u00e4t und Aktivit\u00e4t f\u00fcr alle<\/strong><\/p>\n<p>Wir wollen uns regelm\u00e4\u00dfig treffen und gemeinsam Neues wagen und ausprobieren.<br \/>\nSei es eine neue Technik beim Stricken, neue Bastelprojekte oder auch im kulinarischen Bereich.<\/p>\n<p>Kontakt: <a href=\"&#x6d;a&#x69;&#108;&#x74;&#111;:&#x6b;&#114;&#x65;&#97;k&#x74;&#105;&#x76;&#64;k&#x69;r&#x63;&#104;&#x65;&#x2d;h&#x69;&#108;&#x73;&#98;a&#x63;&#104;&#x2d;&#119;e&#x69;l&#x65;&#114;&#46;&#x64;e\">&#x6b;&#114;&#x65;&#97;k&#x74;&#105;v&#x40;&#107;&#x69;&#x72;c&#x68;&#101;-&#x68;&#105;&#x6c;&#x73;b&#x61;&#99;h&#x2d;&#119;e&#x69;&#108;&#x65;&#114;&#46;&#x64;&#101;<\/a><\/p>\n","protected":false},"excerpt":{"rendered":"<p>Eine Mischung aus Kreativit\u00e4t und Aktivit\u00e4t f\u00fcr alle Wir wollen uns regelm\u00e4\u00dfig treffen und gemeinsam Neues wagen und ausprobieren. Sei es eine neue Technik beim Stricken, neue Bastelprojekte oder auch im kulinarischen Bereich. Kontakt: k&#114;&#x65;&#x61;k&#116;&#x69;&#x76;&#64;&#107;&#105;&#x72;&#x63;h&#101;&#x2d;&#x68;i&#108;&#x73;&#x62;a&#99;&#104;&#x2d;&#x77;e&#105;&#x6c;&#x65;r&#46;&#x64;&#x65;<\/p>\n","protected":false},"author":6,"featured_media":0,"parent":0,"menu_order":0,"comment_status":"closed","ping_status":"closed","template":"","meta":{"ngg_post_thumbnail":0,"footnotes":""},"class_list":["entry","page","publish","author-ekhwadmin","post-10488"],"jetpack_shortlink":"https:\/\/wp.me\/P4vBdR-2Ja","jetpack_likes_enabled":false,"jetpack-related-posts":[{"id":6003,"url":"https:\/\/kirche-hilsbach-weiler.de\/hw\/?page_id=6003","url_meta":{"origin":10488,"position":0},"title":"Hauskreis","author":"Administrator","date":"18. November 2017","format":false,"excerpt":"Sechs Fragen zum Hauskreis Hilsbach-Weiler Was ist denn Euer Hauskreis? In unserem Hauskreis treffen wir uns regelm\u00e4\u00dfig, um Glauben und Leben zu teilen. Ist das also ein frommer Geheimzirkel? Nat\u00fcrlich nicht. Die Treffen sind genauso \u00f6ffentlich wie andere Veranstaltungen. Wir treffen uns abwechselnd bei einzelnen Teilnehmern zu Hause, weil das\u2026","rel":"","context":"\u00c4hnlicher Beitrag","block_context":{"text":"\u00c4hnlicher Beitrag","link":""},"img":{"alt_text":"Hauskreis-Symbolfoto","src":"https:\/\/i0.wp.com\/kirche-hilsbach-weiler.de\/hw\/wp-content\/uploads\/2020\/04\/meeting-1015288_1920-e1588058179566.jpg?fit=1200%2C674&ssl=1&resize=350%2C200","width":350,"height":200,"srcset":"https:\/\/i0.wp.com\/kirche-hilsbach-weiler.de\/hw\/wp-content\/uploads\/2020\/04\/meeting-1015288_1920-e1588058179566.jpg?fit=1200%2C674&ssl=1&resize=350%2C200 1x, https:\/\/i0.wp.com\/kirche-hilsbach-weiler.de\/hw\/wp-content\/uploads\/2020\/04\/meeting-1015288_1920-e1588058179566.jpg?fit=1200%2C674&ssl=1&resize=525%2C300 1.5x, https:\/\/i0.wp.com\/kirche-hilsbach-weiler.de\/hw\/wp-content\/uploads\/2020\/04\/meeting-1015288_1920-e1588058179566.jpg?fit=1200%2C674&ssl=1&resize=700%2C400 2x, https:\/\/i0.wp.com\/kirche-hilsbach-weiler.de\/hw\/wp-content\/uploads\/2020\/04\/meeting-1015288_1920-e1588058179566.jpg?fit=1200%2C674&ssl=1&resize=1050%2C600 3x"},"classes":[]},{"id":1925,"url":"https:\/\/kirche-hilsbach-weiler.de\/hw\/?page_id=1925","url_meta":{"origin":10488,"position":1},"title":"App f\u00fcr Smartphone &#038; Web","author":"Administrator","date":"29. M\u00e4rz 2014","format":false,"excerpt":"Wir haben eine eigene App und laden Euch ein diese zu testen und zu nutzen! Durch diese App k\u00f6nnen wir die Kommunikation in der Gemeinde und innerhalb der Mitarbeitenden von Gemeindegruppen vereinfachen. Alle Nutzer der App werden aktuell \u00fcber Neuigkeiten, Empfehlungen, Veranstaltungen und mehr informiert. Ihr findet die f\u00fcr Euch\u2026","rel":"","context":"\u00c4hnlicher Beitrag","block_context":{"text":"\u00c4hnlicher Beitrag","link":""},"img":{"alt_text":"","src":"https:\/\/i0.wp.com\/kirche-hilsbach-weiler.de\/hw\/wp-content\/uploads\/2020\/07\/Appstore-300x89.png?resize=350%2C200&ssl=1","width":350,"height":200},"classes":[]},{"id":8284,"url":"https:\/\/kirche-hilsbach-weiler.de\/hw\/?page_id=8284","url_meta":{"origin":10488,"position":2},"title":"App f\u00fcr Smartphone &#038; Web","author":"Carsten Glaser","date":"1. Juli 2020","format":false,"excerpt":"Wir haben eine eigene App und laden Euch ein diese zu testen und zu nutzen! Durch diese App k\u00f6nnen wir die Kommunikation in der Gemeinde und innerhalb der Mitarbeitenden von Gemeindegruppen vereinfachen. Alle Nutzer der App werden aktuell \u00fcber Neuigkeiten, Empfehlungen, Veranstaltungen und mehr informiert. Ihr findet die f\u00fcr Euch\u2026","rel":"","context":"\u00c4hnlicher Beitrag","block_context":{"text":"\u00c4hnlicher Beitrag","link":""},"img":{"alt_text":"","src":"https:\/\/i0.wp.com\/kirche-hilsbach-weiler.de\/hw\/wp-content\/uploads\/2020\/07\/Appstore-300x89.png?resize=350%2C200&ssl=1","width":350,"height":200},"classes":[]},{"id":2016,"url":"https:\/\/kirche-hilsbach-weiler.de\/hw\/?page_id=2016","url_meta":{"origin":10488,"position":3},"title":"Projekt Jugendreferent","author":"Administrator","date":"29. M\u00e4rz 2014","format":false,"excerpt":"Eine Studie (www.stickyfaith.org) hat ergeben, dass ungef\u00e4hr die H\u00e4lfte aller Jugendlichen (in den USA) nach ihrem Schulabschluss in gro\u00dfe Glaubensn\u00f6te kommen oder sich sogar ganz vom Glauben distanzieren. Sehr wahrscheinlich ist die Zahl in Deutschland nicht wirklich erfreulicher. Wir meinen: Das muss nicht so sein! Ganz und gar nicht! Deswegen\u2026","rel":"","context":"\u00c4hnlicher Beitrag","block_context":{"text":"\u00c4hnlicher Beitrag","link":""},"img":{"alt_text":"header_juref1","src":"https:\/\/i0.wp.com\/kirche-hilsbach-weiler.de\/hw\/wp-content\/uploads\/2014\/03\/header_juref1.jpg?resize=350%2C200","width":350,"height":200,"srcset":"https:\/\/i0.wp.com\/kirche-hilsbach-weiler.de\/hw\/wp-content\/uploads\/2014\/03\/header_juref1.jpg?resize=350%2C200 1x, https:\/\/i0.wp.com\/kirche-hilsbach-weiler.de\/hw\/wp-content\/uploads\/2014\/03\/header_juref1.jpg?resize=525%2C300 1.5x, https:\/\/i0.wp.com\/kirche-hilsbach-weiler.de\/hw\/wp-content\/uploads\/2014\/03\/header_juref1.jpg?resize=700%2C400 2x"},"classes":[]},{"id":5976,"url":"https:\/\/kirche-hilsbach-weiler.de\/hw\/?page_id=5976","url_meta":{"origin":10488,"position":4},"title":"Bibelgespr\u00e4chskreis","author":"Administrator","date":"18. November 2017","format":false,"excerpt":"Die Bibel ist f\u00fcr uns Gottes Wort an die Menschen, eine Einladung zu einem Leben mit Gott, der Treffpunkt zwischen Gott und Mensch. Darum treffen wir uns mit Gott im Bibelgespr\u00e4chskreis, und zwar am Dienstag Abend, normalerweise 2mal im Monat um 19.30 Uhr. Unser Treffpunkt ist das evangelische Gemeindehaus HilsbachWeiler\u2026","rel":"","context":"\u00c4hnlicher Beitrag","block_context":{"text":"\u00c4hnlicher Beitrag","link":""},"img":{"alt_text":"","src":"","width":0,"height":0},"classes":[]},{"id":5991,"url":"https:\/\/kirche-hilsbach-weiler.de\/hw\/?page_id=5991","url_meta":{"origin":10488,"position":5},"title":"Kirchenchor Hilsbach","author":"Administrator","date":"18. November 2017","format":false,"excerpt":"Sie singen gerne? Und sie m\u00f6gen Kirchenmusik aus allen Epochen \u2013 klassisch bis modern?\u00a0Sie m\u00f6gen es, wenn ein Gottesdienst durch Chormusik bereichert wird? Dann sind Sie bei uns richtig \u2013 im evangelischen Kirchenchor Hilsbach.\u00a0Wir sind ein kleiner Chor mit 24 S\u00e4ngerinnen und S\u00e4ngern \u2013 jungen bis alten.\u00a0Unsere junge Dirigentin, Sabrina\u2026","rel":"","context":"\u00c4hnlicher Beitrag","block_context":{"text":"\u00c4hnlicher Beitrag","link":""},"img":{"alt_text":"","src":"https:\/\/i0.wp.com\/kirche-hilsbach-weiler.de\/hw\/wp-content\/uploads\/2017\/11\/KirchenchorHilsbach-e1511030468365.jpeg?fit=350%2C235&ssl=1&resize=350%2C200","width":350,"height":200},"classes":[]}],"jetpack_sharing_enabled":true,"_links":{"self":[{"href":"https:\/\/kirche-hilsbach-weiler.de\/hw\/index.php?rest_route=\/wp\/v2\/pages\/10488","targetHints":{"allow":["GET"]}}],"collection":[{"href":"https:\/\/kirche-hilsbach-weiler.de\/hw\/index.php?rest_route=\/wp\/v2\/pages"}],"about":[{"href":"https:\/\/kirche-hilsbach-weiler.de\/hw\/index.php?rest_route=\/wp\/v2\/types\/page"}],"author":[{"embeddable":true,"href":"https:\/\/kirche-hilsbach-weiler.de\/hw\/index.php?rest_route=\/wp\/v2\/users\/6"}],"replies":[{"embeddable":true,"href":"https:\/\/kirche-hilsbach-weiler.de\/hw\/index.php?rest_route=%2Fwp%2Fv2%2Fcomments&post=10488"}],"version-history":[{"count":2,"href":"https:\/\/kirche-hilsbach-weiler.de\/hw\/index.php?rest_route=\/wp\/v2\/pages\/10488\/revisions"}],"predecessor-version":[{"id":11226,"href":"https:\/\/kirche-hilsbach-weiler.de\/hw\/index.php?rest_route=\/wp\/v2\/pages\/10488\/revisions\/11226"}],"wp:attachment":[{"href":"https:\/\/kirche-hilsbach-weiler.de\/hw\/index.php?rest_route=%2Fwp%2Fv2%2Fmedia&parent=10488"}],"curies":[{"name":"wp","href":"https:\/\/api.w.org\/{rel}","templated":true}]}}