{"id":10551,"date":"2023-03-11T09:22:52","date_gmt":"2023-03-11T08:22:52","guid":{"rendered":"https:\/\/kirche-hilsbach-weiler.de\/hw\/?page_id=10551"},"modified":"2023-03-30T13:28:02","modified_gmt":"2023-03-30T11:28:02","slug":"ostern-neu-erleben-das-buch-zum-anhoeren","status":"publish","type":"page","link":"https:\/\/kirche-hilsbach-weiler.de\/hw\/?page_id=10551","title":{"rendered":"Ostern neu erleben &#8211; Das Buch zum Anh\u00f6ren"},"content":{"rendered":"<p>\u00dcber 30 verschiedene Menschen aus der Gemeinde haben sich zusammengetan und dieses Buch f\u00fcr Sie vorgelesen. Jeden Tag gibt&#8217;s ein neues Kapitel. Genie\u00dfen Sie also die Texte bei einer guten Tasse Kaffee oder Tee, unterwegs oder zu Hause, am PC oder mit dem Smartphone und freuen Sie sich, viele bekannte, aber auch neue Stimmen zu h\u00f6ren. Wir w\u00fcnschen Ihnen allen eine gesegnete Passionszeit.<\/p>\n\n\n\n\n\n\n\n\n\n\n\n\n\n\n\n\n\n\n\n\n\n\n\n\n\n\n\n\n\n\n<p>Diese Audiodateien sind aus lizenzrechtlichen Gr\u00fcnden nur bis 17. April 2023 zum Anh\u00f6ren hier zu finden und k\u00f6nnen und d\u00fcrfen nicht heruntergeladen werden.<\/p>\n<p><a href=\"https:\/\/www.scm-brockhaus.de\/ostern-neu-erleben.html\" target=\"_blank\" rel=\"noopener\">Themenwelt \u201eOstern neu erleben\u201c:<\/a><br \/>\n<a href=\"https:\/\/www.scm-brockhaus.de\/ostern-neu-erleben.html\" target=\"_blank\" rel=\"noopener noreferrer\">https:\/\/www.scm-brockhaus.de\/ostern-neu-erleben.html<\/a><\/p>\n<div class=\"WordSection1\">\n<div id=\"attachment_10555\" style=\"width: 198px\" class=\"wp-caption alignnone\"><a href=\"https:\/\/www.scm-brockhaus.de\/ostern-neu-erleben.html\"><img data-recalc-dims=\"1\" loading=\"lazy\" decoding=\"async\" aria-describedby=\"caption-attachment-10555\" data-attachment-id=\"10555\" data-permalink=\"https:\/\/kirche-hilsbach-weiler.de\/hw\/?attachment_id=10555\" data-orig-file=\"https:\/\/i0.wp.com\/kirche-hilsbach-weiler.de\/hw\/wp-content\/uploads\/2023\/02\/227000047.jpg?fit=1594%2C2539&amp;ssl=1\" data-orig-size=\"1594,2539\" data-comments-opened=\"0\" data-image-meta=\"{&quot;aperture&quot;:&quot;0&quot;,&quot;credit&quot;:&quot;&quot;,&quot;camera&quot;:&quot;&quot;,&quot;caption&quot;:&quot;&quot;,&quot;created_timestamp&quot;:&quot;0&quot;,&quot;copyright&quot;:&quot;&quot;,&quot;focal_length&quot;:&quot;0&quot;,&quot;iso&quot;:&quot;0&quot;,&quot;shutter_speed&quot;:&quot;0&quot;,&quot;title&quot;:&quot;&quot;,&quot;orientation&quot;:&quot;1&quot;}\" data-image-title=\"227000047\" data-image-description=\"\" data-image-caption=\"\" data-large-file=\"https:\/\/i0.wp.com\/kirche-hilsbach-weiler.de\/hw\/wp-content\/uploads\/2023\/02\/227000047.jpg?fit=643%2C1024&amp;ssl=1\" class=\"wp-image-10555 size-medium\" src=\"https:\/\/i0.wp.com\/kirche-hilsbach-weiler.de\/hw\/wp-content\/uploads\/2023\/02\/227000047.jpg?resize=188%2C300&#038;ssl=1\" alt=\"Oskar K\u00f6nig: Ostern neu erleben, \u00a9 2023 SCM R.Brockhaus in der SCM Verlagsgruppe GmbH, Holzgerlingen\" width=\"188\" height=\"300\" srcset=\"https:\/\/i0.wp.com\/kirche-hilsbach-weiler.de\/hw\/wp-content\/uploads\/2023\/02\/227000047.jpg?resize=188%2C300&amp;ssl=1 188w, https:\/\/i0.wp.com\/kirche-hilsbach-weiler.de\/hw\/wp-content\/uploads\/2023\/02\/227000047.jpg?resize=643%2C1024&amp;ssl=1 643w, https:\/\/i0.wp.com\/kirche-hilsbach-weiler.de\/hw\/wp-content\/uploads\/2023\/02\/227000047.jpg?resize=768%2C1223&amp;ssl=1 768w, https:\/\/i0.wp.com\/kirche-hilsbach-weiler.de\/hw\/wp-content\/uploads\/2023\/02\/227000047.jpg?resize=964%2C1536&amp;ssl=1 964w, https:\/\/i0.wp.com\/kirche-hilsbach-weiler.de\/hw\/wp-content\/uploads\/2023\/02\/227000047.jpg?resize=1286%2C2048&amp;ssl=1 1286w, https:\/\/i0.wp.com\/kirche-hilsbach-weiler.de\/hw\/wp-content\/uploads\/2023\/02\/227000047.jpg?w=1594&amp;ssl=1 1594w, https:\/\/i0.wp.com\/kirche-hilsbach-weiler.de\/hw\/wp-content\/uploads\/2023\/02\/227000047.jpg?w=1400&amp;ssl=1 1400w\" sizes=\"auto, (max-width: 188px) 100vw, 188px\" \/><\/a><p id=\"caption-attachment-10555\" class=\"wp-caption-text\">Oskar K\u00f6nig: Ostern neu erleben, \u00a9 2023 SCM R.Brockhaus in der SCM Verlagsgruppe GmbH, Holzgerlingen<\/p><\/div>\n<\/div>\n","protected":false},"excerpt":{"rendered":"<p>\u00dcber 30 verschiedene Menschen aus der Gemeinde haben sich zusammengetan und dieses Buch f\u00fcr Sie vorgelesen. Jeden Tag gibt&#8217;s ein neues Kapitel. Genie\u00dfen Sie also die Texte bei einer guten Tasse Kaffee oder Tee, unterwegs oder zu Hause, am PC oder mit dem Smartphone und freuen Sie sich, viele bekannte, aber auch neue Stimmen zu &#8230; <span class=\"more\"><a class=\"more-link\" href=\"https:\/\/kirche-hilsbach-weiler.de\/hw\/?page_id=10551\">[Weiter&#8230;]<\/a><\/span><\/p>\n","protected":false},"author":6,"featured_media":0,"parent":0,"menu_order":0,"comment_status":"closed","ping_status":"closed","template":"","meta":{"ngg_post_thumbnail":0,"footnotes":""},"class_list":["entry","page","publish","author-ekhwadmin","post-10551"],"jetpack_shortlink":"https:\/\/wp.me\/P4vBdR-2Kb","jetpack_likes_enabled":false,"jetpack-related-posts":[{"id":8972,"url":"https:\/\/kirche-hilsbach-weiler.de\/hw\/?page_id=8972","url_meta":{"origin":10551,"position":0},"title":"24x Weihnachten neu erleben &#8211; Das Adventskalenderbuch zum Anh\u00f6ren","author":"Anja Seewald","date":"27. November 2020","format":false,"excerpt":"24 verschiedene Menschen aus der Gemeinde haben sich zusammengetan und dieses Buch f\u00fcr Sie vorgelesen. Jeden Tag - wie beim Adventskalender - gibt's ein neues Kapitel. Genie\u00dfen Sie also die Texte bei einer guten Tasse Kaffee oder Tee, unterwegs oder zu Hause, am PC oder mit dem Smartphone und freuen\u2026","rel":"","context":"\u00c4hnlicher Beitrag","block_context":{"text":"\u00c4hnlicher Beitrag","link":""},"img":{"alt_text":"","src":"https:\/\/i0.wp.com\/kirche-hilsbach-weiler.de\/hw\/wp-content\/uploads\/2020\/11\/wne03g-1022x1024.jpg?resize=350%2C200&ssl=1","width":350,"height":200},"classes":[]},{"id":2041,"url":"https:\/\/kirche-hilsbach-weiler.de\/hw\/?page_id=2041","url_meta":{"origin":10551,"position":1},"title":"Kirchengemeinderat HilsbachWeiler","author":"Stefan Pickel","date":"13. Januar 2020","format":false,"excerpt":"Bei den letzten Kirchenwahlen im Dezember 2025 wurde der aktuell amtierende Kirchengemeinderat gew\u00e4hlt. Pfarrer Dr. Markus Printz ist von Amtes wegen Mitglied im Kirchengemeinderat. Der Kirchengemeinderat ist \u00fcber folgende Mailadresse erreichbar: kgr@kirche-hilsbach-weiler.de Gerne k\u00f6nnen Sie sich mit Ihren Anliegen auch pers\u00f6nlich an jedes der Mitglieder (Kirchen\u00e4lteste) wenden: Der Kirchengemeinderat (=\u2026","rel":"","context":"\u00c4hnlicher Beitrag","block_context":{"text":"\u00c4hnlicher Beitrag","link":""},"img":{"alt_text":"","src":"https:\/\/i0.wp.com\/kirche-hilsbach-weiler.de\/hw\/wp-content\/uploads\/2022\/10\/KGR-2022.jpg?resize=350%2C200&ssl=1","width":350,"height":200,"srcset":"https:\/\/i0.wp.com\/kirche-hilsbach-weiler.de\/hw\/wp-content\/uploads\/2022\/10\/KGR-2022.jpg?resize=350%2C200&ssl=1 1x, https:\/\/i0.wp.com\/kirche-hilsbach-weiler.de\/hw\/wp-content\/uploads\/2022\/10\/KGR-2022.jpg?resize=525%2C300&ssl=1 1.5x, https:\/\/i0.wp.com\/kirche-hilsbach-weiler.de\/hw\/wp-content\/uploads\/2022\/10\/KGR-2022.jpg?resize=700%2C400&ssl=1 2x, https:\/\/i0.wp.com\/kirche-hilsbach-weiler.de\/hw\/wp-content\/uploads\/2022\/10\/KGR-2022.jpg?resize=1050%2C600&ssl=1 3x, https:\/\/i0.wp.com\/kirche-hilsbach-weiler.de\/hw\/wp-content\/uploads\/2022\/10\/KGR-2022.jpg?resize=1400%2C800&ssl=1 4x"},"classes":[]},{"id":2016,"url":"https:\/\/kirche-hilsbach-weiler.de\/hw\/?page_id=2016","url_meta":{"origin":10551,"position":2},"title":"Projekt Jugendreferent","author":"Administrator","date":"29. M\u00e4rz 2014","format":false,"excerpt":"Eine Studie (www.stickyfaith.org) hat ergeben, dass ungef\u00e4hr die H\u00e4lfte aller Jugendlichen (in den USA) nach ihrem Schulabschluss in gro\u00dfe Glaubensn\u00f6te kommen oder sich sogar ganz vom Glauben distanzieren. Sehr wahrscheinlich ist die Zahl in Deutschland nicht wirklich erfreulicher. Wir meinen: Das muss nicht so sein! Ganz und gar nicht! Deswegen\u2026","rel":"","context":"\u00c4hnlicher Beitrag","block_context":{"text":"\u00c4hnlicher Beitrag","link":""},"img":{"alt_text":"header_juref1","src":"https:\/\/i0.wp.com\/kirche-hilsbach-weiler.de\/hw\/wp-content\/uploads\/2014\/03\/header_juref1.jpg?resize=350%2C200","width":350,"height":200,"srcset":"https:\/\/i0.wp.com\/kirche-hilsbach-weiler.de\/hw\/wp-content\/uploads\/2014\/03\/header_juref1.jpg?resize=350%2C200 1x, https:\/\/i0.wp.com\/kirche-hilsbach-weiler.de\/hw\/wp-content\/uploads\/2014\/03\/header_juref1.jpg?resize=525%2C300 1.5x, https:\/\/i0.wp.com\/kirche-hilsbach-weiler.de\/hw\/wp-content\/uploads\/2014\/03\/header_juref1.jpg?resize=700%2C400 2x"},"classes":[]},{"id":6003,"url":"https:\/\/kirche-hilsbach-weiler.de\/hw\/?page_id=6003","url_meta":{"origin":10551,"position":3},"title":"Hauskreis","author":"Administrator","date":"18. November 2017","format":false,"excerpt":"Sechs Fragen zum Hauskreis Hilsbach-Weiler Was ist denn Euer Hauskreis? In unserem Hauskreis treffen wir uns regelm\u00e4\u00dfig, um Glauben und Leben zu teilen. Ist das also ein frommer Geheimzirkel? Nat\u00fcrlich nicht. Die Treffen sind genauso \u00f6ffentlich wie andere Veranstaltungen. Wir treffen uns abwechselnd bei einzelnen Teilnehmern zu Hause, weil das\u2026","rel":"","context":"\u00c4hnlicher Beitrag","block_context":{"text":"\u00c4hnlicher Beitrag","link":""},"img":{"alt_text":"Hauskreis-Symbolfoto","src":"https:\/\/i0.wp.com\/kirche-hilsbach-weiler.de\/hw\/wp-content\/uploads\/2020\/04\/meeting-1015288_1920-e1588058179566.jpg?fit=1200%2C674&ssl=1&resize=350%2C200","width":350,"height":200,"srcset":"https:\/\/i0.wp.com\/kirche-hilsbach-weiler.de\/hw\/wp-content\/uploads\/2020\/04\/meeting-1015288_1920-e1588058179566.jpg?fit=1200%2C674&ssl=1&resize=350%2C200 1x, https:\/\/i0.wp.com\/kirche-hilsbach-weiler.de\/hw\/wp-content\/uploads\/2020\/04\/meeting-1015288_1920-e1588058179566.jpg?fit=1200%2C674&ssl=1&resize=525%2C300 1.5x, https:\/\/i0.wp.com\/kirche-hilsbach-weiler.de\/hw\/wp-content\/uploads\/2020\/04\/meeting-1015288_1920-e1588058179566.jpg?fit=1200%2C674&ssl=1&resize=700%2C400 2x, https:\/\/i0.wp.com\/kirche-hilsbach-weiler.de\/hw\/wp-content\/uploads\/2020\/04\/meeting-1015288_1920-e1588058179566.jpg?fit=1200%2C674&ssl=1&resize=1050%2C600 3x"},"classes":[]},{"id":8362,"url":"https:\/\/kirche-hilsbach-weiler.de\/hw\/?page_id=8362","url_meta":{"origin":10551,"position":4},"title":"Monika Mench","author":"Stefan Pickel","date":"17. Juli 2020","format":false,"excerpt":"\u00a0 \"Liebe deinen N\u00e4chsten wie dich selbst\". (Markus 12,31) Monika war von September 2020 bis August 2021 in Frankreich. \u00dcber ihre Arbeit dort schreibt sie: \"Meine Leidenschaft ist es, Fl\u00fcchtlingen und Migranten in einer Vorstadt von Paris zu dienen. Sie haben alles verlassen, - Land, Familien, Verwandte, vertraute Umgebung \u2013\u2026","rel":"","context":"\u00c4hnlicher Beitrag","block_context":{"text":"\u00c4hnlicher Beitrag","link":""},"img":{"alt_text":"","src":"https:\/\/i0.wp.com\/kirche-hilsbach-weiler.de\/hw\/wp-content\/uploads\/2014\/03\/Mench-scaled.jpg?resize=350%2C200&ssl=1","width":350,"height":200,"srcset":"https:\/\/i0.wp.com\/kirche-hilsbach-weiler.de\/hw\/wp-content\/uploads\/2014\/03\/Mench-scaled.jpg?resize=350%2C200&ssl=1 1x, https:\/\/i0.wp.com\/kirche-hilsbach-weiler.de\/hw\/wp-content\/uploads\/2014\/03\/Mench-scaled.jpg?resize=525%2C300&ssl=1 1.5x, https:\/\/i0.wp.com\/kirche-hilsbach-weiler.de\/hw\/wp-content\/uploads\/2014\/03\/Mench-scaled.jpg?resize=700%2C400&ssl=1 2x, https:\/\/i0.wp.com\/kirche-hilsbach-weiler.de\/hw\/wp-content\/uploads\/2014\/03\/Mench-scaled.jpg?resize=1050%2C600&ssl=1 3x, https:\/\/i0.wp.com\/kirche-hilsbach-weiler.de\/hw\/wp-content\/uploads\/2014\/03\/Mench-scaled.jpg?resize=1400%2C800&ssl=1 4x"},"classes":[]},{"id":5976,"url":"https:\/\/kirche-hilsbach-weiler.de\/hw\/?page_id=5976","url_meta":{"origin":10551,"position":5},"title":"Bibelgespr\u00e4chskreis","author":"Administrator","date":"18. November 2017","format":false,"excerpt":"Die Bibel ist f\u00fcr uns Gottes Wort an die Menschen, eine Einladung zu einem Leben mit Gott, der Treffpunkt zwischen Gott und Mensch. Darum treffen wir uns mit Gott im Bibelgespr\u00e4chskreis, und zwar am Dienstag Abend, normalerweise 2mal im Monat um 19.30 Uhr. Unser Treffpunkt ist das evangelische Gemeindehaus HilsbachWeiler\u2026","rel":"","context":"\u00c4hnlicher Beitrag","block_context":{"text":"\u00c4hnlicher Beitrag","link":""},"img":{"alt_text":"","src":"","width":0,"height":0},"classes":[]}],"jetpack_sharing_enabled":true,"_links":{"self":[{"href":"https:\/\/kirche-hilsbach-weiler.de\/hw\/index.php?rest_route=\/wp\/v2\/pages\/10551","targetHints":{"allow":["GET"]}}],"collection":[{"href":"https:\/\/kirche-hilsbach-weiler.de\/hw\/index.php?rest_route=\/wp\/v2\/pages"}],"about":[{"href":"https:\/\/kirche-hilsbach-weiler.de\/hw\/index.php?rest_route=\/wp\/v2\/types\/page"}],"author":[{"embeddable":true,"href":"https:\/\/kirche-hilsbach-weiler.de\/hw\/index.php?rest_route=\/wp\/v2\/users\/6"}],"replies":[{"embeddable":true,"href":"https:\/\/kirche-hilsbach-weiler.de\/hw\/index.php?rest_route=%2Fwp%2Fv2%2Fcomments&post=10551"}],"version-history":[{"count":0,"href":"https:\/\/kirche-hilsbach-weiler.de\/hw\/index.php?rest_route=\/wp\/v2\/pages\/10551\/revisions"}],"wp:attachment":[{"href":"https:\/\/kirche-hilsbach-weiler.de\/hw\/index.php?rest_route=%2Fwp%2Fv2%2Fmedia&parent=10551"}],"curies":[{"name":"wp","href":"https:\/\/api.w.org\/{rel}","templated":true}]}}