{"id":1639,"date":"2014-03-07T15:32:09","date_gmt":"2014-03-07T14:32:09","guid":{"rendered":"https:\/\/kirche-hilsbach-weiler.de\/hw\/?page_id=1639"},"modified":"2021-03-23T17:51:12","modified_gmt":"2021-03-23T16:51:12","slug":"medien","status":"publish","type":"page","link":"https:\/\/kirche-hilsbach-weiler.de\/hw\/?page_id=1639","title":{"rendered":"Gemeindebrief &#038; Medien"},"content":{"rendered":"<div class=\"su-accordion su-u-trim\">\n<div class=\"su-spoiler su-spoiler-style-fancy su-spoiler-icon-circle\" data-anchor=\"Gemeindebriefe\" data-scroll-offset=\"0\" data-anchor-in-url=\"no\"><div class=\"su-spoiler-title\" tabindex=\"0\" role=\"button\"><span class=\"su-spoiler-icon\"><\/span>Gemeindebriefe<\/div><div class=\"su-spoiler-content su-u-clearfix su-u-trim\">\n<a title=\"Gemeindebrief\" href=\"https:\/\/kirche-hilsbach-weiler.de\/hw\/?page_id=4176\"> <img data-recalc-dims=\"1\" decoding=\"async\" src=\"https:\/\/i0.wp.com\/kirche-hilsbach-weiler.de\/hw\/wp-content\/uploads\/2015\/09\/Gemeindebrief-Titel2.jpg?w=700\"><\/a><br \/>\n<\/div><\/div>\n<div class=\"su-spoiler su-spoiler-style-fancy su-spoiler-icon-circle\" data-anchor=\"Predigten\" data-scroll-offset=\"0\" data-anchor-in-url=\"no\"><div class=\"su-spoiler-title\" tabindex=\"0\" role=\"button\"><span class=\"su-spoiler-icon\"><\/span>Predigten<\/div><div class=\"su-spoiler-content su-u-clearfix su-u-trim\">\n<a title=\"Predigten\" href=\"https:\/\/kirche-hilsbach-weiler.de\/hw\/?page_id=1895\"><img data-recalc-dims=\"1\" decoding=\"async\" src=\"https:\/\/i0.wp.com\/kirche-hilsbach-weiler.de\/hw\/wp-content\/uploads\/2014\/04\/ipodbible.jpg?w=700\"><\/a><br \/>\n<\/div><\/div>\n<div class=\"su-spoiler su-spoiler-style-fancy su-spoiler-icon-circle\" data-scroll-offset=\"0\" data-anchor-in-url=\"no\"><div class=\"su-spoiler-title\" tabindex=\"0\" role=\"button\"><span class=\"su-spoiler-icon\"><\/span>Fotos<\/div><div class=\"su-spoiler-content su-u-clearfix su-u-trim\">\n<a title=\"Fotos\" href=\"https:\/\/kirche-hilsbach-weiler.de\/hw\/?page_id=2430\"><img data-recalc-dims=\"1\" decoding=\"async\" src=\"https:\/\/i0.wp.com\/kirche-hilsbach-weiler.de\/hw\/wp-content\/uploads\/2014\/04\/fotos_teaser.png?w=700\"><\/a><br \/>\n<\/div><\/div>\n<div class=\"su-spoiler su-spoiler-style-fancy su-spoiler-icon-circle\" data-scroll-offset=\"0\" data-anchor-in-url=\"no\"><div class=\"su-spoiler-title\" tabindex=\"0\" role=\"button\"><span class=\"su-spoiler-icon\"><\/span>Smartphone-App<\/div><div class=\"su-spoiler-content su-u-clearfix su-u-trim\">\n<a title=\"Smartphone-App\" href=\"https:\/\/kirche-hilsbach-weiler.de\/hw\/?page_id=1925\"><img data-recalc-dims=\"1\" decoding=\"async\" src=\"https:\/\/i0.wp.com\/kirche-hilsbach-weiler.de\/hw\/wp-content\/uploads\/2014\/04\/smartphone.jpg?w=700\"><\/a><br \/>\n<\/div><\/div>\n<\/div>\n","protected":false},"excerpt":{"rendered":"","protected":false},"author":6,"featured_media":0,"parent":0,"menu_order":0,"comment_status":"closed","ping_status":"closed","template":"","meta":{"ngg_post_thumbnail":0,"footnotes":""},"class_list":["entry","page","publish","author-ekhwadmin","post-1639"],"jetpack_shortlink":"https:\/\/wp.me\/P4vBdR-qr","jetpack_likes_enabled":false,"jetpack-related-posts":[{"id":1895,"url":"https:\/\/kirche-hilsbach-weiler.de\/hw\/?page_id=1895","url_meta":{"origin":1639,"position":0},"title":"Predigten","author":"Administrator","date":"14. April 2014","format":false,"excerpt":"NACHgeDACHT \u00fcber Himmel & Erde Andachten, Predigten & mehr zum NACHschauen, NACHh\u00f6ren und NACHdenken","rel":"","context":"\u00c4hnlicher Beitrag","block_context":{"text":"\u00c4hnlicher Beitrag","link":""},"img":{"alt_text":"","src":"https:\/\/i0.wp.com\/kirche-hilsbach-weiler.de\/hw\/wp-content\/uploads\/2023\/01\/nachGEDACHT-2.jpg?fit=1200%2C675&ssl=1&resize=350%2C200","width":350,"height":200,"srcset":"https:\/\/i0.wp.com\/kirche-hilsbach-weiler.de\/hw\/wp-content\/uploads\/2023\/01\/nachGEDACHT-2.jpg?fit=1200%2C675&ssl=1&resize=350%2C200 1x, https:\/\/i0.wp.com\/kirche-hilsbach-weiler.de\/hw\/wp-content\/uploads\/2023\/01\/nachGEDACHT-2.jpg?fit=1200%2C675&ssl=1&resize=525%2C300 1.5x, https:\/\/i0.wp.com\/kirche-hilsbach-weiler.de\/hw\/wp-content\/uploads\/2023\/01\/nachGEDACHT-2.jpg?fit=1200%2C675&ssl=1&resize=700%2C400 2x, https:\/\/i0.wp.com\/kirche-hilsbach-weiler.de\/hw\/wp-content\/uploads\/2023\/01\/nachGEDACHT-2.jpg?fit=1200%2C675&ssl=1&resize=1050%2C600 3x"},"classes":[]},{"id":5976,"url":"https:\/\/kirche-hilsbach-weiler.de\/hw\/?page_id=5976","url_meta":{"origin":1639,"position":1},"title":"Bibelgespr\u00e4chskreis","author":"Administrator","date":"18. November 2017","format":false,"excerpt":"Die Bibel ist f\u00fcr uns Gottes Wort an die Menschen, eine Einladung zu einem Leben mit Gott, der Treffpunkt zwischen Gott und Mensch. Darum treffen wir uns mit Gott im Bibelgespr\u00e4chskreis, und zwar am Dienstag Abend, normalerweise 2mal im Monat um 19.30 Uhr. Unser Treffpunkt ist das evangelische Gemeindehaus HilsbachWeiler\u2026","rel":"","context":"\u00c4hnlicher Beitrag","block_context":{"text":"\u00c4hnlicher Beitrag","link":""},"img":{"alt_text":"","src":"","width":0,"height":0},"classes":[]},{"id":2790,"url":"https:\/\/kirche-hilsbach-weiler.de\/hw\/?page_id=2790","url_meta":{"origin":1639,"position":2},"title":"Termine","author":"Carsten Glaser","date":"27. Juli 2014","format":false,"excerpt":"","rel":"","context":"\u00c4hnlicher Beitrag","block_context":{"text":"\u00c4hnlicher Beitrag","link":""},"img":{"alt_text":"","src":"","width":0,"height":0},"classes":[]}],"jetpack_sharing_enabled":true,"_links":{"self":[{"href":"https:\/\/kirche-hilsbach-weiler.de\/hw\/index.php?rest_route=\/wp\/v2\/pages\/1639","targetHints":{"allow":["GET"]}}],"collection":[{"href":"https:\/\/kirche-hilsbach-weiler.de\/hw\/index.php?rest_route=\/wp\/v2\/pages"}],"about":[{"href":"https:\/\/kirche-hilsbach-weiler.de\/hw\/index.php?rest_route=\/wp\/v2\/types\/page"}],"author":[{"embeddable":true,"href":"https:\/\/kirche-hilsbach-weiler.de\/hw\/index.php?rest_route=\/wp\/v2\/users\/6"}],"replies":[{"embeddable":true,"href":"https:\/\/kirche-hilsbach-weiler.de\/hw\/index.php?rest_route=%2Fwp%2Fv2%2Fcomments&post=1639"}],"version-history":[{"count":0,"href":"https:\/\/kirche-hilsbach-weiler.de\/hw\/index.php?rest_route=\/wp\/v2\/pages\/1639\/revisions"}],"wp:attachment":[{"href":"https:\/\/kirche-hilsbach-weiler.de\/hw\/index.php?rest_route=%2Fwp%2Fv2%2Fmedia&parent=1639"}],"curies":[{"name":"wp","href":"https:\/\/api.w.org\/{rel}","templated":true}]}}