{"id":1649,"date":"2014-03-07T15:40:15","date_gmt":"2014-03-07T14:40:15","guid":{"rendered":"https:\/\/kirche-hilsbach-weiler.de\/hw\/?page_id=1649"},"modified":"2020-02-01T19:05:28","modified_gmt":"2020-02-01T18:05:28","slug":"o-a-s-e","status":"publish","type":"page","link":"https:\/\/kirche-hilsbach-weiler.de\/hw\/?page_id=1649","title":{"rendered":"O.A.S.E."},"content":{"rendered":"<p>Von 2011 &#8211; 2017 gab es die &#8220;O.A.S.E.&#8221;, einen Gottesdienst,<\/p>\n<ul>\n<li>der <strong>o<\/strong>ffen \u2013 <strong>a<\/strong>nders \u2013 <strong>s<\/strong>pannend \u2013<strong> e<\/strong>rfrischend ist,<\/li>\n<li>bei dem ganze Familien herzlich willkommen sind und jeder auf seine Kosten kommt,<\/li>\n<li>den wir lebendig, kreativ und mit allen Sinnen feiern,<\/li>\n<li>der von mehreren Teams vorbereitet und gestaltet wird (Ablauf, Musik, Deko, Essen),<\/li>\n<li>bei dem Gemeinschaft eine gro\u00dfe Rolle spielt,<\/li>\n<li>der Raum bietet f\u00fcr die Begegnung mit Gott und den Menschen,<\/li>\n<li>in dem wir Leben miteinander teilen,<\/li>\n<li>den wir an einem Ort feiern, der jungen Familien vertraut ist: in der Aula der \u00f6rtlichen Grundschule,<\/li>\n<li>der sich nicht auf den Sonntag beschr\u00e4nkt, sondern Menschen die M\u00f6glichkeit bietet, unter der Woche in einem Glaubenskurs dem auf die Spur zu kommen, was Christen glauben, wie sie leben und wie man Jesus im Alltag erleben kann.<\/li>\n<\/ul>\n<p><strong>Im September 2012 wurde \u00fcber die O.A.S.E. ein Videoclip gedreht, der auf der <a title=\"Fresh X-DVD\" href=\"http:\/\/www.scm-shop.de\/produkt\/titel\/fresh-x\/178267\/178267\/178267.html\" target=\"_blank\" rel=\"noopener noreferrer\">DVD &#8220;Fresh X. Kirche erfrischend vielf\u00e4ltig&#8221;<\/a> erschienen ist. Hier k\u00f6nnen Sie einen Trailer zu dem Clip anschauen.<\/strong><\/p>\n<p><iframe loading=\"lazy\" src=\"\/\/www.youtube.com\/embed\/EGt_81GuOXA\" width=\"853\" height=\"480\" frameborder=\"0\"><\/iframe><\/p>\n<p>Zur Zeit gibt es keine O.A.S.E. Gottesdienste. Wir sind in der <a href=\"https:\/\/kirche-hilsbach-weiler.de\/hw\/?page_id=2041\">Gemeindeleitung<\/a> am \u00fcberlegen, wie es offen, anders, spannend und erfrischend weitergehen kann.<\/p>\n","protected":false},"excerpt":{"rendered":"<p>Von 2011 &#8211; 2017 gab es die &#8220;O.A.S.E.&#8221;, einen Gottesdienst, der offen \u2013 anders \u2013 spannend \u2013 erfrischend ist, bei dem ganze Familien herzlich willkommen sind und jeder auf seine Kosten kommt, den wir lebendig, kreativ und mit allen Sinnen feiern, der von mehreren Teams vorbereitet und gestaltet wird (Ablauf, Musik, Deko, Essen), bei dem &#8230; <span class=\"more\"><a class=\"more-link\" href=\"https:\/\/kirche-hilsbach-weiler.de\/hw\/?page_id=1649\">[Weiter&#8230;]<\/a><\/span><\/p>\n","protected":false},"author":6,"featured_media":1887,"parent":0,"menu_order":0,"comment_status":"closed","ping_status":"closed","template":"","meta":{"ngg_post_thumbnail":0,"footnotes":""},"class_list":{"0":"entry","1":"page","2":"publish","3":"author-ekhwadmin","4":"post-1649","6":"has-post-thumbnail"},"jetpack_shortlink":"https:\/\/wp.me\/P4vBdR-qB","jetpack_likes_enabled":false,"jetpack-related-posts":[{"id":8362,"url":"https:\/\/kirche-hilsbach-weiler.de\/hw\/?page_id=8362","url_meta":{"origin":1649,"position":0},"title":"Monika Mench","author":"Stefan Pickel","date":"17. Juli 2020","format":false,"excerpt":"\u00a0 \"Liebe deinen N\u00e4chsten wie dich selbst\". (Markus 12,31) Monika war von September 2020 bis August 2021 in Frankreich. \u00dcber ihre Arbeit dort schreibt sie: \"Meine Leidenschaft ist es, Fl\u00fcchtlingen und Migranten in einer Vorstadt von Paris zu dienen. Sie haben alles verlassen, - Land, Familien, Verwandte, vertraute Umgebung \u2013\u2026","rel":"","context":"\u00c4hnlicher Beitrag","block_context":{"text":"\u00c4hnlicher Beitrag","link":""},"img":{"alt_text":"","src":"https:\/\/i0.wp.com\/kirche-hilsbach-weiler.de\/hw\/wp-content\/uploads\/2014\/03\/Mench-scaled.jpg?resize=350%2C200&ssl=1","width":350,"height":200,"srcset":"https:\/\/i0.wp.com\/kirche-hilsbach-weiler.de\/hw\/wp-content\/uploads\/2014\/03\/Mench-scaled.jpg?resize=350%2C200&ssl=1 1x, https:\/\/i0.wp.com\/kirche-hilsbach-weiler.de\/hw\/wp-content\/uploads\/2014\/03\/Mench-scaled.jpg?resize=525%2C300&ssl=1 1.5x, https:\/\/i0.wp.com\/kirche-hilsbach-weiler.de\/hw\/wp-content\/uploads\/2014\/03\/Mench-scaled.jpg?resize=700%2C400&ssl=1 2x, https:\/\/i0.wp.com\/kirche-hilsbach-weiler.de\/hw\/wp-content\/uploads\/2014\/03\/Mench-scaled.jpg?resize=1050%2C600&ssl=1 3x, https:\/\/i0.wp.com\/kirche-hilsbach-weiler.de\/hw\/wp-content\/uploads\/2014\/03\/Mench-scaled.jpg?resize=1400%2C800&ssl=1 4x"},"classes":[]},{"id":25,"url":"https:\/\/kirche-hilsbach-weiler.de\/hw\/?page_id=25","url_meta":{"origin":1649,"position":1},"title":"Infos","author":"Administrator","date":"29. Juni 2012","format":false,"excerpt":"","rel":"","context":"\u00c4hnlicher Beitrag","block_context":{"text":"\u00c4hnlicher Beitrag","link":""},"img":{"alt_text":"","src":"https:\/\/i0.wp.com\/kirche-hilsbach-weiler.de\/hw\/wp-content\/uploads\/2020\/04\/KirchenHilsbachWeiler-17-scaled.jpg?resize=350%2C200&ssl=1","width":350,"height":200,"srcset":"https:\/\/i0.wp.com\/kirche-hilsbach-weiler.de\/hw\/wp-content\/uploads\/2020\/04\/KirchenHilsbachWeiler-17-scaled.jpg?resize=350%2C200&ssl=1 1x, https:\/\/i0.wp.com\/kirche-hilsbach-weiler.de\/hw\/wp-content\/uploads\/2020\/04\/KirchenHilsbachWeiler-17-scaled.jpg?resize=525%2C300&ssl=1 1.5x, https:\/\/i0.wp.com\/kirche-hilsbach-weiler.de\/hw\/wp-content\/uploads\/2020\/04\/KirchenHilsbachWeiler-17-scaled.jpg?resize=700%2C400&ssl=1 2x, https:\/\/i0.wp.com\/kirche-hilsbach-weiler.de\/hw\/wp-content\/uploads\/2020\/04\/KirchenHilsbachWeiler-17-scaled.jpg?resize=1050%2C600&ssl=1 3x, https:\/\/i0.wp.com\/kirche-hilsbach-weiler.de\/hw\/wp-content\/uploads\/2020\/04\/KirchenHilsbachWeiler-17-scaled.jpg?resize=1400%2C800&ssl=1 4x"},"classes":[]},{"id":5988,"url":"https:\/\/kirche-hilsbach-weiler.de\/hw\/?page_id=5988","url_meta":{"origin":1649,"position":2},"title":"Kirchenchor Weiler","author":"Administrator","date":"18. November 2017","format":false,"excerpt":"Der Evangelische Kirchenchor Weiler konnte im Jahr 2010 sein 125-j\u00e4hriges Bestehen feiern. Mit gro\u00dfer Freude singt er in den Gemeindegottesdiensten zum Lobe Gottes. Immer am Sonntag \u201eKantate \u2013 Singet dem Herrn\u201c gestaltet der Kirchenchor einen besonderen kirchenmusikalischen Gottesdienst, in dem meist gr\u00f6\u00dfere Werke \u2013 auch mit Instrumentalisten - aufgef\u00fchrt werden.\u2026","rel":"","context":"\u00c4hnlicher Beitrag","block_context":{"text":"\u00c4hnlicher Beitrag","link":""},"img":{"alt_text":"","src":"","width":0,"height":0},"classes":[]},{"id":5972,"url":"https:\/\/kirche-hilsbach-weiler.de\/hw\/?page_id=5972","url_meta":{"origin":1649,"position":3},"title":"SalzCH\u00d6Rner","author":"Administrator","date":"18. November 2017","format":false,"excerpt":"Die SalzCH\u00d6Rner wurden 1989 als Jugendchor Hilsbach-Weiler gegr\u00fcndet. Der fr\u00fchere Zusatz \u201aJunger Chor Hilsbach-Weiler\u2018 stimmt \u2013 was das Lebensalter der S\u00e4nger betrifft \u2013 heute zumindest noch gef\u00fchlt: Wir sind ungef\u00e4hr 25 S\u00e4ngerinnen und S\u00e4nger ganz unterschiedlichen Alters von etwa 18 bis 80 Jahren. Mitsingen darf bei uns jedoch jeder, der\u2026","rel":"","context":"\u00c4hnlicher Beitrag","block_context":{"text":"\u00c4hnlicher Beitrag","link":""},"img":{"alt_text":"","src":"https:\/\/i0.wp.com\/kirche-hilsbach-weiler.de\/hw\/wp-content\/uploads\/2015\/10\/SalzCH%C3%96Rner-2015-breit.jpg?fit=1200%2C253&ssl=1&resize=350%2C200","width":350,"height":200,"srcset":"https:\/\/i0.wp.com\/kirche-hilsbach-weiler.de\/hw\/wp-content\/uploads\/2015\/10\/SalzCH%C3%96Rner-2015-breit.jpg?fit=1200%2C253&ssl=1&resize=350%2C200 1x, https:\/\/i0.wp.com\/kirche-hilsbach-weiler.de\/hw\/wp-content\/uploads\/2015\/10\/SalzCH%C3%96Rner-2015-breit.jpg?fit=1200%2C253&ssl=1&resize=525%2C300 1.5x, https:\/\/i0.wp.com\/kirche-hilsbach-weiler.de\/hw\/wp-content\/uploads\/2015\/10\/SalzCH%C3%96Rner-2015-breit.jpg?fit=1200%2C253&ssl=1&resize=700%2C400 2x, https:\/\/i0.wp.com\/kirche-hilsbach-weiler.de\/hw\/wp-content\/uploads\/2015\/10\/SalzCH%C3%96Rner-2015-breit.jpg?fit=1200%2C253&ssl=1&resize=1050%2C600 3x"},"classes":[]},{"id":2191,"url":"https:\/\/kirche-hilsbach-weiler.de\/hw\/?page_id=2191","url_meta":{"origin":1649,"position":4},"title":"Impressum","author":"Administrator","date":"1. April 2014","format":false,"excerpt":"Evangelische Landeskirche in Baden Evangelische Kirchengemeinde Hilsbach-Weiler Marktstr. 11 74889 Sinsheim Telefon: +49 (0) 7260317 Telefax: +49 (0) 7260920313 E-Mail: info@kirche-hilsbach-weiler.de Vertretungsberechtigt\/vertreten durch: Ralf Holzwarth Pfarrer Markus Printz Rechtsform Die Evangelische Kirchengemeinde Hilsbach-Weiler ist eine K\u00f6rperschaft des \u00f6ffentlichen Rechts. Rechtstr\u00e4ger der Aufsichtsbeh\u00f6rde: Evangelische Landeskirche in Baden, Blumenstra\u00dfe 1 - 7,\u2026","rel":"","context":"\u00c4hnlicher Beitrag","block_context":{"text":"\u00c4hnlicher Beitrag","link":""},"img":{"alt_text":"","src":"","width":0,"height":0},"classes":[]},{"id":1895,"url":"https:\/\/kirche-hilsbach-weiler.de\/hw\/?page_id=1895","url_meta":{"origin":1649,"position":5},"title":"Predigten","author":"Administrator","date":"14. April 2014","format":false,"excerpt":"NACHgeDACHT \u00fcber Himmel & Erde Andachten, Predigten & mehr zum NACHschauen, NACHh\u00f6ren und NACHdenken","rel":"","context":"\u00c4hnlicher Beitrag","block_context":{"text":"\u00c4hnlicher Beitrag","link":""},"img":{"alt_text":"","src":"https:\/\/i0.wp.com\/kirche-hilsbach-weiler.de\/hw\/wp-content\/uploads\/2023\/01\/nachGEDACHT-2.jpg?fit=1200%2C675&ssl=1&resize=350%2C200","width":350,"height":200,"srcset":"https:\/\/i0.wp.com\/kirche-hilsbach-weiler.de\/hw\/wp-content\/uploads\/2023\/01\/nachGEDACHT-2.jpg?fit=1200%2C675&ssl=1&resize=350%2C200 1x, https:\/\/i0.wp.com\/kirche-hilsbach-weiler.de\/hw\/wp-content\/uploads\/2023\/01\/nachGEDACHT-2.jpg?fit=1200%2C675&ssl=1&resize=525%2C300 1.5x, https:\/\/i0.wp.com\/kirche-hilsbach-weiler.de\/hw\/wp-content\/uploads\/2023\/01\/nachGEDACHT-2.jpg?fit=1200%2C675&ssl=1&resize=700%2C400 2x, https:\/\/i0.wp.com\/kirche-hilsbach-weiler.de\/hw\/wp-content\/uploads\/2023\/01\/nachGEDACHT-2.jpg?fit=1200%2C675&ssl=1&resize=1050%2C600 3x"},"classes":[]}],"jetpack_sharing_enabled":true,"_links":{"self":[{"href":"https:\/\/kirche-hilsbach-weiler.de\/hw\/index.php?rest_route=\/wp\/v2\/pages\/1649","targetHints":{"allow":["GET"]}}],"collection":[{"href":"https:\/\/kirche-hilsbach-weiler.de\/hw\/index.php?rest_route=\/wp\/v2\/pages"}],"about":[{"href":"https:\/\/kirche-hilsbach-weiler.de\/hw\/index.php?rest_route=\/wp\/v2\/types\/page"}],"author":[{"embeddable":true,"href":"https:\/\/kirche-hilsbach-weiler.de\/hw\/index.php?rest_route=\/wp\/v2\/users\/6"}],"replies":[{"embeddable":true,"href":"https:\/\/kirche-hilsbach-weiler.de\/hw\/index.php?rest_route=%2Fwp%2Fv2%2Fcomments&post=1649"}],"version-history":[{"count":0,"href":"https:\/\/kirche-hilsbach-weiler.de\/hw\/index.php?rest_route=\/wp\/v2\/pages\/1649\/revisions"}],"wp:featuredmedia":[{"embeddable":true,"href":"https:\/\/kirche-hilsbach-weiler.de\/hw\/index.php?rest_route=\/wp\/v2\/media\/1887"}],"wp:attachment":[{"href":"https:\/\/kirche-hilsbach-weiler.de\/hw\/index.php?rest_route=%2Fwp%2Fv2%2Fmedia&parent=1649"}],"curies":[{"name":"wp","href":"https:\/\/api.w.org\/{rel}","templated":true}]}}