{"id":1651,"date":"2014-03-07T15:40:23","date_gmt":"2014-03-07T14:40:23","guid":{"rendered":"https:\/\/kirche-hilsbach-weiler.de\/hw\/?page_id=1651"},"modified":"2026-02-20T10:14:38","modified_gmt":"2026-02-20T09:14:38","slug":"angebote","status":"publish","type":"page","link":"https:\/\/kirche-hilsbach-weiler.de\/hw\/?page_id=1651","title":{"rendered":"Gemeindeleben"},"content":{"rendered":"<p>In vielf\u00e4ltigen Gottesdiensten und anderen regelm\u00e4\u00dfigen Veranstaltungen k\u00f6nnen Sie bei uns Gemeinde (er-)leben:<br \/>\n<div class=\"su-accordion su-u-trim\">\n<div class=\"su-spoiler su-spoiler-style-fancy su-spoiler-icon-circle su-spoiler-closed\" data-scroll-offset=\"0\" data-anchor-in-url=\"no\"><div class=\"su-spoiler-title\" tabindex=\"0\" role=\"button\"><span class=\"su-spoiler-icon\"><\/span>Erwachsene<\/div><div class=\"su-spoiler-content su-u-clearfix su-u-trim\">\n<a href=\"https:\/\/kirche-hilsbach-weiler.de\/hw\/?page_id=2790\" rel=\"noopener noreferrer\">Gottesdienste<\/a><br \/>\n<a href=\"https:\/\/kirche-hilsbach-weiler.de\/hw\/?page_id=5976\" rel=\"noopener noreferrer\">Bibelgespr\u00e4chskreis<\/a><br \/>\n<a href=\"https:\/\/kirche-hilsbach-weiler.de\/hw\/?page_id=6003\" rel=\"noopener noreferrer\">Hauskreis<\/a> am Freitag<br \/>\nHauskreis Stubenhocker<br \/>\n<\/div><\/div>\n<div class=\"su-spoiler su-spoiler-style-fancy su-spoiler-icon-circle su-spoiler-closed\" data-scroll-offset=\"0\" data-anchor-in-url=\"no\"><div class=\"su-spoiler-title\" tabindex=\"0\" role=\"button\"><span class=\"su-spoiler-icon\"><\/span>Kinder &amp; Jugendliche<\/div><div class=\"su-spoiler-content su-u-clearfix su-u-trim\">\n<a href=\"https:\/\/kirche-hilsbach-weiler.de\/hw\/?page_id=5969\" rel=\"noopener noreferrer\">Krabbelgruppe &#8220;Kirchenkr\u00fcmel&#8221;<\/a><br \/>\n<a href=\"https:\/\/kirche-hilsbach-weiler.de\/hw\/?page_id=5957\" rel=\"noopener noreferrer\">Kindergottesdienst<\/a><br \/>\n<a href=\" https:\/\/kirche-hilsbach-weiler.de\/hw\/?page_id=5997\" rel=\"noopener noreferrer\">PfefferCH\u00d6Rner<\/a><br \/>\n<a href=\"https:\/\/kirche-hilsbach-weiler.de\/hw\/?page_id=5994\" rel=\"noopener noreferrer\">Jungschar<\/a><br \/>\nKonfirmandenunterricht<br \/>\n<a href=\" https:\/\/kirche-hilsbach-weiler.de\/hw\/?page_id=5979\" rel=\"noopener noreferrer\">Teentreff<\/a><br \/>\n<a href=\"https:\/\/kirche-hilsbach-weiler.de\/hw\/?page_id=6516\" rel=\"noopener noreferrer\">Jugendkreis<\/a><br \/>\nM\u00e4delstreff<br \/>\n<a href=\"https:\/\/kirche-hilsbach-weiler.de\/hw\/?page_id=2790\" rel=\"noopener noreferrer\">Gottesdienste<\/a><br \/>\n<\/div><\/div>\n<div class=\"su-spoiler su-spoiler-style-fancy su-spoiler-icon-circle su-spoiler-closed\" data-scroll-offset=\"0\" data-anchor-in-url=\"no\"><div class=\"su-spoiler-title\" tabindex=\"0\" role=\"button\"><span class=\"su-spoiler-icon\"><\/span>Musik<\/div><div class=\"su-spoiler-content su-u-clearfix su-u-trim\">\n<a href=\" https:\/\/kirche-hilsbach-weiler.de\/hw\/?page_id=5997\" rel=\"noopener noreferrer\">PfefferCH\u00d6Rner<\/a><br \/>\n<a href=\"https:\/\/kirche-hilsbach-weiler.de\/hw\/?page_id=5972\" rel=\"noopener noreferrer\">SalzCH\u00d6Rner<\/a><br \/>\n<a href=\" https:\/\/kirche-hilsbach-weiler.de\/hw\/?page_id=6000\" rel=\"noopener noreferrer\">Posaunenchor<\/a><br \/>\n<a href=\"https:\/\/kirche-hilsbach-weiler.de\/hw\/?page_id=5991\" rel=\"noopener noreferrer\">Kirchenchor Hilsbach<\/a><br \/>\n<a href=\"https:\/\/kirche-hilsbach-weiler.de\/hw\/?page_id=5988\" rel=\"noopener noreferrer\">Kirchenchor Weiler<\/a><br \/>\n<a href=\"https:\/\/kirche-hilsbach-weiler.de\/hw\/?page_id=5982\" rel=\"noopener noreferrer\">invocanto Vokalensemble<\/a><br \/>\n<a href=\"https:\/\/kirche-hilsbach-weiler.de\/hw\/?page_id=2790\" rel=\"noopener noreferrer\">Gottesdienste<\/a><br \/>\n<\/div><\/div>\n<div class=\"su-spoiler su-spoiler-style-fancy su-spoiler-icon-circle su-spoiler-closed\" data-scroll-offset=\"0\" data-anchor-in-url=\"no\"><div class=\"su-spoiler-title\" tabindex=\"0\" role=\"button\"><span class=\"su-spoiler-icon\"><\/span>Vielf\u00e4ltige Gottesdienste<\/div><div class=\"su-spoiler-content su-u-clearfix su-u-trim\">\n<a href=\"https:\/\/kirche-hilsbach-weiler.de\/hw\/?page_id=2790\" rel=\"noopener noreferrer\">Gottesdienst<\/a> mit traditioneller Liturgie<br \/>\n<a href=\"https:\/\/kirche-hilsbach-weiler.de\/hw\/?page_id=6229\" rel=\"noopener noreferrer\">Miteinander-Gottesdienst<\/a> in moderner Form<br \/>\nL.I.V.E. &#8211; dem Gottesdienst der anderen Art mit Band und anschlie\u00dfendem Bring-&amp;-Share-Buffet<\/p>\n<p>Au\u00dferdem gibt es:<br \/>\n<a href=\"https:\/\/kirche-hilsbach-weiler.de\/hw\/?s=familiengottesdienst\">Familiengottesdienste<\/a><br \/>\nz.B. mit den Kinderg\u00e4rten <a href=\"https:\/\/kirche-hilsbach-weiler.de\/hw\/?page_id=2147\">Hilsbach<\/a> oder <a href=\"https:\/\/kirche-hilsbach-weiler.de\/hw\/?page_id=2151\">Weiler<\/a><br \/>\nund<br \/>\n\u00d6kumenische Gottesdienste<br \/>\nmit den katholischen Gemeinden <a href=\"http:\/\/www.se-sinsheim-angelbachtal.de\/html\/hilsbach938.html?&amp;\" target=\"_blank\" rel=\"noopener noreferrer\">Hilsbach<\/a> und <a href=\"http:\/\/www.se-sinsheim-angelbachtal.de\/html\/weiler.html?&amp;\" target=\"_blank\" rel=\"noopener noreferrer\">Weiler<\/a><br \/>\n<\/div><\/div>\n<\/div>\n<hr>\n<div id=\"metaslider-id-6209\" style=\"max-width: 1000px;\" class=\"ml-slider-3-108-0 metaslider metaslider-nivo metaslider-6209 ml-slider has-dots-nav ml-slider-lightbox-2-23-0 lightbox-disabled ms-theme-default\" role=\"region\" aria-label=\"Gemeindeleben\" data-height=\"300\" data-width=\"1000\">\n    <div id=\"metaslider_container_6209\">\n        <div class='slider-wrapper theme-default'><div class='ribbon'><\/div><div id='metaslider_6209' class='nivoSlider'><a href=\"https:\/\/kirche-hilsbach-weiler.de\/hw\/?page_id=5972\" target=\"_self\"><img data-recalc-dims=\"1\" loading=\"lazy\" decoding=\"async\" src=\"https:\/\/i0.wp.com\/kirche-hilsbach-weiler.de\/hw\/wp-content\/uploads\/2015\/10\/SalzCH%C3%96Rner-2015-breit.jpg?resize=700%2C210&#038;ssl=1\" height=\"210\" width=\"700\" alt=\"\" class=\"slider-6209 slide-6210 msDefaultImage\" \/><\/a><img data-recalc-dims=\"1\" loading=\"lazy\" decoding=\"async\" src=\"https:\/\/i0.wp.com\/kirche-hilsbach-weiler.de\/hw\/wp-content\/uploads\/2017\/11\/Teentreff2-0-e1511465072978-696x208.jpg?resize=700%2C210&#038;ssl=1\" height=\"210\" width=\"700\" data-caption=\"Teentreff\" alt=\"Teentreff\" class=\"slider-6209 slide-6211 msDefaultImage\" \/><a href=\"https:\/\/kirche-hilsbach-weiler.de\/hw\/?page_id=6000\" target=\"_self\"><img data-recalc-dims=\"1\" loading=\"lazy\" decoding=\"async\" src=\"https:\/\/i0.wp.com\/kirche-hilsbach-weiler.de\/hw\/wp-content\/uploads\/2017\/12\/Posaunenchor.jpg?resize=700%2C210&#038;ssl=1\" height=\"210\" width=\"700\" alt=\"\" class=\"slider-6209 slide-6212 msDefaultImage\" \/><\/a><img data-recalc-dims=\"1\" loading=\"lazy\" decoding=\"async\" src=\"https:\/\/i0.wp.com\/kirche-hilsbach-weiler.de\/hw\/wp-content\/uploads\/2017\/11\/PfefferCH%C3%96Rner2016-3-e1511030610684-350x105.png?resize=700%2C210&#038;ssl=1\" height=\"210\" width=\"700\" alt=\"\" class=\"slider-6209 slide-6213 msDefaultImage\" \/><a href=\"https:\/\/kirche-hilsbach-weiler.de\/hw\/?page_id=5969\" target=\"_self\"><img data-recalc-dims=\"1\" loading=\"lazy\" decoding=\"async\" src=\"https:\/\/i0.wp.com\/kirche-hilsbach-weiler.de\/hw\/wp-content\/uploads\/2017\/11\/P10402481-e1511030556209-350x105.jpg?resize=700%2C210&#038;ssl=1\" height=\"210\" width=\"700\" alt=\"\" class=\"slider-6209 slide-6214 msDefaultImage\" \/><\/a><img data-recalc-dims=\"1\" loading=\"lazy\" decoding=\"async\" src=\"https:\/\/i0.wp.com\/kirche-hilsbach-weiler.de\/hw\/wp-content\/uploads\/2017\/11\/KirchenchorW.jpg?resize=700%2C210&#038;ssl=1\" height=\"210\" width=\"700\" alt=\"\" class=\"slider-6209 slide-6215 msDefaultImage\" \/><img data-recalc-dims=\"1\" loading=\"lazy\" decoding=\"async\" src=\"https:\/\/i0.wp.com\/kirche-hilsbach-weiler.de\/hw\/wp-content\/uploads\/2017\/11\/KirchenchorHilsbach-e1511030468365-350x105.jpeg?resize=700%2C210&#038;ssl=1\" height=\"210\" width=\"700\" alt=\"\" class=\"slider-6209 slide-6216 msDefaultImage\" \/><img data-recalc-dims=\"1\" loading=\"lazy\" decoding=\"async\" src=\"https:\/\/i0.wp.com\/kirche-hilsbach-weiler.de\/hw\/wp-content\/uploads\/2017\/11\/jungschar.jpg?resize=700%2C210&#038;ssl=1\" height=\"210\" width=\"700\" alt=\"\" class=\"slider-6209 slide-6217 msDefaultImage\" \/><img data-recalc-dims=\"1\" loading=\"lazy\" decoding=\"async\" src=\"https:\/\/i0.wp.com\/kirche-hilsbach-weiler.de\/hw\/wp-content\/uploads\/2017\/11\/kigohilsbach.jpg?resize=700%2C210&#038;ssl=1\" height=\"210\" width=\"700\" alt=\"\" class=\"slider-6209 slide-6218 msDefaultImage\" \/><img data-recalc-dims=\"1\" loading=\"lazy\" decoding=\"async\" src=\"https:\/\/i0.wp.com\/kirche-hilsbach-weiler.de\/hw\/wp-content\/uploads\/2017\/11\/invocanto_portfolio.jpg?resize=700%2C210&#038;ssl=1\" height=\"210\" width=\"700\" alt=\"\" class=\"slider-6209 slide-6219 msDefaultImage\" \/><img data-recalc-dims=\"1\" loading=\"lazy\" decoding=\"async\" src=\"https:\/\/i0.wp.com\/kirche-hilsbach-weiler.de\/hw\/wp-content\/uploads\/2020\/04\/meeting-1015288_1920-e1588058179566-1000x300.jpg?resize=700%2C210&#038;ssl=1\" height=\"210\" width=\"700\" alt=\"\" class=\"slider-6209 slide-6220 msDefaultImage\" \/><img data-recalc-dims=\"1\" loading=\"lazy\" decoding=\"async\" src=\"https:\/\/i0.wp.com\/kirche-hilsbach-weiler.de\/hw\/wp-content\/uploads\/2017\/11\/bibelgespr%C3%A4chskreis1.jpg?resize=700%2C210&#038;ssl=1\" height=\"210\" width=\"700\" alt=\"\" class=\"slider-6209 slide-6221 msDefaultImage\" \/><img data-recalc-dims=\"1\" loading=\"lazy\" decoding=\"async\" src=\"https:\/\/i0.wp.com\/kirche-hilsbach-weiler.de\/hw\/wp-content\/uploads\/2017\/11\/bastelkreis.jpg?resize=700%2C210&#038;ssl=1\" height=\"210\" width=\"700\" alt=\"\" class=\"slider-6209 slide-6222 msDefaultImage\" \/><img data-recalc-dims=\"1\" loading=\"lazy\" decoding=\"async\" src=\"https:\/\/i0.wp.com\/kirche-hilsbach-weiler.de\/hw\/wp-content\/uploads\/2015\/11\/Gottesdienst.jpg?resize=700%2C210&#038;ssl=1\" height=\"210\" width=\"700\" alt=\"\" class=\"slider-6209 slide-6223 msDefaultImage\" \/><\/div><\/div>\n        \n    <\/div>\n<\/div>\n","protected":false},"excerpt":{"rendered":"<p>In vielf\u00e4ltigen Gottesdiensten und anderen regelm\u00e4\u00dfigen Veranstaltungen k\u00f6nnen Sie bei uns Gemeinde (er-)leben:<\/p>\n","protected":false},"author":6,"featured_media":0,"parent":0,"menu_order":0,"comment_status":"closed","ping_status":"closed","template":"","meta":{"ngg_post_thumbnail":0,"footnotes":""},"class_list":["entry","page","publish","author-ekhwadmin","post-1651"],"jetpack_shortlink":"https:\/\/wp.me\/P4vBdR-qD","jetpack_likes_enabled":false,"jetpack-related-posts":[{"id":6003,"url":"https:\/\/kirche-hilsbach-weiler.de\/hw\/?page_id=6003","url_meta":{"origin":1651,"position":0},"title":"Hauskreis","author":"Administrator","date":"18. November 2017","format":false,"excerpt":"Sechs Fragen zum Hauskreis Hilsbach-Weiler Was ist denn Euer Hauskreis? In unserem Hauskreis treffen wir uns regelm\u00e4\u00dfig, um Glauben und Leben zu teilen. Ist das also ein frommer Geheimzirkel? Nat\u00fcrlich nicht. Die Treffen sind genauso \u00f6ffentlich wie andere Veranstaltungen. Wir treffen uns abwechselnd bei einzelnen Teilnehmern zu Hause, weil das\u2026","rel":"","context":"\u00c4hnlicher Beitrag","block_context":{"text":"\u00c4hnlicher Beitrag","link":""},"img":{"alt_text":"Hauskreis-Symbolfoto","src":"https:\/\/i0.wp.com\/kirche-hilsbach-weiler.de\/hw\/wp-content\/uploads\/2020\/04\/meeting-1015288_1920-e1588058179566.jpg?fit=1200%2C674&ssl=1&resize=350%2C200","width":350,"height":200,"srcset":"https:\/\/i0.wp.com\/kirche-hilsbach-weiler.de\/hw\/wp-content\/uploads\/2020\/04\/meeting-1015288_1920-e1588058179566.jpg?fit=1200%2C674&ssl=1&resize=350%2C200 1x, https:\/\/i0.wp.com\/kirche-hilsbach-weiler.de\/hw\/wp-content\/uploads\/2020\/04\/meeting-1015288_1920-e1588058179566.jpg?fit=1200%2C674&ssl=1&resize=525%2C300 1.5x, https:\/\/i0.wp.com\/kirche-hilsbach-weiler.de\/hw\/wp-content\/uploads\/2020\/04\/meeting-1015288_1920-e1588058179566.jpg?fit=1200%2C674&ssl=1&resize=700%2C400 2x, https:\/\/i0.wp.com\/kirche-hilsbach-weiler.de\/hw\/wp-content\/uploads\/2020\/04\/meeting-1015288_1920-e1588058179566.jpg?fit=1200%2C674&ssl=1&resize=1050%2C600 3x"},"classes":[]},{"id":2790,"url":"https:\/\/kirche-hilsbach-weiler.de\/hw\/?page_id=2790","url_meta":{"origin":1651,"position":1},"title":"Termine","author":"Carsten Glaser","date":"27. Juli 2014","format":false,"excerpt":"","rel":"","context":"\u00c4hnlicher Beitrag","block_context":{"text":"\u00c4hnlicher Beitrag","link":""},"img":{"alt_text":"","src":"","width":0,"height":0},"classes":[]},{"id":5976,"url":"https:\/\/kirche-hilsbach-weiler.de\/hw\/?page_id=5976","url_meta":{"origin":1651,"position":2},"title":"Bibelgespr\u00e4chskreis","author":"Administrator","date":"18. November 2017","format":false,"excerpt":"Die Bibel ist f\u00fcr uns Gottes Wort an die Menschen, eine Einladung zu einem Leben mit Gott, der Treffpunkt zwischen Gott und Mensch. Darum treffen wir uns mit Gott im Bibelgespr\u00e4chskreis, und zwar am Dienstag Abend, normalerweise 2mal im Monat um 19.30 Uhr. Unser Treffpunkt ist das evangelische Gemeindehaus HilsbachWeiler\u2026","rel":"","context":"\u00c4hnlicher Beitrag","block_context":{"text":"\u00c4hnlicher Beitrag","link":""},"img":{"alt_text":"","src":"","width":0,"height":0},"classes":[]}],"jetpack_sharing_enabled":true,"_links":{"self":[{"href":"https:\/\/kirche-hilsbach-weiler.de\/hw\/index.php?rest_route=\/wp\/v2\/pages\/1651","targetHints":{"allow":["GET"]}}],"collection":[{"href":"https:\/\/kirche-hilsbach-weiler.de\/hw\/index.php?rest_route=\/wp\/v2\/pages"}],"about":[{"href":"https:\/\/kirche-hilsbach-weiler.de\/hw\/index.php?rest_route=\/wp\/v2\/types\/page"}],"author":[{"embeddable":true,"href":"https:\/\/kirche-hilsbach-weiler.de\/hw\/index.php?rest_route=\/wp\/v2\/users\/6"}],"replies":[{"embeddable":true,"href":"https:\/\/kirche-hilsbach-weiler.de\/hw\/index.php?rest_route=%2Fwp%2Fv2%2Fcomments&post=1651"}],"version-history":[{"count":5,"href":"https:\/\/kirche-hilsbach-weiler.de\/hw\/index.php?rest_route=\/wp\/v2\/pages\/1651\/revisions"}],"predecessor-version":[{"id":11810,"href":"https:\/\/kirche-hilsbach-weiler.de\/hw\/index.php?rest_route=\/wp\/v2\/pages\/1651\/revisions\/11810"}],"wp:attachment":[{"href":"https:\/\/kirche-hilsbach-weiler.de\/hw\/index.php?rest_route=%2Fwp%2Fv2%2Fmedia&parent=1651"}],"curies":[{"name":"wp","href":"https:\/\/api.w.org\/{rel}","templated":true}]}}