{"id":2016,"date":"2014-03-29T21:50:41","date_gmt":"2014-03-29T20:50:41","guid":{"rendered":"https:\/\/kirche-hilsbach-weiler.de\/hw\/?page_id=2016"},"modified":"2022-11-01T09:52:22","modified_gmt":"2022-11-01T08:52:22","slug":"projekt-jugendreferentin","status":"publish","type":"page","link":"https:\/\/kirche-hilsbach-weiler.de\/hw\/?page_id=2016","title":{"rendered":"Projekt Jugendreferent"},"content":{"rendered":"<p><a href=\"https:\/\/i0.wp.com\/kirche-hilsbach-weiler.de\/hw\/wp-content\/uploads\/2014\/03\/header_juref1.jpg?ssl=1\" data-src=\"https:\/\/kirche-hilsbach-weiler.de\/hw\/wp-content\/uploads\/2014\/03\/header_juref1.jpg\" data-thumb=\"https:\/\/kirche-hilsbach-weiler.de\/hw\/wp-content\/uploads\/2014\/03\/header_juref1.jpg\" class=\"ml-lightbox-enabled\"><img data-recalc-dims=\"1\" loading=\"lazy\" decoding=\"async\" width=\"700\" height=\"200\" data-attachment-id=\"2483\" data-permalink=\"https:\/\/kirche-hilsbach-weiler.de\/hw\/?attachment_id=2483\" data-orig-file=\"https:\/\/i0.wp.com\/kirche-hilsbach-weiler.de\/hw\/wp-content\/uploads\/2014\/03\/header_juref1.jpg?fit=928%2C265&amp;ssl=1\" data-orig-size=\"928,265\" data-comments-opened=\"0\" data-image-meta=\"{&quot;aperture&quot;:&quot;3.5&quot;,&quot;credit&quot;:&quot;&quot;,&quot;camera&quot;:&quot;Canon EOS 600D&quot;,&quot;caption&quot;:&quot;&quot;,&quot;created_timestamp&quot;:&quot;1390042435&quot;,&quot;copyright&quot;:&quot;&quot;,&quot;focal_length&quot;:&quot;21&quot;,&quot;iso&quot;:&quot;1000&quot;,&quot;shutter_speed&quot;:&quot;0.0333333333333&quot;,&quot;title&quot;:&quot;&quot;}\" data-image-title=\"header_juref1\" data-image-description=\"\" data-image-caption=\"\" data-large-file=\"https:\/\/i0.wp.com\/kirche-hilsbach-weiler.de\/hw\/wp-content\/uploads\/2014\/03\/header_juref1.jpg?fit=700%2C200&amp;ssl=1\" class=\"alignnone size-full wp-image-2483 imgborder\" src=\"https:\/\/i0.wp.com\/kirche-hilsbach-weiler.de\/hw\/wp-content\/uploads\/2014\/03\/header_juref1.jpg?resize=700%2C200\" alt=\"header_juref1\" srcset=\"https:\/\/i0.wp.com\/kirche-hilsbach-weiler.de\/hw\/wp-content\/uploads\/2014\/03\/header_juref1.jpg?w=928&amp;ssl=1 928w, https:\/\/i0.wp.com\/kirche-hilsbach-weiler.de\/hw\/wp-content\/uploads\/2014\/03\/header_juref1.jpg?resize=300%2C85&amp;ssl=1 300w\" sizes=\"auto, (max-width: 700px) 100vw, 700px\" \/><\/a>Eine Studie (<a title=\"www.stickyfaith.org\" href=\"http:\/\/www.stickyfaith.org\" target=\"_blank\" rel=\"noopener noreferrer\">www.stickyfaith.org<\/a>) hat ergeben, dass ungef\u00e4hr die H\u00e4lfte aller Jugendlichen (in den USA) nach ihrem Schulabschluss in gro\u00dfe Glaubensn\u00f6te kommen oder sich sogar ganz vom Glauben distanzieren. Sehr wahrscheinlich ist die Zahl in Deutschland nicht wirklich erfreulicher.<\/p>\n<p>Wir meinen: Das muss nicht so sein! Ganz und gar nicht!<\/p>\n<p>Deswegen haben wir im September 2014 eine mit Spendengeldern finanzierte <strong>Jugendreferentenstelle<\/strong> eingerichtet.&nbsp;Die Stelle ist aktuell vakant und <a href=\"https:\/\/kirche-hilsbach-weiler.de\/hw\/wp-content\/uploads\/2022\/11\/Jugendreferent-gesucht.pdf\" target=\"_blank\" rel=\"noopener\">wir sind auf der Suche nach einer neuen Jugendreferentin oder einem neuen Jugendreferent<\/a>. Wir sind Ihnen sehr dankbar daf\u00fcr, wenn Sie weiterhin mit Ihrer finanziellen Unterst\u00fctzung dazu beitragen, dass die Stelle f\u00fcr unsere Jugend- und Familienarbeit beibehalten werden kann!<\/p>\n<p>Dadurch sollen<\/p>\n<ul>\n<li>Kinder und Jugendliche so fr\u00fch wie m\u00f6glich eine bewusste Entscheidung f\u00fcr ein Leben mit Jesus Christus treffen.<\/li>\n<li>Kinder und Jugendliche lernen, den Glauben im Alltag zu leben.<\/li>\n<li>Kinder und Jugendliche in ihrem Reifeprozess gest\u00e4rkt und gef\u00f6rdert werden.<\/li>\n<li>Mitarbeitende in der Kinder- und Jugendarbeit geschult und gef\u00f6rdert werden.<\/li>\n<\/ul>\n<h1>Zukunftspartner werden<\/h1>\n<p>Eine besondere M\u00f6glichkeit, die Finanzierung dieser Stelle zu sichern, ist:<br \/>\n<strong>Sie werden Zukunftspartner!<\/strong><\/p>\n<p>Was sich dahinter verbirgt?<\/p>\n<p>Das k\u00f6nnen Sie ganz einfach aus der PDF-Datei entnehmen, <a title=\"Zukunftspartner\" href=\"https:\/\/kirche-hilsbach-weiler.de\/hw\/wp-content\/uploads\/2019\/05\/Zukunftspartner-Flyer.pdf\" target=\"_blank\" rel=\"noopener noreferrer\">die Sie hier finden<\/a>.<\/p>\n<p>Wir sind Ihnen sehr dankbar, wenn Sie sich entscheiden: <strong>Ja, ich werde Zukunftspartner!&nbsp;<\/strong><\/p>\n<p><a href=\"https:\/\/kirche-hilsbach-weiler.de\/hw\/wp-content\/uploads\/2019\/05\/Zukunftspartner-Flyer.pdf\"><img data-recalc-dims=\"1\" loading=\"lazy\" decoding=\"async\" data-attachment-id=\"7292\" data-permalink=\"https:\/\/kirche-hilsbach-weiler.de\/hw\/?attachment_id=7292\" data-orig-file=\"https:\/\/i0.wp.com\/kirche-hilsbach-weiler.de\/hw\/wp-content\/uploads\/2019\/05\/Zukunftspartner.jpg?fit=489%2C698&amp;ssl=1\" data-orig-size=\"489,698\" data-comments-opened=\"0\" data-image-meta=\"{&quot;aperture&quot;:&quot;0&quot;,&quot;credit&quot;:&quot;&quot;,&quot;camera&quot;:&quot;&quot;,&quot;caption&quot;:&quot;&quot;,&quot;created_timestamp&quot;:&quot;0&quot;,&quot;copyright&quot;:&quot;&quot;,&quot;focal_length&quot;:&quot;0&quot;,&quot;iso&quot;:&quot;0&quot;,&quot;shutter_speed&quot;:&quot;0&quot;,&quot;title&quot;:&quot;&quot;,&quot;orientation&quot;:&quot;0&quot;}\" data-image-title=\"Zukunftspartner\" data-image-description=\"\" data-image-caption=\"\" data-large-file=\"https:\/\/i0.wp.com\/kirche-hilsbach-weiler.de\/hw\/wp-content\/uploads\/2019\/05\/Zukunftspartner.jpg?fit=489%2C698&amp;ssl=1\" class=\"alignnone wp-image-7292 size-medium\" src=\"https:\/\/i0.wp.com\/kirche-hilsbach-weiler.de\/hw\/wp-content\/uploads\/2019\/05\/Zukunftspartner.jpg?resize=210%2C300&#038;ssl=1\" alt=\"\" width=\"210\" height=\"300\" srcset=\"https:\/\/i0.wp.com\/kirche-hilsbach-weiler.de\/hw\/wp-content\/uploads\/2019\/05\/Zukunftspartner.jpg?resize=210%2C300&amp;ssl=1 210w, https:\/\/i0.wp.com\/kirche-hilsbach-weiler.de\/hw\/wp-content\/uploads\/2019\/05\/Zukunftspartner.jpg?w=489&amp;ssl=1 489w\" sizes=\"auto, (max-width: 210px) 100vw, 210px\" \/><\/a><\/p>\n<h3>Weitere M\u00f6glichkeiten der Unterst\u00fctzung<\/h3>\n<p>Jede Spende hilft! Sie &nbsp;entscheiden, in welcher H\u00f6he Sie eine Spende f\u00fcr das &#8220;Projekt Jugendreferent(in)&#8221; geben m\u00f6chten. Klicken Sie auf &#8220;<a href=\"https:\/\/kirche-hilsbach-weiler.de\/hw\/?page_id=2027\">Jetzt unterst\u00fctzen!<\/a>&#8220;, um die Bankverbindung zu erfahren.<\/p>\n<p>Spenden Sie sofort online \u00fcber PayPal einen frei w\u00e4hlbaren Betrag. Vielen Dank!<br \/>\n<input name=\"hosted_button_id\" type=\"hidden\" value=\"FAV2XRVWXD9V8\"> <input alt=\"Jetzt einfach, schnell und sicher online bezahlen \u2013 mit PayPal.\" name=\"submit\" src=\"https:\/\/www.paypalobjects.com\/de_DE\/DE\/i\/btn\/btn_donateCC_LG.gif\" type=\"image\"><\/p>\n<p>Das ist Ihnen alles zu umst\u00e4ndlich? Dann spenden Sie doch gleich hier:<!-- Anfang Bildungsspender --> <a href=\"https:\/\/bildungsspender.de\/donation.php?org_id=574889003\" target=\"_blank\" rel=\"noopener noreferrer\"><br \/>\n<img data-recalc-dims=\"1\" loading=\"lazy\" decoding=\"async\" title=\"Jetzt spenden\" src=\"https:\/\/i0.wp.com\/bildungsspender.de\/images\/banner\/spenden_zahlungsmittel_gr.png?resize=180%2C116&#038;ssl=1\" alt=\"Jetzt spenden\" width=\"180\" height=\"116\" border=\"0\"><\/a><br \/>\n<!-- Ende Bildungsspender --><\/p>\n<p>Eine weitere M\u00f6glichkeit, uns zu unterst\u00fctzen ist der &#8220;Bildungsspender&#8221;.<\/p>\n<p>Hier k\u00f6nnen Sie durch Ihre Online-Eink\u00e4ufe uns helfen (siehe unten auf dieser Seite).<!-- Ende Bildungsspender --><\/p>\n","protected":false},"excerpt":{"rendered":"<p>Eine Studie (www.stickyfaith.org) hat ergeben, dass ungef\u00e4hr die H\u00e4lfte aller Jugendlichen (in den USA) nach ihrem Schulabschluss in gro\u00dfe Glaubensn\u00f6te kommen oder sich sogar ganz vom Glauben distanzieren. Sehr wahrscheinlich ist die Zahl in Deutschland nicht wirklich erfreulicher. Wir meinen: Das muss nicht so sein! Ganz und gar nicht! Deswegen haben wir im September 2014 &#8230; <span class=\"more\"><a class=\"more-link\" href=\"https:\/\/kirche-hilsbach-weiler.de\/hw\/?page_id=2016\">[Weiter&#8230;]<\/a><\/span><\/p>\n","protected":false},"author":6,"featured_media":0,"parent":0,"menu_order":0,"comment_status":"closed","ping_status":"closed","template":"","meta":{"ngg_post_thumbnail":0,"footnotes":""},"class_list":["entry","page","publish","author-ekhwadmin","post-2016"],"jetpack_shortlink":"https:\/\/wp.me\/P4vBdR-ww","jetpack_likes_enabled":false,"jetpack-related-posts":[{"id":2191,"url":"https:\/\/kirche-hilsbach-weiler.de\/hw\/?page_id=2191","url_meta":{"origin":2016,"position":0},"title":"Impressum","author":"Administrator","date":"1. April 2014","format":false,"excerpt":"Evangelische Landeskirche in Baden Evangelische Kirchengemeinde Hilsbach-Weiler Marktstr. 11 74889 Sinsheim Telefon: +49 (0) 7260317 Telefax: +49 (0) 7260920313 E-Mail: info@kirche-hilsbach-weiler.de Vertretungsberechtigt\/vertreten durch: Ralf Holzwarth Pfarrer Markus Printz Rechtsform Die Evangelische Kirchengemeinde Hilsbach-Weiler ist eine K\u00f6rperschaft des \u00f6ffentlichen Rechts. Rechtstr\u00e4ger der Aufsichtsbeh\u00f6rde: Evangelische Landeskirche in Baden, Blumenstra\u00dfe 1 - 7,\u2026","rel":"","context":"\u00c4hnlicher Beitrag","block_context":{"text":"\u00c4hnlicher Beitrag","link":""},"img":{"alt_text":"","src":"","width":0,"height":0},"classes":[]},{"id":25,"url":"https:\/\/kirche-hilsbach-weiler.de\/hw\/?page_id=25","url_meta":{"origin":2016,"position":1},"title":"Infos","author":"Administrator","date":"29. Juni 2012","format":false,"excerpt":"","rel":"","context":"\u00c4hnlicher Beitrag","block_context":{"text":"\u00c4hnlicher Beitrag","link":""},"img":{"alt_text":"","src":"https:\/\/i0.wp.com\/kirche-hilsbach-weiler.de\/hw\/wp-content\/uploads\/2020\/04\/KirchenHilsbachWeiler-17-scaled.jpg?resize=350%2C200&ssl=1","width":350,"height":200,"srcset":"https:\/\/i0.wp.com\/kirche-hilsbach-weiler.de\/hw\/wp-content\/uploads\/2020\/04\/KirchenHilsbachWeiler-17-scaled.jpg?resize=350%2C200&ssl=1 1x, https:\/\/i0.wp.com\/kirche-hilsbach-weiler.de\/hw\/wp-content\/uploads\/2020\/04\/KirchenHilsbachWeiler-17-scaled.jpg?resize=525%2C300&ssl=1 1.5x, https:\/\/i0.wp.com\/kirche-hilsbach-weiler.de\/hw\/wp-content\/uploads\/2020\/04\/KirchenHilsbachWeiler-17-scaled.jpg?resize=700%2C400&ssl=1 2x, https:\/\/i0.wp.com\/kirche-hilsbach-weiler.de\/hw\/wp-content\/uploads\/2020\/04\/KirchenHilsbachWeiler-17-scaled.jpg?resize=1050%2C600&ssl=1 3x, https:\/\/i0.wp.com\/kirche-hilsbach-weiler.de\/hw\/wp-content\/uploads\/2020\/04\/KirchenHilsbachWeiler-17-scaled.jpg?resize=1400%2C800&ssl=1 4x"},"classes":[]},{"id":6003,"url":"https:\/\/kirche-hilsbach-weiler.de\/hw\/?page_id=6003","url_meta":{"origin":2016,"position":2},"title":"Hauskreis","author":"Administrator","date":"18. November 2017","format":false,"excerpt":"Sechs Fragen zum Hauskreis Hilsbach-Weiler Was ist denn Euer Hauskreis? In unserem Hauskreis treffen wir uns regelm\u00e4\u00dfig, um Glauben und Leben zu teilen. Ist das also ein frommer Geheimzirkel? Nat\u00fcrlich nicht. Die Treffen sind genauso \u00f6ffentlich wie andere Veranstaltungen. Wir treffen uns abwechselnd bei einzelnen Teilnehmern zu Hause, weil das\u2026","rel":"","context":"\u00c4hnlicher Beitrag","block_context":{"text":"\u00c4hnlicher Beitrag","link":""},"img":{"alt_text":"Hauskreis-Symbolfoto","src":"https:\/\/i0.wp.com\/kirche-hilsbach-weiler.de\/hw\/wp-content\/uploads\/2020\/04\/meeting-1015288_1920-e1588058179566.jpg?fit=1200%2C674&ssl=1&resize=350%2C200","width":350,"height":200,"srcset":"https:\/\/i0.wp.com\/kirche-hilsbach-weiler.de\/hw\/wp-content\/uploads\/2020\/04\/meeting-1015288_1920-e1588058179566.jpg?fit=1200%2C674&ssl=1&resize=350%2C200 1x, https:\/\/i0.wp.com\/kirche-hilsbach-weiler.de\/hw\/wp-content\/uploads\/2020\/04\/meeting-1015288_1920-e1588058179566.jpg?fit=1200%2C674&ssl=1&resize=525%2C300 1.5x, https:\/\/i0.wp.com\/kirche-hilsbach-weiler.de\/hw\/wp-content\/uploads\/2020\/04\/meeting-1015288_1920-e1588058179566.jpg?fit=1200%2C674&ssl=1&resize=700%2C400 2x, https:\/\/i0.wp.com\/kirche-hilsbach-weiler.de\/hw\/wp-content\/uploads\/2020\/04\/meeting-1015288_1920-e1588058179566.jpg?fit=1200%2C674&ssl=1&resize=1050%2C600 3x"},"classes":[]},{"id":5972,"url":"https:\/\/kirche-hilsbach-weiler.de\/hw\/?page_id=5972","url_meta":{"origin":2016,"position":3},"title":"SalzCH\u00d6Rner","author":"Administrator","date":"18. November 2017","format":false,"excerpt":"Die SalzCH\u00d6Rner wurden 1989 als Jugendchor Hilsbach-Weiler gegr\u00fcndet. Der fr\u00fchere Zusatz \u201aJunger Chor Hilsbach-Weiler\u2018 stimmt \u2013 was das Lebensalter der S\u00e4nger betrifft \u2013 heute zumindest noch gef\u00fchlt: Wir sind ungef\u00e4hr 25 S\u00e4ngerinnen und S\u00e4nger ganz unterschiedlichen Alters von etwa 18 bis 80 Jahren. Mitsingen darf bei uns jedoch jeder, der\u2026","rel":"","context":"\u00c4hnlicher Beitrag","block_context":{"text":"\u00c4hnlicher Beitrag","link":""},"img":{"alt_text":"","src":"https:\/\/i0.wp.com\/kirche-hilsbach-weiler.de\/hw\/wp-content\/uploads\/2015\/10\/SalzCH%C3%96Rner-2015-breit.jpg?fit=1200%2C253&ssl=1&resize=350%2C200","width":350,"height":200,"srcset":"https:\/\/i0.wp.com\/kirche-hilsbach-weiler.de\/hw\/wp-content\/uploads\/2015\/10\/SalzCH%C3%96Rner-2015-breit.jpg?fit=1200%2C253&ssl=1&resize=350%2C200 1x, https:\/\/i0.wp.com\/kirche-hilsbach-weiler.de\/hw\/wp-content\/uploads\/2015\/10\/SalzCH%C3%96Rner-2015-breit.jpg?fit=1200%2C253&ssl=1&resize=525%2C300 1.5x, https:\/\/i0.wp.com\/kirche-hilsbach-weiler.de\/hw\/wp-content\/uploads\/2015\/10\/SalzCH%C3%96Rner-2015-breit.jpg?fit=1200%2C253&ssl=1&resize=700%2C400 2x, https:\/\/i0.wp.com\/kirche-hilsbach-weiler.de\/hw\/wp-content\/uploads\/2015\/10\/SalzCH%C3%96Rner-2015-breit.jpg?fit=1200%2C253&ssl=1&resize=1050%2C600 3x"},"classes":[]},{"id":1925,"url":"https:\/\/kirche-hilsbach-weiler.de\/hw\/?page_id=1925","url_meta":{"origin":2016,"position":4},"title":"App f\u00fcr Smartphone &#038; Web","author":"Administrator","date":"29. M\u00e4rz 2014","format":false,"excerpt":"Wir haben eine eigene App und laden Euch ein diese zu testen und zu nutzen! Durch diese App k\u00f6nnen wir die Kommunikation in der Gemeinde und innerhalb der Mitarbeitenden von Gemeindegruppen vereinfachen. Alle Nutzer der App werden aktuell \u00fcber Neuigkeiten, Empfehlungen, Veranstaltungen und mehr informiert. Ihr findet die f\u00fcr Euch\u2026","rel":"","context":"\u00c4hnlicher Beitrag","block_context":{"text":"\u00c4hnlicher Beitrag","link":""},"img":{"alt_text":"","src":"https:\/\/i0.wp.com\/kirche-hilsbach-weiler.de\/hw\/wp-content\/uploads\/2020\/07\/Appstore-300x89.png?resize=350%2C200&ssl=1","width":350,"height":200},"classes":[]},{"id":8284,"url":"https:\/\/kirche-hilsbach-weiler.de\/hw\/?page_id=8284","url_meta":{"origin":2016,"position":5},"title":"App f\u00fcr Smartphone &#038; Web","author":"Carsten Glaser","date":"1. Juli 2020","format":false,"excerpt":"Wir haben eine eigene App und laden Euch ein diese zu testen und zu nutzen! Durch diese App k\u00f6nnen wir die Kommunikation in der Gemeinde und innerhalb der Mitarbeitenden von Gemeindegruppen vereinfachen. Alle Nutzer der App werden aktuell \u00fcber Neuigkeiten, Empfehlungen, Veranstaltungen und mehr informiert. Ihr findet die f\u00fcr Euch\u2026","rel":"","context":"\u00c4hnlicher Beitrag","block_context":{"text":"\u00c4hnlicher Beitrag","link":""},"img":{"alt_text":"","src":"https:\/\/i0.wp.com\/kirche-hilsbach-weiler.de\/hw\/wp-content\/uploads\/2020\/07\/Appstore-300x89.png?resize=350%2C200&ssl=1","width":350,"height":200},"classes":[]}],"jetpack_sharing_enabled":true,"_links":{"self":[{"href":"https:\/\/kirche-hilsbach-weiler.de\/hw\/index.php?rest_route=\/wp\/v2\/pages\/2016","targetHints":{"allow":["GET"]}}],"collection":[{"href":"https:\/\/kirche-hilsbach-weiler.de\/hw\/index.php?rest_route=\/wp\/v2\/pages"}],"about":[{"href":"https:\/\/kirche-hilsbach-weiler.de\/hw\/index.php?rest_route=\/wp\/v2\/types\/page"}],"author":[{"embeddable":true,"href":"https:\/\/kirche-hilsbach-weiler.de\/hw\/index.php?rest_route=\/wp\/v2\/users\/6"}],"replies":[{"embeddable":true,"href":"https:\/\/kirche-hilsbach-weiler.de\/hw\/index.php?rest_route=%2Fwp%2Fv2%2Fcomments&post=2016"}],"version-history":[{"count":0,"href":"https:\/\/kirche-hilsbach-weiler.de\/hw\/index.php?rest_route=\/wp\/v2\/pages\/2016\/revisions"}],"wp:attachment":[{"href":"https:\/\/kirche-hilsbach-weiler.de\/hw\/index.php?rest_route=%2Fwp%2Fv2%2Fmedia&parent=2016"}],"curies":[{"name":"wp","href":"https:\/\/api.w.org\/{rel}","templated":true}]}}