{"id":2027,"date":"2014-03-29T21:58:02","date_gmt":"2014-03-29T20:58:02","guid":{"rendered":"https:\/\/kirche-hilsbach-weiler.de\/hw\/?page_id=2027"},"modified":"2017-11-19T20:55:08","modified_gmt":"2017-11-19T19:55:08","slug":"vielen-dank","status":"publish","type":"page","link":"https:\/\/kirche-hilsbach-weiler.de\/hw\/?page_id=2027","title":{"rendered":"Vielen Dank!"},"content":{"rendered":"<p>F\u00fcr Ihre Unterst\u00fctzung unseres Projekts &#8220;Jugendreferentin&#8221; bedanken wir uns schon jetzt im Voraus. Es ist nicht selbstverst\u00e4ndlich und wir k\u00f6nnen es nicht hoch genug sch\u00e4tzen, dass Sie mit Ihren finanziellen Mitteln dieses so wichtige Projekt unterst\u00fctzen.<\/p>\n<p>Bitte \u00fcberweisen Sie Ihre Spende bzw. richten Sie Ihren Dauerauftrag wie folgt ein:<\/p>\n<p>&nbsp;<\/p>\n<p>Ev. Kirchengemeinde HilsbachWeiler<br \/>\nIBAN: DE26667623320000006220<br \/>\nBIC: GENODE61KIR<br \/>\nRaiffeisenbank Kraichgau<br \/>\nStichwort: &#8220;Jugendreferentin&#8221;<\/p>\n","protected":false},"excerpt":{"rendered":"<p>F\u00fcr Ihre Unterst\u00fctzung unseres Projekts &#8220;Jugendreferentin&#8221; bedanken wir uns schon jetzt im Voraus. Es ist nicht selbstverst\u00e4ndlich und wir k\u00f6nnen es nicht hoch genug sch\u00e4tzen, dass Sie mit Ihren finanziellen Mitteln dieses so wichtige Projekt unterst\u00fctzen. Bitte \u00fcberweisen Sie Ihre Spende bzw. richten Sie Ihren Dauerauftrag wie folgt ein: &nbsp; Ev. Kirchengemeinde HilsbachWeiler IBAN: DE26667623320000006220 &#8230; <span class=\"more\"><a class=\"more-link\" href=\"https:\/\/kirche-hilsbach-weiler.de\/hw\/?page_id=2027\">[Weiter&#8230;]<\/a><\/span><\/p>\n","protected":false},"author":6,"featured_media":0,"parent":0,"menu_order":0,"comment_status":"closed","ping_status":"closed","template":"","meta":{"ngg_post_thumbnail":0,"footnotes":""},"class_list":["entry","page","publish","author-ekhwadmin","post-2027"],"jetpack_shortlink":"https:\/\/wp.me\/P4vBdR-wH","jetpack_likes_enabled":false,"jetpack-related-posts":[{"id":2016,"url":"https:\/\/kirche-hilsbach-weiler.de\/hw\/?page_id=2016","url_meta":{"origin":2027,"position":0},"title":"Projekt Jugendreferent","author":"Administrator","date":"29. M\u00e4rz 2014","format":false,"excerpt":"Eine Studie (www.stickyfaith.org) hat ergeben, dass ungef\u00e4hr die H\u00e4lfte aller Jugendlichen (in den USA) nach ihrem Schulabschluss in gro\u00dfe Glaubensn\u00f6te kommen oder sich sogar ganz vom Glauben distanzieren. Sehr wahrscheinlich ist die Zahl in Deutschland nicht wirklich erfreulicher. Wir meinen: Das muss nicht so sein! Ganz und gar nicht! Deswegen\u2026","rel":"","context":"\u00c4hnlicher Beitrag","block_context":{"text":"\u00c4hnlicher Beitrag","link":""},"img":{"alt_text":"header_juref1","src":"https:\/\/i0.wp.com\/kirche-hilsbach-weiler.de\/hw\/wp-content\/uploads\/2014\/03\/header_juref1.jpg?resize=350%2C200","width":350,"height":200,"srcset":"https:\/\/i0.wp.com\/kirche-hilsbach-weiler.de\/hw\/wp-content\/uploads\/2014\/03\/header_juref1.jpg?resize=350%2C200 1x, https:\/\/i0.wp.com\/kirche-hilsbach-weiler.de\/hw\/wp-content\/uploads\/2014\/03\/header_juref1.jpg?resize=525%2C300 1.5x, https:\/\/i0.wp.com\/kirche-hilsbach-weiler.de\/hw\/wp-content\/uploads\/2014\/03\/header_juref1.jpg?resize=700%2C400 2x"},"classes":[]},{"id":8334,"url":"https:\/\/kirche-hilsbach-weiler.de\/hw\/?page_id=8334","url_meta":{"origin":2027,"position":1},"title":"Mut f\u00fcr Mission","author":"Stefan Pickel","date":"15. Juli 2020","format":false,"excerpt":"Was zeichnet eine Gemeinde aus? Was ist ihre Mission? \u00a0 Unsere verschiedenen Gruppen und Veranstaltungen sollen dazu dienen, dass wir und die Menschen in unserer Umgebung etwas von Gottes Liebe und seinem Interesse an uns sp\u00fcren.\u00a0 Doch die Gute Nachricht gilt allen Menschen \u2013 weltweit.Aus unserer Gemeinde sind und waren\u2026","rel":"","context":"\u00c4hnlicher Beitrag","block_context":{"text":"\u00c4hnlicher Beitrag","link":""},"img":{"alt_text":"Mut f\u00fcr Mission","src":"https:\/\/i0.wp.com\/kirche-hilsbach-weiler.de\/hw\/wp-content\/uploads\/2020\/07\/hand-644145_1920.jpg?resize=350%2C200&ssl=1","width":350,"height":200,"srcset":"https:\/\/i0.wp.com\/kirche-hilsbach-weiler.de\/hw\/wp-content\/uploads\/2020\/07\/hand-644145_1920.jpg?resize=350%2C200&ssl=1 1x, https:\/\/i0.wp.com\/kirche-hilsbach-weiler.de\/hw\/wp-content\/uploads\/2020\/07\/hand-644145_1920.jpg?resize=525%2C300&ssl=1 1.5x, https:\/\/i0.wp.com\/kirche-hilsbach-weiler.de\/hw\/wp-content\/uploads\/2020\/07\/hand-644145_1920.jpg?resize=700%2C400&ssl=1 2x, https:\/\/i0.wp.com\/kirche-hilsbach-weiler.de\/hw\/wp-content\/uploads\/2020\/07\/hand-644145_1920.jpg?resize=1050%2C600&ssl=1 3x, https:\/\/i0.wp.com\/kirche-hilsbach-weiler.de\/hw\/wp-content\/uploads\/2020\/07\/hand-644145_1920.jpg?resize=1400%2C800&ssl=1 4x"},"classes":[]},{"id":25,"url":"https:\/\/kirche-hilsbach-weiler.de\/hw\/?page_id=25","url_meta":{"origin":2027,"position":2},"title":"Infos","author":"Administrator","date":"29. Juni 2012","format":false,"excerpt":"","rel":"","context":"\u00c4hnlicher Beitrag","block_context":{"text":"\u00c4hnlicher Beitrag","link":""},"img":{"alt_text":"","src":"https:\/\/i0.wp.com\/kirche-hilsbach-weiler.de\/hw\/wp-content\/uploads\/2020\/04\/KirchenHilsbachWeiler-17-scaled.jpg?resize=350%2C200&ssl=1","width":350,"height":200,"srcset":"https:\/\/i0.wp.com\/kirche-hilsbach-weiler.de\/hw\/wp-content\/uploads\/2020\/04\/KirchenHilsbachWeiler-17-scaled.jpg?resize=350%2C200&ssl=1 1x, https:\/\/i0.wp.com\/kirche-hilsbach-weiler.de\/hw\/wp-content\/uploads\/2020\/04\/KirchenHilsbachWeiler-17-scaled.jpg?resize=525%2C300&ssl=1 1.5x, https:\/\/i0.wp.com\/kirche-hilsbach-weiler.de\/hw\/wp-content\/uploads\/2020\/04\/KirchenHilsbachWeiler-17-scaled.jpg?resize=700%2C400&ssl=1 2x, https:\/\/i0.wp.com\/kirche-hilsbach-weiler.de\/hw\/wp-content\/uploads\/2020\/04\/KirchenHilsbachWeiler-17-scaled.jpg?resize=1050%2C600&ssl=1 3x, https:\/\/i0.wp.com\/kirche-hilsbach-weiler.de\/hw\/wp-content\/uploads\/2020\/04\/KirchenHilsbachWeiler-17-scaled.jpg?resize=1400%2C800&ssl=1 4x"},"classes":[]},{"id":8362,"url":"https:\/\/kirche-hilsbach-weiler.de\/hw\/?page_id=8362","url_meta":{"origin":2027,"position":3},"title":"Monika Mench","author":"Stefan Pickel","date":"17. Juli 2020","format":false,"excerpt":"\u00a0 \"Liebe deinen N\u00e4chsten wie dich selbst\". (Markus 12,31) Monika war von September 2020 bis August 2021 in Frankreich. \u00dcber ihre Arbeit dort schreibt sie: \"Meine Leidenschaft ist es, Fl\u00fcchtlingen und Migranten in einer Vorstadt von Paris zu dienen. Sie haben alles verlassen, - Land, Familien, Verwandte, vertraute Umgebung \u2013\u2026","rel":"","context":"\u00c4hnlicher Beitrag","block_context":{"text":"\u00c4hnlicher Beitrag","link":""},"img":{"alt_text":"","src":"https:\/\/i0.wp.com\/kirche-hilsbach-weiler.de\/hw\/wp-content\/uploads\/2014\/03\/Mench-scaled.jpg?resize=350%2C200&ssl=1","width":350,"height":200,"srcset":"https:\/\/i0.wp.com\/kirche-hilsbach-weiler.de\/hw\/wp-content\/uploads\/2014\/03\/Mench-scaled.jpg?resize=350%2C200&ssl=1 1x, https:\/\/i0.wp.com\/kirche-hilsbach-weiler.de\/hw\/wp-content\/uploads\/2014\/03\/Mench-scaled.jpg?resize=525%2C300&ssl=1 1.5x, https:\/\/i0.wp.com\/kirche-hilsbach-weiler.de\/hw\/wp-content\/uploads\/2014\/03\/Mench-scaled.jpg?resize=700%2C400&ssl=1 2x, https:\/\/i0.wp.com\/kirche-hilsbach-weiler.de\/hw\/wp-content\/uploads\/2014\/03\/Mench-scaled.jpg?resize=1050%2C600&ssl=1 3x, https:\/\/i0.wp.com\/kirche-hilsbach-weiler.de\/hw\/wp-content\/uploads\/2014\/03\/Mench-scaled.jpg?resize=1400%2C800&ssl=1 4x"},"classes":[]},{"id":5134,"url":"https:\/\/kirche-hilsbach-weiler.de\/hw\/?page_id=5134","url_meta":{"origin":2027,"position":4},"title":"&#8220;Kleinviehmist&#8221;","author":"Carsten Glaser","date":"30. September 2016","format":false,"excerpt":"\"Kleinvieh macht auch Mist!\" - Dies best\u00e4tigt sich mit dem Blick auf unseren Bildungsspenderstand: Die letzten Spendeneing\u00e4nge durch Eink\u00e4ufe, die Sie get\u00e4tigt haben - nachdem Sie zun\u00e4chst nur kurz den Shop von der Bildungsspenderseite aufgerufen haben - k\u00f6nnen Sie hier ersehen. Am 15.09.2016 erhielten wir 206,03 \u20ac auf unser Konto\u2026","rel":"","context":"\u00c4hnlicher Beitrag","block_context":{"text":"\u00c4hnlicher Beitrag","link":""},"img":{"alt_text":"bildungsspender-einkaeufe","src":"https:\/\/i0.wp.com\/kirche-hilsbach-weiler.de\/hw\/wp-content\/uploads\/2016\/09\/Bildungsspender-Eink%C3%A4ufe.jpg?resize=350%2C200","width":350,"height":200,"srcset":"https:\/\/i0.wp.com\/kirche-hilsbach-weiler.de\/hw\/wp-content\/uploads\/2016\/09\/Bildungsspender-Eink%C3%A4ufe.jpg?resize=350%2C200 1x, https:\/\/i0.wp.com\/kirche-hilsbach-weiler.de\/hw\/wp-content\/uploads\/2016\/09\/Bildungsspender-Eink%C3%A4ufe.jpg?resize=525%2C300 1.5x"},"classes":[]},{"id":1649,"url":"https:\/\/kirche-hilsbach-weiler.de\/hw\/?page_id=1649","url_meta":{"origin":2027,"position":5},"title":"O.A.S.E.","author":"Administrator","date":"7. M\u00e4rz 2014","format":false,"excerpt":"Von 2011 - 2017 gab es die \"O.A.S.E.\", einen Gottesdienst, der offen \u2013 anders \u2013 spannend \u2013 erfrischend ist, bei dem ganze Familien herzlich willkommen sind und jeder auf seine Kosten kommt, den wir lebendig, kreativ und mit allen Sinnen feiern, der von mehreren Teams vorbereitet und gestaltet wird (Ablauf,\u2026","rel":"","context":"\u00c4hnlicher Beitrag","block_context":{"text":"\u00c4hnlicher Beitrag","link":""},"img":{"alt_text":"","src":"https:\/\/i0.wp.com\/kirche-hilsbach-weiler.de\/hw\/wp-content\/uploads\/2014\/03\/oase_page.jpg?fit=928%2C417&ssl=1&resize=350%2C200","width":350,"height":200,"srcset":"https:\/\/i0.wp.com\/kirche-hilsbach-weiler.de\/hw\/wp-content\/uploads\/2014\/03\/oase_page.jpg?fit=928%2C417&ssl=1&resize=350%2C200 1x, https:\/\/i0.wp.com\/kirche-hilsbach-weiler.de\/hw\/wp-content\/uploads\/2014\/03\/oase_page.jpg?fit=928%2C417&ssl=1&resize=525%2C300 1.5x, https:\/\/i0.wp.com\/kirche-hilsbach-weiler.de\/hw\/wp-content\/uploads\/2014\/03\/oase_page.jpg?fit=928%2C417&ssl=1&resize=700%2C400 2x"},"classes":[]}],"jetpack_sharing_enabled":true,"_links":{"self":[{"href":"https:\/\/kirche-hilsbach-weiler.de\/hw\/index.php?rest_route=\/wp\/v2\/pages\/2027","targetHints":{"allow":["GET"]}}],"collection":[{"href":"https:\/\/kirche-hilsbach-weiler.de\/hw\/index.php?rest_route=\/wp\/v2\/pages"}],"about":[{"href":"https:\/\/kirche-hilsbach-weiler.de\/hw\/index.php?rest_route=\/wp\/v2\/types\/page"}],"author":[{"embeddable":true,"href":"https:\/\/kirche-hilsbach-weiler.de\/hw\/index.php?rest_route=\/wp\/v2\/users\/6"}],"replies":[{"embeddable":true,"href":"https:\/\/kirche-hilsbach-weiler.de\/hw\/index.php?rest_route=%2Fwp%2Fv2%2Fcomments&post=2027"}],"version-history":[{"count":0,"href":"https:\/\/kirche-hilsbach-weiler.de\/hw\/index.php?rest_route=\/wp\/v2\/pages\/2027\/revisions"}],"wp:attachment":[{"href":"https:\/\/kirche-hilsbach-weiler.de\/hw\/index.php?rest_route=%2Fwp%2Fv2%2Fmedia&parent=2027"}],"curies":[{"name":"wp","href":"https:\/\/api.w.org\/{rel}","templated":true}]}}