{"id":2147,"date":"2014-03-31T18:57:36","date_gmt":"2014-03-31T17:57:36","guid":{"rendered":"https:\/\/kirche-hilsbach-weiler.de\/hw\/?page_id=2147"},"modified":"2017-11-25T22:15:57","modified_gmt":"2017-11-25T21:15:57","slug":"kindergarten-hilsbach","status":"publish","type":"page","link":"https:\/\/kirche-hilsbach-weiler.de\/hw\/?page_id=2147","title":{"rendered":"Kindergarten Hilsbach"},"content":{"rendered":"<h3>Evangelischer Kindergarten Hilsbach<\/h3>\n<p><a href=\"https:\/\/i0.wp.com\/kirche-hilsbach-weiler.de\/hw\/wp-content\/uploads\/2014\/07\/Hilsbach_Kiga_Leitung.jpg?ssl=1\" data-src=\"https:\/\/kirche-hilsbach-weiler.de\/hw\/wp-content\/uploads\/2014\/07\/Hilsbach_Kiga_Leitung.jpg\" data-thumb=\"https:\/\/kirche-hilsbach-weiler.de\/hw\/wp-content\/uploads\/2014\/07\/Hilsbach_Kiga_Leitung-214x300.jpg\" class=\"ml-lightbox-enabled\"><img data-recalc-dims=\"1\" loading=\"lazy\" decoding=\"async\" data-attachment-id=\"2847\" data-permalink=\"https:\/\/kirche-hilsbach-weiler.de\/hw\/?attachment_id=2847\" data-orig-file=\"https:\/\/i0.wp.com\/kirche-hilsbach-weiler.de\/hw\/wp-content\/uploads\/2014\/07\/Hilsbach_Kiga_Leitung.jpg?fit=800%2C1120&amp;ssl=1\" data-orig-size=\"800,1120\" data-comments-opened=\"0\" data-image-meta=\"{&quot;aperture&quot;:&quot;18&quot;,&quot;credit&quot;:&quot;&quot;,&quot;camera&quot;:&quot;Canon EOS 7D&quot;,&quot;caption&quot;:&quot;&quot;,&quot;created_timestamp&quot;:&quot;1395835046&quot;,&quot;copyright&quot;:&quot;&quot;,&quot;focal_length&quot;:&quot;63&quot;,&quot;iso&quot;:&quot;200&quot;,&quot;shutter_speed&quot;:&quot;0.008&quot;,&quot;title&quot;:&quot;&quot;}\" data-image-title=\"Hilsbach_Kiga_Leitung\" data-image-description=\"\" data-image-caption=\"\" data-large-file=\"https:\/\/i0.wp.com\/kirche-hilsbach-weiler.de\/hw\/wp-content\/uploads\/2014\/07\/Hilsbach_Kiga_Leitung.jpg?fit=700%2C981&amp;ssl=1\" class=\"imgborder alignright wp-image-2847 size-medium\" src=\"https:\/\/i0.wp.com\/kirche-hilsbach-weiler.de\/hw\/wp-content\/uploads\/2014\/07\/Hilsbach_Kiga_Leitung-214x300.jpg?resize=214%2C300\" alt=\"Hilsbach_Kiga_Leitung\" width=\"214\" height=\"300\" srcset=\"https:\/\/i0.wp.com\/kirche-hilsbach-weiler.de\/hw\/wp-content\/uploads\/2014\/07\/Hilsbach_Kiga_Leitung.jpg?resize=214%2C300&amp;ssl=1 214w, https:\/\/i0.wp.com\/kirche-hilsbach-weiler.de\/hw\/wp-content\/uploads\/2014\/07\/Hilsbach_Kiga_Leitung.jpg?resize=731%2C1024&amp;ssl=1 731w, https:\/\/i0.wp.com\/kirche-hilsbach-weiler.de\/hw\/wp-content\/uploads\/2014\/07\/Hilsbach_Kiga_Leitung.jpg?w=800&amp;ssl=1 800w\" sizes=\"auto, (max-width: 214px) 100vw, 214px\" \/><\/a><strong>Leitung:<\/strong><br \/>\nKatrin Butschbacher-Schmitt<br \/>\nTel: 07260-426<br \/>\nMail:\u00a0<a href=\"&#109;&#x61;&#105;&#x6c;&#116;&#x6f;&#58;&#x6b;&#105;&#x67;&#97;&#x2d;&#104;&#x69;&#108;&#x73;&#98;&#x61;&#99;&#x68;&#64;&#x6b;&#105;&#x72;&#99;&#x68;&#101;&#x2d;&#104;&#x69;&#108;&#x73;&#98;&#x61;&#99;&#x68;&#45;&#x77;&#101;&#x69;&#108;&#x65;&#114;&#x2e;&#100;&#x65;\">&#107;&#x69;&#x67;a&#45;&#x68;i&#108;&#x73;b&#97;&#x63;h&#64;&#x6b;&#x69;&#114;&#x63;&#x68;e&#45;&#x68;i&#108;&#x73;b&#97;&#x63;&#x68;&#45;&#x77;&#x65;i&#108;&#x65;r&#46;&#x64;e<\/a><\/p>\n<p><strong>Adresse:<\/strong><br \/>\nBrennh\u00fcttenstr. 12a<br \/>\n74889 Sinsheim-Hilsbach<br \/>\n<a href=\"https:\/\/www.google.com\/maps\/dir\/''\/''\/@49.1975316,8.7837054,12z\/data=!3m1!4b1!4m8!4m7!1m0!1m5!1m1!1s0x4797907d5e3ea423:0x9f29b32556e9861b!2m2!1d8.853745!2d49.1975528\" rel=\"noopener\" target=\"_blank\">[google maps]<\/a><\/p>\n<p><strong>\u00d6ffnungszeiten:<\/strong><br \/>\nAltersgemischte Regelgruppe (ab zwei Jahren bis zum Schuleintritt):<br \/>\nMontag bis Freitag: 08:00 \u2013 12:35 Uhr und Montag bis Donnerstag: 14:00 \u2013 16:00 Uhr<\/p>\n<p>Altersgemischte Gruppe mit verl\u00e4ngerter \u00d6ffnungszeit (ab zwei Jahren bis zum Schuleintritt):<br \/>\nMontag bis Freitag: 07:30 &#8211; 14:00 Uhr.<\/p>\n<p>Es besteht au\u00dferdem die M\u00f6glichkeit einer Ganztagesbetreuung:<br \/>\nMontag bis Donnerstag: 07:30 &#8211; 16:00 Uhr<br \/>\nFreitag: 07:30 &#8211; 14:00 Uhr<\/p>\n<p><\/p>\n<p><!-- default-view.php -->\n<div\n\tclass=\"ngg-galleryoverview default-view\n\t ngg-ajax-pagination-none\t\"\n\tid=\"ngg-gallery-88277e3dfad9d56ad7b8f333b9681683-1\"\n\tdata-nextgen-gallery-id=\"11\"\n\tdata-gallery-id=\"11\"\n\t\tdata-gallery-name=\"Kiga Hilsbach\"\n\t>\n\n\t\t<!-- Thumbnails -->\n\t\t\t\t<div id=\"ngg-image-0\" class=\"ngg-gallery-thumbnail-box\n\t\t\t\t\t\t\t\t\t\t\t\"\n\t\t\t>\n\t\t\t\t\t\t<div class=\"ngg-gallery-thumbnail\">\n\t\t<a href=\"https:\/\/kirche-hilsbach-weiler.de\/hw\/wp-content\/gallery\/kiga-hilsbach\/Kiga_Hilsbach1.JPG?t=1563821828\"\n\t\t\ttitle=\"\"\n\t\t\tdata-src=\"https:\/\/kirche-hilsbach-weiler.de\/hw\/wp-content\/gallery\/kiga-hilsbach\/Kiga_Hilsbach1.JPG?t=1563821828\"\n\t\t\tdata-thumbnail=\"https:\/\/kirche-hilsbach-weiler.de\/hw\/wp-content\/gallery\/kiga-hilsbach\/thumbs\/thumbs_Kiga_Hilsbach1.JPG?t=1563821828\"\n\t\t\tdata-image-id=\"146\"\n\t\t\tdata-image-name=\"Kiga_Hilsbach1.JPG\"\n\t\t\tdata-title=\"Kiga_Hilsbach1\"\n\t\t\tdata-description=\"\"\n\t\t\tdata-image-slug=\"kiga_hilsbach1\"\n\t\t\t\t\t\t\t\t\t\t\t\t\t\t\t\t\t\t\t\tclass=\"ngg-fancybox\" rel=\"88277e3dfad9d56ad7b8f333b9681683\">\n\t\t\t\t\t\t\t\t<img\n\t\t\t\t\ttitle=\"Kiga_Hilsbach1\"\n\t\t\t\t\talt=\"Kiga_Hilsbach1\"\n\t\t\t\t\tsrc=\"https:\/\/kirche-hilsbach-weiler.de\/hw\/wp-content\/gallery\/kiga-hilsbach\/thumbs\/thumbs_Kiga_Hilsbach1.JPG?t=1563821828\"\n\t\t\t\t\twidth=\"180\"\n\t\t\t\t\theight=\"135\"\n\t\t\t\t\tstyle=\"max-width:100%;\"\n\t\t\t\t\/>\n\t\t\t<\/a>\n\t\t<\/div>\n\t\t\t\t\t\t\t<\/div>\n\t\t\t\n\t\t\t\t<div id=\"ngg-image-1\" class=\"ngg-gallery-thumbnail-box\n\t\t\t\t\t\t\t\t\t\t\t\"\n\t\t\t>\n\t\t\t\t\t\t<div class=\"ngg-gallery-thumbnail\">\n\t\t<a href=\"https:\/\/kirche-hilsbach-weiler.de\/hw\/wp-content\/gallery\/kiga-hilsbach\/Kiga_Hilsbach2.JPG?t=1406637517\"\n\t\t\ttitle=\" \"\n\t\t\tdata-src=\"https:\/\/kirche-hilsbach-weiler.de\/hw\/wp-content\/gallery\/kiga-hilsbach\/Kiga_Hilsbach2.JPG?t=1406637517\"\n\t\t\tdata-thumbnail=\"https:\/\/kirche-hilsbach-weiler.de\/hw\/wp-content\/gallery\/kiga-hilsbach\/thumbs\/thumbs_Kiga_Hilsbach2.JPG?t=1406637517\"\n\t\t\tdata-image-id=\"147\"\n\t\t\tdata-image-name=\"Kiga_Hilsbach2.JPG\"\n\t\t\tdata-title=\"Kiga_Hilsbach2\"\n\t\t\tdata-description=\" \"\n\t\t\tdata-image-slug=\"kiga_hilsbach2\"\n\t\t\t\t\t\t\t\t\t\t\t\t\t\t\t\t\t\t\t\tclass=\"ngg-fancybox\" rel=\"88277e3dfad9d56ad7b8f333b9681683\">\n\t\t\t\t\t\t\t\t<img\n\t\t\t\t\ttitle=\"Kiga_Hilsbach2\"\n\t\t\t\t\talt=\"Kiga_Hilsbach2\"\n\t\t\t\t\tsrc=\"https:\/\/kirche-hilsbach-weiler.de\/hw\/wp-content\/gallery\/kiga-hilsbach\/thumbs\/thumbs_Kiga_Hilsbach2.JPG?t=1406637517\"\n\t\t\t\t\twidth=\"180\"\n\t\t\t\t\theight=\"135\"\n\t\t\t\t\tstyle=\"max-width:100%;\"\n\t\t\t\t\/>\n\t\t\t<\/a>\n\t\t<\/div>\n\t\t\t\t\t\t\t<\/div>\n\t\t\t\n\t\t\t\t<div id=\"ngg-image-2\" class=\"ngg-gallery-thumbnail-box\n\t\t\t\t\t\t\t\t\t\t\t\"\n\t\t\t>\n\t\t\t\t\t\t<div class=\"ngg-gallery-thumbnail\">\n\t\t<a href=\"https:\/\/kirche-hilsbach-weiler.de\/hw\/wp-content\/gallery\/kiga-hilsbach\/Kiga_Hilsbach3.JPG?t=1406637528\"\n\t\t\ttitle=\" \"\n\t\t\tdata-src=\"https:\/\/kirche-hilsbach-weiler.de\/hw\/wp-content\/gallery\/kiga-hilsbach\/Kiga_Hilsbach3.JPG?t=1406637528\"\n\t\t\tdata-thumbnail=\"https:\/\/kirche-hilsbach-weiler.de\/hw\/wp-content\/gallery\/kiga-hilsbach\/thumbs\/thumbs_Kiga_Hilsbach3.JPG?t=1406637528\"\n\t\t\tdata-image-id=\"148\"\n\t\t\tdata-image-name=\"Kiga_Hilsbach3.JPG\"\n\t\t\tdata-title=\"Kiga_Hilsbach3\"\n\t\t\tdata-description=\" \"\n\t\t\tdata-image-slug=\"kiga_hilsbach3\"\n\t\t\t\t\t\t\t\t\t\t\t\t\t\t\t\t\t\t\t\tclass=\"ngg-fancybox\" rel=\"88277e3dfad9d56ad7b8f333b9681683\">\n\t\t\t\t\t\t\t\t<img\n\t\t\t\t\ttitle=\"Kiga_Hilsbach3\"\n\t\t\t\t\talt=\"Kiga_Hilsbach3\"\n\t\t\t\t\tsrc=\"https:\/\/kirche-hilsbach-weiler.de\/hw\/wp-content\/gallery\/kiga-hilsbach\/thumbs\/thumbs_Kiga_Hilsbach3.JPG?t=1406637528\"\n\t\t\t\t\twidth=\"180\"\n\t\t\t\t\theight=\"135\"\n\t\t\t\t\tstyle=\"max-width:100%;\"\n\t\t\t\t\/>\n\t\t\t<\/a>\n\t\t<\/div>\n\t\t\t\t\t\t\t<\/div>\n\t\t\t\n\t\n\t<br style=\"clear: both\" \/>\n\n\t\n\t\t<!-- Pagination -->\n\t\t<div class='ngg-clear'><\/div>\t<\/div>\n<\/p>\n<p>&nbsp;<\/p>\n","protected":false},"excerpt":{"rendered":"<p>Evangelischer Kindergarten Hilsbach Leitung: Katrin Butschbacher-Schmitt Tel: 07260-426 Mail:\u00a0&#x6b;&#x69;&#x67;&#x61;&#x2d;&#x68;&#x69;&#x6c;&#x73;&#x62;&#x61;&#x63;&#x68;&#x40;&#x6b;&#x69;&#x72;&#x63;&#x68;&#x65;&#x2d;&#x68;&#105;&#108;&#115;&#98;&#97;&#99;&#104;&#45;&#119;&#101;&#105;&#108;&#101;&#114;&#46;de Adresse: Brennh\u00fcttenstr. 12a 74889 Sinsheim-Hilsbach [google maps] \u00d6ffnungszeiten: Altersgemischte Regelgruppe (ab zwei Jahren bis zum Schuleintritt): Montag bis Freitag: 08:00 \u2013 12:35 Uhr und Montag bis Donnerstag: 14:00 \u2013 16:00 Uhr Altersgemischte Gruppe mit verl\u00e4ngerter \u00d6ffnungszeit (ab zwei Jahren bis zum Schuleintritt): Montag bis Freitag: 07:30 &#8230; <span class=\"more\"><a class=\"more-link\" href=\"https:\/\/kirche-hilsbach-weiler.de\/hw\/?page_id=2147\">[Weiter&#8230;]<\/a><\/span><\/p>\n","protected":false},"author":6,"featured_media":0,"parent":25,"menu_order":0,"comment_status":"closed","ping_status":"closed","template":"","meta":{"ngg_post_thumbnail":0,"footnotes":""},"class_list":["entry","page","publish","author-ekhwadmin","post-2147"],"jetpack_shortlink":"https:\/\/wp.me\/P4vBdR-yD","jetpack_likes_enabled":false,"jetpack-related-posts":[{"id":2151,"url":"https:\/\/kirche-hilsbach-weiler.de\/hw\/?page_id=2151","url_meta":{"origin":2147,"position":0},"title":"Kindergarten Weiler","author":"Administrator","date":"31. M\u00e4rz 2014","format":false,"excerpt":"Evangelischer Kindergarten \"G\u00e4nsebl\u00fcmchen\" Weiler Leitung: Simone Dolch Tel.: 07261-3477 Mail:\u00a0kiga-weiler@kirche-hilsbach-weiler.de Adresse: Burggrafenstr. 12 74889 Sinsheim-Weiler [google maps] \u00d6ffnungszeiten: Gruppe mit verl\u00e4ngerter \u00d6ffnungszeit (zwei Jahre bis zum Schuleintritt): Montag bis Freitag: 07:15 \u2013 13:45 Uhr Gruppe mit Ganztagesbetreuung und verl\u00e4ngerter \u00d6ffnungszeit (zwei Jahre bis zum Schuleintritt): Montag bis Mittwoch: 07:15 -\u2026","rel":"","context":"\u00c4hnlicher Beitrag","block_context":{"text":"\u00c4hnlicher Beitrag","link":""},"img":{"alt_text":"","src":"","width":0,"height":0},"classes":[]},{"id":2790,"url":"https:\/\/kirche-hilsbach-weiler.de\/hw\/?page_id=2790","url_meta":{"origin":2147,"position":1},"title":"Termine","author":"Carsten Glaser","date":"27. Juli 2014","format":false,"excerpt":"","rel":"","context":"\u00c4hnlicher Beitrag","block_context":{"text":"\u00c4hnlicher Beitrag","link":""},"img":{"alt_text":"","src":"","width":0,"height":0},"classes":[]},{"id":5991,"url":"https:\/\/kirche-hilsbach-weiler.de\/hw\/?page_id=5991","url_meta":{"origin":2147,"position":2},"title":"Kirchenchor Hilsbach","author":"Administrator","date":"18. November 2017","format":false,"excerpt":"Sie singen gerne? Und sie m\u00f6gen Kirchenmusik aus allen Epochen \u2013 klassisch bis modern?\u00a0Sie m\u00f6gen es, wenn ein Gottesdienst durch Chormusik bereichert wird? Dann sind Sie bei uns richtig \u2013 im evangelischen Kirchenchor Hilsbach.\u00a0Wir sind ein kleiner Chor mit 24 S\u00e4ngerinnen und S\u00e4ngern \u2013 jungen bis alten.\u00a0Unsere junge Dirigentin, Sabrina\u2026","rel":"","context":"\u00c4hnlicher Beitrag","block_context":{"text":"\u00c4hnlicher Beitrag","link":""},"img":{"alt_text":"","src":"https:\/\/i0.wp.com\/kirche-hilsbach-weiler.de\/hw\/wp-content\/uploads\/2017\/11\/KirchenchorHilsbach-e1511030468365.jpeg?fit=350%2C235&ssl=1&resize=350%2C200","width":350,"height":200},"classes":[]},{"id":6000,"url":"https:\/\/kirche-hilsbach-weiler.de\/hw\/?page_id=6000","url_meta":{"origin":2147,"position":3},"title":"Posaunenchor","author":"Administrator","date":"18. November 2017","format":false,"excerpt":"\"Posaunench\u00f6re sind reine Blechbl\u00e4sergruppen, deren wesentliche Aufgabe es ist, Gottesdienste mitzugestalten und auch sonst im Freien zur Ehre Gottes zu spielen\", hie\u00df es im Aufruf zur Gr\u00fcnderversammlung, die am Mittwoch, 09.12.1981 erfolgte. Die Anregung ging von Pfarrer Adalbert Glaser aus. Zur Gr\u00fcndungsversammlung kamen in Weiler unterm Kindergarten 23 Interessierte zusammen.\u2026","rel":"","context":"\u00c4hnlicher Beitrag","block_context":{"text":"\u00c4hnlicher Beitrag","link":""},"img":{"alt_text":"","src":"https:\/\/i0.wp.com\/kirche-hilsbach-weiler.de\/hw\/wp-content\/uploads\/2017\/12\/Posaunenchor.jpg?fit=1200%2C408&ssl=1&resize=350%2C200","width":350,"height":200,"srcset":"https:\/\/i0.wp.com\/kirche-hilsbach-weiler.de\/hw\/wp-content\/uploads\/2017\/12\/Posaunenchor.jpg?fit=1200%2C408&ssl=1&resize=350%2C200 1x, https:\/\/i0.wp.com\/kirche-hilsbach-weiler.de\/hw\/wp-content\/uploads\/2017\/12\/Posaunenchor.jpg?fit=1200%2C408&ssl=1&resize=525%2C300 1.5x, https:\/\/i0.wp.com\/kirche-hilsbach-weiler.de\/hw\/wp-content\/uploads\/2017\/12\/Posaunenchor.jpg?fit=1200%2C408&ssl=1&resize=700%2C400 2x, https:\/\/i0.wp.com\/kirche-hilsbach-weiler.de\/hw\/wp-content\/uploads\/2017\/12\/Posaunenchor.jpg?fit=1200%2C408&ssl=1&resize=1050%2C600 3x"},"classes":[]},{"id":5994,"url":"https:\/\/kirche-hilsbach-weiler.de\/hw\/?page_id=5994","url_meta":{"origin":2147,"position":4},"title":"Jungschar","author":"Administrator","date":"18. November 2017","format":false,"excerpt":"Mit anderen Kindern spielen, Geschichten aus der Bibel h\u00f6ren, gemeinsam Lieder singen und Spa\u00df haben. Das klingt doch gut! Hast Du Lust, dabei zu sein? Dann bist Du in der Jungschar herzlich willkommen! F\u00fcr Kinder im Alter von 6 bis 13 Jahren findet derzeit freitags (au\u00dfer an Feiertagen und Ferien)\u2026","rel":"","context":"\u00c4hnlicher Beitrag","block_context":{"text":"\u00c4hnlicher Beitrag","link":""},"img":{"alt_text":"","src":"","width":0,"height":0},"classes":[]},{"id":5979,"url":"https:\/\/kirche-hilsbach-weiler.de\/hw\/?page_id=5979","url_meta":{"origin":2147,"position":5},"title":"Teentreff","author":"Administrator","date":"18. November 2017","format":false,"excerpt":"Essen, Spielen und Spa\u00df haben. Reden \u00fcber GOTT und die WELT. F\u00fcr alle Teenager von 13 bis 16 Jahren aus Hilsbach & Weiler. Immer freitags von 18.30 bis 20.00 Uhr. Im Ev. Gemeindehaus HilsbachWeiler. Was konkret gemacht wird, kannst DU mitbestimmen. Infos gibt's bei Ann-Kathrin Wei\u00df: E-Mail: teentreff@kirche-hilsbach-weiler.de","rel":"","context":"\u00c4hnlicher Beitrag","block_context":{"text":"\u00c4hnlicher Beitrag","link":""},"img":{"alt_text":"Teentreff","src":"https:\/\/i0.wp.com\/kirche-hilsbach-weiler.de\/hw\/wp-content\/uploads\/2017\/11\/Teentreff2-0-e1511465072978.jpg?fit=696%2C358&ssl=1&resize=350%2C200","width":350,"height":200,"srcset":"https:\/\/i0.wp.com\/kirche-hilsbach-weiler.de\/hw\/wp-content\/uploads\/2017\/11\/Teentreff2-0-e1511465072978.jpg?fit=696%2C358&ssl=1&resize=350%2C200 1x, https:\/\/i0.wp.com\/kirche-hilsbach-weiler.de\/hw\/wp-content\/uploads\/2017\/11\/Teentreff2-0-e1511465072978.jpg?fit=696%2C358&ssl=1&resize=525%2C300 1.5x"},"classes":[]}],"jetpack_sharing_enabled":true,"_links":{"self":[{"href":"https:\/\/kirche-hilsbach-weiler.de\/hw\/index.php?rest_route=\/wp\/v2\/pages\/2147","targetHints":{"allow":["GET"]}}],"collection":[{"href":"https:\/\/kirche-hilsbach-weiler.de\/hw\/index.php?rest_route=\/wp\/v2\/pages"}],"about":[{"href":"https:\/\/kirche-hilsbach-weiler.de\/hw\/index.php?rest_route=\/wp\/v2\/types\/page"}],"author":[{"embeddable":true,"href":"https:\/\/kirche-hilsbach-weiler.de\/hw\/index.php?rest_route=\/wp\/v2\/users\/6"}],"replies":[{"embeddable":true,"href":"https:\/\/kirche-hilsbach-weiler.de\/hw\/index.php?rest_route=%2Fwp%2Fv2%2Fcomments&post=2147"}],"version-history":[{"count":0,"href":"https:\/\/kirche-hilsbach-weiler.de\/hw\/index.php?rest_route=\/wp\/v2\/pages\/2147\/revisions"}],"up":[{"embeddable":true,"href":"https:\/\/kirche-hilsbach-weiler.de\/hw\/index.php?rest_route=\/wp\/v2\/pages\/25"}],"wp:attachment":[{"href":"https:\/\/kirche-hilsbach-weiler.de\/hw\/index.php?rest_route=%2Fwp%2Fv2%2Fmedia&parent=2147"}],"curies":[{"name":"wp","href":"https:\/\/api.w.org\/{rel}","templated":true}]}}