{"id":2191,"date":"2014-04-01T12:40:20","date_gmt":"2014-04-01T11:40:20","guid":{"rendered":"https:\/\/kirche-hilsbach-weiler.de\/hw\/?page_id=2191"},"modified":"2026-02-20T10:07:30","modified_gmt":"2026-02-20T09:07:30","slug":"impressum","status":"publish","type":"page","link":"https:\/\/kirche-hilsbach-weiler.de\/hw\/?page_id=2191","title":{"rendered":"Impressum"},"content":{"rendered":"<p><strong>Evangelische Landeskirche in Baden<\/strong><br \/>\nEvangelische Kirchengemeinde Hilsbach-Weiler<br \/>\nMarktstr. 11<br \/>\n74889 Sinsheim<\/p>\n<p>Telefon: +49 (0) 7260317<br \/>\nTelefax: +49 (0) 7260920313<br \/>\nE-Mail: &#105;&#x6e;&#102;&#x6f;&#64;&#x6b;&#105;&#x72;&#99;&#x68;&#101;&#x2d;&#104;&#x69;&#108;&#x73;&#98;&#x61;&#99;&#x68;&#45;&#x77;&#101;&#x69;&#108;&#x65;r&#x2e;d&#x65;<\/p>\n<p><strong>Vertretungsberechtigt\/vertreten durch:<\/strong><br \/>\nRalf Holzwarth<br \/>\nPfarrer Markus Printz<\/p>\n<p><strong>Rechtsform<\/strong><br \/>\nDie Evangelische Kirchengemeinde Hilsbach-Weiler ist eine K\u00f6rperschaft des \u00f6ffentlichen Rechts.<br \/>\nRechtstr\u00e4ger der Aufsichtsbeh\u00f6rde: Evangelische Landeskirche in Baden, Blumenstra\u00dfe 1 &#8211; 7, D-76133 Karlsruhe<\/p>\n<p>&#8212;&#8212;&#8212;&#8212;&#8212;&#8212;&#8212;&#8212;&#8212;&#8212;&#8212;&#8212;&#8212;&#8212;&#8212;&#8212;&#8212;&#8212;&#8212;&#8212;&#8212;&#8212;&#8212;&#8212;&#8212;&#8212;&#8212;&#8212;&#8212;&#8212;&#8212;&#8212;&#8212;&#8212;<\/p>\n<p><strong>Redaktionell verantwortlich<\/strong><\/p>\n<p>www.kirche-hilsbach-weiler.de<\/p>\n<p>Weitere Verbreitung von Inhalten der Evangelische in Social Media:<\/p>\n<p>https:\/\/www.facebook.com\/Evangelische-Kirchengemeinde-HilsbachWeiler-178807088886272<br \/>\nhttps:\/\/www.youtube.com\/@hilsbachweiler<br \/>\nhttps:\/\/x.com\/EvKiHiWei<br \/>\nhttps:\/\/kirchengemeindehilsbachweiler.communiapp.de\/<\/p>\n<p>Folgende Stellen\/Bereiche versenden einen Gemeindebrief. Verantwortlich hierf\u00fcr sind die zust\u00e4ndigen Redakteurinnen:<br \/>\nGemeindebrief: Anja Seewald, r&#101;&#100;&#x61;&#x6b;&#x74;i&#111;&#110;&#x67;&#x65;&#x6d;ei&#110;&#x64;&#x65;&#x62;ri&#101;&#102;&#x40;&#x77;&#x65;b&#46;&#100;&#x65;<\/p>\n<p><strong>Haftung f\u00fcr Inhalte<\/strong><br \/>\nAls Diensteanbieter sind wir f\u00fcr eigene Inhalte auf diesen Seiten nach den allgemeinen Gesetzen verantwortlich. Als Diensteanbieter sind wir jedoch nicht verpflichtet, \u00fcbermittelte oder gespeicherte fremde Informationen zu \u00fcberwachen oder nach Umst\u00e4nden zu forschen, die auf eine rechtswidrige T\u00e4tigkeit hinweisen.<br \/>\nVerpflichtungen zur Entfernung oder Sperrung der Nutzung von Informationen nach den allgemeinen Gesetzen bleiben hiervon unber\u00fchrt. Eine diesbez\u00fcgliche Haftung ist jedoch erst ab dem Zeitpunkt der Kenntnis einer konkreten Rechtsverletzung m\u00f6glich. Bei Bekanntwerden von entsprechenden Rechtsverletzungen werden wir diese Inhalte umgehend entfernen.<\/p>\n<p><strong>Haftung f\u00fcr Links<\/strong><br \/>\nUnser Angebot enth\u00e4lt Links zu externen Websites Dritter, auf deren Inhalte wir keinen Einfluss haben. Deshalb k\u00f6nnen wir f\u00fcr diese fremden Inhalte auch keine Gew\u00e4hr \u00fcbernehmen. F\u00fcr die Inhalte der verlinkten Seiten ist stets der jeweilige Anbieter oder Betreiber der Seiten verantwortlich. Die verlinkten Seiten wurden zum Zeitpunkt der Verlinkung auf m\u00f6gliche Rechtsverst\u00f6\u00dfe \u00fcberpr\u00fcft. Rechtswidrige Inhalte waren zum Zeitpunkt der Verlinkung nicht erkennbar.<br \/>\nEine permanente inhaltliche Kontrolle der verlinkten Seiten ist jedoch ohne konkrete Anhaltspunkte einer Rechtsverletzung nicht zumutbar. Bei Bekanntwerden von Rechtsverletzungen werden wir derartige Links umgehend entfernen.<\/p>\n<p><strong>Urheberrecht<\/strong><br \/>\nDie durch die Seitenbetreiber erstellten Inhalte und Werke auf diesen Seiten unterliegen dem deutschen Urheberrecht. Die Vervielf\u00e4ltigung, Bearbeitung, Verbreitung und jede Art der Verwertung au\u00dferhalb der Grenzen des Urheberrechtes bed\u00fcrfen der schriftlichen Zustimmung des jeweiligen Autors bzw. Erstellers. Downloads und Kopien dieser Seite sind nur f\u00fcr den privaten, nicht kommerziellen Gebrauch gestattet.<br \/>\nSoweit die Inhalte auf dieser Seite nicht vom Betreiber erstellt wurden, werden die Urheberrechte Dritter beachtet. Insbesondere werden Inhalte Dritter als solche gekennzeichnet. Sollten Sie als Seitenbesucher auf eine Urheberrechtsverletzung aufmerksam werden, bitten wir um einen entsprechenden Hinweis. Bei Bekanntwerden und Vorliegen einer Rechtsverletzung nach dem Urheberrecht werden wir derartige Inhalte umgehend entfernen.<\/p>\n<p><strong>Datenschutz<\/strong><br \/>\nDie Evangelische Kirchengemeinde Hilsbach-Weiler (\u201ewir&#8221;) nimmt den Schutz Ihrer Daten und die diesem Schutz dienenden gesetzlichen Verpflichtungen als verantwortliche Stelle im Sinne des Datenschutzrechts und Diensteanbieter im Sinne des DDGs sehr ernst.<br \/>\nPostanschriften und E-Mail-Adressen, die im Rahmen von Anfragen oder Bestellungen von Informationsmaterial angegeben werden, werden ausschlie\u00dflich f\u00fcr die Korrespondenz verwendet. Eine Weitergabe an Dritte dar\u00fcber hinaus zu kommerziellen oder nichtkommerziellen Zwecken findet nicht statt. Der Anbieter weist ausdr\u00fccklich darauf hin, dass die Daten\u00fcbertragung im Internet (z.B. bei der Kommunikation per E-Mail) Sicherheitsl\u00fccken aufweisen und nicht l\u00fcckenlos vor dem Zugriff durch Dritte gesch\u00fctzt werden<\/p>\n<p>&nbsp;<\/p>\n<p>&nbsp;<\/p>\n","protected":false},"excerpt":{"rendered":"<p>Evangelische Landeskirche in Baden Evangelische Kirchengemeinde Hilsbach-Weiler Marktstr. 11 74889 Sinsheim Telefon: +49 (0) 7260317 Telefax: +49 (0) 7260920313 E-Mail: &#x69;&#x6e;&#102;&#111;&#64;k&#x69;&#x72;&#x63;&#104;&#101;-h&#x69;&#x6c;&#x73;&#98;&#97;c&#x68;&#x2d;&#x77;&#101;&#105;&#108;e&#x72;&#x2e;&#x64;&#101; Vertretungsberechtigt\/vertreten durch: Ralf Holzwarth Pfarrer Markus Printz Rechtsform Die Evangelische Kirchengemeinde Hilsbach-Weiler ist eine K\u00f6rperschaft des \u00f6ffentlichen Rechts. Rechtstr\u00e4ger der Aufsichtsbeh\u00f6rde: Evangelische Landeskirche in Baden, Blumenstra\u00dfe 1 &#8211; 7, D-76133 Karlsruhe &#8212;&#8212;&#8212;&#8212;&#8212;&#8212;&#8212;&#8212;&#8212;&#8212;&#8212;&#8212;&#8212;&#8212;&#8212;&#8212;&#8212;&#8212;&#8212;&#8212;&#8212;&#8212;&#8212;&#8212;&#8212;&#8212;&#8212;&#8212;&#8212;&#8212;&#8212;&#8212;&#8212;&#8212; Redaktionell verantwortlich &#8230; <span class=\"more\"><a class=\"more-link\" href=\"https:\/\/kirche-hilsbach-weiler.de\/hw\/?page_id=2191\">[Weiter&#8230;]<\/a><\/span><\/p>\n","protected":false},"author":6,"featured_media":0,"parent":0,"menu_order":0,"comment_status":"closed","ping_status":"closed","template":"","meta":{"ngg_post_thumbnail":0,"footnotes":""},"class_list":["entry","page","publish","author-ekhwadmin","post-2191"],"jetpack_shortlink":"https:\/\/wp.me\/P4vBdR-zl","jetpack_likes_enabled":false,"jetpack-related-posts":[{"id":6060,"url":"https:\/\/kirche-hilsbach-weiler.de\/hw\/","url_meta":{"origin":2191,"position":0},"title":"Herzlich willkommen","author":"Administrator","date":"18. November 2017","format":false,"excerpt":"Sch\u00f6n, dass Sie da sind! Die evangelische Kirchengemeinde HilsbachWeiler geh\u00f6rt zum evangelischen Kirchenbezirk Kraichgau in der evangelischen Landeskirche in Baden (ekiba). Im h\u00fcgeligen Kraichgau liegen die beiden Sinsheimer Ortsteile Hilsbach (ca. 2200 Einwohner, davon ca. 700 Evangelische) und Weiler (ca. 2000 Einwohner, davon ca. 750 Evangelische). Unser Profil: Wir sind\u2026","rel":"","context":"\u00c4hnlicher Beitrag","block_context":{"text":"\u00c4hnlicher Beitrag","link":""},"img":{"alt_text":"","src":"","width":0,"height":0},"classes":[]},{"id":5976,"url":"https:\/\/kirche-hilsbach-weiler.de\/hw\/?page_id=5976","url_meta":{"origin":2191,"position":1},"title":"Bibelgespr\u00e4chskreis","author":"Administrator","date":"18. November 2017","format":false,"excerpt":"Die Bibel ist f\u00fcr uns Gottes Wort an die Menschen, eine Einladung zu einem Leben mit Gott, der Treffpunkt zwischen Gott und Mensch. Darum treffen wir uns mit Gott im Bibelgespr\u00e4chskreis, und zwar am Dienstag Abend, normalerweise 2mal im Monat um 19.30 Uhr. Unser Treffpunkt ist das evangelische Gemeindehaus HilsbachWeiler\u2026","rel":"","context":"\u00c4hnlicher Beitrag","block_context":{"text":"\u00c4hnlicher Beitrag","link":""},"img":{"alt_text":"","src":"","width":0,"height":0},"classes":[]},{"id":6000,"url":"https:\/\/kirche-hilsbach-weiler.de\/hw\/?page_id=6000","url_meta":{"origin":2191,"position":2},"title":"Posaunenchor","author":"Administrator","date":"18. November 2017","format":false,"excerpt":"\"Posaunench\u00f6re sind reine Blechbl\u00e4sergruppen, deren wesentliche Aufgabe es ist, Gottesdienste mitzugestalten und auch sonst im Freien zur Ehre Gottes zu spielen\", hie\u00df es im Aufruf zur Gr\u00fcnderversammlung, die am Mittwoch, 09.12.1981 erfolgte. Die Anregung ging von Pfarrer Adalbert Glaser aus. Zur Gr\u00fcndungsversammlung kamen in Weiler unterm Kindergarten 23 Interessierte zusammen.\u2026","rel":"","context":"\u00c4hnlicher Beitrag","block_context":{"text":"\u00c4hnlicher Beitrag","link":""},"img":{"alt_text":"","src":"https:\/\/i0.wp.com\/kirche-hilsbach-weiler.de\/hw\/wp-content\/uploads\/2017\/12\/Posaunenchor.jpg?fit=1200%2C408&ssl=1&resize=350%2C200","width":350,"height":200,"srcset":"https:\/\/i0.wp.com\/kirche-hilsbach-weiler.de\/hw\/wp-content\/uploads\/2017\/12\/Posaunenchor.jpg?fit=1200%2C408&ssl=1&resize=350%2C200 1x, https:\/\/i0.wp.com\/kirche-hilsbach-weiler.de\/hw\/wp-content\/uploads\/2017\/12\/Posaunenchor.jpg?fit=1200%2C408&ssl=1&resize=525%2C300 1.5x, https:\/\/i0.wp.com\/kirche-hilsbach-weiler.de\/hw\/wp-content\/uploads\/2017\/12\/Posaunenchor.jpg?fit=1200%2C408&ssl=1&resize=700%2C400 2x, https:\/\/i0.wp.com\/kirche-hilsbach-weiler.de\/hw\/wp-content\/uploads\/2017\/12\/Posaunenchor.jpg?fit=1200%2C408&ssl=1&resize=1050%2C600 3x"},"classes":[]},{"id":5988,"url":"https:\/\/kirche-hilsbach-weiler.de\/hw\/?page_id=5988","url_meta":{"origin":2191,"position":3},"title":"Kirchenchor Weiler","author":"Administrator","date":"18. November 2017","format":false,"excerpt":"Der Evangelische Kirchenchor Weiler konnte im Jahr 2010 sein 125-j\u00e4hriges Bestehen feiern. Mit gro\u00dfer Freude singt er in den Gemeindegottesdiensten zum Lobe Gottes. Immer am Sonntag \u201eKantate \u2013 Singet dem Herrn\u201c gestaltet der Kirchenchor einen besonderen kirchenmusikalischen Gottesdienst, in dem meist gr\u00f6\u00dfere Werke \u2013 auch mit Instrumentalisten - aufgef\u00fchrt werden.\u2026","rel":"","context":"\u00c4hnlicher Beitrag","block_context":{"text":"\u00c4hnlicher Beitrag","link":""},"img":{"alt_text":"","src":"","width":0,"height":0},"classes":[]},{"id":25,"url":"https:\/\/kirche-hilsbach-weiler.de\/hw\/?page_id=25","url_meta":{"origin":2191,"position":4},"title":"Infos","author":"Administrator","date":"29. Juni 2012","format":false,"excerpt":"","rel":"","context":"\u00c4hnlicher Beitrag","block_context":{"text":"\u00c4hnlicher Beitrag","link":""},"img":{"alt_text":"","src":"https:\/\/i0.wp.com\/kirche-hilsbach-weiler.de\/hw\/wp-content\/uploads\/2020\/04\/KirchenHilsbachWeiler-17-scaled.jpg?resize=350%2C200&ssl=1","width":350,"height":200,"srcset":"https:\/\/i0.wp.com\/kirche-hilsbach-weiler.de\/hw\/wp-content\/uploads\/2020\/04\/KirchenHilsbachWeiler-17-scaled.jpg?resize=350%2C200&ssl=1 1x, https:\/\/i0.wp.com\/kirche-hilsbach-weiler.de\/hw\/wp-content\/uploads\/2020\/04\/KirchenHilsbachWeiler-17-scaled.jpg?resize=525%2C300&ssl=1 1.5x, https:\/\/i0.wp.com\/kirche-hilsbach-weiler.de\/hw\/wp-content\/uploads\/2020\/04\/KirchenHilsbachWeiler-17-scaled.jpg?resize=700%2C400&ssl=1 2x, https:\/\/i0.wp.com\/kirche-hilsbach-weiler.de\/hw\/wp-content\/uploads\/2020\/04\/KirchenHilsbachWeiler-17-scaled.jpg?resize=1050%2C600&ssl=1 3x, https:\/\/i0.wp.com\/kirche-hilsbach-weiler.de\/hw\/wp-content\/uploads\/2020\/04\/KirchenHilsbachWeiler-17-scaled.jpg?resize=1400%2C800&ssl=1 4x"},"classes":[]},{"id":6516,"url":"https:\/\/kirche-hilsbach-weiler.de\/hw\/?page_id=6516","url_meta":{"origin":2191,"position":5},"title":"Jugendkreis","author":"Carsten Glaser","date":"4. Februar 2018","format":false,"excerpt":"Warum lebe ich? Gibt es ein Leben nach dem Tod? Was denkt Gott \u00fcber mich? Und wie ist Gott \u00fcberhaupt? Fragen \u00fcber Fragen! Vielleicht hast Du Dir diese oder \u00e4hnliche Fragen schon einmal gestellt oder Du findest sie interessant. Wenn das der Fall ist, hast Du die M\u00f6glichkeit auf einige\u2026","rel":"","context":"\u00c4hnlicher Beitrag","block_context":{"text":"\u00c4hnlicher Beitrag","link":""},"img":{"alt_text":"","src":"https:\/\/i0.wp.com\/kirche-hilsbach-weiler.de\/hw\/wp-content\/uploads\/2018\/02\/Glaubenskurs.png?fit=640%2C263&ssl=1&resize=350%2C200","width":350,"height":200,"srcset":"https:\/\/i0.wp.com\/kirche-hilsbach-weiler.de\/hw\/wp-content\/uploads\/2018\/02\/Glaubenskurs.png?fit=640%2C263&ssl=1&resize=350%2C200 1x, https:\/\/i0.wp.com\/kirche-hilsbach-weiler.de\/hw\/wp-content\/uploads\/2018\/02\/Glaubenskurs.png?fit=640%2C263&ssl=1&resize=525%2C300 1.5x"},"classes":[]}],"jetpack_sharing_enabled":true,"_links":{"self":[{"href":"https:\/\/kirche-hilsbach-weiler.de\/hw\/index.php?rest_route=\/wp\/v2\/pages\/2191","targetHints":{"allow":["GET"]}}],"collection":[{"href":"https:\/\/kirche-hilsbach-weiler.de\/hw\/index.php?rest_route=\/wp\/v2\/pages"}],"about":[{"href":"https:\/\/kirche-hilsbach-weiler.de\/hw\/index.php?rest_route=\/wp\/v2\/types\/page"}],"author":[{"embeddable":true,"href":"https:\/\/kirche-hilsbach-weiler.de\/hw\/index.php?rest_route=\/wp\/v2\/users\/6"}],"replies":[{"embeddable":true,"href":"https:\/\/kirche-hilsbach-weiler.de\/hw\/index.php?rest_route=%2Fwp%2Fv2%2Fcomments&post=2191"}],"version-history":[{"count":3,"href":"https:\/\/kirche-hilsbach-weiler.de\/hw\/index.php?rest_route=\/wp\/v2\/pages\/2191\/revisions"}],"predecessor-version":[{"id":11808,"href":"https:\/\/kirche-hilsbach-weiler.de\/hw\/index.php?rest_route=\/wp\/v2\/pages\/2191\/revisions\/11808"}],"wp:attachment":[{"href":"https:\/\/kirche-hilsbach-weiler.de\/hw\/index.php?rest_route=%2Fwp%2Fv2%2Fmedia&parent=2191"}],"curies":[{"name":"wp","href":"https:\/\/api.w.org\/{rel}","templated":true}]}}