{"id":26,"date":"2012-06-29T21:20:11","date_gmt":"2012-06-29T19:20:11","guid":{"rendered":"http:\/\/churchope.themoholics.com\/?page_id=22"},"modified":"2021-07-15T20:20:38","modified_gmt":"2021-07-15T18:20:38","slug":"contacts","status":"publish","type":"page","link":"https:\/\/kirche-hilsbach-weiler.de\/hw\/?page_id=26","title":{"rendered":"Kontakt"},"content":{"rendered":"<div class=\"su-accordion su-u-trim\">\n<div class=\"su-spoiler su-spoiler-style-fancy su-spoiler-icon-circle\" data-anchor=\"Maps\" data-scroll-offset=\"0\" data-anchor-in-url=\"no\"><div class=\"su-spoiler-title\" tabindex=\"0\" role=\"button\"><span class=\"su-spoiler-icon\"><\/span>Hier finden Sie uns<\/div><div class=\"su-spoiler-content su-u-clearfix su-u-trim\">\n<strong>Ev. Michaelskirche Hilsbach<\/strong><br \/>\nLampertsgasse 3<br \/>\n74889 Sinsheim-Hilsbach<br \/>\n<a href=\"https:\/\/i0.wp.com\/kirche-hilsbach-weiler.de\/hw\/wp-content\/uploads\/2019\/06\/001.jpg?ssl=1\" data-src=\"https:\/\/kirche-hilsbach-weiler.de\/hw\/wp-content\/uploads\/2019\/06\/001.jpg\" data-thumb=\"https:\/\/kirche-hilsbach-weiler.de\/hw\/wp-content\/uploads\/2019\/06\/001-300x200.jpg\" class=\"ml-lightbox-enabled\"><img data-recalc-dims=\"1\" loading=\"lazy\" decoding=\"async\" data-attachment-id=\"7392\" data-permalink=\"https:\/\/kirche-hilsbach-weiler.de\/hw\/?attachment_id=7392\" data-orig-file=\"https:\/\/i0.wp.com\/kirche-hilsbach-weiler.de\/hw\/wp-content\/uploads\/2019\/06\/001-e1560501669359.jpg?fit=1000%2C668&amp;ssl=1\" data-orig-size=\"1000,668\" data-comments-opened=\"0\" data-image-meta=\"{&quot;aperture&quot;:&quot;4&quot;,&quot;credit&quot;:&quot;&quot;,&quot;camera&quot;:&quot;DMC-FZ150&quot;,&quot;caption&quot;:&quot;&quot;,&quot;created_timestamp&quot;:&quot;1407089343&quot;,&quot;copyright&quot;:&quot;&quot;,&quot;focal_length&quot;:&quot;29.5&quot;,&quot;iso&quot;:&quot;100&quot;,&quot;shutter_speed&quot;:&quot;0.001&quot;,&quot;title&quot;:&quot;&quot;,&quot;orientation&quot;:&quot;1&quot;}\" data-image-title=\"001\" data-image-description=\"\" data-image-caption=\"\" data-large-file=\"https:\/\/i0.wp.com\/kirche-hilsbach-weiler.de\/hw\/wp-content\/uploads\/2019\/06\/001-e1560501669359.jpg?fit=700%2C468&amp;ssl=1\" class=\"size-medium wp-image-7392 alignnone\" src=\"https:\/\/i0.wp.com\/kirche-hilsbach-weiler.de\/hw\/wp-content\/uploads\/2019\/06\/001.jpg?resize=300%2C200&#038;ssl=1\" alt=\"\" width=\"300\" height=\"200\"><\/a><\/p>\n<p><a href=\"https:\/\/www.google.de\/maps\/dir\/\/Lampertsgasse+3,+74889+Sinsheim\/@49.194898,8.8577,18.75z\/data=!4m16!1m7!3m6!1s0x4797907c714cc7c5:0x6977ee118272da24!2sLampertsgasse+3,+74889+Sinsheim!3b1!8m2!3d49.19493!4d8.85869!4m7!1m0!1m5!1m1!1s0x4797907c714cc7c5:0x6977ee118272da24!2m2!1d8.85869!2d49.19493\" target=\"_blank\" rel=\"noopener noreferrer\">[google maps]<\/a><\/p>\n<hr>\n<p><strong>Ev. Kirche Weiler<\/strong><br \/>\nSchafgasse 1<br \/>\n74889 Sinsheim-Weiler<br \/>\n<a href=\"https:\/\/i0.wp.com\/kirche-hilsbach-weiler.de\/hw\/wp-content\/uploads\/2019\/06\/Weiler-001-2.jpg?ssl=1\" data-src=\"https:\/\/kirche-hilsbach-weiler.de\/hw\/wp-content\/uploads\/2019\/06\/Weiler-001-2.jpg\" data-thumb=\"https:\/\/kirche-hilsbach-weiler.de\/hw\/wp-content\/uploads\/2019\/06\/Weiler-001-2-217x300.jpg\" class=\"ml-lightbox-enabled\"><img data-recalc-dims=\"1\" loading=\"lazy\" decoding=\"async\" data-attachment-id=\"7397\" data-permalink=\"https:\/\/kirche-hilsbach-weiler.de\/hw\/?attachment_id=7397\" data-orig-file=\"https:\/\/i0.wp.com\/kirche-hilsbach-weiler.de\/hw\/wp-content\/uploads\/2019\/06\/Weiler-001-2-e1560501702520.jpg?fit=1000%2C1385&amp;ssl=1\" data-orig-size=\"1000,1385\" data-comments-opened=\"0\" data-image-meta=\"{&quot;aperture&quot;:&quot;2.64&quot;,&quot;credit&quot;:&quot;Carsten Glaser&quot;,&quot;camera&quot;:&quot;GT-M8910&quot;,&quot;caption&quot;:&quot;SAMSUNG&quot;,&quot;created_timestamp&quot;:&quot;1281370979&quot;,&quot;copyright&quot;:&quot;&quot;,&quot;focal_length&quot;:&quot;4.6&quot;,&quot;iso&quot;:&quot;50&quot;,&quot;shutter_speed&quot;:&quot;0.000729927007299&quot;,&quot;title&quot;:&quot;SAMSUNG&quot;,&quot;orientation&quot;:&quot;1&quot;}\" data-image-title=\"SAMSUNG\" data-image-description=\"\" data-image-caption=\"&lt;p&gt;SAMSUNG&lt;\/p&gt;\n\" data-large-file=\"https:\/\/i0.wp.com\/kirche-hilsbach-weiler.de\/hw\/wp-content\/uploads\/2019\/06\/Weiler-001-2-e1560501702520.jpg?fit=700%2C970&amp;ssl=1\" class=\"size-medium wp-image-7397\" src=\"https:\/\/i0.wp.com\/kirche-hilsbach-weiler.de\/hw\/wp-content\/uploads\/2019\/06\/Weiler-001-2.jpg?resize=217%2C300&#038;ssl=1\" alt=\"\" width=\"217\" height=\"300\"><\/a><\/p>\n<p><a href=\"https:\/\/www.google.de\/maps\/dir\/''\/''\/@49.2108533,8.8066142,12z\/data=!3m1!4b1!4m8!4m7!1m0!1m5!1m1!1s0x47979043ddd571cd:0xbb68843e80e4f205!2m2!1d8.8766538!2d49.2108745\" target=\"_blank\" rel=\"noopener noreferrer\">[google maps]<\/a><\/p>\n<hr>\n<p><strong>Ev. Gemeindehaus HilsbachWeiler<\/strong><br \/>\nBurggrafenstra\u00dfe 12<br \/>\n74889 Sinsheim-Weiler<br \/>\n<a href=\"https:\/\/i0.wp.com\/kirche-hilsbach-weiler.de\/hw\/wp-content\/uploads\/2020\/04\/EvGemeindehausHilsbachWeiler-scaled.jpg?ssl=1\" data-src=\"https:\/\/kirche-hilsbach-weiler.de\/hw\/wp-content\/uploads\/2020\/04\/EvGemeindehausHilsbachWeiler-scaled.jpg\" data-thumb=\"https:\/\/kirche-hilsbach-weiler.de\/hw\/wp-content\/uploads\/2020\/04\/EvGemeindehausHilsbachWeiler-300x169.jpg\" class=\"ml-lightbox-enabled\"><img data-recalc-dims=\"1\" loading=\"lazy\" decoding=\"async\" data-attachment-id=\"8022\" data-permalink=\"https:\/\/kirche-hilsbach-weiler.de\/hw\/?attachment_id=8022\" data-orig-file=\"https:\/\/i0.wp.com\/kirche-hilsbach-weiler.de\/hw\/wp-content\/uploads\/2020\/04\/EvGemeindehausHilsbachWeiler-scaled.jpg?fit=2560%2C1440&amp;ssl=1\" data-orig-size=\"2560,1440\" data-comments-opened=\"0\" data-image-meta=\"{&quot;aperture&quot;:&quot;2&quot;,&quot;credit&quot;:&quot;&quot;,&quot;camera&quot;:&quot;H8324&quot;,&quot;caption&quot;:&quot;&quot;,&quot;created_timestamp&quot;:&quot;1587379172&quot;,&quot;copyright&quot;:&quot;&quot;,&quot;focal_length&quot;:&quot;4.4&quot;,&quot;iso&quot;:&quot;40&quot;,&quot;shutter_speed&quot;:&quot;0.0008&quot;,&quot;title&quot;:&quot;&quot;,&quot;orientation&quot;:&quot;1&quot;}\" data-image-title=\"EvGemeindehausHilsbachWeiler\" data-image-description=\"\" data-image-caption=\"\" data-large-file=\"https:\/\/i0.wp.com\/kirche-hilsbach-weiler.de\/hw\/wp-content\/uploads\/2020\/04\/EvGemeindehausHilsbachWeiler-scaled.jpg?fit=700%2C394&amp;ssl=1\" class=\"size-medium wp-image-8022 alignnone\" src=\"https:\/\/i0.wp.com\/kirche-hilsbach-weiler.de\/hw\/wp-content\/uploads\/2020\/04\/EvGemeindehausHilsbachWeiler.jpg?resize=300%2C169&#038;ssl=1\" alt=\"\" width=\"300\" height=\"169\" srcset=\"https:\/\/i0.wp.com\/kirche-hilsbach-weiler.de\/hw\/wp-content\/uploads\/2020\/04\/EvGemeindehausHilsbachWeiler-scaled.jpg?resize=300%2C169&amp;ssl=1 300w, https:\/\/i0.wp.com\/kirche-hilsbach-weiler.de\/hw\/wp-content\/uploads\/2020\/04\/EvGemeindehausHilsbachWeiler-scaled.jpg?resize=1024%2C576&amp;ssl=1 1024w, https:\/\/i0.wp.com\/kirche-hilsbach-weiler.de\/hw\/wp-content\/uploads\/2020\/04\/EvGemeindehausHilsbachWeiler-scaled.jpg?resize=768%2C432&amp;ssl=1 768w, https:\/\/i0.wp.com\/kirche-hilsbach-weiler.de\/hw\/wp-content\/uploads\/2020\/04\/EvGemeindehausHilsbachWeiler-scaled.jpg?resize=1536%2C864&amp;ssl=1 1536w, https:\/\/i0.wp.com\/kirche-hilsbach-weiler.de\/hw\/wp-content\/uploads\/2020\/04\/EvGemeindehausHilsbachWeiler-scaled.jpg?resize=2048%2C1152&amp;ssl=1 2048w, https:\/\/i0.wp.com\/kirche-hilsbach-weiler.de\/hw\/wp-content\/uploads\/2020\/04\/EvGemeindehausHilsbachWeiler-scaled.jpg?w=1400&amp;ssl=1 1400w, https:\/\/i0.wp.com\/kirche-hilsbach-weiler.de\/hw\/wp-content\/uploads\/2020\/04\/EvGemeindehausHilsbachWeiler-scaled.jpg?w=2100&amp;ssl=1 2100w\" sizes=\"auto, (max-width: 300px) 100vw, 300px\" \/><\/a><br \/>\n<a href=\"https:\/\/www.google.de\/maps\/dir\/''\/Burggrafenstra%C3%9Fe+12,+74889+Sinsheim\/@49.2090865,8.8080199,12z\/data=!3m1!4b1!4m8!4m7!1m0!1m5!1m1!1s0x47979041986e617f:0x6593d352216078f6!2m2!1d8.8780595!2d49.2091077\" target=\"_blank\" rel=\"noopener noreferrer\">[google maps]<\/a><\/p>\n<hr>\n<p><strong>Ev. Pfarrhaus\/Pfarramt HilsbachWeiler<\/strong><br \/>\nMarkstra\u00dfe 11<br \/>\n74889 Sinsheim-Hilsbach<br \/>\n<a href=\"https:\/\/i0.wp.com\/kirche-hilsbach-weiler.de\/hw\/wp-content\/uploads\/2019\/06\/Pfarrhaus-Hilsbach-komprimiert.jpg?ssl=1\" data-src=\"https:\/\/kirche-hilsbach-weiler.de\/hw\/wp-content\/uploads\/2019\/06\/Pfarrhaus-Hilsbach-komprimiert.jpg\" data-thumb=\"https:\/\/kirche-hilsbach-weiler.de\/hw\/wp-content\/uploads\/2019\/06\/Pfarrhaus-Hilsbach-komprimiert-300x169.jpg\" class=\"ml-lightbox-enabled\"><img data-recalc-dims=\"1\" loading=\"lazy\" decoding=\"async\" data-attachment-id=\"7402\" data-permalink=\"https:\/\/kirche-hilsbach-weiler.de\/hw\/?attachment_id=7402\" data-orig-file=\"https:\/\/i0.wp.com\/kirche-hilsbach-weiler.de\/hw\/wp-content\/uploads\/2019\/06\/Pfarrhaus-Hilsbach-komprimiert.jpg?fit=768%2C432&amp;ssl=1\" data-orig-size=\"768,432\" data-comments-opened=\"0\" data-image-meta=\"{&quot;aperture&quot;:&quot;2&quot;,&quot;credit&quot;:&quot;&quot;,&quot;camera&quot;:&quot;D5803&quot;,&quot;caption&quot;:&quot;&quot;,&quot;created_timestamp&quot;:&quot;1497110778&quot;,&quot;copyright&quot;:&quot;&quot;,&quot;focal_length&quot;:&quot;4.6&quot;,&quot;iso&quot;:&quot;50&quot;,&quot;shutter_speed&quot;:&quot;0.00125&quot;,&quot;title&quot;:&quot;&quot;,&quot;orientation&quot;:&quot;1&quot;}\" data-image-title=\"Pfarrhaus Hilsbach &amp;#8211; komprimiert\" data-image-description=\"\" data-image-caption=\"\" data-large-file=\"https:\/\/i0.wp.com\/kirche-hilsbach-weiler.de\/hw\/wp-content\/uploads\/2019\/06\/Pfarrhaus-Hilsbach-komprimiert.jpg?fit=700%2C394&amp;ssl=1\" class=\"size-medium wp-image-7402 alignnone\" src=\"https:\/\/i0.wp.com\/kirche-hilsbach-weiler.de\/hw\/wp-content\/uploads\/2019\/06\/Pfarrhaus-Hilsbach-komprimiert.jpg?resize=300%2C169&#038;ssl=1\" alt=\"\" width=\"300\" height=\"169\" srcset=\"https:\/\/i0.wp.com\/kirche-hilsbach-weiler.de\/hw\/wp-content\/uploads\/2019\/06\/Pfarrhaus-Hilsbach-komprimiert.jpg?resize=300%2C169&amp;ssl=1 300w, https:\/\/i0.wp.com\/kirche-hilsbach-weiler.de\/hw\/wp-content\/uploads\/2019\/06\/Pfarrhaus-Hilsbach-komprimiert.jpg?w=768&amp;ssl=1 768w\" sizes=\"auto, (max-width: 300px) 100vw, 300px\" \/><\/a><br \/>\n<a href=\"https:\/\/www.google.de\/maps\/dir\/''\/''\/@49.1951688,8.7910339,12z\/data=!3m1!4b1!4m8!4m7!1m0!1m5!1m1!1s0x4797907ba38ef35f:0x5152ad656f40f30a!2m2!1d8.8610735!2d49.19519\" target=\"_blank\" rel=\"noopener noreferrer\">[google maps]<\/a><br \/>\n<\/div><\/div>\n<\/div>\n","protected":false},"excerpt":{"rendered":"","protected":false},"author":6,"featured_media":0,"parent":0,"menu_order":0,"comment_status":"closed","ping_status":"closed","template":"","meta":{"ngg_post_thumbnail":0,"footnotes":""},"class_list":["entry","page","publish","author-ekhwadmin","post-26"],"jetpack_shortlink":"https:\/\/wp.me\/P4vBdR-q","jetpack_likes_enabled":false,"jetpack-related-posts":[{"id":2151,"url":"https:\/\/kirche-hilsbach-weiler.de\/hw\/?page_id=2151","url_meta":{"origin":26,"position":0},"title":"Kindergarten Weiler","author":"Administrator","date":"31. M\u00e4rz 2014","format":false,"excerpt":"Evangelischer Kindergarten \"G\u00e4nsebl\u00fcmchen\" Weiler Leitung: Simone Dolch Tel.: 07261-3477 Mail:\u00a0kiga-weiler@kirche-hilsbach-weiler.de Adresse: Burggrafenstr. 12 74889 Sinsheim-Weiler [google maps] \u00d6ffnungszeiten: Gruppe mit verl\u00e4ngerter \u00d6ffnungszeit (zwei Jahre bis zum Schuleintritt): Montag bis Freitag: 07:15 \u2013 13:45 Uhr Gruppe mit Ganztagesbetreuung und verl\u00e4ngerter \u00d6ffnungszeit (zwei Jahre bis zum Schuleintritt): Montag bis Mittwoch: 07:15 -\u2026","rel":"","context":"\u00c4hnlicher Beitrag","block_context":{"text":"\u00c4hnlicher Beitrag","link":""},"img":{"alt_text":"","src":"","width":0,"height":0},"classes":[]},{"id":25,"url":"https:\/\/kirche-hilsbach-weiler.de\/hw\/?page_id=25","url_meta":{"origin":26,"position":1},"title":"Infos","author":"Administrator","date":"29. Juni 2012","format":false,"excerpt":"","rel":"","context":"\u00c4hnlicher Beitrag","block_context":{"text":"\u00c4hnlicher Beitrag","link":""},"img":{"alt_text":"","src":"https:\/\/i0.wp.com\/kirche-hilsbach-weiler.de\/hw\/wp-content\/uploads\/2020\/04\/KirchenHilsbachWeiler-17-scaled.jpg?resize=350%2C200&ssl=1","width":350,"height":200,"srcset":"https:\/\/i0.wp.com\/kirche-hilsbach-weiler.de\/hw\/wp-content\/uploads\/2020\/04\/KirchenHilsbachWeiler-17-scaled.jpg?resize=350%2C200&ssl=1 1x, https:\/\/i0.wp.com\/kirche-hilsbach-weiler.de\/hw\/wp-content\/uploads\/2020\/04\/KirchenHilsbachWeiler-17-scaled.jpg?resize=525%2C300&ssl=1 1.5x, https:\/\/i0.wp.com\/kirche-hilsbach-weiler.de\/hw\/wp-content\/uploads\/2020\/04\/KirchenHilsbachWeiler-17-scaled.jpg?resize=700%2C400&ssl=1 2x, https:\/\/i0.wp.com\/kirche-hilsbach-weiler.de\/hw\/wp-content\/uploads\/2020\/04\/KirchenHilsbachWeiler-17-scaled.jpg?resize=1050%2C600&ssl=1 3x, https:\/\/i0.wp.com\/kirche-hilsbach-weiler.de\/hw\/wp-content\/uploads\/2020\/04\/KirchenHilsbachWeiler-17-scaled.jpg?resize=1400%2C800&ssl=1 4x"},"classes":[]},{"id":2147,"url":"https:\/\/kirche-hilsbach-weiler.de\/hw\/?page_id=2147","url_meta":{"origin":26,"position":2},"title":"Kindergarten Hilsbach","author":"Administrator","date":"31. M\u00e4rz 2014","format":false,"excerpt":"Evangelischer Kindergarten Hilsbach Leitung: Katrin Butschbacher-Schmitt Tel: 07260-426 Mail:\u00a0kiga-hilsbach@kirche-hilsbach-weiler.de Adresse: Brennh\u00fcttenstr. 12a 74889 Sinsheim-Hilsbach [google maps] \u00d6ffnungszeiten: Altersgemischte Regelgruppe (ab zwei Jahren bis zum Schuleintritt): Montag bis Freitag: 08:00 \u2013 12:35 Uhr und Montag bis Donnerstag: 14:00 \u2013 16:00 Uhr Altersgemischte Gruppe mit verl\u00e4ngerter \u00d6ffnungszeit (ab zwei Jahren bis zum\u2026","rel":"","context":"\u00c4hnlicher Beitrag","block_context":{"text":"\u00c4hnlicher Beitrag","link":""},"img":{"alt_text":"Hilsbach_Kiga_Leitung","src":"https:\/\/i0.wp.com\/kirche-hilsbach-weiler.de\/hw\/wp-content\/uploads\/2014\/07\/Hilsbach_Kiga_Leitung-214x300.jpg?resize=350%2C200","width":350,"height":200},"classes":[]},{"id":1895,"url":"https:\/\/kirche-hilsbach-weiler.de\/hw\/?page_id=1895","url_meta":{"origin":26,"position":3},"title":"Predigten","author":"Administrator","date":"14. April 2014","format":false,"excerpt":"NACHgeDACHT \u00fcber Himmel & Erde Andachten, Predigten & mehr zum NACHschauen, NACHh\u00f6ren und NACHdenken","rel":"","context":"\u00c4hnlicher Beitrag","block_context":{"text":"\u00c4hnlicher Beitrag","link":""},"img":{"alt_text":"","src":"https:\/\/i0.wp.com\/kirche-hilsbach-weiler.de\/hw\/wp-content\/uploads\/2023\/01\/nachGEDACHT-2.jpg?fit=1200%2C675&ssl=1&resize=350%2C200","width":350,"height":200,"srcset":"https:\/\/i0.wp.com\/kirche-hilsbach-weiler.de\/hw\/wp-content\/uploads\/2023\/01\/nachGEDACHT-2.jpg?fit=1200%2C675&ssl=1&resize=350%2C200 1x, https:\/\/i0.wp.com\/kirche-hilsbach-weiler.de\/hw\/wp-content\/uploads\/2023\/01\/nachGEDACHT-2.jpg?fit=1200%2C675&ssl=1&resize=525%2C300 1.5x, https:\/\/i0.wp.com\/kirche-hilsbach-weiler.de\/hw\/wp-content\/uploads\/2023\/01\/nachGEDACHT-2.jpg?fit=1200%2C675&ssl=1&resize=700%2C400 2x, https:\/\/i0.wp.com\/kirche-hilsbach-weiler.de\/hw\/wp-content\/uploads\/2023\/01\/nachGEDACHT-2.jpg?fit=1200%2C675&ssl=1&resize=1050%2C600 3x"},"classes":[]},{"id":2191,"url":"https:\/\/kirche-hilsbach-weiler.de\/hw\/?page_id=2191","url_meta":{"origin":26,"position":4},"title":"Impressum","author":"Administrator","date":"1. April 2014","format":false,"excerpt":"Evangelische Landeskirche in Baden Evangelische Kirchengemeinde Hilsbach-Weiler Marktstr. 11 74889 Sinsheim Telefon: +49 (0) 7260317 Telefax: +49 (0) 7260920313 E-Mail: info@kirche-hilsbach-weiler.de Vertretungsberechtigt\/vertreten durch: Ralf Holzwarth Pfarrer Markus Printz Rechtsform Die Evangelische Kirchengemeinde Hilsbach-Weiler ist eine K\u00f6rperschaft des \u00f6ffentlichen Rechts. Rechtstr\u00e4ger der Aufsichtsbeh\u00f6rde: Evangelische Landeskirche in Baden, Blumenstra\u00dfe 1 - 7,\u2026","rel":"","context":"\u00c4hnlicher Beitrag","block_context":{"text":"\u00c4hnlicher Beitrag","link":""},"img":{"alt_text":"","src":"","width":0,"height":0},"classes":[]},{"id":5982,"url":"https:\/\/kirche-hilsbach-weiler.de\/hw\/?page_id=5982","url_meta":{"origin":26,"position":5},"title":"invocanto Vokalensemble","author":"Administrator","date":"18. November 2017","format":false,"excerpt":"invocanto entstand 1998 als Vokalensemble aus dem Evangelischen Kirchenchor Sinsheim-Weiler, dem es nach wie vor organisatorisch als Abteilung verbunden bleibt. Die S\u00e4ngerinnen und S\u00e4nger pflegen insbesondere Musik des 16. und 17. Jahrhunderts in kammermusikalischen Besetzungen. Insbesondere ihr Anspruch an Intonation, Textverst\u00e4ndlichkeit und frische Lebendigkeit der dargebotenen Inhalte begeistern immer wieder\u2026","rel":"","context":"\u00c4hnlicher Beitrag","block_context":{"text":"\u00c4hnlicher Beitrag","link":""},"img":{"alt_text":"","src":"","width":0,"height":0},"classes":[]}],"jetpack_sharing_enabled":true,"_links":{"self":[{"href":"https:\/\/kirche-hilsbach-weiler.de\/hw\/index.php?rest_route=\/wp\/v2\/pages\/26","targetHints":{"allow":["GET"]}}],"collection":[{"href":"https:\/\/kirche-hilsbach-weiler.de\/hw\/index.php?rest_route=\/wp\/v2\/pages"}],"about":[{"href":"https:\/\/kirche-hilsbach-weiler.de\/hw\/index.php?rest_route=\/wp\/v2\/types\/page"}],"author":[{"embeddable":true,"href":"https:\/\/kirche-hilsbach-weiler.de\/hw\/index.php?rest_route=\/wp\/v2\/users\/6"}],"replies":[{"embeddable":true,"href":"https:\/\/kirche-hilsbach-weiler.de\/hw\/index.php?rest_route=%2Fwp%2Fv2%2Fcomments&post=26"}],"version-history":[{"count":0,"href":"https:\/\/kirche-hilsbach-weiler.de\/hw\/index.php?rest_route=\/wp\/v2\/pages\/26\/revisions"}],"wp:attachment":[{"href":"https:\/\/kirche-hilsbach-weiler.de\/hw\/index.php?rest_route=%2Fwp%2Fv2%2Fmedia&parent=26"}],"curies":[{"name":"wp","href":"https:\/\/api.w.org\/{rel}","templated":true}]}}