{"id":2790,"date":"2014-07-27T22:26:48","date_gmt":"2014-07-27T20:26:48","guid":{"rendered":"https:\/\/kirche-hilsbach-weiler.de\/hw\/?page_id=2790"},"modified":"2026-02-20T10:15:57","modified_gmt":"2026-02-20T09:15:57","slug":"kalender-2","status":"publish","type":"page","link":"https:\/\/kirche-hilsbach-weiler.de\/hw\/?page_id=2790","title":{"rendered":"Termine"},"content":{"rendered":"<div class=\"su-accordion su-u-trim\">\n<div class=\"su-spoiler su-spoiler-style-fancy su-spoiler-icon-circle su-spoiler-closed\" data-anchor=\"GuV\" data-scroll-offset=\"0\" data-anchor-in-url=\"no\"><div class=\"su-spoiler-title\" tabindex=\"0\" role=\"button\"><span class=\"su-spoiler-icon\"><\/span>Aktuelle Gottesdienste und Veranstaltungen<\/div><div class=\"su-spoiler-content su-u-clearfix su-u-trim\">\n<p><strong>Herzliche Einladung zu unseren Gottesdiensten und Veranstaltungen!<\/strong><\/p>\n<div class=\"r34ics-ajax-container loading\" id=\"r69d8c5de01a7eab\" data-view=\"list\" data-view-is-list-style=\"1\" data-view-is-list-long=\"1\" data-args=\"431b96ef26e4649f94c8ed142280619dea873f64\" data-js-args=\"{&quot;debug&quot;:null}\">&nbsp;<\/div>\n<\/div><\/div>\n<div class=\"su-spoiler su-spoiler-style-fancy su-spoiler-icon-circle su-spoiler-closed\" data-anchor=\"RwT\" data-scroll-offset=\"0\" data-anchor-in-url=\"no\"><div class=\"su-spoiler-title\" tabindex=\"0\" role=\"button\"><span class=\"su-spoiler-icon\"><\/span>Regelm\u00e4\u00dfig wiederkehrende Termine<\/div><div class=\"su-spoiler-content su-u-clearfix su-u-trim\">\n<p><strong>montags<\/strong>:<br \/>\n20.00 Uhr <a href=\" https:\/\/kirche-hilsbach-weiler.de\/hw\/?page_id=6000\" rel=\"noopener noreferrer\">Posaunenchor<\/a>probe (Ev. Gemeindehaus HilsbachWeiler)<\/p>\n<p><strong>dienstags<\/strong>:<br \/>\n08.00 Uhr Gebet f\u00fcr Schulkinder (Pfarrhaus, Marktstra\u00dfe 11)<br \/>\n09.30 Uhr Krabbelgruppe Kirchenkr\u00fcmel (Ev. Gemeindehaus HilsbachWeiler)<br \/>\n19.30 Uhr <a href=\"https:\/\/kirche-hilsbach-weiler.de\/hw\/?page_id=5976\" rel=\"noopener noreferrer\">Bibelgespr\u00e4chskreis<\/a> (14-t\u00e4gig, Ev. Gemeindehaus HilsbachWeiler)<br \/>\n19.30 Uhr Stubenhocker (14-t\u00e4gig)<\/p>\n<p><strong>mittwochs<\/strong>:<br \/>\n16.30 Uhr Konfi-Kurs (Gemeindehaus Weiler\/ Pfarrhaus Hilsbach)<\/p>\n<p><strong>donnerstags<\/strong>:<br \/>\n19.00 Uhr Probe <a href=\"https:\/\/kirche-hilsbach-weiler.de\/hw\/?page_id=5988\" rel=\"noopener noreferrer\">Kirchenchor Weiler<\/a> (Ev. Gemeindehaus HilsbachWeiler)<br \/>\n19.30 Uhr <a href=\"https:\/\/kirche-hilsbach-weiler.de\/hw\/?page_id=6516\" target=\"_blank\" rel=\"noopener\">Jugendkreis<\/a> (Ev. Gemeindehaus HilsbachWeiler)<br \/>\n20.30 Uhr <a href=\"https:\/\/kirche-hilsbach-weiler.de\/hw\/?page_id=5982\" rel=\"noopener noreferrer\">invocanto<\/a>-Chorprobe (Ev. Gemeindehaus HilsbachWeiler)<br \/>\n20.30 Uhr Gemeindegebet<\/p>\n<p><strong>freitags<\/strong>:<br \/>\n15.00 Uhr <a href=\" https:\/\/kirche-hilsbach-weiler.de\/hw\/?page_id=5997\" rel=\"noopener noreferrer\">PfefferCH\u00d6Rner<\/a>-Probe Gruppe 1, 1. bis 4. Klasse (Ev. Gemeindehaus HilsbachWeiler)<br \/>\n16.00 Uhr <a href=\" https:\/\/kirche-hilsbach-weiler.de\/hw\/?page_id=5997\" rel=\"noopener noreferrer\">PfefferCH\u00d6Rner<\/a>-Probe Gruppe 2, ab 5. Klasse (Ev. Ev. Gemeindehaus HilsbachWeiler)<br \/>\n16.00 bis 17.30 Uhr <a href=\"https:\/\/kirche-hilsbach-weiler.de\/hw\/?page_id=5994\" rel=\"noopener noreferrer\">Jungschar<\/a> Gruppen 1. bis 4. Klasse (Ev. Gemeindehaus HilsbachWeiler)<br \/>\n17.30 bis 19.00 Uhr <a href=\"https:\/\/kirche-hilsbach-weiler.de\/hw\/?page_id=5994\" rel=\"noopener noreferrer\">Jungschar<\/a> Gruppe ab 5. Klasse (Ev. Gemeindehaus HilsbachWeiler)<br \/>\n18.30 Uhr <a href=\" https:\/\/kirche-hilsbach-weiler.de\/hw\/?page_id=5979\" rel=\"noopener noreferrer\">Teentreff<\/a> (Ev. Gemeindehaus HilsbachWeiler)<br \/>\n20.00 Uhr Probe <a href=\"https:\/\/kirche-hilsbach-weiler.de\/hw\/?page_id=5991\" rel=\"noopener noreferrer\">Kirchenchor<\/a> Hilsbach (Verwaltungsstelle Hilsbach)<br \/>\n20.00 Uhr <a href=\"https:\/\/kirche-hilsbach-weiler.de\/hw\/?page_id=6003\" rel=\"noopener noreferrer\">Hauskreis<\/a><\/p>\n<p><strong>samstags<\/strong>:<br \/>\n14.00 Uhr KreaKtiv-Kreis (etwa 1 x monatlich, Ev. Gemeindehaus HilsbachWeiler)<br \/>\n14.00 Uhr M\u00e4delstreff (etwa 1 x monatlich, Ev. Gemeindehaus HilsbachWeiler)<br \/>\n17.00 Uhr <a href=\"https:\/\/kirche-hilsbach-weiler.de\/hw\/?page_id=5972\" rel=\"noopener noreferrer\">SalzCH\u00d6Rner<\/a>-Probe (ca. alle 4 Wochen, Ev. Gemeindehaus HilsbachWeiler)<\/p>\n<p><strong>sonntags<\/strong>:<br \/>\nGottesdienste (<a href=\"https:\/\/kirche-hilsbach-weiler.de\/hw\/?page_id=2790#GuV\">siehe oben<\/a>)<\/p>\n<\/div><\/div>\n<\/div>\n","protected":false},"excerpt":{"rendered":"","protected":false},"author":3,"featured_media":0,"parent":0,"menu_order":0,"comment_status":"closed","ping_status":"closed","template":"","meta":{"ngg_post_thumbnail":0,"footnotes":""},"class_list":["entry","page","publish","author-cglaser","post-2790"],"jetpack_shortlink":"https:\/\/wp.me\/P4vBdR-J0","jetpack_likes_enabled":false,"jetpack-related-posts":[{"id":5976,"url":"https:\/\/kirche-hilsbach-weiler.de\/hw\/?page_id=5976","url_meta":{"origin":2790,"position":0},"title":"Bibelgespr\u00e4chskreis","author":"Administrator","date":"18. November 2017","format":false,"excerpt":"Die Bibel ist f\u00fcr uns Gottes Wort an die Menschen, eine Einladung zu einem Leben mit Gott, der Treffpunkt zwischen Gott und Mensch. Darum treffen wir uns mit Gott im Bibelgespr\u00e4chskreis, und zwar am Dienstag Abend, normalerweise 2mal im Monat um 19.30 Uhr. Unser Treffpunkt ist das evangelische Gemeindehaus HilsbachWeiler\u2026","rel":"","context":"\u00c4hnlicher Beitrag","block_context":{"text":"\u00c4hnlicher Beitrag","link":""},"img":{"alt_text":"","src":"","width":0,"height":0},"classes":[]},{"id":5979,"url":"https:\/\/kirche-hilsbach-weiler.de\/hw\/?page_id=5979","url_meta":{"origin":2790,"position":1},"title":"Teentreff","author":"Administrator","date":"18. November 2017","format":false,"excerpt":"Essen, Spielen und Spa\u00df haben. Reden \u00fcber GOTT und die WELT. F\u00fcr alle Teenager von 13 bis 16 Jahren aus Hilsbach & Weiler. Immer freitags von 18.30 bis 20.00 Uhr. Im Ev. Gemeindehaus HilsbachWeiler. Was konkret gemacht wird, kannst DU mitbestimmen. Infos gibt's bei Ann-Kathrin Wei\u00df: E-Mail: teentreff@kirche-hilsbach-weiler.de","rel":"","context":"\u00c4hnlicher Beitrag","block_context":{"text":"\u00c4hnlicher Beitrag","link":""},"img":{"alt_text":"Teentreff","src":"https:\/\/i0.wp.com\/kirche-hilsbach-weiler.de\/hw\/wp-content\/uploads\/2017\/11\/Teentreff2-0-e1511465072978.jpg?fit=696%2C358&ssl=1&resize=350%2C200","width":350,"height":200,"srcset":"https:\/\/i0.wp.com\/kirche-hilsbach-weiler.de\/hw\/wp-content\/uploads\/2017\/11\/Teentreff2-0-e1511465072978.jpg?fit=696%2C358&ssl=1&resize=350%2C200 1x, https:\/\/i0.wp.com\/kirche-hilsbach-weiler.de\/hw\/wp-content\/uploads\/2017\/11\/Teentreff2-0-e1511465072978.jpg?fit=696%2C358&ssl=1&resize=525%2C300 1.5x"},"classes":[]},{"id":5997,"url":"https:\/\/kirche-hilsbach-weiler.de\/hw\/?page_id=5997","url_meta":{"origin":2790,"position":2},"title":"PfefferCH\u00d6Rner","author":"Administrator","date":"18. November 2017","format":false,"excerpt":"Jeden Freitag von 15.55 bis 16.30 Uhr treffen wir uns im evangelischen Gemeindehaus HilsbachWeiler in der Burggrafenstra\u00dfe 12 in Weiler. Wir? Das sind Kinder im Grundschulalter (und gerne auch dar\u00fcber hinaus), die Lust am Singen haben. Immer wieder gestalten wir Gottesdienste mit oder geben Konzerte. Und die Vorschulkinder singen und\u2026","rel":"","context":"\u00c4hnlicher Beitrag","block_context":{"text":"\u00c4hnlicher Beitrag","link":""},"img":{"alt_text":"","src":"https:\/\/i0.wp.com\/kirche-hilsbach-weiler.de\/hw\/wp-content\/uploads\/2018\/03\/PfefferCH%C3%96Rner-1.jpg?fit=1200%2C421&ssl=1&resize=350%2C200","width":350,"height":200,"srcset":"https:\/\/i0.wp.com\/kirche-hilsbach-weiler.de\/hw\/wp-content\/uploads\/2018\/03\/PfefferCH%C3%96Rner-1.jpg?fit=1200%2C421&ssl=1&resize=350%2C200 1x, https:\/\/i0.wp.com\/kirche-hilsbach-weiler.de\/hw\/wp-content\/uploads\/2018\/03\/PfefferCH%C3%96Rner-1.jpg?fit=1200%2C421&ssl=1&resize=525%2C300 1.5x, https:\/\/i0.wp.com\/kirche-hilsbach-weiler.de\/hw\/wp-content\/uploads\/2018\/03\/PfefferCH%C3%96Rner-1.jpg?fit=1200%2C421&ssl=1&resize=700%2C400 2x, https:\/\/i0.wp.com\/kirche-hilsbach-weiler.de\/hw\/wp-content\/uploads\/2018\/03\/PfefferCH%C3%96Rner-1.jpg?fit=1200%2C421&ssl=1&resize=1050%2C600 3x"},"classes":[]},{"id":5994,"url":"https:\/\/kirche-hilsbach-weiler.de\/hw\/?page_id=5994","url_meta":{"origin":2790,"position":3},"title":"Jungschar","author":"Administrator","date":"18. November 2017","format":false,"excerpt":"Mit anderen Kindern spielen, Geschichten aus der Bibel h\u00f6ren, gemeinsam Lieder singen und Spa\u00df haben. Das klingt doch gut! Hast Du Lust, dabei zu sein? Dann bist Du in der Jungschar herzlich willkommen! F\u00fcr Kinder im Alter von 6 bis 13 Jahren findet derzeit freitags (au\u00dfer an Feiertagen und Ferien)\u2026","rel":"","context":"\u00c4hnlicher Beitrag","block_context":{"text":"\u00c4hnlicher Beitrag","link":""},"img":{"alt_text":"","src":"","width":0,"height":0},"classes":[]},{"id":26,"url":"https:\/\/kirche-hilsbach-weiler.de\/hw\/?page_id=26","url_meta":{"origin":2790,"position":4},"title":"Kontakt","author":"Administrator","date":"29. Juni 2012","format":false,"excerpt":"","rel":"","context":"\u00c4hnlicher Beitrag","block_context":{"text":"\u00c4hnlicher Beitrag","link":""},"img":{"alt_text":"","src":"https:\/\/i0.wp.com\/kirche-hilsbach-weiler.de\/hw\/wp-content\/uploads\/2019\/06\/001-300x200.jpg?resize=350%2C200&ssl=1","width":350,"height":200},"classes":[]},{"id":6000,"url":"https:\/\/kirche-hilsbach-weiler.de\/hw\/?page_id=6000","url_meta":{"origin":2790,"position":5},"title":"Posaunenchor","author":"Administrator","date":"18. November 2017","format":false,"excerpt":"\"Posaunench\u00f6re sind reine Blechbl\u00e4sergruppen, deren wesentliche Aufgabe es ist, Gottesdienste mitzugestalten und auch sonst im Freien zur Ehre Gottes zu spielen\", hie\u00df es im Aufruf zur Gr\u00fcnderversammlung, die am Mittwoch, 09.12.1981 erfolgte. Die Anregung ging von Pfarrer Adalbert Glaser aus. Zur Gr\u00fcndungsversammlung kamen in Weiler unterm Kindergarten 23 Interessierte zusammen.\u2026","rel":"","context":"\u00c4hnlicher Beitrag","block_context":{"text":"\u00c4hnlicher Beitrag","link":""},"img":{"alt_text":"","src":"https:\/\/i0.wp.com\/kirche-hilsbach-weiler.de\/hw\/wp-content\/uploads\/2017\/12\/Posaunenchor.jpg?fit=1200%2C408&ssl=1&resize=350%2C200","width":350,"height":200,"srcset":"https:\/\/i0.wp.com\/kirche-hilsbach-weiler.de\/hw\/wp-content\/uploads\/2017\/12\/Posaunenchor.jpg?fit=1200%2C408&ssl=1&resize=350%2C200 1x, https:\/\/i0.wp.com\/kirche-hilsbach-weiler.de\/hw\/wp-content\/uploads\/2017\/12\/Posaunenchor.jpg?fit=1200%2C408&ssl=1&resize=525%2C300 1.5x, https:\/\/i0.wp.com\/kirche-hilsbach-weiler.de\/hw\/wp-content\/uploads\/2017\/12\/Posaunenchor.jpg?fit=1200%2C408&ssl=1&resize=700%2C400 2x, https:\/\/i0.wp.com\/kirche-hilsbach-weiler.de\/hw\/wp-content\/uploads\/2017\/12\/Posaunenchor.jpg?fit=1200%2C408&ssl=1&resize=1050%2C600 3x"},"classes":[]}],"jetpack_sharing_enabled":true,"_links":{"self":[{"href":"https:\/\/kirche-hilsbach-weiler.de\/hw\/index.php?rest_route=\/wp\/v2\/pages\/2790","targetHints":{"allow":["GET"]}}],"collection":[{"href":"https:\/\/kirche-hilsbach-weiler.de\/hw\/index.php?rest_route=\/wp\/v2\/pages"}],"about":[{"href":"https:\/\/kirche-hilsbach-weiler.de\/hw\/index.php?rest_route=\/wp\/v2\/types\/page"}],"author":[{"embeddable":true,"href":"https:\/\/kirche-hilsbach-weiler.de\/hw\/index.php?rest_route=\/wp\/v2\/users\/3"}],"replies":[{"embeddable":true,"href":"https:\/\/kirche-hilsbach-weiler.de\/hw\/index.php?rest_route=%2Fwp%2Fv2%2Fcomments&post=2790"}],"version-history":[{"count":8,"href":"https:\/\/kirche-hilsbach-weiler.de\/hw\/index.php?rest_route=\/wp\/v2\/pages\/2790\/revisions"}],"predecessor-version":[{"id":11811,"href":"https:\/\/kirche-hilsbach-weiler.de\/hw\/index.php?rest_route=\/wp\/v2\/pages\/2790\/revisions\/11811"}],"wp:attachment":[{"href":"https:\/\/kirche-hilsbach-weiler.de\/hw\/index.php?rest_route=%2Fwp%2Fv2%2Fmedia&parent=2790"}],"curies":[{"name":"wp","href":"https:\/\/api.w.org\/{rel}","templated":true}]}}