{"id":5957,"date":"2017-11-18T16:07:59","date_gmt":"2017-11-18T15:07:59","guid":{"rendered":"https:\/\/kirche-hilsbach-weiler.de\/hw\/?page_id=5957"},"modified":"2023-07-01T18:13:16","modified_gmt":"2023-07-01T16:13:16","slug":"kindergottesdienst","status":"publish","type":"page","link":"https:\/\/kirche-hilsbach-weiler.de\/hw\/?page_id=5957","title":{"rendered":"Kindergottesdienst"},"content":{"rendered":"<p>K\u00f6nnen wir derzeit leider nicht anbieten. Wir suchen hierf\u00fcr Mitarbeitende!!!<\/p>\n<p>Kontakt: <a title=\"kig&#111;&#64;&#107;&#x69;&#x72;&#x63;&#x68;&#x65;&#x2d;hil&#115;&#98;&#97;&#99;&#x68;&#x2d;&#x77;&#x65;&#x69;&#x6c;er&#46;&#100;&#101;\" href=\"&#109;a&#x69;l&#x74;&#111;&#x3a;&#107;&#x69;&#103;o&#x40;k&#x69;&#114;&#x63;&#104;&#x65;&#45;&#x68;&#105;l&#x73;b&#x61;&#99;&#x68;&#45;&#x77;&#101;i&#x6c;e&#x72;&#46;&#x64;&#101;\">&#x6b;i&#x67;o&#x40;&#107;&#x69;&#114;c&#x68;e&#x2d;&#104;&#x69;&#108;&#x73;&#98;a&#x63;h&#x2d;&#119;&#x65;&#105;&#x6c;&#x65;r&#x2e;d&#x65;<\/a><\/p>\n","protected":false},"excerpt":{"rendered":"<p>K\u00f6nnen wir derzeit leider nicht anbieten. Wir suchen hierf\u00fcr Mitarbeitende!!! Kontakt: &#107;i&#x67;o&#x40;k&#x69;r&#x63;&#104;&#x65;&#45;&#x68;&#105;&#x6c;&#115;b&#97;c&#x68;-&#x77;e&#x69;&#108;&#x65;&#114;&#x2e;&#100;&#x65;<\/p>\n","protected":false},"author":6,"featured_media":6011,"parent":0,"menu_order":0,"comment_status":"closed","ping_status":"closed","template":"","meta":{"ngg_post_thumbnail":0,"footnotes":""},"class_list":{"0":"entry","1":"page","2":"publish","3":"author-ekhwadmin","4":"post-5957","6":"has-post-thumbnail"},"jetpack_shortlink":"https:\/\/wp.me\/P4vBdR-1y5","jetpack_likes_enabled":false,"jetpack-related-posts":[{"id":2016,"url":"https:\/\/kirche-hilsbach-weiler.de\/hw\/?page_id=2016","url_meta":{"origin":5957,"position":0},"title":"Projekt Jugendreferent","author":"Administrator","date":"29. M\u00e4rz 2014","format":false,"excerpt":"Eine Studie (www.stickyfaith.org) hat ergeben, dass ungef\u00e4hr die H\u00e4lfte aller Jugendlichen (in den USA) nach ihrem Schulabschluss in gro\u00dfe Glaubensn\u00f6te kommen oder sich sogar ganz vom Glauben distanzieren. Sehr wahrscheinlich ist die Zahl in Deutschland nicht wirklich erfreulicher. Wir meinen: Das muss nicht so sein! Ganz und gar nicht! Deswegen\u2026","rel":"","context":"\u00c4hnlicher Beitrag","block_context":{"text":"\u00c4hnlicher Beitrag","link":""},"img":{"alt_text":"header_juref1","src":"https:\/\/i0.wp.com\/kirche-hilsbach-weiler.de\/hw\/wp-content\/uploads\/2014\/03\/header_juref1.jpg?resize=350%2C200","width":350,"height":200,"srcset":"https:\/\/i0.wp.com\/kirche-hilsbach-weiler.de\/hw\/wp-content\/uploads\/2014\/03\/header_juref1.jpg?resize=350%2C200 1x, https:\/\/i0.wp.com\/kirche-hilsbach-weiler.de\/hw\/wp-content\/uploads\/2014\/03\/header_juref1.jpg?resize=525%2C300 1.5x, https:\/\/i0.wp.com\/kirche-hilsbach-weiler.de\/hw\/wp-content\/uploads\/2014\/03\/header_juref1.jpg?resize=700%2C400 2x"},"classes":[]},{"id":6003,"url":"https:\/\/kirche-hilsbach-weiler.de\/hw\/?page_id=6003","url_meta":{"origin":5957,"position":1},"title":"Hauskreis","author":"Administrator","date":"18. November 2017","format":false,"excerpt":"Sechs Fragen zum Hauskreis Hilsbach-Weiler Was ist denn Euer Hauskreis? In unserem Hauskreis treffen wir uns regelm\u00e4\u00dfig, um Glauben und Leben zu teilen. Ist das also ein frommer Geheimzirkel? Nat\u00fcrlich nicht. Die Treffen sind genauso \u00f6ffentlich wie andere Veranstaltungen. Wir treffen uns abwechselnd bei einzelnen Teilnehmern zu Hause, weil das\u2026","rel":"","context":"\u00c4hnlicher Beitrag","block_context":{"text":"\u00c4hnlicher Beitrag","link":""},"img":{"alt_text":"Hauskreis-Symbolfoto","src":"https:\/\/i0.wp.com\/kirche-hilsbach-weiler.de\/hw\/wp-content\/uploads\/2020\/04\/meeting-1015288_1920-e1588058179566.jpg?fit=1200%2C674&ssl=1&resize=350%2C200","width":350,"height":200,"srcset":"https:\/\/i0.wp.com\/kirche-hilsbach-weiler.de\/hw\/wp-content\/uploads\/2020\/04\/meeting-1015288_1920-e1588058179566.jpg?fit=1200%2C674&ssl=1&resize=350%2C200 1x, https:\/\/i0.wp.com\/kirche-hilsbach-weiler.de\/hw\/wp-content\/uploads\/2020\/04\/meeting-1015288_1920-e1588058179566.jpg?fit=1200%2C674&ssl=1&resize=525%2C300 1.5x, https:\/\/i0.wp.com\/kirche-hilsbach-weiler.de\/hw\/wp-content\/uploads\/2020\/04\/meeting-1015288_1920-e1588058179566.jpg?fit=1200%2C674&ssl=1&resize=700%2C400 2x, https:\/\/i0.wp.com\/kirche-hilsbach-weiler.de\/hw\/wp-content\/uploads\/2020\/04\/meeting-1015288_1920-e1588058179566.jpg?fit=1200%2C674&ssl=1&resize=1050%2C600 3x"},"classes":[]},{"id":2027,"url":"https:\/\/kirche-hilsbach-weiler.de\/hw\/?page_id=2027","url_meta":{"origin":5957,"position":2},"title":"Vielen Dank!","author":"Administrator","date":"29. M\u00e4rz 2014","format":false,"excerpt":"F\u00fcr Ihre Unterst\u00fctzung unseres Projekts \"Jugendreferentin\" bedanken wir uns schon jetzt im Voraus. Es ist nicht selbstverst\u00e4ndlich und wir k\u00f6nnen es nicht hoch genug sch\u00e4tzen, dass Sie mit Ihren finanziellen Mitteln dieses so wichtige Projekt unterst\u00fctzen. Bitte \u00fcberweisen Sie Ihre Spende bzw. richten Sie Ihren Dauerauftrag wie folgt ein: \u00a0\u2026","rel":"","context":"\u00c4hnlicher Beitrag","block_context":{"text":"\u00c4hnlicher Beitrag","link":""},"img":{"alt_text":"","src":"","width":0,"height":0},"classes":[]},{"id":2191,"url":"https:\/\/kirche-hilsbach-weiler.de\/hw\/?page_id=2191","url_meta":{"origin":5957,"position":3},"title":"Impressum","author":"Administrator","date":"1. April 2014","format":false,"excerpt":"Evangelische Landeskirche in Baden Evangelische Kirchengemeinde Hilsbach-Weiler Marktstr. 11 74889 Sinsheim Telefon: +49 (0) 7260317 Telefax: +49 (0) 7260920313 E-Mail: info@kirche-hilsbach-weiler.de Vertretungsberechtigt\/vertreten durch: Ralf Holzwarth Pfarrer Markus Printz Rechtsform Die Evangelische Kirchengemeinde Hilsbach-Weiler ist eine K\u00f6rperschaft des \u00f6ffentlichen Rechts. Rechtstr\u00e4ger der Aufsichtsbeh\u00f6rde: Evangelische Landeskirche in Baden, Blumenstra\u00dfe 1 - 7,\u2026","rel":"","context":"\u00c4hnlicher Beitrag","block_context":{"text":"\u00c4hnlicher Beitrag","link":""},"img":{"alt_text":"","src":"","width":0,"height":0},"classes":[]},{"id":1925,"url":"https:\/\/kirche-hilsbach-weiler.de\/hw\/?page_id=1925","url_meta":{"origin":5957,"position":4},"title":"App f\u00fcr Smartphone &#038; Web","author":"Administrator","date":"29. M\u00e4rz 2014","format":false,"excerpt":"Wir haben eine eigene App und laden Euch ein diese zu testen und zu nutzen! Durch diese App k\u00f6nnen wir die Kommunikation in der Gemeinde und innerhalb der Mitarbeitenden von Gemeindegruppen vereinfachen. Alle Nutzer der App werden aktuell \u00fcber Neuigkeiten, Empfehlungen, Veranstaltungen und mehr informiert. Ihr findet die f\u00fcr Euch\u2026","rel":"","context":"\u00c4hnlicher Beitrag","block_context":{"text":"\u00c4hnlicher Beitrag","link":""},"img":{"alt_text":"","src":"https:\/\/i0.wp.com\/kirche-hilsbach-weiler.de\/hw\/wp-content\/uploads\/2020\/07\/Appstore-300x89.png?resize=350%2C200&ssl=1","width":350,"height":200},"classes":[]},{"id":8284,"url":"https:\/\/kirche-hilsbach-weiler.de\/hw\/?page_id=8284","url_meta":{"origin":5957,"position":5},"title":"App f\u00fcr Smartphone &#038; Web","author":"Carsten Glaser","date":"1. Juli 2020","format":false,"excerpt":"Wir haben eine eigene App und laden Euch ein diese zu testen und zu nutzen! Durch diese App k\u00f6nnen wir die Kommunikation in der Gemeinde und innerhalb der Mitarbeitenden von Gemeindegruppen vereinfachen. Alle Nutzer der App werden aktuell \u00fcber Neuigkeiten, Empfehlungen, Veranstaltungen und mehr informiert. Ihr findet die f\u00fcr Euch\u2026","rel":"","context":"\u00c4hnlicher Beitrag","block_context":{"text":"\u00c4hnlicher Beitrag","link":""},"img":{"alt_text":"","src":"https:\/\/i0.wp.com\/kirche-hilsbach-weiler.de\/hw\/wp-content\/uploads\/2020\/07\/Appstore-300x89.png?resize=350%2C200&ssl=1","width":350,"height":200},"classes":[]}],"jetpack_sharing_enabled":true,"_links":{"self":[{"href":"https:\/\/kirche-hilsbach-weiler.de\/hw\/index.php?rest_route=\/wp\/v2\/pages\/5957","targetHints":{"allow":["GET"]}}],"collection":[{"href":"https:\/\/kirche-hilsbach-weiler.de\/hw\/index.php?rest_route=\/wp\/v2\/pages"}],"about":[{"href":"https:\/\/kirche-hilsbach-weiler.de\/hw\/index.php?rest_route=\/wp\/v2\/types\/page"}],"author":[{"embeddable":true,"href":"https:\/\/kirche-hilsbach-weiler.de\/hw\/index.php?rest_route=\/wp\/v2\/users\/6"}],"replies":[{"embeddable":true,"href":"https:\/\/kirche-hilsbach-weiler.de\/hw\/index.php?rest_route=%2Fwp%2Fv2%2Fcomments&post=5957"}],"version-history":[{"count":0,"href":"https:\/\/kirche-hilsbach-weiler.de\/hw\/index.php?rest_route=\/wp\/v2\/pages\/5957\/revisions"}],"wp:featuredmedia":[{"embeddable":true,"href":"https:\/\/kirche-hilsbach-weiler.de\/hw\/index.php?rest_route=\/wp\/v2\/media\/6011"}],"wp:attachment":[{"href":"https:\/\/kirche-hilsbach-weiler.de\/hw\/index.php?rest_route=%2Fwp%2Fv2%2Fmedia&parent=5957"}],"curies":[{"name":"wp","href":"https:\/\/api.w.org\/{rel}","templated":true}]}}