{"id":5979,"date":"2017-11-18T16:07:59","date_gmt":"2017-11-18T15:07:59","guid":{"rendered":"https:\/\/kirche-hilsbach-weiler.de\/hw\/?page_id=5979"},"modified":"2025-06-16T18:18:23","modified_gmt":"2025-06-16T16:18:23","slug":"teentreff","status":"publish","type":"page","link":"https:\/\/kirche-hilsbach-weiler.de\/hw\/?page_id=5979","title":{"rendered":"Teentreff"},"content":{"rendered":"<p>Essen, Spielen und Spa\u00df haben. Reden \u00fcber GOTT und die WELT.<br \/>\nF\u00fcr alle Teenager von 13 bis 16 Jahren aus Hilsbach &amp; Weiler.<br \/>\nImmer freitags von 18.30 bis 20.00 Uhr.<br \/>\nIm Ev. Gemeindehaus HilsbachWeiler.<br \/>\nWas konkret gemacht wird, kannst DU mitbestimmen.<br \/>\nInfos gibt&#8217;s bei Ann-Kathrin Wei\u00df:<br \/>\nE-Mail: <a title=\"&#x6a;&#117;&#x67;&#x65;n&#x64;&#114;e&#x66;&#101;r&#x65;&#110;&#x74;&#x40;k&#x69;&#114;c&#x68;&#101;-&#x68;&#105;&#x6c;&#x73;&#98;&#x61;&#x63;h&#x2d;&#119;e&#x69;&#108;e&#x72;&#46;&#x64;&#x65;\" href=\"&#109;&#x61;&#105;&#x6c;&#116;&#x6f;&#58;&#x74;e&#x65;n&#x74;r&#x65;f&#102;&#x40;&#107;&#x69;&#114;&#x63;&#104;&#x65;&#45;&#x68;i&#x6c;s&#x62;a&#x63;h&#45;&#x77;&#101;&#x69;&#108;&#x65;&#114;&#x2e;&#100;&#x65;\">&#x74;e&#x65;&#110;t&#x72;&#101;&#x66;&#102;&#64;&#x6b;&#105;&#x72;&#99;h&#x65;&#45;&#x68;&#x69;l&#x73;&#98;a&#x63;&#104;&#x2d;&#119;e&#x69;&#108;&#x65;&#114;&#46;&#x64;&#101;<\/a><\/p>\n","protected":false},"excerpt":{"rendered":"<p>Essen, Spielen und Spa\u00df haben. Reden \u00fcber GOTT und die WELT. F\u00fcr alle Teenager von 13 bis 16 Jahren aus Hilsbach &amp; Weiler. Immer freitags von 18.30 bis 20.00 Uhr. Im Ev. Gemeindehaus HilsbachWeiler. Was konkret gemacht wird, kannst DU mitbestimmen. Infos gibt&#8217;s bei Ann-Kathrin Wei\u00df: E-Mail: &#116;&#x65;&#101;&#x6e;&#116;&#x72;&#101;&#x66;f&#x40;k&#x69;r&#x63;h&#101;&#x2d;&#104;&#x69;&#108;&#x73;&#98;&#x61;&#99;&#x68;-&#x77;e&#x69;l&#x65;r&#46;&#x64;&#101;<\/p>\n","protected":false},"author":6,"featured_media":6018,"parent":0,"menu_order":0,"comment_status":"closed","ping_status":"closed","template":"","meta":{"ngg_post_thumbnail":0,"footnotes":""},"class_list":{"0":"entry","1":"page","2":"publish","3":"author-ekhwadmin","4":"post-5979","6":"has-post-thumbnail"},"jetpack_shortlink":"https:\/\/wp.me\/P4vBdR-1yr","jetpack_likes_enabled":false,"jetpack-related-posts":[{"id":1651,"url":"https:\/\/kirche-hilsbach-weiler.de\/hw\/?page_id=1651","url_meta":{"origin":5979,"position":0},"title":"Gemeindeleben","author":"Administrator","date":"7. M\u00e4rz 2014","format":false,"excerpt":"In vielf\u00e4ltigen Gottesdiensten und anderen regelm\u00e4\u00dfigen Veranstaltungen k\u00f6nnen Sie bei uns Gemeinde (er-)leben:","rel":"","context":"\u00c4hnlicher Beitrag","block_context":{"text":"\u00c4hnlicher Beitrag","link":""},"img":{"alt_text":"","src":"","width":0,"height":0},"classes":[]},{"id":2790,"url":"https:\/\/kirche-hilsbach-weiler.de\/hw\/?page_id=2790","url_meta":{"origin":5979,"position":1},"title":"Termine","author":"Carsten Glaser","date":"27. Juli 2014","format":false,"excerpt":"","rel":"","context":"\u00c4hnlicher Beitrag","block_context":{"text":"\u00c4hnlicher Beitrag","link":""},"img":{"alt_text":"","src":"","width":0,"height":0},"classes":[]},{"id":5991,"url":"https:\/\/kirche-hilsbach-weiler.de\/hw\/?page_id=5991","url_meta":{"origin":5979,"position":2},"title":"Kirchenchor Hilsbach","author":"Administrator","date":"18. November 2017","format":false,"excerpt":"Sie singen gerne? Und sie m\u00f6gen Kirchenmusik aus allen Epochen \u2013 klassisch bis modern?\u00a0Sie m\u00f6gen es, wenn ein Gottesdienst durch Chormusik bereichert wird? Dann sind Sie bei uns richtig \u2013 im evangelischen Kirchenchor Hilsbach.\u00a0Wir sind ein kleiner Chor mit 24 S\u00e4ngerinnen und S\u00e4ngern \u2013 jungen bis alten.\u00a0Unsere junge Dirigentin, Sabrina\u2026","rel":"","context":"\u00c4hnlicher Beitrag","block_context":{"text":"\u00c4hnlicher Beitrag","link":""},"img":{"alt_text":"","src":"https:\/\/i0.wp.com\/kirche-hilsbach-weiler.de\/hw\/wp-content\/uploads\/2017\/11\/KirchenchorHilsbach-e1511030468365.jpeg?fit=350%2C235&ssl=1&resize=350%2C200","width":350,"height":200},"classes":[]},{"id":5997,"url":"https:\/\/kirche-hilsbach-weiler.de\/hw\/?page_id=5997","url_meta":{"origin":5979,"position":3},"title":"PfefferCH\u00d6Rner","author":"Administrator","date":"18. November 2017","format":false,"excerpt":"Jeden Freitag von 15.55 bis 16.30 Uhr treffen wir uns im evangelischen Gemeindehaus HilsbachWeiler in der Burggrafenstra\u00dfe 12 in Weiler. Wir? Das sind Kinder im Grundschulalter (und gerne auch dar\u00fcber hinaus), die Lust am Singen haben. Immer wieder gestalten wir Gottesdienste mit oder geben Konzerte. Und die Vorschulkinder singen und\u2026","rel":"","context":"\u00c4hnlicher Beitrag","block_context":{"text":"\u00c4hnlicher Beitrag","link":""},"img":{"alt_text":"","src":"https:\/\/i0.wp.com\/kirche-hilsbach-weiler.de\/hw\/wp-content\/uploads\/2018\/03\/PfefferCH%C3%96Rner-1.jpg?fit=1200%2C421&ssl=1&resize=350%2C200","width":350,"height":200,"srcset":"https:\/\/i0.wp.com\/kirche-hilsbach-weiler.de\/hw\/wp-content\/uploads\/2018\/03\/PfefferCH%C3%96Rner-1.jpg?fit=1200%2C421&ssl=1&resize=350%2C200 1x, https:\/\/i0.wp.com\/kirche-hilsbach-weiler.de\/hw\/wp-content\/uploads\/2018\/03\/PfefferCH%C3%96Rner-1.jpg?fit=1200%2C421&ssl=1&resize=525%2C300 1.5x, https:\/\/i0.wp.com\/kirche-hilsbach-weiler.de\/hw\/wp-content\/uploads\/2018\/03\/PfefferCH%C3%96Rner-1.jpg?fit=1200%2C421&ssl=1&resize=700%2C400 2x, https:\/\/i0.wp.com\/kirche-hilsbach-weiler.de\/hw\/wp-content\/uploads\/2018\/03\/PfefferCH%C3%96Rner-1.jpg?fit=1200%2C421&ssl=1&resize=1050%2C600 3x"},"classes":[]},{"id":5972,"url":"https:\/\/kirche-hilsbach-weiler.de\/hw\/?page_id=5972","url_meta":{"origin":5979,"position":4},"title":"SalzCH\u00d6Rner","author":"Administrator","date":"18. November 2017","format":false,"excerpt":"Die SalzCH\u00d6Rner wurden 1989 als Jugendchor Hilsbach-Weiler gegr\u00fcndet. Der fr\u00fchere Zusatz \u201aJunger Chor Hilsbach-Weiler\u2018 stimmt \u2013 was das Lebensalter der S\u00e4nger betrifft \u2013 heute zumindest noch gef\u00fchlt: Wir sind ungef\u00e4hr 25 S\u00e4ngerinnen und S\u00e4nger ganz unterschiedlichen Alters von etwa 18 bis 80 Jahren. Mitsingen darf bei uns jedoch jeder, der\u2026","rel":"","context":"\u00c4hnlicher Beitrag","block_context":{"text":"\u00c4hnlicher Beitrag","link":""},"img":{"alt_text":"","src":"https:\/\/i0.wp.com\/kirche-hilsbach-weiler.de\/hw\/wp-content\/uploads\/2015\/10\/SalzCH%C3%96Rner-2015-breit.jpg?fit=1200%2C253&ssl=1&resize=350%2C200","width":350,"height":200,"srcset":"https:\/\/i0.wp.com\/kirche-hilsbach-weiler.de\/hw\/wp-content\/uploads\/2015\/10\/SalzCH%C3%96Rner-2015-breit.jpg?fit=1200%2C253&ssl=1&resize=350%2C200 1x, https:\/\/i0.wp.com\/kirche-hilsbach-weiler.de\/hw\/wp-content\/uploads\/2015\/10\/SalzCH%C3%96Rner-2015-breit.jpg?fit=1200%2C253&ssl=1&resize=525%2C300 1.5x, https:\/\/i0.wp.com\/kirche-hilsbach-weiler.de\/hw\/wp-content\/uploads\/2015\/10\/SalzCH%C3%96Rner-2015-breit.jpg?fit=1200%2C253&ssl=1&resize=700%2C400 2x, https:\/\/i0.wp.com\/kirche-hilsbach-weiler.de\/hw\/wp-content\/uploads\/2015\/10\/SalzCH%C3%96Rner-2015-breit.jpg?fit=1200%2C253&ssl=1&resize=1050%2C600 3x"},"classes":[]},{"id":6000,"url":"https:\/\/kirche-hilsbach-weiler.de\/hw\/?page_id=6000","url_meta":{"origin":5979,"position":5},"title":"Posaunenchor","author":"Administrator","date":"18. November 2017","format":false,"excerpt":"\"Posaunench\u00f6re sind reine Blechbl\u00e4sergruppen, deren wesentliche Aufgabe es ist, Gottesdienste mitzugestalten und auch sonst im Freien zur Ehre Gottes zu spielen\", hie\u00df es im Aufruf zur Gr\u00fcnderversammlung, die am Mittwoch, 09.12.1981 erfolgte. Die Anregung ging von Pfarrer Adalbert Glaser aus. Zur Gr\u00fcndungsversammlung kamen in Weiler unterm Kindergarten 23 Interessierte zusammen.\u2026","rel":"","context":"\u00c4hnlicher Beitrag","block_context":{"text":"\u00c4hnlicher Beitrag","link":""},"img":{"alt_text":"","src":"https:\/\/i0.wp.com\/kirche-hilsbach-weiler.de\/hw\/wp-content\/uploads\/2017\/12\/Posaunenchor.jpg?fit=1200%2C408&ssl=1&resize=350%2C200","width":350,"height":200,"srcset":"https:\/\/i0.wp.com\/kirche-hilsbach-weiler.de\/hw\/wp-content\/uploads\/2017\/12\/Posaunenchor.jpg?fit=1200%2C408&ssl=1&resize=350%2C200 1x, https:\/\/i0.wp.com\/kirche-hilsbach-weiler.de\/hw\/wp-content\/uploads\/2017\/12\/Posaunenchor.jpg?fit=1200%2C408&ssl=1&resize=525%2C300 1.5x, https:\/\/i0.wp.com\/kirche-hilsbach-weiler.de\/hw\/wp-content\/uploads\/2017\/12\/Posaunenchor.jpg?fit=1200%2C408&ssl=1&resize=700%2C400 2x, https:\/\/i0.wp.com\/kirche-hilsbach-weiler.de\/hw\/wp-content\/uploads\/2017\/12\/Posaunenchor.jpg?fit=1200%2C408&ssl=1&resize=1050%2C600 3x"},"classes":[]}],"jetpack_sharing_enabled":true,"_links":{"self":[{"href":"https:\/\/kirche-hilsbach-weiler.de\/hw\/index.php?rest_route=\/wp\/v2\/pages\/5979","targetHints":{"allow":["GET"]}}],"collection":[{"href":"https:\/\/kirche-hilsbach-weiler.de\/hw\/index.php?rest_route=\/wp\/v2\/pages"}],"about":[{"href":"https:\/\/kirche-hilsbach-weiler.de\/hw\/index.php?rest_route=\/wp\/v2\/types\/page"}],"author":[{"embeddable":true,"href":"https:\/\/kirche-hilsbach-weiler.de\/hw\/index.php?rest_route=\/wp\/v2\/users\/6"}],"replies":[{"embeddable":true,"href":"https:\/\/kirche-hilsbach-weiler.de\/hw\/index.php?rest_route=%2Fwp%2Fv2%2Fcomments&post=5979"}],"version-history":[{"count":2,"href":"https:\/\/kirche-hilsbach-weiler.de\/hw\/index.php?rest_route=\/wp\/v2\/pages\/5979\/revisions"}],"predecessor-version":[{"id":11615,"href":"https:\/\/kirche-hilsbach-weiler.de\/hw\/index.php?rest_route=\/wp\/v2\/pages\/5979\/revisions\/11615"}],"wp:featuredmedia":[{"embeddable":true,"href":"https:\/\/kirche-hilsbach-weiler.de\/hw\/index.php?rest_route=\/wp\/v2\/media\/6018"}],"wp:attachment":[{"href":"https:\/\/kirche-hilsbach-weiler.de\/hw\/index.php?rest_route=%2Fwp%2Fv2%2Fmedia&parent=5979"}],"curies":[{"name":"wp","href":"https:\/\/api.w.org\/{rel}","templated":true}]}}