{"id":5982,"date":"2017-11-18T16:07:59","date_gmt":"2017-11-18T15:07:59","guid":{"rendered":"https:\/\/kirche-hilsbach-weiler.de\/hw\/?page_id=5982"},"modified":"2017-11-18T19:36:00","modified_gmt":"2017-11-18T18:36:00","slug":"invocanto-vokalensemble","status":"publish","type":"page","link":"https:\/\/kirche-hilsbach-weiler.de\/hw\/?page_id=5982","title":{"rendered":"invocanto Vokalensemble"},"content":{"rendered":"<p>invocanto entstand 1998 als Vokalensemble aus dem Evangelischen Kirchenchor Sinsheim-Weiler, dem es nach wie vor organisatorisch als Abteilung verbunden bleibt. Die S\u00e4ngerinnen und S\u00e4nger pflegen insbesondere Musik des 16. und 17. Jahrhunderts in kammermusikalischen Besetzungen.<\/p>\n<p>Insbesondere ihr Anspruch an Intonation, Textverst\u00e4ndlichkeit und frische Lebendigkeit der dargebotenen Inhalte begeistern immer wieder das Publikum.<\/p>\n<p>Weitere Infos sowie Kontaktm\u00f6glichkeiten finden Sie unter <a title=\"www.invocanto.de\" href=\"http:\/\/www.invocanto.de\" target=\"_blank\">www.invocanto.de<\/a>.<\/p>\n","protected":false},"excerpt":{"rendered":"<p>invocanto entstand 1998 als Vokalensemble aus dem Evangelischen Kirchenchor Sinsheim-Weiler, dem es nach wie vor organisatorisch als Abteilung verbunden bleibt. Die S\u00e4ngerinnen und S\u00e4nger pflegen insbesondere Musik des 16. und 17. Jahrhunderts in kammermusikalischen Besetzungen. Insbesondere ihr Anspruch an Intonation, Textverst\u00e4ndlichkeit und frische Lebendigkeit der dargebotenen Inhalte begeistern immer wieder das Publikum. Weitere Infos sowie &#8230; <span class=\"more\"><a class=\"more-link\" href=\"https:\/\/kirche-hilsbach-weiler.de\/hw\/?page_id=5982\">[Weiter&#8230;]<\/a><\/span><\/p>\n","protected":false},"author":6,"featured_media":6009,"parent":0,"menu_order":0,"comment_status":"closed","ping_status":"closed","template":"","meta":{"ngg_post_thumbnail":0,"footnotes":""},"class_list":{"0":"entry","1":"page","2":"publish","3":"author-ekhwadmin","4":"post-5982","6":"has-post-thumbnail"},"jetpack_shortlink":"https:\/\/wp.me\/P4vBdR-1yu","jetpack_likes_enabled":false,"jetpack-related-posts":[{"id":1651,"url":"https:\/\/kirche-hilsbach-weiler.de\/hw\/?page_id=1651","url_meta":{"origin":5982,"position":0},"title":"Gemeindeleben","author":"Administrator","date":"7. M\u00e4rz 2014","format":false,"excerpt":"In vielf\u00e4ltigen Gottesdiensten und anderen regelm\u00e4\u00dfigen Veranstaltungen k\u00f6nnen Sie bei uns Gemeinde (er-)leben:","rel":"","context":"\u00c4hnlicher Beitrag","block_context":{"text":"\u00c4hnlicher Beitrag","link":""},"img":{"alt_text":"","src":"","width":0,"height":0},"classes":[]},{"id":5988,"url":"https:\/\/kirche-hilsbach-weiler.de\/hw\/?page_id=5988","url_meta":{"origin":5982,"position":1},"title":"Kirchenchor Weiler","author":"Administrator","date":"18. November 2017","format":false,"excerpt":"Der Evangelische Kirchenchor Weiler konnte im Jahr 2010 sein 125-j\u00e4hriges Bestehen feiern. Mit gro\u00dfer Freude singt er in den Gemeindegottesdiensten zum Lobe Gottes. Immer am Sonntag \u201eKantate \u2013 Singet dem Herrn\u201c gestaltet der Kirchenchor einen besonderen kirchenmusikalischen Gottesdienst, in dem meist gr\u00f6\u00dfere Werke \u2013 auch mit Instrumentalisten - aufgef\u00fchrt werden.\u2026","rel":"","context":"\u00c4hnlicher Beitrag","block_context":{"text":"\u00c4hnlicher Beitrag","link":""},"img":{"alt_text":"","src":"","width":0,"height":0},"classes":[]},{"id":2191,"url":"https:\/\/kirche-hilsbach-weiler.de\/hw\/?page_id=2191","url_meta":{"origin":5982,"position":2},"title":"Impressum","author":"Administrator","date":"1. April 2014","format":false,"excerpt":"Evangelische Landeskirche in Baden Evangelische Kirchengemeinde Hilsbach-Weiler Marktstr. 11 74889 Sinsheim Telefon: +49 (0) 7260317 Telefax: +49 (0) 7260920313 E-Mail: info@kirche-hilsbach-weiler.de Vertretungsberechtigt\/vertreten durch: Ralf Holzwarth Pfarrer Markus Printz Rechtsform Die Evangelische Kirchengemeinde Hilsbach-Weiler ist eine K\u00f6rperschaft des \u00f6ffentlichen Rechts. Rechtstr\u00e4ger der Aufsichtsbeh\u00f6rde: Evangelische Landeskirche in Baden, Blumenstra\u00dfe 1 - 7,\u2026","rel":"","context":"\u00c4hnlicher Beitrag","block_context":{"text":"\u00c4hnlicher Beitrag","link":""},"img":{"alt_text":"","src":"","width":0,"height":0},"classes":[]},{"id":2790,"url":"https:\/\/kirche-hilsbach-weiler.de\/hw\/?page_id=2790","url_meta":{"origin":5982,"position":3},"title":"Termine","author":"Carsten Glaser","date":"27. Juli 2014","format":false,"excerpt":"","rel":"","context":"\u00c4hnlicher Beitrag","block_context":{"text":"\u00c4hnlicher Beitrag","link":""},"img":{"alt_text":"","src":"","width":0,"height":0},"classes":[]},{"id":1895,"url":"https:\/\/kirche-hilsbach-weiler.de\/hw\/?page_id=1895","url_meta":{"origin":5982,"position":4},"title":"Predigten","author":"Administrator","date":"14. April 2014","format":false,"excerpt":"NACHgeDACHT \u00fcber Himmel & Erde Andachten, Predigten & mehr zum NACHschauen, NACHh\u00f6ren und NACHdenken","rel":"","context":"\u00c4hnlicher Beitrag","block_context":{"text":"\u00c4hnlicher Beitrag","link":""},"img":{"alt_text":"","src":"https:\/\/i0.wp.com\/kirche-hilsbach-weiler.de\/hw\/wp-content\/uploads\/2023\/01\/nachGEDACHT-2.jpg?fit=1200%2C675&ssl=1&resize=350%2C200","width":350,"height":200,"srcset":"https:\/\/i0.wp.com\/kirche-hilsbach-weiler.de\/hw\/wp-content\/uploads\/2023\/01\/nachGEDACHT-2.jpg?fit=1200%2C675&ssl=1&resize=350%2C200 1x, https:\/\/i0.wp.com\/kirche-hilsbach-weiler.de\/hw\/wp-content\/uploads\/2023\/01\/nachGEDACHT-2.jpg?fit=1200%2C675&ssl=1&resize=525%2C300 1.5x, https:\/\/i0.wp.com\/kirche-hilsbach-weiler.de\/hw\/wp-content\/uploads\/2023\/01\/nachGEDACHT-2.jpg?fit=1200%2C675&ssl=1&resize=700%2C400 2x, https:\/\/i0.wp.com\/kirche-hilsbach-weiler.de\/hw\/wp-content\/uploads\/2023\/01\/nachGEDACHT-2.jpg?fit=1200%2C675&ssl=1&resize=1050%2C600 3x"},"classes":[]},{"id":6060,"url":"https:\/\/kirche-hilsbach-weiler.de\/hw\/","url_meta":{"origin":5982,"position":5},"title":"Herzlich willkommen","author":"Administrator","date":"18. November 2017","format":false,"excerpt":"Sch\u00f6n, dass Sie da sind! Die evangelische Kirchengemeinde HilsbachWeiler geh\u00f6rt zum evangelischen Kirchenbezirk Kraichgau in der evangelischen Landeskirche in Baden (ekiba). Im h\u00fcgeligen Kraichgau liegen die beiden Sinsheimer Ortsteile Hilsbach (ca. 2200 Einwohner, davon ca. 700 Evangelische) und Weiler (ca. 2000 Einwohner, davon ca. 750 Evangelische). Unser Profil: Wir sind\u2026","rel":"","context":"\u00c4hnlicher Beitrag","block_context":{"text":"\u00c4hnlicher Beitrag","link":""},"img":{"alt_text":"","src":"","width":0,"height":0},"classes":[]}],"jetpack_sharing_enabled":true,"_links":{"self":[{"href":"https:\/\/kirche-hilsbach-weiler.de\/hw\/index.php?rest_route=\/wp\/v2\/pages\/5982","targetHints":{"allow":["GET"]}}],"collection":[{"href":"https:\/\/kirche-hilsbach-weiler.de\/hw\/index.php?rest_route=\/wp\/v2\/pages"}],"about":[{"href":"https:\/\/kirche-hilsbach-weiler.de\/hw\/index.php?rest_route=\/wp\/v2\/types\/page"}],"author":[{"embeddable":true,"href":"https:\/\/kirche-hilsbach-weiler.de\/hw\/index.php?rest_route=\/wp\/v2\/users\/6"}],"replies":[{"embeddable":true,"href":"https:\/\/kirche-hilsbach-weiler.de\/hw\/index.php?rest_route=%2Fwp%2Fv2%2Fcomments&post=5982"}],"version-history":[{"count":0,"href":"https:\/\/kirche-hilsbach-weiler.de\/hw\/index.php?rest_route=\/wp\/v2\/pages\/5982\/revisions"}],"wp:featuredmedia":[{"embeddable":true,"href":"https:\/\/kirche-hilsbach-weiler.de\/hw\/index.php?rest_route=\/wp\/v2\/media\/6009"}],"wp:attachment":[{"href":"https:\/\/kirche-hilsbach-weiler.de\/hw\/index.php?rest_route=%2Fwp%2Fv2%2Fmedia&parent=5982"}],"curies":[{"name":"wp","href":"https:\/\/api.w.org\/{rel}","templated":true}]}}