{"id":5988,"date":"2017-11-18T16:07:59","date_gmt":"2017-11-18T15:07:59","guid":{"rendered":"https:\/\/kirche-hilsbach-weiler.de\/hw\/?page_id=5988"},"modified":"2017-11-18T19:39:26","modified_gmt":"2017-11-18T18:39:26","slug":"kirchenchor-weiler","status":"publish","type":"page","link":"https:\/\/kirche-hilsbach-weiler.de\/hw\/?page_id=5988","title":{"rendered":"Kirchenchor Weiler"},"content":{"rendered":"<p>Der Evangelische Kirchenchor Weiler konnte im Jahr 2010 sein 125-j\u00e4hriges Bestehen feiern. Mit gro\u00dfer Freude singt er in den Gemeindegottesdiensten zum Lobe Gottes. Immer am Sonntag \u201eKantate \u2013 Singet dem Herrn\u201c gestaltet der Kirchenchor einen besonderen kirchenmusikalischen Gottesdienst, in dem meist gr\u00f6\u00dfere Werke \u2013 auch mit Instrumentalisten &#8211; aufgef\u00fchrt werden.<img data-recalc-dims=\"1\" decoding=\"async\" title=\"Weiterlesen...\" alt=\"\" src=\"https:\/\/i0.wp.com\/kirche-hilsbach-weiler.de\/wp-includes\/js\/tinymce\/plugins\/wordpress\/img\/trans.gif?w=700\" \/><\/p>\n<p>Jedes Jahr zum 4. Advent gestaltet der Chor die allseits gesch\u00e4tzte \u201eGeistliche Abendmusik im Advent\u201c, die mit Chorbeitr\u00e4gen und besinnlichen Texten auf das bevorstehende Weihnachtsfest einstimmt.<\/p>\n<p>Der Kirchenchor gestaltet au\u00dferdem den Weilerer Weihnachtsmarkt sowie das Dorffest mit. Dar\u00fcber hinaus gibt es immer wieder gesellige Zusammenk\u00fcnfte: Ausfl\u00fcge, Wanderungen oder Grillfeste erfreuen sich sowohl bei aktiven und passiven Mitgliedern als auch bei Freunden des Chores gro\u00dfer Beliebtheit.<\/p>\n<p>Den Kontakt zu unseren ehemaligen S\u00e4ngerinnen und S\u00e4ngern halten wir \u00fcber unseren Stammtisch, der sich in unregelm\u00e4\u00dfigen Abst\u00e4nden trifft.<\/p>\n<p>1998 entstand aus dem Kirchenchor heraus der damalige \u201eKleine Chor\u201c, der je nach Bedarf anspruchsvollere Passagen bei gr\u00f6\u00dferen Auftritten \u00fcbernahm. Inzwischen ist daraus das \u201einvocanto Vokalensemble\u201c entstanden, das ebenso wie der Kirchenchor von Peter Laue geleitet wird.<\/p>\n<p>Der Evangelische Kirchenchor Weiler freut sich jederzeit sehr \u00fcber neue S\u00e4ngerinnen und S\u00e4nger. Besuchen Sie einfach ganz unverbindlich unsere Chorprobe zum \u201eSchnuppersingen\u201c.<\/p>\n<p>Zeit: Donnerstags, 19.00 bis 20.30 Uhr<\/p>\n<p>Ort: B\u00fcrgersaal in der Verwaltungsstelle Weiler<\/p>\n<p>Chorleiter: Peter Laue<br \/>\nVorsitzende: Sibylle Heller<\/p>\n<p><span style=\"line-height: 1.5em;\"><a title=\"&#107;&#x69;&#114;&#x63;&#104;&#x65;n&#x63;h&#111;&#x72;&#45;&#x77;&#101;&#x69;l&#x65;r&#64;&#x6b;&#105;&#x72;&#99;&#x68;&#101;&#x2d;h&#x69;l&#115;&#x62;&#97;&#x63;&#104;&#x2d;w&#x65;i&#108;&#x65;&#114;&#x2e;&#100;&#x65;\" href=\"ma&#105;&#108;&#x74;&#x6f;&#x3a;&#x6b;ir&#99;&#104;&#x65;&#x6e;&#x63;&#x68;or&#45;&#119;&#101;&#x69;&#x6c;&#x65;&#x72;&#64;k&#105;&#114;&#x63;&#x68;&#x65;&#x2d;hi&#108;&#115;&#x62;&#x61;&#x63;&#x68;-w&#101;&#105;&#108;&#x65;&#x72;&#x2e;&#x64;e\">&#x6b;&#105;r&#x63;&#104;e&#x6e;&#99;h&#x6f;&#114;-&#x77;&#101;i&#x6c;&#101;r&#x40;&#107;i&#x72;&#99;h&#x65;&#45;h&#x69;&#108;s&#x62;&#97;c&#x68;&#45;w&#x65;&#105;l&#x65;&#114;&#46;&#x64;&#101;<\/a><\/span><\/p>\n","protected":false},"excerpt":{"rendered":"<p>Der Evangelische Kirchenchor Weiler konnte im Jahr 2010 sein 125-j\u00e4hriges Bestehen feiern. Mit gro\u00dfer Freude singt er in den Gemeindegottesdiensten zum Lobe Gottes. Immer am Sonntag \u201eKantate \u2013 Singet dem Herrn\u201c gestaltet der Kirchenchor einen besonderen kirchenmusikalischen Gottesdienst, in dem meist gr\u00f6\u00dfere Werke \u2013 auch mit Instrumentalisten &#8211; aufgef\u00fchrt werden. Jedes Jahr zum 4. Advent &#8230; <span class=\"more\"><a class=\"more-link\" href=\"https:\/\/kirche-hilsbach-weiler.de\/hw\/?page_id=5988\">[Weiter&#8230;]<\/a><\/span><\/p>\n","protected":false},"author":6,"featured_media":6013,"parent":0,"menu_order":0,"comment_status":"closed","ping_status":"closed","template":"","meta":{"ngg_post_thumbnail":0,"footnotes":""},"class_list":{"0":"entry","1":"page","2":"publish","3":"author-ekhwadmin","4":"post-5988","6":"has-post-thumbnail"},"jetpack_shortlink":"https:\/\/wp.me\/P4vBdR-1yA","jetpack_likes_enabled":false,"jetpack-related-posts":[{"id":1651,"url":"https:\/\/kirche-hilsbach-weiler.de\/hw\/?page_id=1651","url_meta":{"origin":5988,"position":0},"title":"Gemeindeleben","author":"Administrator","date":"7. M\u00e4rz 2014","format":false,"excerpt":"In vielf\u00e4ltigen Gottesdiensten und anderen regelm\u00e4\u00dfigen Veranstaltungen k\u00f6nnen Sie bei uns Gemeinde (er-)leben:","rel":"","context":"\u00c4hnlicher Beitrag","block_context":{"text":"\u00c4hnlicher Beitrag","link":""},"img":{"alt_text":"","src":"","width":0,"height":0},"classes":[]},{"id":5991,"url":"https:\/\/kirche-hilsbach-weiler.de\/hw\/?page_id=5991","url_meta":{"origin":5988,"position":1},"title":"Kirchenchor Hilsbach","author":"Administrator","date":"18. November 2017","format":false,"excerpt":"Sie singen gerne? Und sie m\u00f6gen Kirchenmusik aus allen Epochen \u2013 klassisch bis modern?\u00a0Sie m\u00f6gen es, wenn ein Gottesdienst durch Chormusik bereichert wird? Dann sind Sie bei uns richtig \u2013 im evangelischen Kirchenchor Hilsbach.\u00a0Wir sind ein kleiner Chor mit 24 S\u00e4ngerinnen und S\u00e4ngern \u2013 jungen bis alten.\u00a0Unsere junge Dirigentin, Sabrina\u2026","rel":"","context":"\u00c4hnlicher Beitrag","block_context":{"text":"\u00c4hnlicher Beitrag","link":""},"img":{"alt_text":"","src":"https:\/\/i0.wp.com\/kirche-hilsbach-weiler.de\/hw\/wp-content\/uploads\/2017\/11\/KirchenchorHilsbach-e1511030468365.jpeg?fit=350%2C235&ssl=1&resize=350%2C200","width":350,"height":200},"classes":[]},{"id":25,"url":"https:\/\/kirche-hilsbach-weiler.de\/hw\/?page_id=25","url_meta":{"origin":5988,"position":2},"title":"Infos","author":"Administrator","date":"29. Juni 2012","format":false,"excerpt":"","rel":"","context":"\u00c4hnlicher Beitrag","block_context":{"text":"\u00c4hnlicher Beitrag","link":""},"img":{"alt_text":"","src":"https:\/\/i0.wp.com\/kirche-hilsbach-weiler.de\/hw\/wp-content\/uploads\/2020\/04\/KirchenHilsbachWeiler-17-scaled.jpg?resize=350%2C200&ssl=1","width":350,"height":200,"srcset":"https:\/\/i0.wp.com\/kirche-hilsbach-weiler.de\/hw\/wp-content\/uploads\/2020\/04\/KirchenHilsbachWeiler-17-scaled.jpg?resize=350%2C200&ssl=1 1x, https:\/\/i0.wp.com\/kirche-hilsbach-weiler.de\/hw\/wp-content\/uploads\/2020\/04\/KirchenHilsbachWeiler-17-scaled.jpg?resize=525%2C300&ssl=1 1.5x, https:\/\/i0.wp.com\/kirche-hilsbach-weiler.de\/hw\/wp-content\/uploads\/2020\/04\/KirchenHilsbachWeiler-17-scaled.jpg?resize=700%2C400&ssl=1 2x, https:\/\/i0.wp.com\/kirche-hilsbach-weiler.de\/hw\/wp-content\/uploads\/2020\/04\/KirchenHilsbachWeiler-17-scaled.jpg?resize=1050%2C600&ssl=1 3x, https:\/\/i0.wp.com\/kirche-hilsbach-weiler.de\/hw\/wp-content\/uploads\/2020\/04\/KirchenHilsbachWeiler-17-scaled.jpg?resize=1400%2C800&ssl=1 4x"},"classes":[]},{"id":5982,"url":"https:\/\/kirche-hilsbach-weiler.de\/hw\/?page_id=5982","url_meta":{"origin":5988,"position":3},"title":"invocanto Vokalensemble","author":"Administrator","date":"18. November 2017","format":false,"excerpt":"invocanto entstand 1998 als Vokalensemble aus dem Evangelischen Kirchenchor Sinsheim-Weiler, dem es nach wie vor organisatorisch als Abteilung verbunden bleibt. Die S\u00e4ngerinnen und S\u00e4nger pflegen insbesondere Musik des 16. und 17. Jahrhunderts in kammermusikalischen Besetzungen. Insbesondere ihr Anspruch an Intonation, Textverst\u00e4ndlichkeit und frische Lebendigkeit der dargebotenen Inhalte begeistern immer wieder\u2026","rel":"","context":"\u00c4hnlicher Beitrag","block_context":{"text":"\u00c4hnlicher Beitrag","link":""},"img":{"alt_text":"","src":"","width":0,"height":0},"classes":[]},{"id":1649,"url":"https:\/\/kirche-hilsbach-weiler.de\/hw\/?page_id=1649","url_meta":{"origin":5988,"position":4},"title":"O.A.S.E.","author":"Administrator","date":"7. M\u00e4rz 2014","format":false,"excerpt":"Von 2011 - 2017 gab es die \"O.A.S.E.\", einen Gottesdienst, der offen \u2013 anders \u2013 spannend \u2013 erfrischend ist, bei dem ganze Familien herzlich willkommen sind und jeder auf seine Kosten kommt, den wir lebendig, kreativ und mit allen Sinnen feiern, der von mehreren Teams vorbereitet und gestaltet wird (Ablauf,\u2026","rel":"","context":"\u00c4hnlicher Beitrag","block_context":{"text":"\u00c4hnlicher Beitrag","link":""},"img":{"alt_text":"","src":"https:\/\/i0.wp.com\/kirche-hilsbach-weiler.de\/hw\/wp-content\/uploads\/2014\/03\/oase_page.jpg?fit=928%2C417&ssl=1&resize=350%2C200","width":350,"height":200,"srcset":"https:\/\/i0.wp.com\/kirche-hilsbach-weiler.de\/hw\/wp-content\/uploads\/2014\/03\/oase_page.jpg?fit=928%2C417&ssl=1&resize=350%2C200 1x, https:\/\/i0.wp.com\/kirche-hilsbach-weiler.de\/hw\/wp-content\/uploads\/2014\/03\/oase_page.jpg?fit=928%2C417&ssl=1&resize=525%2C300 1.5x, https:\/\/i0.wp.com\/kirche-hilsbach-weiler.de\/hw\/wp-content\/uploads\/2014\/03\/oase_page.jpg?fit=928%2C417&ssl=1&resize=700%2C400 2x"},"classes":[]},{"id":1895,"url":"https:\/\/kirche-hilsbach-weiler.de\/hw\/?page_id=1895","url_meta":{"origin":5988,"position":5},"title":"Predigten","author":"Administrator","date":"14. April 2014","format":false,"excerpt":"NACHgeDACHT \u00fcber Himmel & Erde Andachten, Predigten & mehr zum NACHschauen, NACHh\u00f6ren und NACHdenken","rel":"","context":"\u00c4hnlicher Beitrag","block_context":{"text":"\u00c4hnlicher Beitrag","link":""},"img":{"alt_text":"","src":"https:\/\/i0.wp.com\/kirche-hilsbach-weiler.de\/hw\/wp-content\/uploads\/2023\/01\/nachGEDACHT-2.jpg?fit=1200%2C675&ssl=1&resize=350%2C200","width":350,"height":200,"srcset":"https:\/\/i0.wp.com\/kirche-hilsbach-weiler.de\/hw\/wp-content\/uploads\/2023\/01\/nachGEDACHT-2.jpg?fit=1200%2C675&ssl=1&resize=350%2C200 1x, https:\/\/i0.wp.com\/kirche-hilsbach-weiler.de\/hw\/wp-content\/uploads\/2023\/01\/nachGEDACHT-2.jpg?fit=1200%2C675&ssl=1&resize=525%2C300 1.5x, https:\/\/i0.wp.com\/kirche-hilsbach-weiler.de\/hw\/wp-content\/uploads\/2023\/01\/nachGEDACHT-2.jpg?fit=1200%2C675&ssl=1&resize=700%2C400 2x, https:\/\/i0.wp.com\/kirche-hilsbach-weiler.de\/hw\/wp-content\/uploads\/2023\/01\/nachGEDACHT-2.jpg?fit=1200%2C675&ssl=1&resize=1050%2C600 3x"},"classes":[]}],"jetpack_sharing_enabled":true,"_links":{"self":[{"href":"https:\/\/kirche-hilsbach-weiler.de\/hw\/index.php?rest_route=\/wp\/v2\/pages\/5988","targetHints":{"allow":["GET"]}}],"collection":[{"href":"https:\/\/kirche-hilsbach-weiler.de\/hw\/index.php?rest_route=\/wp\/v2\/pages"}],"about":[{"href":"https:\/\/kirche-hilsbach-weiler.de\/hw\/index.php?rest_route=\/wp\/v2\/types\/page"}],"author":[{"embeddable":true,"href":"https:\/\/kirche-hilsbach-weiler.de\/hw\/index.php?rest_route=\/wp\/v2\/users\/6"}],"replies":[{"embeddable":true,"href":"https:\/\/kirche-hilsbach-weiler.de\/hw\/index.php?rest_route=%2Fwp%2Fv2%2Fcomments&post=5988"}],"version-history":[{"count":0,"href":"https:\/\/kirche-hilsbach-weiler.de\/hw\/index.php?rest_route=\/wp\/v2\/pages\/5988\/revisions"}],"wp:featuredmedia":[{"embeddable":true,"href":"https:\/\/kirche-hilsbach-weiler.de\/hw\/index.php?rest_route=\/wp\/v2\/media\/6013"}],"wp:attachment":[{"href":"https:\/\/kirche-hilsbach-weiler.de\/hw\/index.php?rest_route=%2Fwp%2Fv2%2Fmedia&parent=5988"}],"curies":[{"name":"wp","href":"https:\/\/api.w.org\/{rel}","templated":true}]}}