{"id":5994,"date":"2017-11-18T16:07:59","date_gmt":"2017-11-18T15:07:59","guid":{"rendered":"https:\/\/kirche-hilsbach-weiler.de\/hw\/?page_id=5994"},"modified":"2024-08-06T20:06:53","modified_gmt":"2024-08-06T18:06:53","slug":"jungschar","status":"publish","type":"page","link":"https:\/\/kirche-hilsbach-weiler.de\/hw\/?page_id=5994","title":{"rendered":"Jungschar"},"content":{"rendered":"<p>Mit anderen Kindern spielen, Geschichten aus der Bibel h\u00f6ren, gemeinsam Lieder singen und Spa\u00df haben. Das klingt doch gut!<\/p>\n<p>Hast Du Lust, dabei zu sein? Dann bist Du in der Jungschar herzlich willkommen!<br \/>\nF\u00fcr Kinder im Alter von 6 bis 13 Jahren findet derzeit freitags (au\u00dfer an Feiertagen und Ferien) beim\/ im evangelischen Gemeindehaus HilsbachWeiler (Burggrafenstra\u00dfe 12 neben dem Kindergarten in Weiler) die Jungschar statt.<\/p>\n<p>Hier erlebst Du nicht nur all die sch\u00f6nen Dinge, sondern h\u00f6rst auch von dem Gott, der Dich liebt! Du hast Freundinnen und Freunde, die auch gerne kommen w\u00fcrden? Gar kein Problem &#8211; bring sie einfach mit!<\/p>\n<p><span class=\"\" dir=\"ltr\" role=\"presentation\"><span class=\"highlight selected appended\">W<\/span><\/span><span dir=\"ltr\" role=\"presentation\">ir treffen uns immer freitags im Ge<\/span><span dir=\"ltr\" role=\"presentation\">meindehaus um 16.00 \/16.45 Uhr und zwar im Wechsel von Gruppe 1 (Klasse 1 &#8211; 3) <\/span><span dir=\"ltr\" role=\"presentation\">und Gruppe 2 (Klasse 4 &#8211; 7).<br \/>\nDu m\u00f6chtest mehr wissen und wann welche Gruppe <\/span><span class=\"\" dir=\"ltr\" role=\"presentation\">dran ist? Dann melde Dich bei <\/span>Damaris Divivier (<a title=\"&#x6a;&#117;&#110;g&#x73;&#x63;&#104;a&#x72;&#x40;&#107;i&#x72;&#x63;&#104;e&#x2d;&#x68;&#105;l&#x73;&#x62;&#97;c&#x68;&#x2d;&#119;&#101;i&#x6c;&#x65;&#114;&#46;&#x64;&#x65;\" href=\"&#x6d;&#x61;&#105;l&#x74;&#x6f;&#x3a;&#106;u&#x6e;&#x67;&#x73;&#99;h&#x61;&#x72;&#x40;&#107;i&#x72;&#x63;&#x68;&#101;-&#x68;&#x69;&#x6c;&#115;b&#x61;&#x63;&#x68;&#45;w&#x65;&#x69;&#x6c;&#101;r&#x2e;&#x64;&#x65;\">&#x6a;&#117;&#x6e;&#x67;&#115;&#x63;&#x68;&#97;&#x72;&#x40;&#107;&#x69;&#x72;c&#x68;&#x65;-&#x68;&#105;l&#x73;&#98;a&#x63;&#104;-&#x77;&#101;i&#x6c;&#101;r&#x2e;&#100;e<\/a>).<\/p>\n","protected":false},"excerpt":{"rendered":"<p>Mit anderen Kindern spielen, Geschichten aus der Bibel h\u00f6ren, gemeinsam Lieder singen und Spa\u00df haben. Das klingt doch gut! Hast Du Lust, dabei zu sein? Dann bist Du in der Jungschar herzlich willkommen! F\u00fcr Kinder im Alter von 6 bis 13 Jahren findet derzeit freitags (au\u00dfer an Feiertagen und Ferien) beim\/ im evangelischen Gemeindehaus HilsbachWeiler &#8230; <span class=\"more\"><a class=\"more-link\" href=\"https:\/\/kirche-hilsbach-weiler.de\/hw\/?page_id=5994\">[Weiter&#8230;]<\/a><\/span><\/p>\n","protected":false},"author":6,"featured_media":6010,"parent":0,"menu_order":0,"comment_status":"closed","ping_status":"closed","template":"","meta":{"ngg_post_thumbnail":0,"footnotes":""},"class_list":{"0":"entry","1":"page","2":"publish","3":"author-ekhwadmin","4":"post-5994","6":"has-post-thumbnail"},"jetpack_shortlink":"https:\/\/wp.me\/P4vBdR-1yG","jetpack_likes_enabled":false,"jetpack-related-posts":[{"id":2790,"url":"https:\/\/kirche-hilsbach-weiler.de\/hw\/?page_id=2790","url_meta":{"origin":5994,"position":0},"title":"Termine","author":"Carsten Glaser","date":"27. Juli 2014","format":false,"excerpt":"","rel":"","context":"\u00c4hnlicher Beitrag","block_context":{"text":"\u00c4hnlicher Beitrag","link":""},"img":{"alt_text":"","src":"","width":0,"height":0},"classes":[]},{"id":5997,"url":"https:\/\/kirche-hilsbach-weiler.de\/hw\/?page_id=5997","url_meta":{"origin":5994,"position":1},"title":"PfefferCH\u00d6Rner","author":"Administrator","date":"18. November 2017","format":false,"excerpt":"Jeden Freitag von 15.55 bis 16.30 Uhr treffen wir uns im evangelischen Gemeindehaus HilsbachWeiler in der Burggrafenstra\u00dfe 12 in Weiler. Wir? Das sind Kinder im Grundschulalter (und gerne auch dar\u00fcber hinaus), die Lust am Singen haben. Immer wieder gestalten wir Gottesdienste mit oder geben Konzerte. Und die Vorschulkinder singen und\u2026","rel":"","context":"\u00c4hnlicher Beitrag","block_context":{"text":"\u00c4hnlicher Beitrag","link":""},"img":{"alt_text":"","src":"https:\/\/i0.wp.com\/kirche-hilsbach-weiler.de\/hw\/wp-content\/uploads\/2018\/03\/PfefferCH%C3%96Rner-1.jpg?fit=1200%2C421&ssl=1&resize=350%2C200","width":350,"height":200,"srcset":"https:\/\/i0.wp.com\/kirche-hilsbach-weiler.de\/hw\/wp-content\/uploads\/2018\/03\/PfefferCH%C3%96Rner-1.jpg?fit=1200%2C421&ssl=1&resize=350%2C200 1x, https:\/\/i0.wp.com\/kirche-hilsbach-weiler.de\/hw\/wp-content\/uploads\/2018\/03\/PfefferCH%C3%96Rner-1.jpg?fit=1200%2C421&ssl=1&resize=525%2C300 1.5x, https:\/\/i0.wp.com\/kirche-hilsbach-weiler.de\/hw\/wp-content\/uploads\/2018\/03\/PfefferCH%C3%96Rner-1.jpg?fit=1200%2C421&ssl=1&resize=700%2C400 2x, https:\/\/i0.wp.com\/kirche-hilsbach-weiler.de\/hw\/wp-content\/uploads\/2018\/03\/PfefferCH%C3%96Rner-1.jpg?fit=1200%2C421&ssl=1&resize=1050%2C600 3x"},"classes":[]},{"id":1925,"url":"https:\/\/kirche-hilsbach-weiler.de\/hw\/?page_id=1925","url_meta":{"origin":5994,"position":2},"title":"App f\u00fcr Smartphone &#038; Web","author":"Administrator","date":"29. M\u00e4rz 2014","format":false,"excerpt":"Wir haben eine eigene App und laden Euch ein diese zu testen und zu nutzen! Durch diese App k\u00f6nnen wir die Kommunikation in der Gemeinde und innerhalb der Mitarbeitenden von Gemeindegruppen vereinfachen. Alle Nutzer der App werden aktuell \u00fcber Neuigkeiten, Empfehlungen, Veranstaltungen und mehr informiert. Ihr findet die f\u00fcr Euch\u2026","rel":"","context":"\u00c4hnlicher Beitrag","block_context":{"text":"\u00c4hnlicher Beitrag","link":""},"img":{"alt_text":"","src":"https:\/\/i0.wp.com\/kirche-hilsbach-weiler.de\/hw\/wp-content\/uploads\/2020\/07\/Appstore-300x89.png?resize=350%2C200&ssl=1","width":350,"height":200},"classes":[]},{"id":8284,"url":"https:\/\/kirche-hilsbach-weiler.de\/hw\/?page_id=8284","url_meta":{"origin":5994,"position":3},"title":"App f\u00fcr Smartphone &#038; Web","author":"Carsten Glaser","date":"1. Juli 2020","format":false,"excerpt":"Wir haben eine eigene App und laden Euch ein diese zu testen und zu nutzen! Durch diese App k\u00f6nnen wir die Kommunikation in der Gemeinde und innerhalb der Mitarbeitenden von Gemeindegruppen vereinfachen. Alle Nutzer der App werden aktuell \u00fcber Neuigkeiten, Empfehlungen, Veranstaltungen und mehr informiert. Ihr findet die f\u00fcr Euch\u2026","rel":"","context":"\u00c4hnlicher Beitrag","block_context":{"text":"\u00c4hnlicher Beitrag","link":""},"img":{"alt_text":"","src":"https:\/\/i0.wp.com\/kirche-hilsbach-weiler.de\/hw\/wp-content\/uploads\/2020\/07\/Appstore-300x89.png?resize=350%2C200&ssl=1","width":350,"height":200},"classes":[]},{"id":5979,"url":"https:\/\/kirche-hilsbach-weiler.de\/hw\/?page_id=5979","url_meta":{"origin":5994,"position":4},"title":"Teentreff","author":"Administrator","date":"18. November 2017","format":false,"excerpt":"Essen, Spielen und Spa\u00df haben. Reden \u00fcber GOTT und die WELT. F\u00fcr alle Teenager von 13 bis 16 Jahren aus Hilsbach & Weiler. Immer freitags von 18.30 bis 20.00 Uhr. Im Ev. Gemeindehaus HilsbachWeiler. Was konkret gemacht wird, kannst DU mitbestimmen. Infos gibt's bei Ann-Kathrin Wei\u00df: E-Mail: teentreff@kirche-hilsbach-weiler.de","rel":"","context":"\u00c4hnlicher Beitrag","block_context":{"text":"\u00c4hnlicher Beitrag","link":""},"img":{"alt_text":"Teentreff","src":"https:\/\/i0.wp.com\/kirche-hilsbach-weiler.de\/hw\/wp-content\/uploads\/2017\/11\/Teentreff2-0-e1511465072978.jpg?fit=696%2C358&ssl=1&resize=350%2C200","width":350,"height":200,"srcset":"https:\/\/i0.wp.com\/kirche-hilsbach-weiler.de\/hw\/wp-content\/uploads\/2017\/11\/Teentreff2-0-e1511465072978.jpg?fit=696%2C358&ssl=1&resize=350%2C200 1x, https:\/\/i0.wp.com\/kirche-hilsbach-weiler.de\/hw\/wp-content\/uploads\/2017\/11\/Teentreff2-0-e1511465072978.jpg?fit=696%2C358&ssl=1&resize=525%2C300 1.5x"},"classes":[]},{"id":6516,"url":"https:\/\/kirche-hilsbach-weiler.de\/hw\/?page_id=6516","url_meta":{"origin":5994,"position":5},"title":"Jugendkreis","author":"Carsten Glaser","date":"4. Februar 2018","format":false,"excerpt":"Warum lebe ich? Gibt es ein Leben nach dem Tod? Was denkt Gott \u00fcber mich? Und wie ist Gott \u00fcberhaupt? Fragen \u00fcber Fragen! Vielleicht hast Du Dir diese oder \u00e4hnliche Fragen schon einmal gestellt oder Du findest sie interessant. Wenn das der Fall ist, hast Du die M\u00f6glichkeit auf einige\u2026","rel":"","context":"\u00c4hnlicher Beitrag","block_context":{"text":"\u00c4hnlicher Beitrag","link":""},"img":{"alt_text":"","src":"https:\/\/i0.wp.com\/kirche-hilsbach-weiler.de\/hw\/wp-content\/uploads\/2018\/02\/Glaubenskurs.png?fit=640%2C263&ssl=1&resize=350%2C200","width":350,"height":200,"srcset":"https:\/\/i0.wp.com\/kirche-hilsbach-weiler.de\/hw\/wp-content\/uploads\/2018\/02\/Glaubenskurs.png?fit=640%2C263&ssl=1&resize=350%2C200 1x, https:\/\/i0.wp.com\/kirche-hilsbach-weiler.de\/hw\/wp-content\/uploads\/2018\/02\/Glaubenskurs.png?fit=640%2C263&ssl=1&resize=525%2C300 1.5x"},"classes":[]}],"jetpack_sharing_enabled":true,"_links":{"self":[{"href":"https:\/\/kirche-hilsbach-weiler.de\/hw\/index.php?rest_route=\/wp\/v2\/pages\/5994","targetHints":{"allow":["GET"]}}],"collection":[{"href":"https:\/\/kirche-hilsbach-weiler.de\/hw\/index.php?rest_route=\/wp\/v2\/pages"}],"about":[{"href":"https:\/\/kirche-hilsbach-weiler.de\/hw\/index.php?rest_route=\/wp\/v2\/types\/page"}],"author":[{"embeddable":true,"href":"https:\/\/kirche-hilsbach-weiler.de\/hw\/index.php?rest_route=\/wp\/v2\/users\/6"}],"replies":[{"embeddable":true,"href":"https:\/\/kirche-hilsbach-weiler.de\/hw\/index.php?rest_route=%2Fwp%2Fv2%2Fcomments&post=5994"}],"version-history":[{"count":3,"href":"https:\/\/kirche-hilsbach-weiler.de\/hw\/index.php?rest_route=\/wp\/v2\/pages\/5994\/revisions"}],"predecessor-version":[{"id":11231,"href":"https:\/\/kirche-hilsbach-weiler.de\/hw\/index.php?rest_route=\/wp\/v2\/pages\/5994\/revisions\/11231"}],"wp:featuredmedia":[{"embeddable":true,"href":"https:\/\/kirche-hilsbach-weiler.de\/hw\/index.php?rest_route=\/wp\/v2\/media\/6010"}],"wp:attachment":[{"href":"https:\/\/kirche-hilsbach-weiler.de\/hw\/index.php?rest_route=%2Fwp%2Fv2%2Fmedia&parent=5994"}],"curies":[{"name":"wp","href":"https:\/\/api.w.org\/{rel}","templated":true}]}}