{"id":6000,"date":"2017-11-18T16:07:59","date_gmt":"2017-11-18T15:07:59","guid":{"rendered":"https:\/\/kirche-hilsbach-weiler.de\/hw\/?page_id=6000"},"modified":"2024-07-29T22:10:57","modified_gmt":"2024-07-29T20:10:57","slug":"posaunenchor","status":"publish","type":"page","link":"https:\/\/kirche-hilsbach-weiler.de\/hw\/?page_id=6000","title":{"rendered":"Posaunenchor"},"content":{"rendered":"<p>&#8220;Posaunench\u00f6re sind reine Blechbl\u00e4sergruppen, deren wesentliche Aufgabe es ist, Gottesdienste mitzugestalten und auch sonst im Freien zur Ehre Gottes zu spielen&#8221;, hie\u00df es im Aufruf zur Gr\u00fcnderversammlung, die am Mittwoch, 09.12.1981 erfolgte.<\/p>\n<p>Die Anregung ging von Pfarrer Adalbert Glaser aus. Zur Gr\u00fcndungsversammlung kamen in Weiler unterm Kindergarten 23 Interessierte zusammen. Die evangelische Kirchengemeinde kaufte f\u00fcr 15.000 DM 17 Instrumente. Acht weitere wurden aus Baiertal geliehen, darunter eine Tuba.<\/p>\n<p>Der erste Auftritt fand am 3. Advent 1982 statt. Das gesamte Programm bestand damals aus zwei Chor\u00e4len, die beim \u00f6kumenischen Seniorennachmittag vorgespielt wurden. Der Posaunenchor war in seiner Anfangszeit auch eine Jugendgruppe, die auf Freizeiten und Lehrg\u00e4ngen ihre Zusammengeh\u00f6rigkeit aufbaute. Durch die Zusammenstellung des Chores und die Einbindung in die Jugendarbeit der Kirchengemeinde konnten immer wieder junge Bl\u00e4serinnen und Bl\u00e4ser gewonnen werden.<\/p>\n<p>Der Posaunenchor veranstaltet selbst Lehrg\u00e4nge und Freizeiten, die uns bis ins Elsass gebracht haben. Ein H\u00f6hepunkt war das Spielen auf dem Landestreffen der Jugend 1984 in Kirchenbezirk Sinsheim, unser 10-j\u00e4hriges Jubil\u00e4umskonzert am 17.Mai 1992 und noch weitere Konzert in der Adventszeit.<\/p>\n<p>Der Posaunenchor beteiligt sich neben seinen Aufgaben in der Kirchengemeinde auch am Vereinsleben in Hilsbach und Weiler. So wurde sowohl auf runden Vereinsjubil\u00e4en gespielt, als auch w\u00e4hrend der 1200-Jahr-Feier in Hilsbach. Ein Schwerpunkt unseres Bl\u00e4serdasein ist immer wieder die Adventszeit mit dem Weihnachtsmarkt in Weiler, Gemeindefest in Hilsbach und dem Platzblasen an Heiligabend, das der Chor seit 1983 veranstaltet und in all diesen Jahren nie ausgefallen ist.<\/p>\n<p>Die bisherigen Dirigenten:<\/p>\n<ul>\n<li>1981 bis 1985 Werner Zuber<\/li>\n<li>1985&nbsp; bis 1989 Damaris Grau (geb. Grimm)<\/li>\n<li>1989 bis 1992 Dorothea Lorenz<\/li>\n<li>1992 bis 2007 Raimund Mack<\/li>\n<li>2008 bis 2010 Harald Hoffmeister<\/li>\n<li>seit 2010 Markus Leonhardt<\/li>\n<\/ul>\n<p>Wir proben <strong>montags ab 20.00 Uhr im Ev. Gemeindehaus HilsbachWeiler<\/strong>. Jeder, der mitblasen m\u00f6chte, ist uns recht herzlich willkommen!<\/p>\n<p>Kontaktadresse:<\/p>\n<p>Gerd Gassmann<br \/>\nWiepurgstra\u00dfe 10<br \/>\nTel: 07261 17888<br \/>\n<a href=\"&#109;a&#x69;l&#x74;o&#x3a;p&#x6f;s&#x61;u&#x6e;&#101;&#x6e;&#99;&#x68;&#111;&#x72;&#64;&#x6b;&#105;&#x72;&#99;&#x68;&#101;-&#x68;i&#x6c;s&#x62;a&#x63;h&#x2d;w&#x65;&#105;&#x6c;&#101;&#x72;&#46;&#x64;&#101;\">&#112;&#x6f;&#115;&#x61;&#117;&#x6e;e&#x6e;c&#x68;o&#114;&#x40;&#107;&#x69;&#114;&#x63;&#104;&#x65;-&#x68;i&#x6c;s&#98;&#x61;&#99;&#x68;&#45;&#x77;&#101;&#x69;l&#x65;r&#x2e;d&#101;<\/a><\/p>\n","protected":false},"excerpt":{"rendered":"<p>&#8220;Posaunench\u00f6re sind reine Blechbl\u00e4sergruppen, deren wesentliche Aufgabe es ist, Gottesdienste mitzugestalten und auch sonst im Freien zur Ehre Gottes zu spielen&#8221;, hie\u00df es im Aufruf zur Gr\u00fcnderversammlung, die am Mittwoch, 09.12.1981 erfolgte. Die Anregung ging von Pfarrer Adalbert Glaser aus. Zur Gr\u00fcndungsversammlung kamen in Weiler unterm Kindergarten 23 Interessierte zusammen. Die evangelische Kirchengemeinde kaufte f\u00fcr &#8230; <span class=\"more\"><a class=\"more-link\" href=\"https:\/\/kirche-hilsbach-weiler.de\/hw\/?page_id=6000\">[Weiter&#8230;]<\/a><\/span><\/p>\n","protected":false},"author":6,"featured_media":6364,"parent":0,"menu_order":0,"comment_status":"closed","ping_status":"closed","template":"","meta":{"ngg_post_thumbnail":0,"footnotes":""},"class_list":{"0":"entry","1":"page","2":"publish","3":"author-ekhwadmin","4":"post-6000","6":"has-post-thumbnail"},"jetpack_shortlink":"https:\/\/wp.me\/P4vBdR-1yM","jetpack_likes_enabled":false,"jetpack-related-posts":[{"id":2191,"url":"https:\/\/kirche-hilsbach-weiler.de\/hw\/?page_id=2191","url_meta":{"origin":6000,"position":0},"title":"Impressum","author":"Administrator","date":"1. April 2014","format":false,"excerpt":"Evangelische Landeskirche in Baden Evangelische Kirchengemeinde Hilsbach-Weiler Marktstr. 11 74889 Sinsheim Telefon: +49 (0) 7260317 Telefax: +49 (0) 7260920313 E-Mail: info@kirche-hilsbach-weiler.de Vertretungsberechtigt\/vertreten durch: Ralf Holzwarth Pfarrer Markus Printz Rechtsform Die Evangelische Kirchengemeinde Hilsbach-Weiler ist eine K\u00f6rperschaft des \u00f6ffentlichen Rechts. Rechtstr\u00e4ger der Aufsichtsbeh\u00f6rde: Evangelische Landeskirche in Baden, Blumenstra\u00dfe 1 - 7,\u2026","rel":"","context":"\u00c4hnlicher Beitrag","block_context":{"text":"\u00c4hnlicher Beitrag","link":""},"img":{"alt_text":"","src":"","width":0,"height":0},"classes":[]},{"id":25,"url":"https:\/\/kirche-hilsbach-weiler.de\/hw\/?page_id=25","url_meta":{"origin":6000,"position":1},"title":"Infos","author":"Administrator","date":"29. Juni 2012","format":false,"excerpt":"","rel":"","context":"\u00c4hnlicher Beitrag","block_context":{"text":"\u00c4hnlicher Beitrag","link":""},"img":{"alt_text":"","src":"https:\/\/i0.wp.com\/kirche-hilsbach-weiler.de\/hw\/wp-content\/uploads\/2020\/04\/KirchenHilsbachWeiler-17-scaled.jpg?resize=350%2C200&ssl=1","width":350,"height":200,"srcset":"https:\/\/i0.wp.com\/kirche-hilsbach-weiler.de\/hw\/wp-content\/uploads\/2020\/04\/KirchenHilsbachWeiler-17-scaled.jpg?resize=350%2C200&ssl=1 1x, https:\/\/i0.wp.com\/kirche-hilsbach-weiler.de\/hw\/wp-content\/uploads\/2020\/04\/KirchenHilsbachWeiler-17-scaled.jpg?resize=525%2C300&ssl=1 1.5x, https:\/\/i0.wp.com\/kirche-hilsbach-weiler.de\/hw\/wp-content\/uploads\/2020\/04\/KirchenHilsbachWeiler-17-scaled.jpg?resize=700%2C400&ssl=1 2x, https:\/\/i0.wp.com\/kirche-hilsbach-weiler.de\/hw\/wp-content\/uploads\/2020\/04\/KirchenHilsbachWeiler-17-scaled.jpg?resize=1050%2C600&ssl=1 3x, https:\/\/i0.wp.com\/kirche-hilsbach-weiler.de\/hw\/wp-content\/uploads\/2020\/04\/KirchenHilsbachWeiler-17-scaled.jpg?resize=1400%2C800&ssl=1 4x"},"classes":[]},{"id":5972,"url":"https:\/\/kirche-hilsbach-weiler.de\/hw\/?page_id=5972","url_meta":{"origin":6000,"position":2},"title":"SalzCH\u00d6Rner","author":"Administrator","date":"18. November 2017","format":false,"excerpt":"Die SalzCH\u00d6Rner wurden 1989 als Jugendchor Hilsbach-Weiler gegr\u00fcndet. Der fr\u00fchere Zusatz \u201aJunger Chor Hilsbach-Weiler\u2018 stimmt \u2013 was das Lebensalter der S\u00e4nger betrifft \u2013 heute zumindest noch gef\u00fchlt: Wir sind ungef\u00e4hr 25 S\u00e4ngerinnen und S\u00e4nger ganz unterschiedlichen Alters von etwa 18 bis 80 Jahren. Mitsingen darf bei uns jedoch jeder, der\u2026","rel":"","context":"\u00c4hnlicher Beitrag","block_context":{"text":"\u00c4hnlicher Beitrag","link":""},"img":{"alt_text":"","src":"https:\/\/i0.wp.com\/kirche-hilsbach-weiler.de\/hw\/wp-content\/uploads\/2015\/10\/SalzCH%C3%96Rner-2015-breit.jpg?fit=1200%2C253&ssl=1&resize=350%2C200","width":350,"height":200,"srcset":"https:\/\/i0.wp.com\/kirche-hilsbach-weiler.de\/hw\/wp-content\/uploads\/2015\/10\/SalzCH%C3%96Rner-2015-breit.jpg?fit=1200%2C253&ssl=1&resize=350%2C200 1x, https:\/\/i0.wp.com\/kirche-hilsbach-weiler.de\/hw\/wp-content\/uploads\/2015\/10\/SalzCH%C3%96Rner-2015-breit.jpg?fit=1200%2C253&ssl=1&resize=525%2C300 1.5x, https:\/\/i0.wp.com\/kirche-hilsbach-weiler.de\/hw\/wp-content\/uploads\/2015\/10\/SalzCH%C3%96Rner-2015-breit.jpg?fit=1200%2C253&ssl=1&resize=700%2C400 2x, https:\/\/i0.wp.com\/kirche-hilsbach-weiler.de\/hw\/wp-content\/uploads\/2015\/10\/SalzCH%C3%96Rner-2015-breit.jpg?fit=1200%2C253&ssl=1&resize=1050%2C600 3x"},"classes":[]},{"id":5994,"url":"https:\/\/kirche-hilsbach-weiler.de\/hw\/?page_id=5994","url_meta":{"origin":6000,"position":3},"title":"Jungschar","author":"Administrator","date":"18. November 2017","format":false,"excerpt":"Mit anderen Kindern spielen, Geschichten aus der Bibel h\u00f6ren, gemeinsam Lieder singen und Spa\u00df haben. Das klingt doch gut! Hast Du Lust, dabei zu sein? Dann bist Du in der Jungschar herzlich willkommen! F\u00fcr Kinder im Alter von 6 bis 13 Jahren findet derzeit freitags (au\u00dfer an Feiertagen und Ferien)\u2026","rel":"","context":"\u00c4hnlicher Beitrag","block_context":{"text":"\u00c4hnlicher Beitrag","link":""},"img":{"alt_text":"","src":"","width":0,"height":0},"classes":[]},{"id":1895,"url":"https:\/\/kirche-hilsbach-weiler.de\/hw\/?page_id=1895","url_meta":{"origin":6000,"position":4},"title":"Predigten","author":"Administrator","date":"14. April 2014","format":false,"excerpt":"NACHgeDACHT \u00fcber Himmel & Erde Andachten, Predigten & mehr zum NACHschauen, NACHh\u00f6ren und NACHdenken","rel":"","context":"\u00c4hnlicher Beitrag","block_context":{"text":"\u00c4hnlicher Beitrag","link":""},"img":{"alt_text":"","src":"https:\/\/i0.wp.com\/kirche-hilsbach-weiler.de\/hw\/wp-content\/uploads\/2023\/01\/nachGEDACHT-2.jpg?fit=1200%2C675&ssl=1&resize=350%2C200","width":350,"height":200,"srcset":"https:\/\/i0.wp.com\/kirche-hilsbach-weiler.de\/hw\/wp-content\/uploads\/2023\/01\/nachGEDACHT-2.jpg?fit=1200%2C675&ssl=1&resize=350%2C200 1x, https:\/\/i0.wp.com\/kirche-hilsbach-weiler.de\/hw\/wp-content\/uploads\/2023\/01\/nachGEDACHT-2.jpg?fit=1200%2C675&ssl=1&resize=525%2C300 1.5x, https:\/\/i0.wp.com\/kirche-hilsbach-weiler.de\/hw\/wp-content\/uploads\/2023\/01\/nachGEDACHT-2.jpg?fit=1200%2C675&ssl=1&resize=700%2C400 2x, https:\/\/i0.wp.com\/kirche-hilsbach-weiler.de\/hw\/wp-content\/uploads\/2023\/01\/nachGEDACHT-2.jpg?fit=1200%2C675&ssl=1&resize=1050%2C600 3x"},"classes":[]},{"id":1649,"url":"https:\/\/kirche-hilsbach-weiler.de\/hw\/?page_id=1649","url_meta":{"origin":6000,"position":5},"title":"O.A.S.E.","author":"Administrator","date":"7. M\u00e4rz 2014","format":false,"excerpt":"Von 2011 - 2017 gab es die \"O.A.S.E.\", einen Gottesdienst, der offen \u2013 anders \u2013 spannend \u2013 erfrischend ist, bei dem ganze Familien herzlich willkommen sind und jeder auf seine Kosten kommt, den wir lebendig, kreativ und mit allen Sinnen feiern, der von mehreren Teams vorbereitet und gestaltet wird (Ablauf,\u2026","rel":"","context":"\u00c4hnlicher Beitrag","block_context":{"text":"\u00c4hnlicher Beitrag","link":""},"img":{"alt_text":"","src":"https:\/\/i0.wp.com\/kirche-hilsbach-weiler.de\/hw\/wp-content\/uploads\/2014\/03\/oase_page.jpg?fit=928%2C417&ssl=1&resize=350%2C200","width":350,"height":200,"srcset":"https:\/\/i0.wp.com\/kirche-hilsbach-weiler.de\/hw\/wp-content\/uploads\/2014\/03\/oase_page.jpg?fit=928%2C417&ssl=1&resize=350%2C200 1x, https:\/\/i0.wp.com\/kirche-hilsbach-weiler.de\/hw\/wp-content\/uploads\/2014\/03\/oase_page.jpg?fit=928%2C417&ssl=1&resize=525%2C300 1.5x, https:\/\/i0.wp.com\/kirche-hilsbach-weiler.de\/hw\/wp-content\/uploads\/2014\/03\/oase_page.jpg?fit=928%2C417&ssl=1&resize=700%2C400 2x"},"classes":[]}],"jetpack_sharing_enabled":true,"_links":{"self":[{"href":"https:\/\/kirche-hilsbach-weiler.de\/hw\/index.php?rest_route=\/wp\/v2\/pages\/6000","targetHints":{"allow":["GET"]}}],"collection":[{"href":"https:\/\/kirche-hilsbach-weiler.de\/hw\/index.php?rest_route=\/wp\/v2\/pages"}],"about":[{"href":"https:\/\/kirche-hilsbach-weiler.de\/hw\/index.php?rest_route=\/wp\/v2\/types\/page"}],"author":[{"embeddable":true,"href":"https:\/\/kirche-hilsbach-weiler.de\/hw\/index.php?rest_route=\/wp\/v2\/users\/6"}],"replies":[{"embeddable":true,"href":"https:\/\/kirche-hilsbach-weiler.de\/hw\/index.php?rest_route=%2Fwp%2Fv2%2Fcomments&post=6000"}],"version-history":[{"count":1,"href":"https:\/\/kirche-hilsbach-weiler.de\/hw\/index.php?rest_route=\/wp\/v2\/pages\/6000\/revisions"}],"predecessor-version":[{"id":11223,"href":"https:\/\/kirche-hilsbach-weiler.de\/hw\/index.php?rest_route=\/wp\/v2\/pages\/6000\/revisions\/11223"}],"wp:featuredmedia":[{"embeddable":true,"href":"https:\/\/kirche-hilsbach-weiler.de\/hw\/index.php?rest_route=\/wp\/v2\/media\/6364"}],"wp:attachment":[{"href":"https:\/\/kirche-hilsbach-weiler.de\/hw\/index.php?rest_route=%2Fwp%2Fv2%2Fmedia&parent=6000"}],"curies":[{"name":"wp","href":"https:\/\/api.w.org\/{rel}","templated":true}]}}