{"id":6003,"date":"2017-11-18T16:05:52","date_gmt":"2017-11-18T15:05:52","guid":{"rendered":"https:\/\/kirche-hilsbach-weiler.de\/hw\/?page_id=6003"},"modified":"2025-10-22T08:42:32","modified_gmt":"2025-10-22T06:42:32","slug":"hauskreis","status":"publish","type":"page","link":"https:\/\/kirche-hilsbach-weiler.de\/hw\/?page_id=6003","title":{"rendered":"Hauskreis"},"content":{"rendered":"<h2>Sechs Fragen zum Hauskreis Hilsbach-Weiler<\/h2>\n<p><strong>Was ist denn Euer Hauskreis?<\/strong><\/p>\n<p>In unserem Hauskreis treffen wir uns regelm\u00e4\u00dfig, um Glauben und Leben zu teilen.<\/p>\n<p><strong>Ist das also ein frommer Geheimzirkel?<\/strong><\/p>\n<p>Nat\u00fcrlich nicht. Die Treffen sind genauso \u00f6ffentlich wie andere Veranstaltungen.<br \/>\nWir treffen uns abwechselnd bei einzelnen Teilnehmern zu Hause, weil das oft praktischer ist (Heizen \/ Kinderbetreuung \/ Bewirtung) und ein bisschen auch, um eine vertraute Atmosph\u00e4re zu schaffen.<\/p>\n<p>Wir reden von und \u00fcber unseren Glauben an Jesus sowie mit Gott pers\u00f6nlich, weil wir davon \u00fcberzeugt sind, dass uns das in unserem Alltag hilft und Gott uns begegnet.<\/p>\n<p><strong>Muss man da eine Aufnahmepr\u00fcfung machen?<\/strong><\/p>\n<p>Jeder ist herzlich eingeladen, mit uns Kontakt aufzunehmen oder einfach zu kommen. Wenn man nicht m\u00f6chte, muss man auch keine vertraulichen Dinge \u00fcber sich preisgeben. In die letzte Reihe setzen, kann man sich allerdings nicht\u2026<\/p>\n<p>Es gibt keinerlei Voraussetzungen, au\u00dfer ein bisschen Mut, sich einfach aufzumachen.<\/p>\n<p><strong>Wie l\u00e4uft denn so ein Treffen ab?<\/strong><\/p>\n<p>Wir treffen uns freitags ab 20 Uhr. Zu Beginn reden wir ein bisschen und warten, bis die Leute (ca. 5 bis max. zw\u00f6lf Personen) beieinander sind. Dann singen wir meist einige Lieder mit Gitarre. Im Anschluss folgt die Besch\u00e4ftigung mit einer Bibelstelle oder einem Thema, das wir gemeinsam besprechen \u2013 meist hat sich jemand etwas darauf vorbereitet. Gegen Ende besteht noch die M\u00f6glichkeit, f\u00fcr pers\u00f6nliche Anliegen oder auch f\u00fcr was sonst so ansteht zu beten.<\/p>\n<p><strong>Ihr spracht oben von Bewirtung \u2013 gibt\u2019s da ein Essen?<\/strong><\/p>\n<p>Nein, nicht wirklich. Es geht da eher um Getr\u00e4nke und ein paar Knabbereien.<\/p>\n<p><strong>Wie findet man euch denn?<\/strong><\/p>\n<p>Ansprechpartner sind:<\/p>\n<p>Carsten Glaser und Ralf Holzwarth<\/p>\n<p>Sie k\u00f6nnen uns gerne pers\u00f6nlich oder per E-Mail (<a href=\"&#x6d;&#x61;&#x69;&#x6c;&#x74;&#x6f;&#x3a;&#x68;&#x61;&#x75;&#x73;&#x6b;&#x72;&#x65;&#x69;&#x73;&#x40;&#x6b;&#x69;&#x72;&#x63;&#x68;&#x65;&#x2d;&#x68;&#x69;&#x6c;&#x73;&#x62;&#x61;&#x63;&#x68;&#x2d;&#x77;&#x65;&#x69;&#x6c;&#x65;&#x72;&#x2e;&#x64;&#x65;\">hauskreis@kirche-hilsbach-weiler<\/a>) kontaktieren.<\/p>\n","protected":false},"excerpt":{"rendered":"<p>Sechs Fragen zum Hauskreis Hilsbach-Weiler Was ist denn Euer Hauskreis? In unserem Hauskreis treffen wir uns regelm\u00e4\u00dfig, um Glauben und Leben zu teilen. Ist das also ein frommer Geheimzirkel? Nat\u00fcrlich nicht. Die Treffen sind genauso \u00f6ffentlich wie andere Veranstaltungen. Wir treffen uns abwechselnd bei einzelnen Teilnehmern zu Hause, weil das oft praktischer ist (Heizen \/ &#8230; <span class=\"more\"><a class=\"more-link\" href=\"https:\/\/kirche-hilsbach-weiler.de\/hw\/?page_id=6003\">[Weiter&#8230;]<\/a><\/span><\/p>\n","protected":false},"author":6,"featured_media":8046,"parent":0,"menu_order":0,"comment_status":"closed","ping_status":"closed","template":"","meta":{"ngg_post_thumbnail":0,"footnotes":""},"class_list":{"0":"entry","1":"page","2":"publish","3":"author-ekhwadmin","4":"post-6003","6":"has-post-thumbnail"},"jetpack_shortlink":"https:\/\/wp.me\/P4vBdR-1yP","jetpack_likes_enabled":false,"jetpack-related-posts":[{"id":2016,"url":"https:\/\/kirche-hilsbach-weiler.de\/hw\/?page_id=2016","url_meta":{"origin":6003,"position":0},"title":"Projekt Jugendreferent","author":"Administrator","date":"29. M\u00e4rz 2014","format":false,"excerpt":"Eine Studie (www.stickyfaith.org) hat ergeben, dass ungef\u00e4hr die H\u00e4lfte aller Jugendlichen (in den USA) nach ihrem Schulabschluss in gro\u00dfe Glaubensn\u00f6te kommen oder sich sogar ganz vom Glauben distanzieren. Sehr wahrscheinlich ist die Zahl in Deutschland nicht wirklich erfreulicher. Wir meinen: Das muss nicht so sein! Ganz und gar nicht! Deswegen\u2026","rel":"","context":"\u00c4hnlicher Beitrag","block_context":{"text":"\u00c4hnlicher Beitrag","link":""},"img":{"alt_text":"header_juref1","src":"https:\/\/i0.wp.com\/kirche-hilsbach-weiler.de\/hw\/wp-content\/uploads\/2014\/03\/header_juref1.jpg?resize=350%2C200","width":350,"height":200,"srcset":"https:\/\/i0.wp.com\/kirche-hilsbach-weiler.de\/hw\/wp-content\/uploads\/2014\/03\/header_juref1.jpg?resize=350%2C200 1x, https:\/\/i0.wp.com\/kirche-hilsbach-weiler.de\/hw\/wp-content\/uploads\/2014\/03\/header_juref1.jpg?resize=525%2C300 1.5x, https:\/\/i0.wp.com\/kirche-hilsbach-weiler.de\/hw\/wp-content\/uploads\/2014\/03\/header_juref1.jpg?resize=700%2C400 2x"},"classes":[]},{"id":5976,"url":"https:\/\/kirche-hilsbach-weiler.de\/hw\/?page_id=5976","url_meta":{"origin":6003,"position":1},"title":"Bibelgespr\u00e4chskreis","author":"Administrator","date":"18. November 2017","format":false,"excerpt":"Die Bibel ist f\u00fcr uns Gottes Wort an die Menschen, eine Einladung zu einem Leben mit Gott, der Treffpunkt zwischen Gott und Mensch. Darum treffen wir uns mit Gott im Bibelgespr\u00e4chskreis, und zwar am Dienstag Abend, normalerweise 2mal im Monat um 19.30 Uhr. Unser Treffpunkt ist das evangelische Gemeindehaus HilsbachWeiler\u2026","rel":"","context":"\u00c4hnlicher Beitrag","block_context":{"text":"\u00c4hnlicher Beitrag","link":""},"img":{"alt_text":"","src":"","width":0,"height":0},"classes":[]},{"id":1925,"url":"https:\/\/kirche-hilsbach-weiler.de\/hw\/?page_id=1925","url_meta":{"origin":6003,"position":2},"title":"App f\u00fcr Smartphone &#038; Web","author":"Administrator","date":"29. M\u00e4rz 2014","format":false,"excerpt":"Wir haben eine eigene App und laden Euch ein diese zu testen und zu nutzen! Durch diese App k\u00f6nnen wir die Kommunikation in der Gemeinde und innerhalb der Mitarbeitenden von Gemeindegruppen vereinfachen. Alle Nutzer der App werden aktuell \u00fcber Neuigkeiten, Empfehlungen, Veranstaltungen und mehr informiert. Ihr findet die f\u00fcr Euch\u2026","rel":"","context":"\u00c4hnlicher Beitrag","block_context":{"text":"\u00c4hnlicher Beitrag","link":""},"img":{"alt_text":"","src":"https:\/\/i0.wp.com\/kirche-hilsbach-weiler.de\/hw\/wp-content\/uploads\/2020\/07\/Appstore-300x89.png?resize=350%2C200&ssl=1","width":350,"height":200},"classes":[]},{"id":8284,"url":"https:\/\/kirche-hilsbach-weiler.de\/hw\/?page_id=8284","url_meta":{"origin":6003,"position":3},"title":"App f\u00fcr Smartphone &#038; Web","author":"Carsten Glaser","date":"1. Juli 2020","format":false,"excerpt":"Wir haben eine eigene App und laden Euch ein diese zu testen und zu nutzen! Durch diese App k\u00f6nnen wir die Kommunikation in der Gemeinde und innerhalb der Mitarbeitenden von Gemeindegruppen vereinfachen. Alle Nutzer der App werden aktuell \u00fcber Neuigkeiten, Empfehlungen, Veranstaltungen und mehr informiert. Ihr findet die f\u00fcr Euch\u2026","rel":"","context":"\u00c4hnlicher Beitrag","block_context":{"text":"\u00c4hnlicher Beitrag","link":""},"img":{"alt_text":"","src":"https:\/\/i0.wp.com\/kirche-hilsbach-weiler.de\/hw\/wp-content\/uploads\/2020\/07\/Appstore-300x89.png?resize=350%2C200&ssl=1","width":350,"height":200},"classes":[]},{"id":5972,"url":"https:\/\/kirche-hilsbach-weiler.de\/hw\/?page_id=5972","url_meta":{"origin":6003,"position":4},"title":"SalzCH\u00d6Rner","author":"Administrator","date":"18. November 2017","format":false,"excerpt":"Die SalzCH\u00d6Rner wurden 1989 als Jugendchor Hilsbach-Weiler gegr\u00fcndet. Der fr\u00fchere Zusatz \u201aJunger Chor Hilsbach-Weiler\u2018 stimmt \u2013 was das Lebensalter der S\u00e4nger betrifft \u2013 heute zumindest noch gef\u00fchlt: Wir sind ungef\u00e4hr 25 S\u00e4ngerinnen und S\u00e4nger ganz unterschiedlichen Alters von etwa 18 bis 80 Jahren. Mitsingen darf bei uns jedoch jeder, der\u2026","rel":"","context":"\u00c4hnlicher Beitrag","block_context":{"text":"\u00c4hnlicher Beitrag","link":""},"img":{"alt_text":"","src":"https:\/\/i0.wp.com\/kirche-hilsbach-weiler.de\/hw\/wp-content\/uploads\/2015\/10\/SalzCH%C3%96Rner-2015-breit.jpg?fit=1200%2C253&ssl=1&resize=350%2C200","width":350,"height":200,"srcset":"https:\/\/i0.wp.com\/kirche-hilsbach-weiler.de\/hw\/wp-content\/uploads\/2015\/10\/SalzCH%C3%96Rner-2015-breit.jpg?fit=1200%2C253&ssl=1&resize=350%2C200 1x, https:\/\/i0.wp.com\/kirche-hilsbach-weiler.de\/hw\/wp-content\/uploads\/2015\/10\/SalzCH%C3%96Rner-2015-breit.jpg?fit=1200%2C253&ssl=1&resize=525%2C300 1.5x, https:\/\/i0.wp.com\/kirche-hilsbach-weiler.de\/hw\/wp-content\/uploads\/2015\/10\/SalzCH%C3%96Rner-2015-breit.jpg?fit=1200%2C253&ssl=1&resize=700%2C400 2x, https:\/\/i0.wp.com\/kirche-hilsbach-weiler.de\/hw\/wp-content\/uploads\/2015\/10\/SalzCH%C3%96Rner-2015-breit.jpg?fit=1200%2C253&ssl=1&resize=1050%2C600 3x"},"classes":[]},{"id":8362,"url":"https:\/\/kirche-hilsbach-weiler.de\/hw\/?page_id=8362","url_meta":{"origin":6003,"position":5},"title":"Monika Mench","author":"Stefan Pickel","date":"17. Juli 2020","format":false,"excerpt":"\u00a0 \"Liebe deinen N\u00e4chsten wie dich selbst\". (Markus 12,31) Monika war von September 2020 bis August 2021 in Frankreich. \u00dcber ihre Arbeit dort schreibt sie: \"Meine Leidenschaft ist es, Fl\u00fcchtlingen und Migranten in einer Vorstadt von Paris zu dienen. Sie haben alles verlassen, - Land, Familien, Verwandte, vertraute Umgebung \u2013\u2026","rel":"","context":"\u00c4hnlicher Beitrag","block_context":{"text":"\u00c4hnlicher Beitrag","link":""},"img":{"alt_text":"","src":"https:\/\/i0.wp.com\/kirche-hilsbach-weiler.de\/hw\/wp-content\/uploads\/2014\/03\/Mench-scaled.jpg?resize=350%2C200&ssl=1","width":350,"height":200,"srcset":"https:\/\/i0.wp.com\/kirche-hilsbach-weiler.de\/hw\/wp-content\/uploads\/2014\/03\/Mench-scaled.jpg?resize=350%2C200&ssl=1 1x, https:\/\/i0.wp.com\/kirche-hilsbach-weiler.de\/hw\/wp-content\/uploads\/2014\/03\/Mench-scaled.jpg?resize=525%2C300&ssl=1 1.5x, https:\/\/i0.wp.com\/kirche-hilsbach-weiler.de\/hw\/wp-content\/uploads\/2014\/03\/Mench-scaled.jpg?resize=700%2C400&ssl=1 2x, https:\/\/i0.wp.com\/kirche-hilsbach-weiler.de\/hw\/wp-content\/uploads\/2014\/03\/Mench-scaled.jpg?resize=1050%2C600&ssl=1 3x, https:\/\/i0.wp.com\/kirche-hilsbach-weiler.de\/hw\/wp-content\/uploads\/2014\/03\/Mench-scaled.jpg?resize=1400%2C800&ssl=1 4x"},"classes":[]}],"jetpack_sharing_enabled":true,"_links":{"self":[{"href":"https:\/\/kirche-hilsbach-weiler.de\/hw\/index.php?rest_route=\/wp\/v2\/pages\/6003","targetHints":{"allow":["GET"]}}],"collection":[{"href":"https:\/\/kirche-hilsbach-weiler.de\/hw\/index.php?rest_route=\/wp\/v2\/pages"}],"about":[{"href":"https:\/\/kirche-hilsbach-weiler.de\/hw\/index.php?rest_route=\/wp\/v2\/types\/page"}],"author":[{"embeddable":true,"href":"https:\/\/kirche-hilsbach-weiler.de\/hw\/index.php?rest_route=\/wp\/v2\/users\/6"}],"replies":[{"embeddable":true,"href":"https:\/\/kirche-hilsbach-weiler.de\/hw\/index.php?rest_route=%2Fwp%2Fv2%2Fcomments&post=6003"}],"version-history":[{"count":2,"href":"https:\/\/kirche-hilsbach-weiler.de\/hw\/index.php?rest_route=\/wp\/v2\/pages\/6003\/revisions"}],"predecessor-version":[{"id":11680,"href":"https:\/\/kirche-hilsbach-weiler.de\/hw\/index.php?rest_route=\/wp\/v2\/pages\/6003\/revisions\/11680"}],"wp:featuredmedia":[{"embeddable":true,"href":"https:\/\/kirche-hilsbach-weiler.de\/hw\/index.php?rest_route=\/wp\/v2\/media\/8046"}],"wp:attachment":[{"href":"https:\/\/kirche-hilsbach-weiler.de\/hw\/index.php?rest_route=%2Fwp%2Fv2%2Fmedia&parent=6003"}],"curies":[{"name":"wp","href":"https:\/\/api.w.org\/{rel}","templated":true}]}}