{"id":6060,"date":"2017-11-18T21:02:54","date_gmt":"2017-11-18T20:02:54","guid":{"rendered":"https:\/\/kirche-hilsbach-weiler.de\/hw\/?page_id=6060"},"modified":"2025-09-18T14:37:22","modified_gmt":"2025-09-18T12:37:22","slug":"startseite","status":"publish","type":"page","link":"https:\/\/kirche-hilsbach-weiler.de\/hw\/","title":{"rendered":"Herzlich willkommen"},"content":{"rendered":"<h1>Sch\u00f6n, dass Sie da sind!<\/h1>\n<p>Die evangelische Kirchengemeinde HilsbachWeiler geh\u00f6rt zum <a href=\"http:\/\/www.ev-kirchenbezirk-kraichgau.de\/\" target=\"_blank\" rel=\"noopener noreferrer\">evangelischen Kirchenbezirk Kraichgau<\/a> in der evangelischen Landeskirche in Baden (<a href=\"http:\/\/www.ekiba.de\" target=\"_blank\" rel=\"noopener noreferrer\">ekiba<\/a>).<br \/>\nIm h\u00fcgeligen Kraichgau liegen die beiden Sinsheimer Ortsteile Hilsbach (ca. 2200 Einwohner, davon ca. 700 Evangelische) und Weiler (ca. 2000 Einwohner, davon ca. 750 Evangelische).<\/p>\n<p><strong>Unser Profil:<\/strong><br \/>\nWir sind als Gemeinde unterwegs auf der Suche nach Gottes konkreten Auftr\u00e4gen in unserer Zeit. Wir wollen eine an der Bibel orientierte, lebendige, helfende, dynamische, im Alltag pr\u00e4sente, lernf\u00e4hige und attraktive Gemeinde sein. Alle Generationen finden in unserer Gemeinde ihren Platz. Wir verstehen Kirche als lebendige Gemeinschaft von Jung und Alt und als ein Ort, an dem Begegnung untereinander und mit Gott stattfindet. Unsere Gottesdienste gestalten wir einladend und lebensnah, in neuen Formen und mit kreativen Elementen, w\u00e4hrend wir gleichzeitig den Schatz der Tradition bewahren.<\/p>\n<p style=\"text-align: center;\"><strong>Neueste Beitr\u00e4ge:<\/strong><br \/>\n\n\n<div class=\"su-posts su-posts-teaser-loop \">\n\n\t\t\t\t\t\t\n\t\t\t\n\t\t\t<div id=\"su-post-11824\" class=\"su-post \">\n\t\t\t\t\t\t\t\t\t<a class=\"su-post-thumbnail\" href=\"https:\/\/kirche-hilsbach-weiler.de\/hw\/?p=11824\"><img data-recalc-dims=\"1\" loading=\"lazy\" decoding=\"async\" width=\"572\" height=\"816\" src=\"https:\/\/i0.wp.com\/kirche-hilsbach-weiler.de\/hw\/wp-content\/uploads\/2026\/03\/GB202604.png?resize=572%2C816&#038;ssl=1\" class=\"attachment-post-thumbnail size-post-thumbnail wp-post-image\" alt=\"\" srcset=\"https:\/\/i0.wp.com\/kirche-hilsbach-weiler.de\/hw\/wp-content\/uploads\/2026\/03\/GB202604.png?w=572&amp;ssl=1 572w, https:\/\/i0.wp.com\/kirche-hilsbach-weiler.de\/hw\/wp-content\/uploads\/2026\/03\/GB202604.png?resize=210%2C300&amp;ssl=1 210w\" sizes=\"auto, (max-width: 572px) 100vw, 572px\" data-attachment-id=\"11823\" data-permalink=\"https:\/\/kirche-hilsbach-weiler.de\/hw\/?attachment_id=11823\" data-orig-file=\"https:\/\/i0.wp.com\/kirche-hilsbach-weiler.de\/hw\/wp-content\/uploads\/2026\/03\/GB202604.png?fit=572%2C816&amp;ssl=1\" data-orig-size=\"572,816\" data-comments-opened=\"0\" data-image-meta=\"{&quot;aperture&quot;:&quot;0&quot;,&quot;credit&quot;:&quot;&quot;,&quot;camera&quot;:&quot;&quot;,&quot;caption&quot;:&quot;&quot;,&quot;created_timestamp&quot;:&quot;0&quot;,&quot;copyright&quot;:&quot;&quot;,&quot;focal_length&quot;:&quot;0&quot;,&quot;iso&quot;:&quot;0&quot;,&quot;shutter_speed&quot;:&quot;0&quot;,&quot;title&quot;:&quot;&quot;,&quot;orientation&quot;:&quot;0&quot;}\" data-image-title=\"GB202604\" data-image-description=\"\" data-image-caption=\"\" data-large-file=\"https:\/\/i0.wp.com\/kirche-hilsbach-weiler.de\/hw\/wp-content\/uploads\/2026\/03\/GB202604.png?fit=572%2C816&amp;ssl=1\" itemprop=\"image\" \/><\/a>\n\t\t\t\t\t\t\t\t<h2 class=\"su-post-title\"><a href=\"https:\/\/kirche-hilsbach-weiler.de\/hw\/?p=11824\">Gemeindebrief April bis Juli 2026<\/a><\/h2>\n\t\t\t<\/div>\n\n\t\t\t\t\t\n\t\t\t\n\t\t\t<div id=\"su-post-11803\" class=\"su-post \">\n\t\t\t\t\t\t\t\t\t<a class=\"su-post-thumbnail\" href=\"https:\/\/kirche-hilsbach-weiler.de\/hw\/?p=11803\"><img data-recalc-dims=\"1\" loading=\"lazy\" decoding=\"async\" width=\"700\" height=\"394\" src=\"https:\/\/i0.wp.com\/kirche-hilsbach-weiler.de\/hw\/wp-content\/uploads\/2026\/02\/Themenabende-Israel.jpg?resize=700%2C394&#038;ssl=1\" class=\"attachment-post-thumbnail size-post-thumbnail wp-post-image\" alt=\"\" srcset=\"https:\/\/i0.wp.com\/kirche-hilsbach-weiler.de\/hw\/wp-content\/uploads\/2026\/02\/Themenabende-Israel.jpg?w=1280&amp;ssl=1 1280w, https:\/\/i0.wp.com\/kirche-hilsbach-weiler.de\/hw\/wp-content\/uploads\/2026\/02\/Themenabende-Israel.jpg?resize=300%2C169&amp;ssl=1 300w, https:\/\/i0.wp.com\/kirche-hilsbach-weiler.de\/hw\/wp-content\/uploads\/2026\/02\/Themenabende-Israel.jpg?resize=1024%2C576&amp;ssl=1 1024w, https:\/\/i0.wp.com\/kirche-hilsbach-weiler.de\/hw\/wp-content\/uploads\/2026\/02\/Themenabende-Israel.jpg?resize=768%2C432&amp;ssl=1 768w\" sizes=\"auto, (max-width: 700px) 100vw, 700px\" data-attachment-id=\"11802\" data-permalink=\"https:\/\/kirche-hilsbach-weiler.de\/hw\/?attachment_id=11802\" data-orig-file=\"https:\/\/i0.wp.com\/kirche-hilsbach-weiler.de\/hw\/wp-content\/uploads\/2026\/02\/Themenabende-Israel.jpg?fit=1280%2C720&amp;ssl=1\" data-orig-size=\"1280,720\" data-comments-opened=\"0\" data-image-meta=\"{&quot;aperture&quot;:&quot;0&quot;,&quot;credit&quot;:&quot;&quot;,&quot;camera&quot;:&quot;&quot;,&quot;caption&quot;:&quot;&quot;,&quot;created_timestamp&quot;:&quot;0&quot;,&quot;copyright&quot;:&quot;&quot;,&quot;focal_length&quot;:&quot;0&quot;,&quot;iso&quot;:&quot;0&quot;,&quot;shutter_speed&quot;:&quot;0&quot;,&quot;title&quot;:&quot;&quot;,&quot;orientation&quot;:&quot;0&quot;}\" data-image-title=\"Themenabende Israel\" data-image-description=\"\" data-image-caption=\"\" data-large-file=\"https:\/\/i0.wp.com\/kirche-hilsbach-weiler.de\/hw\/wp-content\/uploads\/2026\/02\/Themenabende-Israel.jpg?fit=700%2C394&amp;ssl=1\" itemprop=\"image\" \/><\/a>\n\t\t\t\t\t\t\t\t<h2 class=\"su-post-title\"><a href=\"https:\/\/kirche-hilsbach-weiler.de\/hw\/?p=11803\">Themenabende &#8216;Israel und j\u00fcdisches Leben&#8217;<\/a><\/h2>\n\t\t\t<\/div>\n\n\t\t\t\t\t\n\t\t\t\n\t\t\t<div id=\"su-post-11776\" class=\"su-post \">\n\t\t\t\t\t\t\t\t\t<a class=\"su-post-thumbnail\" href=\"https:\/\/kirche-hilsbach-weiler.de\/hw\/?p=11776\"><img data-recalc-dims=\"1\" loading=\"lazy\" decoding=\"async\" width=\"693\" height=\"392\" src=\"https:\/\/i0.wp.com\/kirche-hilsbach-weiler.de\/hw\/wp-content\/uploads\/2026\/01\/LM.png?resize=693%2C392&#038;ssl=1\" class=\"attachment-post-thumbnail size-post-thumbnail wp-post-image\" alt=\"\" srcset=\"https:\/\/i0.wp.com\/kirche-hilsbach-weiler.de\/hw\/wp-content\/uploads\/2026\/01\/LM.png?w=693&amp;ssl=1 693w, https:\/\/i0.wp.com\/kirche-hilsbach-weiler.de\/hw\/wp-content\/uploads\/2026\/01\/LM.png?resize=300%2C170&amp;ssl=1 300w\" sizes=\"auto, (max-width: 693px) 100vw, 693px\" data-attachment-id=\"11778\" data-permalink=\"https:\/\/kirche-hilsbach-weiler.de\/hw\/?attachment_id=11778\" data-orig-file=\"https:\/\/i0.wp.com\/kirche-hilsbach-weiler.de\/hw\/wp-content\/uploads\/2026\/01\/LM.png?fit=693%2C392&amp;ssl=1\" data-orig-size=\"693,392\" data-comments-opened=\"0\" data-image-meta=\"{&quot;aperture&quot;:&quot;0&quot;,&quot;credit&quot;:&quot;&quot;,&quot;camera&quot;:&quot;&quot;,&quot;caption&quot;:&quot;&quot;,&quot;created_timestamp&quot;:&quot;0&quot;,&quot;copyright&quot;:&quot;&quot;,&quot;focal_length&quot;:&quot;0&quot;,&quot;iso&quot;:&quot;0&quot;,&quot;shutter_speed&quot;:&quot;0&quot;,&quot;title&quot;:&quot;&quot;,&quot;orientation&quot;:&quot;0&quot;}\" data-image-title=\"LM\" data-image-description=\"\" data-image-caption=\"\" data-large-file=\"https:\/\/i0.wp.com\/kirche-hilsbach-weiler.de\/hw\/wp-content\/uploads\/2026\/01\/LM.png?fit=693%2C392&amp;ssl=1\" itemprop=\"image\" \/><\/a>\n\t\t\t\t\t\t\t\t<h2 class=\"su-post-title\"><a href=\"https:\/\/kirche-hilsbach-weiler.de\/hw\/?p=11776\">HilsbachWeiler auf Youtube<\/a><\/h2>\n\t\t\t<\/div>\n\n\t\t\t\t\t\n\t\t\t\n\t\t\t<div id=\"su-post-11747\" class=\"su-post \">\n\t\t\t\t\t\t\t\t\t<a class=\"su-post-thumbnail\" href=\"https:\/\/kirche-hilsbach-weiler.de\/hw\/?p=11747\"><img data-recalc-dims=\"1\" loading=\"lazy\" decoding=\"async\" width=\"700\" height=\"632\" src=\"https:\/\/i0.wp.com\/kirche-hilsbach-weiler.de\/hw\/wp-content\/uploads\/2022\/12\/Weihnachtsgottesdienste-e1734171224492.jpg?resize=700%2C632&#038;ssl=1\" class=\"attachment-post-thumbnail size-post-thumbnail wp-post-image\" alt=\"\" srcset=\"https:\/\/i0.wp.com\/kirche-hilsbach-weiler.de\/hw\/wp-content\/uploads\/2022\/12\/Weihnachtsgottesdienste-e1734171224492.jpg?w=1240&amp;ssl=1 1240w, https:\/\/i0.wp.com\/kirche-hilsbach-weiler.de\/hw\/wp-content\/uploads\/2022\/12\/Weihnachtsgottesdienste-e1734171224492.jpg?resize=300%2C271&amp;ssl=1 300w, https:\/\/i0.wp.com\/kirche-hilsbach-weiler.de\/hw\/wp-content\/uploads\/2022\/12\/Weihnachtsgottesdienste-e1734171224492.jpg?resize=1024%2C925&amp;ssl=1 1024w, https:\/\/i0.wp.com\/kirche-hilsbach-weiler.de\/hw\/wp-content\/uploads\/2022\/12\/Weihnachtsgottesdienste-e1734171224492.jpg?resize=768%2C694&amp;ssl=1 768w\" sizes=\"auto, (max-width: 700px) 100vw, 700px\" data-attachment-id=\"10444\" data-permalink=\"https:\/\/kirche-hilsbach-weiler.de\/hw\/?attachment_id=10444\" data-orig-file=\"https:\/\/i0.wp.com\/kirche-hilsbach-weiler.de\/hw\/wp-content\/uploads\/2022\/12\/Weihnachtsgottesdienste-e1734171224492.jpg?fit=1240%2C1120&amp;ssl=1\" data-orig-size=\"1240,1120\" data-comments-opened=\"0\" data-image-meta=\"{&quot;aperture&quot;:&quot;0&quot;,&quot;credit&quot;:&quot;&quot;,&quot;camera&quot;:&quot;&quot;,&quot;caption&quot;:&quot;&quot;,&quot;created_timestamp&quot;:&quot;0&quot;,&quot;copyright&quot;:&quot;&quot;,&quot;focal_length&quot;:&quot;0&quot;,&quot;iso&quot;:&quot;0&quot;,&quot;shutter_speed&quot;:&quot;0&quot;,&quot;title&quot;:&quot;&quot;,&quot;orientation&quot;:&quot;0&quot;}\" data-image-title=\"Weihnachtsgottesdienste\" data-image-description=\"\" data-image-caption=\"\" data-large-file=\"https:\/\/i0.wp.com\/kirche-hilsbach-weiler.de\/hw\/wp-content\/uploads\/2022\/12\/Weihnachtsgottesdienste-e1734171224492.jpg?fit=700%2C632&amp;ssl=1\" itemprop=\"image\" \/><\/a>\n\t\t\t\t\t\t\t\t<h2 class=\"su-post-title\"><a href=\"https:\/\/kirche-hilsbach-weiler.de\/hw\/?p=11747\">Unsere Gottesdienste um Weihnachten<\/a><\/h2>\n\t\t\t<\/div>\n\n\t\t\t\t\t\n\t\t\t\n\t\t\t<div id=\"su-post-11743\" class=\"su-post \">\n\t\t\t\t\t\t\t\t\t<a class=\"su-post-thumbnail\" href=\"https:\/\/kirche-hilsbach-weiler.de\/hw\/?p=11743\"><img data-recalc-dims=\"1\" loading=\"lazy\" decoding=\"async\" width=\"619\" height=\"876\" src=\"https:\/\/i0.wp.com\/kirche-hilsbach-weiler.de\/hw\/wp-content\/uploads\/2023\/11\/Adventsmusik-2023_ekcw.jpg?resize=619%2C876&#038;ssl=1\" class=\"attachment-post-thumbnail size-post-thumbnail wp-post-image\" alt=\"\" srcset=\"https:\/\/i0.wp.com\/kirche-hilsbach-weiler.de\/hw\/wp-content\/uploads\/2023\/11\/Adventsmusik-2023_ekcw.jpg?w=619&amp;ssl=1 619w, https:\/\/i0.wp.com\/kirche-hilsbach-weiler.de\/hw\/wp-content\/uploads\/2023\/11\/Adventsmusik-2023_ekcw.jpg?resize=212%2C300&amp;ssl=1 212w\" sizes=\"auto, (max-width: 619px) 100vw, 619px\" data-attachment-id=\"11003\" data-permalink=\"https:\/\/kirche-hilsbach-weiler.de\/hw\/?attachment_id=11003\" data-orig-file=\"https:\/\/i0.wp.com\/kirche-hilsbach-weiler.de\/hw\/wp-content\/uploads\/2023\/11\/Adventsmusik-2023_ekcw.jpg?fit=619%2C876&amp;ssl=1\" data-orig-size=\"619,876\" data-comments-opened=\"0\" data-image-meta=\"{&quot;aperture&quot;:&quot;0&quot;,&quot;credit&quot;:&quot;&quot;,&quot;camera&quot;:&quot;&quot;,&quot;caption&quot;:&quot;&quot;,&quot;created_timestamp&quot;:&quot;0&quot;,&quot;copyright&quot;:&quot;&quot;,&quot;focal_length&quot;:&quot;0&quot;,&quot;iso&quot;:&quot;0&quot;,&quot;shutter_speed&quot;:&quot;0&quot;,&quot;title&quot;:&quot;&quot;,&quot;orientation&quot;:&quot;0&quot;}\" data-image-title=\"Adventsmusik-2023_ekcw\" data-image-description=\"\" data-image-caption=\"\" data-large-file=\"https:\/\/i0.wp.com\/kirche-hilsbach-weiler.de\/hw\/wp-content\/uploads\/2023\/11\/Adventsmusik-2023_ekcw.jpg?fit=619%2C876&amp;ssl=1\" itemprop=\"image\" \/><\/a>\n\t\t\t\t\t\t\t\t<h2 class=\"su-post-title\"><a href=\"https:\/\/kirche-hilsbach-weiler.de\/hw\/?p=11743\">Geistliche Abendmusik<\/a><\/h2>\n\t\t\t<\/div>\n\n\t\t\t\n<\/div>\n\n","protected":false},"excerpt":{"rendered":"<p>Sch\u00f6n, dass Sie da sind! Die evangelische Kirchengemeinde HilsbachWeiler geh\u00f6rt zum evangelischen Kirchenbezirk Kraichgau in der evangelischen Landeskirche in Baden (ekiba). Im h\u00fcgeligen Kraichgau liegen die beiden Sinsheimer Ortsteile Hilsbach (ca. 2200 Einwohner, davon ca. 700 Evangelische) und Weiler (ca. 2000 Einwohner, davon ca. 750 Evangelische). Unser Profil: Wir sind als Gemeinde unterwegs auf der &#8230; <span class=\"more\"><a class=\"more-link\" href=\"https:\/\/kirche-hilsbach-weiler.de\/hw\/?p=11743\">[Weiter&#8230;]<\/a><\/span><\/p>\n","protected":false},"author":6,"featured_media":0,"parent":0,"menu_order":0,"comment_status":"closed","ping_status":"closed","template":"","meta":{"ngg_post_thumbnail":0,"footnotes":""},"class_list":["entry","post","publish","author-cglaser","post-6060","page","type-page"],"jetpack_shortlink":"https:\/\/wp.me\/P4vBdR-1zK","jetpack_likes_enabled":false,"jetpack-related-posts":[{"id":25,"url":"https:\/\/kirche-hilsbach-weiler.de\/hw\/?page_id=25","url_meta":{"origin":6060,"position":0},"title":"Infos","author":"Administrator","date":"29. Juni 2012","format":false,"excerpt":"","rel":"","context":"\u00c4hnlicher Beitrag","block_context":{"text":"\u00c4hnlicher Beitrag","link":""},"img":{"alt_text":"","src":"https:\/\/i0.wp.com\/kirche-hilsbach-weiler.de\/hw\/wp-content\/uploads\/2020\/04\/KirchenHilsbachWeiler-17-scaled.jpg?resize=350%2C200&ssl=1","width":350,"height":200,"srcset":"https:\/\/i0.wp.com\/kirche-hilsbach-weiler.de\/hw\/wp-content\/uploads\/2020\/04\/KirchenHilsbachWeiler-17-scaled.jpg?resize=350%2C200&ssl=1 1x, https:\/\/i0.wp.com\/kirche-hilsbach-weiler.de\/hw\/wp-content\/uploads\/2020\/04\/KirchenHilsbachWeiler-17-scaled.jpg?resize=525%2C300&ssl=1 1.5x, https:\/\/i0.wp.com\/kirche-hilsbach-weiler.de\/hw\/wp-content\/uploads\/2020\/04\/KirchenHilsbachWeiler-17-scaled.jpg?resize=700%2C400&ssl=1 2x, https:\/\/i0.wp.com\/kirche-hilsbach-weiler.de\/hw\/wp-content\/uploads\/2020\/04\/KirchenHilsbachWeiler-17-scaled.jpg?resize=1050%2C600&ssl=1 3x, https:\/\/i0.wp.com\/kirche-hilsbach-weiler.de\/hw\/wp-content\/uploads\/2020\/04\/KirchenHilsbachWeiler-17-scaled.jpg?resize=1400%2C800&ssl=1 4x"},"classes":[]},{"id":2191,"url":"https:\/\/kirche-hilsbach-weiler.de\/hw\/?page_id=2191","url_meta":{"origin":6060,"position":1},"title":"Impressum","author":"Administrator","date":"1. April 2014","format":false,"excerpt":"Evangelische Landeskirche in Baden Evangelische Kirchengemeinde Hilsbach-Weiler Marktstr. 11 74889 Sinsheim Telefon: +49 (0) 7260317 Telefax: +49 (0) 7260920313 E-Mail: info@kirche-hilsbach-weiler.de Vertretungsberechtigt\/vertreten durch: Ralf Holzwarth Pfarrer Markus Printz Rechtsform Die Evangelische Kirchengemeinde Hilsbach-Weiler ist eine K\u00f6rperschaft des \u00f6ffentlichen Rechts. Rechtstr\u00e4ger der Aufsichtsbeh\u00f6rde: Evangelische Landeskirche in Baden, Blumenstra\u00dfe 1 - 7,\u2026","rel":"","context":"\u00c4hnlicher Beitrag","block_context":{"text":"\u00c4hnlicher Beitrag","link":""},"img":{"alt_text":"","src":"","width":0,"height":0},"classes":[]},{"id":5976,"url":"https:\/\/kirche-hilsbach-weiler.de\/hw\/?page_id=5976","url_meta":{"origin":6060,"position":2},"title":"Bibelgespr\u00e4chskreis","author":"Administrator","date":"18. November 2017","format":false,"excerpt":"Die Bibel ist f\u00fcr uns Gottes Wort an die Menschen, eine Einladung zu einem Leben mit Gott, der Treffpunkt zwischen Gott und Mensch. Darum treffen wir uns mit Gott im Bibelgespr\u00e4chskreis, und zwar am Dienstag Abend, normalerweise 2mal im Monat um 19.30 Uhr. Unser Treffpunkt ist das evangelische Gemeindehaus HilsbachWeiler\u2026","rel":"","context":"\u00c4hnlicher Beitrag","block_context":{"text":"\u00c4hnlicher Beitrag","link":""},"img":{"alt_text":"","src":"","width":0,"height":0},"classes":[]},{"id":1925,"url":"https:\/\/kirche-hilsbach-weiler.de\/hw\/?page_id=1925","url_meta":{"origin":6060,"position":3},"title":"App f\u00fcr Smartphone &#038; Web","author":"Administrator","date":"29. M\u00e4rz 2014","format":false,"excerpt":"Wir haben eine eigene App und laden Euch ein diese zu testen und zu nutzen! Durch diese App k\u00f6nnen wir die Kommunikation in der Gemeinde und innerhalb der Mitarbeitenden von Gemeindegruppen vereinfachen. Alle Nutzer der App werden aktuell \u00fcber Neuigkeiten, Empfehlungen, Veranstaltungen und mehr informiert. Ihr findet die f\u00fcr Euch\u2026","rel":"","context":"\u00c4hnlicher Beitrag","block_context":{"text":"\u00c4hnlicher Beitrag","link":""},"img":{"alt_text":"","src":"https:\/\/i0.wp.com\/kirche-hilsbach-weiler.de\/hw\/wp-content\/uploads\/2020\/07\/Appstore-300x89.png?resize=350%2C200&ssl=1","width":350,"height":200},"classes":[]},{"id":8284,"url":"https:\/\/kirche-hilsbach-weiler.de\/hw\/?page_id=8284","url_meta":{"origin":6060,"position":4},"title":"App f\u00fcr Smartphone &#038; Web","author":"Carsten Glaser","date":"1. Juli 2020","format":false,"excerpt":"Wir haben eine eigene App und laden Euch ein diese zu testen und zu nutzen! Durch diese App k\u00f6nnen wir die Kommunikation in der Gemeinde und innerhalb der Mitarbeitenden von Gemeindegruppen vereinfachen. Alle Nutzer der App werden aktuell \u00fcber Neuigkeiten, Empfehlungen, Veranstaltungen und mehr informiert. Ihr findet die f\u00fcr Euch\u2026","rel":"","context":"\u00c4hnlicher Beitrag","block_context":{"text":"\u00c4hnlicher Beitrag","link":""},"img":{"alt_text":"","src":"https:\/\/i0.wp.com\/kirche-hilsbach-weiler.de\/hw\/wp-content\/uploads\/2020\/07\/Appstore-300x89.png?resize=350%2C200&ssl=1","width":350,"height":200},"classes":[]},{"id":8334,"url":"https:\/\/kirche-hilsbach-weiler.de\/hw\/?page_id=8334","url_meta":{"origin":6060,"position":5},"title":"Mut f\u00fcr Mission","author":"Stefan Pickel","date":"15. Juli 2020","format":false,"excerpt":"Was zeichnet eine Gemeinde aus? Was ist ihre Mission? \u00a0 Unsere verschiedenen Gruppen und Veranstaltungen sollen dazu dienen, dass wir und die Menschen in unserer Umgebung etwas von Gottes Liebe und seinem Interesse an uns sp\u00fcren.\u00a0 Doch die Gute Nachricht gilt allen Menschen \u2013 weltweit.Aus unserer Gemeinde sind und waren\u2026","rel":"","context":"\u00c4hnlicher Beitrag","block_context":{"text":"\u00c4hnlicher Beitrag","link":""},"img":{"alt_text":"Mut f\u00fcr Mission","src":"https:\/\/i0.wp.com\/kirche-hilsbach-weiler.de\/hw\/wp-content\/uploads\/2020\/07\/hand-644145_1920.jpg?resize=350%2C200&ssl=1","width":350,"height":200,"srcset":"https:\/\/i0.wp.com\/kirche-hilsbach-weiler.de\/hw\/wp-content\/uploads\/2020\/07\/hand-644145_1920.jpg?resize=350%2C200&ssl=1 1x, https:\/\/i0.wp.com\/kirche-hilsbach-weiler.de\/hw\/wp-content\/uploads\/2020\/07\/hand-644145_1920.jpg?resize=525%2C300&ssl=1 1.5x, https:\/\/i0.wp.com\/kirche-hilsbach-weiler.de\/hw\/wp-content\/uploads\/2020\/07\/hand-644145_1920.jpg?resize=700%2C400&ssl=1 2x, https:\/\/i0.wp.com\/kirche-hilsbach-weiler.de\/hw\/wp-content\/uploads\/2020\/07\/hand-644145_1920.jpg?resize=1050%2C600&ssl=1 3x, https:\/\/i0.wp.com\/kirche-hilsbach-weiler.de\/hw\/wp-content\/uploads\/2020\/07\/hand-644145_1920.jpg?resize=1400%2C800&ssl=1 4x"},"classes":[]}],"jetpack_sharing_enabled":true,"_links":{"self":[{"href":"https:\/\/kirche-hilsbach-weiler.de\/hw\/index.php?rest_route=\/wp\/v2\/pages\/6060","targetHints":{"allow":["GET"]}}],"collection":[{"href":"https:\/\/kirche-hilsbach-weiler.de\/hw\/index.php?rest_route=\/wp\/v2\/pages"}],"about":[{"href":"https:\/\/kirche-hilsbach-weiler.de\/hw\/index.php?rest_route=\/wp\/v2\/types\/page"}],"author":[{"embeddable":true,"href":"https:\/\/kirche-hilsbach-weiler.de\/hw\/index.php?rest_route=\/wp\/v2\/users\/6"}],"replies":[{"embeddable":true,"href":"https:\/\/kirche-hilsbach-weiler.de\/hw\/index.php?rest_route=%2Fwp%2Fv2%2Fcomments&post=6060"}],"version-history":[{"count":2,"href":"https:\/\/kirche-hilsbach-weiler.de\/hw\/index.php?rest_route=\/wp\/v2\/pages\/6060\/revisions"}],"predecessor-version":[{"id":11664,"href":"https:\/\/kirche-hilsbach-weiler.de\/hw\/index.php?rest_route=\/wp\/v2\/pages\/6060\/revisions\/11664"}],"wp:attachment":[{"href":"https:\/\/kirche-hilsbach-weiler.de\/hw\/index.php?rest_route=%2Fwp%2Fv2%2Fmedia&parent=6060"}],"curies":[{"name":"wp","href":"https:\/\/api.w.org\/{rel}","templated":true}]}}