{"id":6516,"date":"2018-02-04T18:30:57","date_gmt":"2018-02-04T17:30:57","guid":{"rendered":"https:\/\/kirche-hilsbach-weiler.de\/hw\/?page_id=6516"},"modified":"2025-06-16T18:16:57","modified_gmt":"2025-06-16T16:16:57","slug":"glaubenskurs-fuer-junge-leute","status":"publish","type":"page","link":"https:\/\/kirche-hilsbach-weiler.de\/hw\/?page_id=6516","title":{"rendered":"Jugendkreis"},"content":{"rendered":"<p>Warum lebe ich?<br \/>\nGibt es ein Leben nach dem Tod?<br \/>\nWas denkt Gott \u00fcber mich?<br \/>\nUnd wie ist Gott \u00fcberhaupt?<\/p>\n<p>Fragen \u00fcber Fragen!<\/p>\n<p>Vielleicht hast Du Dir diese oder \u00e4hnliche Fragen schon einmal gestellt oder Du findest sie interessant. Wenn das der Fall ist, hast Du die M\u00f6glichkeit auf einige solcher Fragen eine Antwort zu bekommen.<br \/>\nDenn:<br \/>\nWir wollen uns mit verschiedenen Fragen, auf die die Bibel Antworten gibt, besch\u00e4ftigen, \u00fcberlegen was das f\u00fcr unser Leben heute bedeutet und dies dann versuchen anzuwenden.<\/p>\n<p>Wenn Du also darauf Lust hast, etwas \u00fcber Gott, die Bibel und was das mit der Welt und Deinem Leben zu tun hat zu h\u00f6ren und gemeinsam dar\u00fcber nachzudenken, bist Du herzlich eingeladen <strong>donnerstags von 20 bis 21.30 Uhr<\/strong> ins <strong>evangelische Gemeindehaus<\/strong> beim Kindergarten in Weiler zu kommen. Dort kannst Du einfach mal unverbindlich vorbeischauen und \u00fcberlegen, ob Du weiter dabei sein m\u00f6chtest.<br \/>\nInfos gibts bei Jonathan Glaser:<br \/>\nE-Mail: <a title=\"&#x6a;&#x75;&#103;e&#x6e;&#x64;&#114;ef&#x65;&#x72;&#101;n&#x74;&#x40;&#107;&#105;r&#x63;&#x68;&#101;-&#x68;&#x69;&#108;&#115;b&#x61;&#x63;&#104;-&#x77;&#x65;&#105;&#108;e&#x72;&#x2e;&#100;e\" href=\"&#109;&#x61;&#105;&#x6c;&#116;&#x6f;&#58;&#x6a;&#117;&#x67;&#101;&#x6e;d&#x6b;r&#x65;i&#x73;&#64;&#x6b;i&#x72;c&#104;&#x65;&#45;&#x68;&#105;&#x6c;&#115;&#x62;&#97;&#x63;&#104;&#x2d;&#119;&#x65;i&#x6c;e&#x72;&#46;&#x64;e\">juge&#110;&#100;&#107;&#114;&#101;&#105;&#115;&#x40;&#x6b;&#x69;&#x72;&#x63;&#x68;&#x65;&#x2d;&#x68;ilsb&#97;&#99;&#104;&#45;&#119;&#101;&#105;&#x6c;&#x65;&#x72;&#x2e;&#x64;&#x65;<\/a><\/p>\n","protected":false},"excerpt":{"rendered":"<p>Warum lebe ich? Gibt es ein Leben nach dem Tod? Was denkt Gott \u00fcber mich? Und wie ist Gott \u00fcberhaupt? Fragen \u00fcber Fragen! Vielleicht hast Du Dir diese oder \u00e4hnliche Fragen schon einmal gestellt oder Du findest sie interessant. Wenn das der Fall ist, hast Du die M\u00f6glichkeit auf einige solcher Fragen eine Antwort zu &#8230; <span class=\"more\"><a class=\"more-link\" href=\"https:\/\/kirche-hilsbach-weiler.de\/hw\/?page_id=6516\">[Weiter&#8230;]<\/a><\/span><\/p>\n","protected":false},"author":3,"featured_media":6519,"parent":0,"menu_order":0,"comment_status":"closed","ping_status":"closed","template":"","meta":{"ngg_post_thumbnail":0,"footnotes":""},"class_list":{"0":"entry","1":"page","2":"publish","3":"author-cglaser","4":"post-6516","6":"has-post-thumbnail"},"jetpack_shortlink":"https:\/\/wp.me\/P4vBdR-1H6","jetpack_likes_enabled":false,"jetpack-related-posts":[{"id":6003,"url":"https:\/\/kirche-hilsbach-weiler.de\/hw\/?page_id=6003","url_meta":{"origin":6516,"position":0},"title":"Hauskreis","author":"Administrator","date":"18. November 2017","format":false,"excerpt":"Sechs Fragen zum Hauskreis Hilsbach-Weiler Was ist denn Euer Hauskreis? In unserem Hauskreis treffen wir uns regelm\u00e4\u00dfig, um Glauben und Leben zu teilen. Ist das also ein frommer Geheimzirkel? Nat\u00fcrlich nicht. Die Treffen sind genauso \u00f6ffentlich wie andere Veranstaltungen. Wir treffen uns abwechselnd bei einzelnen Teilnehmern zu Hause, weil das\u2026","rel":"","context":"\u00c4hnlicher Beitrag","block_context":{"text":"\u00c4hnlicher Beitrag","link":""},"img":{"alt_text":"Hauskreis-Symbolfoto","src":"https:\/\/i0.wp.com\/kirche-hilsbach-weiler.de\/hw\/wp-content\/uploads\/2020\/04\/meeting-1015288_1920-e1588058179566.jpg?fit=1200%2C674&ssl=1&resize=350%2C200","width":350,"height":200,"srcset":"https:\/\/i0.wp.com\/kirche-hilsbach-weiler.de\/hw\/wp-content\/uploads\/2020\/04\/meeting-1015288_1920-e1588058179566.jpg?fit=1200%2C674&ssl=1&resize=350%2C200 1x, https:\/\/i0.wp.com\/kirche-hilsbach-weiler.de\/hw\/wp-content\/uploads\/2020\/04\/meeting-1015288_1920-e1588058179566.jpg?fit=1200%2C674&ssl=1&resize=525%2C300 1.5x, https:\/\/i0.wp.com\/kirche-hilsbach-weiler.de\/hw\/wp-content\/uploads\/2020\/04\/meeting-1015288_1920-e1588058179566.jpg?fit=1200%2C674&ssl=1&resize=700%2C400 2x, https:\/\/i0.wp.com\/kirche-hilsbach-weiler.de\/hw\/wp-content\/uploads\/2020\/04\/meeting-1015288_1920-e1588058179566.jpg?fit=1200%2C674&ssl=1&resize=1050%2C600 3x"},"classes":[]},{"id":5976,"url":"https:\/\/kirche-hilsbach-weiler.de\/hw\/?page_id=5976","url_meta":{"origin":6516,"position":1},"title":"Bibelgespr\u00e4chskreis","author":"Administrator","date":"18. November 2017","format":false,"excerpt":"Die Bibel ist f\u00fcr uns Gottes Wort an die Menschen, eine Einladung zu einem Leben mit Gott, der Treffpunkt zwischen Gott und Mensch. Darum treffen wir uns mit Gott im Bibelgespr\u00e4chskreis, und zwar am Dienstag Abend, normalerweise 2mal im Monat um 19.30 Uhr. Unser Treffpunkt ist das evangelische Gemeindehaus HilsbachWeiler\u2026","rel":"","context":"\u00c4hnlicher Beitrag","block_context":{"text":"\u00c4hnlicher Beitrag","link":""},"img":{"alt_text":"","src":"","width":0,"height":0},"classes":[]},{"id":1895,"url":"https:\/\/kirche-hilsbach-weiler.de\/hw\/?page_id=1895","url_meta":{"origin":6516,"position":2},"title":"Predigten","author":"Administrator","date":"14. April 2014","format":false,"excerpt":"NACHgeDACHT \u00fcber Himmel & Erde Andachten, Predigten & mehr zum NACHschauen, NACHh\u00f6ren und NACHdenken","rel":"","context":"\u00c4hnlicher Beitrag","block_context":{"text":"\u00c4hnlicher Beitrag","link":""},"img":{"alt_text":"","src":"https:\/\/i0.wp.com\/kirche-hilsbach-weiler.de\/hw\/wp-content\/uploads\/2023\/01\/nachGEDACHT-2.jpg?fit=1200%2C675&ssl=1&resize=350%2C200","width":350,"height":200,"srcset":"https:\/\/i0.wp.com\/kirche-hilsbach-weiler.de\/hw\/wp-content\/uploads\/2023\/01\/nachGEDACHT-2.jpg?fit=1200%2C675&ssl=1&resize=350%2C200 1x, https:\/\/i0.wp.com\/kirche-hilsbach-weiler.de\/hw\/wp-content\/uploads\/2023\/01\/nachGEDACHT-2.jpg?fit=1200%2C675&ssl=1&resize=525%2C300 1.5x, https:\/\/i0.wp.com\/kirche-hilsbach-weiler.de\/hw\/wp-content\/uploads\/2023\/01\/nachGEDACHT-2.jpg?fit=1200%2C675&ssl=1&resize=700%2C400 2x, https:\/\/i0.wp.com\/kirche-hilsbach-weiler.de\/hw\/wp-content\/uploads\/2023\/01\/nachGEDACHT-2.jpg?fit=1200%2C675&ssl=1&resize=1050%2C600 3x"},"classes":[]},{"id":5994,"url":"https:\/\/kirche-hilsbach-weiler.de\/hw\/?page_id=5994","url_meta":{"origin":6516,"position":3},"title":"Jungschar","author":"Administrator","date":"18. November 2017","format":false,"excerpt":"Mit anderen Kindern spielen, Geschichten aus der Bibel h\u00f6ren, gemeinsam Lieder singen und Spa\u00df haben. Das klingt doch gut! Hast Du Lust, dabei zu sein? Dann bist Du in der Jungschar herzlich willkommen! F\u00fcr Kinder im Alter von 6 bis 13 Jahren findet derzeit freitags (au\u00dfer an Feiertagen und Ferien)\u2026","rel":"","context":"\u00c4hnlicher Beitrag","block_context":{"text":"\u00c4hnlicher Beitrag","link":""},"img":{"alt_text":"","src":"","width":0,"height":0},"classes":[]},{"id":1649,"url":"https:\/\/kirche-hilsbach-weiler.de\/hw\/?page_id=1649","url_meta":{"origin":6516,"position":4},"title":"O.A.S.E.","author":"Administrator","date":"7. M\u00e4rz 2014","format":false,"excerpt":"Von 2011 - 2017 gab es die \"O.A.S.E.\", einen Gottesdienst, der offen \u2013 anders \u2013 spannend \u2013 erfrischend ist, bei dem ganze Familien herzlich willkommen sind und jeder auf seine Kosten kommt, den wir lebendig, kreativ und mit allen Sinnen feiern, der von mehreren Teams vorbereitet und gestaltet wird (Ablauf,\u2026","rel":"","context":"\u00c4hnlicher Beitrag","block_context":{"text":"\u00c4hnlicher Beitrag","link":""},"img":{"alt_text":"","src":"https:\/\/i0.wp.com\/kirche-hilsbach-weiler.de\/hw\/wp-content\/uploads\/2014\/03\/oase_page.jpg?fit=928%2C417&ssl=1&resize=350%2C200","width":350,"height":200,"srcset":"https:\/\/i0.wp.com\/kirche-hilsbach-weiler.de\/hw\/wp-content\/uploads\/2014\/03\/oase_page.jpg?fit=928%2C417&ssl=1&resize=350%2C200 1x, https:\/\/i0.wp.com\/kirche-hilsbach-weiler.de\/hw\/wp-content\/uploads\/2014\/03\/oase_page.jpg?fit=928%2C417&ssl=1&resize=525%2C300 1.5x, https:\/\/i0.wp.com\/kirche-hilsbach-weiler.de\/hw\/wp-content\/uploads\/2014\/03\/oase_page.jpg?fit=928%2C417&ssl=1&resize=700%2C400 2x"},"classes":[]},{"id":8362,"url":"https:\/\/kirche-hilsbach-weiler.de\/hw\/?page_id=8362","url_meta":{"origin":6516,"position":5},"title":"Monika Mench","author":"Stefan Pickel","date":"17. Juli 2020","format":false,"excerpt":"\u00a0 \"Liebe deinen N\u00e4chsten wie dich selbst\". (Markus 12,31) Monika war von September 2020 bis August 2021 in Frankreich. \u00dcber ihre Arbeit dort schreibt sie: \"Meine Leidenschaft ist es, Fl\u00fcchtlingen und Migranten in einer Vorstadt von Paris zu dienen. Sie haben alles verlassen, - Land, Familien, Verwandte, vertraute Umgebung \u2013\u2026","rel":"","context":"\u00c4hnlicher Beitrag","block_context":{"text":"\u00c4hnlicher Beitrag","link":""},"img":{"alt_text":"","src":"https:\/\/i0.wp.com\/kirche-hilsbach-weiler.de\/hw\/wp-content\/uploads\/2014\/03\/Mench-scaled.jpg?resize=350%2C200&ssl=1","width":350,"height":200,"srcset":"https:\/\/i0.wp.com\/kirche-hilsbach-weiler.de\/hw\/wp-content\/uploads\/2014\/03\/Mench-scaled.jpg?resize=350%2C200&ssl=1 1x, https:\/\/i0.wp.com\/kirche-hilsbach-weiler.de\/hw\/wp-content\/uploads\/2014\/03\/Mench-scaled.jpg?resize=525%2C300&ssl=1 1.5x, https:\/\/i0.wp.com\/kirche-hilsbach-weiler.de\/hw\/wp-content\/uploads\/2014\/03\/Mench-scaled.jpg?resize=700%2C400&ssl=1 2x, https:\/\/i0.wp.com\/kirche-hilsbach-weiler.de\/hw\/wp-content\/uploads\/2014\/03\/Mench-scaled.jpg?resize=1050%2C600&ssl=1 3x, https:\/\/i0.wp.com\/kirche-hilsbach-weiler.de\/hw\/wp-content\/uploads\/2014\/03\/Mench-scaled.jpg?resize=1400%2C800&ssl=1 4x"},"classes":[]}],"jetpack_sharing_enabled":true,"_links":{"self":[{"href":"https:\/\/kirche-hilsbach-weiler.de\/hw\/index.php?rest_route=\/wp\/v2\/pages\/6516","targetHints":{"allow":["GET"]}}],"collection":[{"href":"https:\/\/kirche-hilsbach-weiler.de\/hw\/index.php?rest_route=\/wp\/v2\/pages"}],"about":[{"href":"https:\/\/kirche-hilsbach-weiler.de\/hw\/index.php?rest_route=\/wp\/v2\/types\/page"}],"author":[{"embeddable":true,"href":"https:\/\/kirche-hilsbach-weiler.de\/hw\/index.php?rest_route=\/wp\/v2\/users\/3"}],"replies":[{"embeddable":true,"href":"https:\/\/kirche-hilsbach-weiler.de\/hw\/index.php?rest_route=%2Fwp%2Fv2%2Fcomments&post=6516"}],"version-history":[{"count":1,"href":"https:\/\/kirche-hilsbach-weiler.de\/hw\/index.php?rest_route=\/wp\/v2\/pages\/6516\/revisions"}],"predecessor-version":[{"id":11614,"href":"https:\/\/kirche-hilsbach-weiler.de\/hw\/index.php?rest_route=\/wp\/v2\/pages\/6516\/revisions\/11614"}],"wp:featuredmedia":[{"embeddable":true,"href":"https:\/\/kirche-hilsbach-weiler.de\/hw\/index.php?rest_route=\/wp\/v2\/media\/6519"}],"wp:attachment":[{"href":"https:\/\/kirche-hilsbach-weiler.de\/hw\/index.php?rest_route=%2Fwp%2Fv2%2Fmedia&parent=6516"}],"curies":[{"name":"wp","href":"https:\/\/api.w.org\/{rel}","templated":true}]}}