{"id":8284,"date":"2020-07-01T18:26:58","date_gmt":"2020-07-01T16:26:58","guid":{"rendered":"https:\/\/kirche-hilsbach-weiler.de\/hw\/?page_id=8284"},"modified":"2020-07-01T18:26:58","modified_gmt":"2020-07-01T16:26:58","slug":"app-fuer-smartphone-web","status":"publish","type":"page","link":"https:\/\/kirche-hilsbach-weiler.de\/hw\/?page_id=8284","title":{"rendered":"App f\u00fcr Smartphone &#038; Web"},"content":{"rendered":"<p>Wir haben eine eigene App und laden Euch ein diese zu testen und zu nutzen!<br \/>\nDurch diese App k\u00f6nnen wir die Kommunikation in der Gemeinde und innerhalb der Mitarbeitenden von Gemeindegruppen vereinfachen. Alle Nutzer der App werden aktuell \u00fcber Neuigkeiten, Empfehlungen, Veranstaltungen und mehr informiert.<br \/>\nIhr findet die f\u00fcr Euch kostenlose App f\u00fcr Smartphones im <a href=\"https:\/\/play.google.com\/store\/apps\/details?id=com.communi.kirchengemeindehilsbachweiler\">Google-Play-Store<\/a> und im <a href=\"https:\/\/apps.apple.com\/app\/id1513137601\">Apple-App-Store<\/a>, k\u00f6nnt aber ebenso mit PC, Laptop oder Tablet die WebApp unter folgender Adresse erreichen: <a href=\"https:\/\/kirchengemeindehilsbachweiler.communiapp.de\">https:\/\/kirchengemeindehilsbachweiler.communiapp.de<\/a>.<\/p>\n<p><em><strong>Wir freuen uns auf Euch &#8211; jetzt auch &#8220;in der App&#8221;!<\/strong><\/em><\/p>\n<p><a href=\"https:\/\/apps.apple.com\/app\/id1513137601\" target=\"_blank\" rel=\"noopener noreferrer\"><img data-recalc-dims=\"1\" loading=\"lazy\" decoding=\"async\" data-attachment-id=\"8267\" data-permalink=\"https:\/\/kirche-hilsbach-weiler.de\/hw\/?attachment_id=8267\" data-orig-file=\"https:\/\/i0.wp.com\/kirche-hilsbach-weiler.de\/hw\/wp-content\/uploads\/2020\/07\/Appstore.png?fit=563%2C167&amp;ssl=1\" data-orig-size=\"563,167\" data-comments-opened=\"0\" data-image-meta=\"{&quot;aperture&quot;:&quot;0&quot;,&quot;credit&quot;:&quot;&quot;,&quot;camera&quot;:&quot;&quot;,&quot;caption&quot;:&quot;&quot;,&quot;created_timestamp&quot;:&quot;0&quot;,&quot;copyright&quot;:&quot;&quot;,&quot;focal_length&quot;:&quot;0&quot;,&quot;iso&quot;:&quot;0&quot;,&quot;shutter_speed&quot;:&quot;0&quot;,&quot;title&quot;:&quot;&quot;,&quot;orientation&quot;:&quot;0&quot;}\" data-image-title=\"Appstore\" data-image-description=\"\" data-image-caption=\"\" data-large-file=\"https:\/\/i0.wp.com\/kirche-hilsbach-weiler.de\/hw\/wp-content\/uploads\/2020\/07\/Appstore.png?fit=563%2C167&amp;ssl=1\" class=\"alignnone wp-image-8267\" src=\"https:\/\/i0.wp.com\/kirche-hilsbach-weiler.de\/hw\/wp-content\/uploads\/2020\/07\/Appstore.png?resize=200%2C59&#038;ssl=1\" alt=\"\" width=\"200\" height=\"59\" srcset=\"https:\/\/i0.wp.com\/kirche-hilsbach-weiler.de\/hw\/wp-content\/uploads\/2020\/07\/Appstore.png?resize=300%2C89&amp;ssl=1 300w, https:\/\/i0.wp.com\/kirche-hilsbach-weiler.de\/hw\/wp-content\/uploads\/2020\/07\/Appstore.png?w=563&amp;ssl=1 563w\" sizes=\"auto, (max-width: 200px) 100vw, 200px\" \/><\/a><a href=\"https:\/\/play.google.com\/store\/apps\/details?id=com.communi.kirchengemeindehilsbachweiler\" target=\"_blank\" rel=\"noopener noreferrer\"><img data-recalc-dims=\"1\" loading=\"lazy\" decoding=\"async\" data-attachment-id=\"8273\" data-permalink=\"https:\/\/kirche-hilsbach-weiler.de\/hw\/?attachment_id=8273\" data-orig-file=\"https:\/\/i0.wp.com\/kirche-hilsbach-weiler.de\/hw\/wp-content\/uploads\/2020\/07\/GooglePlay.png?fit=563%2C167&amp;ssl=1\" data-orig-size=\"563,167\" data-comments-opened=\"0\" data-image-meta=\"{&quot;aperture&quot;:&quot;0&quot;,&quot;credit&quot;:&quot;&quot;,&quot;camera&quot;:&quot;&quot;,&quot;caption&quot;:&quot;&quot;,&quot;created_timestamp&quot;:&quot;0&quot;,&quot;copyright&quot;:&quot;&quot;,&quot;focal_length&quot;:&quot;0&quot;,&quot;iso&quot;:&quot;0&quot;,&quot;shutter_speed&quot;:&quot;0&quot;,&quot;title&quot;:&quot;&quot;,&quot;orientation&quot;:&quot;0&quot;}\" data-image-title=\"GooglePlay\" data-image-description=\"\" data-image-caption=\"\" data-large-file=\"https:\/\/i0.wp.com\/kirche-hilsbach-weiler.de\/hw\/wp-content\/uploads\/2020\/07\/GooglePlay.png?fit=563%2C167&amp;ssl=1\" class=\"alignnone wp-image-8273\" src=\"https:\/\/i0.wp.com\/kirche-hilsbach-weiler.de\/hw\/wp-content\/uploads\/2020\/07\/GooglePlay.png?resize=200%2C59&#038;ssl=1\" alt=\"\" width=\"200\" height=\"59\" srcset=\"https:\/\/i0.wp.com\/kirche-hilsbach-weiler.de\/hw\/wp-content\/uploads\/2020\/07\/GooglePlay.png?resize=300%2C89&amp;ssl=1 300w, https:\/\/i0.wp.com\/kirche-hilsbach-weiler.de\/hw\/wp-content\/uploads\/2020\/07\/GooglePlay.png?w=563&amp;ssl=1 563w\" sizes=\"auto, (max-width: 200px) 100vw, 200px\" \/><\/a><a href=\"https:\/\/kirchengemeindehilsbachweiler.communiapp.de\" target=\"_blank\" rel=\"noopener noreferrer\"><img data-recalc-dims=\"1\" loading=\"lazy\" decoding=\"async\" data-attachment-id=\"8266\" data-permalink=\"https:\/\/kirche-hilsbach-weiler.de\/hw\/?attachment_id=8266\" data-orig-file=\"https:\/\/i0.wp.com\/kirche-hilsbach-weiler.de\/hw\/wp-content\/uploads\/2020\/07\/Webapp-1.png?fit=563%2C167&amp;ssl=1\" data-orig-size=\"563,167\" data-comments-opened=\"0\" data-image-meta=\"{&quot;aperture&quot;:&quot;0&quot;,&quot;credit&quot;:&quot;&quot;,&quot;camera&quot;:&quot;&quot;,&quot;caption&quot;:&quot;&quot;,&quot;created_timestamp&quot;:&quot;0&quot;,&quot;copyright&quot;:&quot;&quot;,&quot;focal_length&quot;:&quot;0&quot;,&quot;iso&quot;:&quot;0&quot;,&quot;shutter_speed&quot;:&quot;0&quot;,&quot;title&quot;:&quot;&quot;,&quot;orientation&quot;:&quot;0&quot;}\" data-image-title=\"Webapp\" data-image-description=\"\" data-image-caption=\"\" data-large-file=\"https:\/\/i0.wp.com\/kirche-hilsbach-weiler.de\/hw\/wp-content\/uploads\/2020\/07\/Webapp-1.png?fit=563%2C167&amp;ssl=1\" class=\"alignnone wp-image-8266\" src=\"https:\/\/i0.wp.com\/kirche-hilsbach-weiler.de\/hw\/wp-content\/uploads\/2020\/07\/Webapp-1.png?resize=200%2C59&#038;ssl=1\" alt=\"\" width=\"200\" height=\"59\" srcset=\"https:\/\/i0.wp.com\/kirche-hilsbach-weiler.de\/hw\/wp-content\/uploads\/2020\/07\/Webapp-1.png?resize=300%2C89&amp;ssl=1 300w, https:\/\/i0.wp.com\/kirche-hilsbach-weiler.de\/hw\/wp-content\/uploads\/2020\/07\/Webapp-1.png?w=563&amp;ssl=1 563w\" sizes=\"auto, (max-width: 200px) 100vw, 200px\" \/><\/a><\/p>\n<p>ACHTUNG:<br \/>\nBereits ohne <strong>Registrierung<\/strong> bringt Euch die App viele Infos.<br \/>\n<strong>Ausschlie\u00dflich f\u00fcr Mitglieder und Mitarbeitende der Kirchengemeinde sowie deren Gemeindegruppen und Ch\u00f6re<\/strong> ist die Nutzung mittels Registrierung gedacht. Hier besteht die M\u00f6glichkeit, sich innerhalb von Gruppen oder mit anderen App-Nutzern auszutauschen. Z.B. Wo und wann findet das n\u00e4chste Treffen oder die n\u00e4chste Chorprobe statt. Was ist kurzfristig allen mitzuteilen oder zu organisieren?<br \/>\nEine Anleitung findet Ihr <a href=\"https:\/\/kirche-hilsbach-weiler.de\/hw\/wp-content\/uploads\/2020\/07\/Communi_Anleitung.pdf\" target=\"_blank\" rel=\"noopener noreferrer\">hier<\/a> (Ihr k\u00f6nnt aber auch einfach starten und ausprobieren!). Auch der <a href=\"https:\/\/kirche-hilsbach-weiler.de\/hw\/wp-content\/uploads\/2020\/07\/Wie-setzen-wir-den-Datenschutz-um_-_-Communi.pdf\" target=\"_blank\" rel=\"noopener noreferrer\">Datenschutz<\/a> wird selbstverst\u00e4ndlich gro\u00dfgeschrieben.<\/p>\n<p>Bitte beachtet die aufgelisteten Regeln. Wichtig ist uns, dass sich jeder mit seinem vollst\u00e4ndigen und korrekten Vor- und Nachnamen anmeldet (f\u00fcr Au\u00dfenstehende ohne Anmeldung ist nur der Vorname mit erstem Buchstaben des Nachnamens ersichtlich).<br \/>\nWir sind froh \u00fcber Euer Feedback, damit wir gemeinsam optimieren k\u00f6nnen!<\/p>\n<p>F\u00fcr Fragen oder Anregungen k\u00f6nnt Ihr Euch an Robin Zimmerman oder Carsten Glaser wenden.<\/p>\n<p><img data-recalc-dims=\"1\" loading=\"lazy\" decoding=\"async\" data-attachment-id=\"8268\" data-permalink=\"https:\/\/kirche-hilsbach-weiler.de\/hw\/?attachment_id=8268\" data-orig-file=\"https:\/\/i0.wp.com\/kirche-hilsbach-weiler.de\/hw\/wp-content\/uploads\/2020\/07\/Communi-App-Hand.png?fit=2400%2C1350&amp;ssl=1\" data-orig-size=\"2400,1350\" data-comments-opened=\"0\" data-image-meta=\"{&quot;aperture&quot;:&quot;0&quot;,&quot;credit&quot;:&quot;&quot;,&quot;camera&quot;:&quot;&quot;,&quot;caption&quot;:&quot;&quot;,&quot;created_timestamp&quot;:&quot;0&quot;,&quot;copyright&quot;:&quot;&quot;,&quot;focal_length&quot;:&quot;0&quot;,&quot;iso&quot;:&quot;0&quot;,&quot;shutter_speed&quot;:&quot;0&quot;,&quot;title&quot;:&quot;&quot;,&quot;orientation&quot;:&quot;0&quot;}\" data-image-title=\"Communi-App-Hand\" data-image-description=\"\" data-image-caption=\"\" data-large-file=\"https:\/\/i0.wp.com\/kirche-hilsbach-weiler.de\/hw\/wp-content\/uploads\/2020\/07\/Communi-App-Hand.png?fit=700%2C394&amp;ssl=1\" class=\"size-medium wp-image-8268 alignnone\" src=\"https:\/\/i0.wp.com\/kirche-hilsbach-weiler.de\/hw\/wp-content\/uploads\/2020\/07\/Communi-App-Hand.png?resize=300%2C169&#038;ssl=1\" alt=\"\" width=\"300\" height=\"169\" srcset=\"https:\/\/i0.wp.com\/kirche-hilsbach-weiler.de\/hw\/wp-content\/uploads\/2020\/07\/Communi-App-Hand.png?resize=300%2C169&amp;ssl=1 300w, https:\/\/i0.wp.com\/kirche-hilsbach-weiler.de\/hw\/wp-content\/uploads\/2020\/07\/Communi-App-Hand.png?resize=1024%2C576&amp;ssl=1 1024w, https:\/\/i0.wp.com\/kirche-hilsbach-weiler.de\/hw\/wp-content\/uploads\/2020\/07\/Communi-App-Hand.png?resize=768%2C432&amp;ssl=1 768w, https:\/\/i0.wp.com\/kirche-hilsbach-weiler.de\/hw\/wp-content\/uploads\/2020\/07\/Communi-App-Hand.png?resize=1536%2C864&amp;ssl=1 1536w, https:\/\/i0.wp.com\/kirche-hilsbach-weiler.de\/hw\/wp-content\/uploads\/2020\/07\/Communi-App-Hand.png?resize=2048%2C1152&amp;ssl=1 2048w, https:\/\/i0.wp.com\/kirche-hilsbach-weiler.de\/hw\/wp-content\/uploads\/2020\/07\/Communi-App-Hand.png?w=1400&amp;ssl=1 1400w, https:\/\/i0.wp.com\/kirche-hilsbach-weiler.de\/hw\/wp-content\/uploads\/2020\/07\/Communi-App-Hand.png?w=2100&amp;ssl=1 2100w\" sizes=\"auto, (max-width: 300px) 100vw, 300px\" \/><\/p>\n<h4>Warum haben wir gerade diese App eingef\u00fchrt?<\/h4>\n<p>Das Unternehmen \u201eCommuni\u201c hat sich darauf spezialisiert eine f\u00fcr christliche Gemeinden passende App zu entwickeln, um auf verschiedene Herausforderungen positiv zu reagieren und gleichzeitig neue Dynamiken in kirchlichen Gemeinden zu f\u00f6rdern. Folgendes halten wir dabei f\u00fcr besonders wertvoll:<\/p>\n<p><strong>Kommunikation:<\/strong><\/p>\n<ul>\n<li>Die Erfahrung anderer Gemeinden zeigt, dass durch die Nutzung ein generationen\u00fcbergreifender Austausch angesto\u00dfen werden kann! Man kann unsere Gemeinde-App sowohl am Computer, als auch am Smartphone\/Tablet nutzen.<\/li>\n<li>Mail oder Messenger (Whatsapp\/Threema)? Einige kommunizieren nur \u00fcber Mails, andere nur \u00fcber Messenger-Dienste. Eine einheitliche Kommunikations-Plattform erm\u00f6glicht (wieder oder zum ersten Mal) Austausch\/Absprachen in Teams oder das (Gemeinde-) Leben betreffende Themen.<\/li>\n<li>Durch Ver\u00e4nderungen der Digitalisierung sind wir herausgefordert im Bereich Datenschutz vorbildlich zu handeln. Communi bietet unbedenkliche Datenschutzregelungen und erm\u00f6glicht Gemeindemitgliedern einen direkten Austausch durch Nachrichten sowie Austausch in geschlossenen Gruppen. Datenschutz erleben wir vor allem im Jugendbereich als sehr wichtig und bisher gab es keine zufriedenstellende L\u00f6sung.<\/li>\n<\/ul>\n<p><strong>Interaktion:<\/strong><\/p>\n<ul>\n<li>Die App kann als schwarzes Brett genutzt werden, um schnell \u00c4nderungen, M\u00f6glichkeiten, Angebote und ben\u00f6tigte Hilfe zu \u00e4u\u00dfern. Gerade zurzeit ist das sehr hilfreich.<\/li>\n<li>Wir wollen mit der App als HILFSMITTEL zum einen digital Kontakt herstellen und zum anderen Begegnungen in den Ortschaften f\u00f6rdern.<\/li>\n<li>Der Gottesdienst ist nicht die einzige Begegnungsm\u00f6glichkeit f\u00fcr Gemeindemitglieder. \u00dcbersichtlich und unaufdringlich k\u00f6nnen Angebote initiiert werden wie:\n<ul>\n<li>Biete\/Suche: Babysitter, Eink\u00e4ufe erledigen, Kleingruppe, Lauftreff auch f\u00fcr Au\u00dfenstehende, Kaffee und Kuchen bei\u2026, Umzugshelfer, Mitfahrgelegenheit, Hilfe bei Technikproblem, B\u00fccher zum Glauben, Spielmaterialen f\u00fcr Jungschar\u2026<\/li>\n<li>Veranstaltung: Wohnzimmerabend bei\u2026, (spontaner) Lobpreisabend im Gemeindehaus, Gebetstreffen, \u2026<\/li>\n<li>Offizielle Ank\u00fcndigungen der Gemeinde, z.B. neue Corona-Regelungen, Diskussionsplattform einer Idee, \u2026<\/li>\n<li>Mitarbeiter-Suche kurz- oder langfristig<\/li>\n<\/ul>\n<\/li>\n<\/ul>\n<p>Die Bandbreite an M\u00f6glichkeiten w\u00e4chst mit der Kreativit\u00e4t und Initiative der Nutzer!<\/p>\n<p>Wir wollen diesen existierenden, digitalen Lebensraum im Blick haben und die guten Seiten davon nutzen!<\/p>\n","protected":false},"excerpt":{"rendered":"<p>Wir haben eine eigene App und laden Euch ein diese zu testen und zu nutzen! Durch diese App k\u00f6nnen wir die Kommunikation in der Gemeinde und innerhalb der Mitarbeitenden von Gemeindegruppen vereinfachen. Alle Nutzer der App werden aktuell \u00fcber Neuigkeiten, Empfehlungen, Veranstaltungen und mehr informiert. Ihr findet die f\u00fcr Euch kostenlose App f\u00fcr Smartphones im &#8230; <span class=\"more\"><a class=\"more-link\" href=\"https:\/\/kirche-hilsbach-weiler.de\/hw\/?page_id=8284\">[Weiter&#8230;]<\/a><\/span><\/p>\n","protected":false},"author":3,"featured_media":0,"parent":1639,"menu_order":0,"comment_status":"closed","ping_status":"closed","template":"","meta":{"ngg_post_thumbnail":0,"footnotes":""},"class_list":["entry","page","publish","author-cglaser","post-8284"],"jetpack_shortlink":"https:\/\/wp.me\/P4vBdR-29C","jetpack_likes_enabled":false,"jetpack-related-posts":[{"id":1925,"url":"https:\/\/kirche-hilsbach-weiler.de\/hw\/?page_id=1925","url_meta":{"origin":8284,"position":0},"title":"App f\u00fcr Smartphone &#038; Web","author":"Administrator","date":"29. M\u00e4rz 2014","format":false,"excerpt":"Wir haben eine eigene App und laden Euch ein diese zu testen und zu nutzen! Durch diese App k\u00f6nnen wir die Kommunikation in der Gemeinde und innerhalb der Mitarbeitenden von Gemeindegruppen vereinfachen. Alle Nutzer der App werden aktuell \u00fcber Neuigkeiten, Empfehlungen, Veranstaltungen und mehr informiert. Ihr findet die f\u00fcr Euch\u2026","rel":"","context":"\u00c4hnlicher Beitrag","block_context":{"text":"\u00c4hnlicher Beitrag","link":""},"img":{"alt_text":"","src":"https:\/\/i0.wp.com\/kirche-hilsbach-weiler.de\/hw\/wp-content\/uploads\/2020\/07\/Appstore-300x89.png?resize=350%2C200&ssl=1","width":350,"height":200},"classes":[]},{"id":2191,"url":"https:\/\/kirche-hilsbach-weiler.de\/hw\/?page_id=2191","url_meta":{"origin":8284,"position":1},"title":"Impressum","author":"Administrator","date":"1. April 2014","format":false,"excerpt":"Evangelische Landeskirche in Baden Evangelische Kirchengemeinde Hilsbach-Weiler Marktstr. 11 74889 Sinsheim Telefon: +49 (0) 7260317 Telefax: +49 (0) 7260920313 E-Mail: info@kirche-hilsbach-weiler.de Vertretungsberechtigt\/vertreten durch: Ralf Holzwarth Pfarrer Markus Printz Rechtsform Die Evangelische Kirchengemeinde Hilsbach-Weiler ist eine K\u00f6rperschaft des \u00f6ffentlichen Rechts. Rechtstr\u00e4ger der Aufsichtsbeh\u00f6rde: Evangelische Landeskirche in Baden, Blumenstra\u00dfe 1 - 7,\u2026","rel":"","context":"\u00c4hnlicher Beitrag","block_context":{"text":"\u00c4hnlicher Beitrag","link":""},"img":{"alt_text":"","src":"","width":0,"height":0},"classes":[]},{"id":2016,"url":"https:\/\/kirche-hilsbach-weiler.de\/hw\/?page_id=2016","url_meta":{"origin":8284,"position":2},"title":"Projekt Jugendreferent","author":"Administrator","date":"29. M\u00e4rz 2014","format":false,"excerpt":"Eine Studie (www.stickyfaith.org) hat ergeben, dass ungef\u00e4hr die H\u00e4lfte aller Jugendlichen (in den USA) nach ihrem Schulabschluss in gro\u00dfe Glaubensn\u00f6te kommen oder sich sogar ganz vom Glauben distanzieren. Sehr wahrscheinlich ist die Zahl in Deutschland nicht wirklich erfreulicher. Wir meinen: Das muss nicht so sein! Ganz und gar nicht! Deswegen\u2026","rel":"","context":"\u00c4hnlicher Beitrag","block_context":{"text":"\u00c4hnlicher Beitrag","link":""},"img":{"alt_text":"header_juref1","src":"https:\/\/i0.wp.com\/kirche-hilsbach-weiler.de\/hw\/wp-content\/uploads\/2014\/03\/header_juref1.jpg?resize=350%2C200","width":350,"height":200,"srcset":"https:\/\/i0.wp.com\/kirche-hilsbach-weiler.de\/hw\/wp-content\/uploads\/2014\/03\/header_juref1.jpg?resize=350%2C200 1x, https:\/\/i0.wp.com\/kirche-hilsbach-weiler.de\/hw\/wp-content\/uploads\/2014\/03\/header_juref1.jpg?resize=525%2C300 1.5x, https:\/\/i0.wp.com\/kirche-hilsbach-weiler.de\/hw\/wp-content\/uploads\/2014\/03\/header_juref1.jpg?resize=700%2C400 2x"},"classes":[]},{"id":5976,"url":"https:\/\/kirche-hilsbach-weiler.de\/hw\/?page_id=5976","url_meta":{"origin":8284,"position":3},"title":"Bibelgespr\u00e4chskreis","author":"Administrator","date":"18. November 2017","format":false,"excerpt":"Die Bibel ist f\u00fcr uns Gottes Wort an die Menschen, eine Einladung zu einem Leben mit Gott, der Treffpunkt zwischen Gott und Mensch. Darum treffen wir uns mit Gott im Bibelgespr\u00e4chskreis, und zwar am Dienstag Abend, normalerweise 2mal im Monat um 19.30 Uhr. Unser Treffpunkt ist das evangelische Gemeindehaus HilsbachWeiler\u2026","rel":"","context":"\u00c4hnlicher Beitrag","block_context":{"text":"\u00c4hnlicher Beitrag","link":""},"img":{"alt_text":"","src":"","width":0,"height":0},"classes":[]},{"id":1649,"url":"https:\/\/kirche-hilsbach-weiler.de\/hw\/?page_id=1649","url_meta":{"origin":8284,"position":4},"title":"O.A.S.E.","author":"Administrator","date":"7. M\u00e4rz 2014","format":false,"excerpt":"Von 2011 - 2017 gab es die \"O.A.S.E.\", einen Gottesdienst, der offen \u2013 anders \u2013 spannend \u2013 erfrischend ist, bei dem ganze Familien herzlich willkommen sind und jeder auf seine Kosten kommt, den wir lebendig, kreativ und mit allen Sinnen feiern, der von mehreren Teams vorbereitet und gestaltet wird (Ablauf,\u2026","rel":"","context":"\u00c4hnlicher Beitrag","block_context":{"text":"\u00c4hnlicher Beitrag","link":""},"img":{"alt_text":"","src":"https:\/\/i0.wp.com\/kirche-hilsbach-weiler.de\/hw\/wp-content\/uploads\/2014\/03\/oase_page.jpg?fit=928%2C417&ssl=1&resize=350%2C200","width":350,"height":200,"srcset":"https:\/\/i0.wp.com\/kirche-hilsbach-weiler.de\/hw\/wp-content\/uploads\/2014\/03\/oase_page.jpg?fit=928%2C417&ssl=1&resize=350%2C200 1x, https:\/\/i0.wp.com\/kirche-hilsbach-weiler.de\/hw\/wp-content\/uploads\/2014\/03\/oase_page.jpg?fit=928%2C417&ssl=1&resize=525%2C300 1.5x, https:\/\/i0.wp.com\/kirche-hilsbach-weiler.de\/hw\/wp-content\/uploads\/2014\/03\/oase_page.jpg?fit=928%2C417&ssl=1&resize=700%2C400 2x"},"classes":[]},{"id":6003,"url":"https:\/\/kirche-hilsbach-weiler.de\/hw\/?page_id=6003","url_meta":{"origin":8284,"position":5},"title":"Hauskreis","author":"Administrator","date":"18. November 2017","format":false,"excerpt":"Sechs Fragen zum Hauskreis Hilsbach-Weiler Was ist denn Euer Hauskreis? In unserem Hauskreis treffen wir uns regelm\u00e4\u00dfig, um Glauben und Leben zu teilen. Ist das also ein frommer Geheimzirkel? Nat\u00fcrlich nicht. Die Treffen sind genauso \u00f6ffentlich wie andere Veranstaltungen. Wir treffen uns abwechselnd bei einzelnen Teilnehmern zu Hause, weil das\u2026","rel":"","context":"\u00c4hnlicher Beitrag","block_context":{"text":"\u00c4hnlicher Beitrag","link":""},"img":{"alt_text":"Hauskreis-Symbolfoto","src":"https:\/\/i0.wp.com\/kirche-hilsbach-weiler.de\/hw\/wp-content\/uploads\/2020\/04\/meeting-1015288_1920-e1588058179566.jpg?fit=1200%2C674&ssl=1&resize=350%2C200","width":350,"height":200,"srcset":"https:\/\/i0.wp.com\/kirche-hilsbach-weiler.de\/hw\/wp-content\/uploads\/2020\/04\/meeting-1015288_1920-e1588058179566.jpg?fit=1200%2C674&ssl=1&resize=350%2C200 1x, https:\/\/i0.wp.com\/kirche-hilsbach-weiler.de\/hw\/wp-content\/uploads\/2020\/04\/meeting-1015288_1920-e1588058179566.jpg?fit=1200%2C674&ssl=1&resize=525%2C300 1.5x, https:\/\/i0.wp.com\/kirche-hilsbach-weiler.de\/hw\/wp-content\/uploads\/2020\/04\/meeting-1015288_1920-e1588058179566.jpg?fit=1200%2C674&ssl=1&resize=700%2C400 2x, https:\/\/i0.wp.com\/kirche-hilsbach-weiler.de\/hw\/wp-content\/uploads\/2020\/04\/meeting-1015288_1920-e1588058179566.jpg?fit=1200%2C674&ssl=1&resize=1050%2C600 3x"},"classes":[]}],"jetpack_sharing_enabled":true,"_links":{"self":[{"href":"https:\/\/kirche-hilsbach-weiler.de\/hw\/index.php?rest_route=\/wp\/v2\/pages\/8284","targetHints":{"allow":["GET"]}}],"collection":[{"href":"https:\/\/kirche-hilsbach-weiler.de\/hw\/index.php?rest_route=\/wp\/v2\/pages"}],"about":[{"href":"https:\/\/kirche-hilsbach-weiler.de\/hw\/index.php?rest_route=\/wp\/v2\/types\/page"}],"author":[{"embeddable":true,"href":"https:\/\/kirche-hilsbach-weiler.de\/hw\/index.php?rest_route=\/wp\/v2\/users\/3"}],"replies":[{"embeddable":true,"href":"https:\/\/kirche-hilsbach-weiler.de\/hw\/index.php?rest_route=%2Fwp%2Fv2%2Fcomments&post=8284"}],"version-history":[{"count":0,"href":"https:\/\/kirche-hilsbach-weiler.de\/hw\/index.php?rest_route=\/wp\/v2\/pages\/8284\/revisions"}],"up":[{"embeddable":true,"href":"https:\/\/kirche-hilsbach-weiler.de\/hw\/index.php?rest_route=\/wp\/v2\/pages\/1639"}],"wp:attachment":[{"href":"https:\/\/kirche-hilsbach-weiler.de\/hw\/index.php?rest_route=%2Fwp%2Fv2%2Fmedia&parent=8284"}],"curies":[{"name":"wp","href":"https:\/\/api.w.org\/{rel}","templated":true}]}}