{"id":8334,"date":"2020-07-15T17:32:46","date_gmt":"2020-07-15T15:32:46","guid":{"rendered":"https:\/\/kirche-hilsbach-weiler.de\/hw\/?page_id=8334"},"modified":"2026-02-02T20:12:07","modified_gmt":"2026-02-02T19:12:07","slug":"mut-fuer-mission","status":"publish","type":"page","link":"https:\/\/kirche-hilsbach-weiler.de\/hw\/?page_id=8334","title":{"rendered":"Mut f\u00fcr Mission"},"content":{"rendered":"\r\n<figure class=\"wp-block-image size-large\"><a href=\"https:\/\/i0.wp.com\/kirche-hilsbach-weiler.de\/hw\/wp-content\/uploads\/2020\/07\/hand-4661763_1920.jpg?ssl=1\" data-src=\"https:\/\/kirche-hilsbach-weiler.de\/hw\/wp-content\/uploads\/2020\/07\/hand-4661763_1920.jpg\" data-thumb=\"https:\/\/kirche-hilsbach-weiler.de\/hw\/wp-content\/uploads\/2020\/07\/hand-644145_1920-1024x683.jpg\" class=\"ml-lightbox-enabled\"><img data-recalc-dims=\"1\" loading=\"lazy\" decoding=\"async\" width=\"700\" height=\"467\" data-attachment-id=\"8434\" data-permalink=\"https:\/\/kirche-hilsbach-weiler.de\/hw\/?attachment_id=8434\" data-orig-file=\"https:\/\/i0.wp.com\/kirche-hilsbach-weiler.de\/hw\/wp-content\/uploads\/2020\/07\/hand-644145_1920.jpg?fit=1920%2C1280&amp;ssl=1\" data-orig-size=\"1920,1280\" data-comments-opened=\"0\" data-image-meta=\"{&quot;aperture&quot;:&quot;0&quot;,&quot;credit&quot;:&quot;&quot;,&quot;camera&quot;:&quot;&quot;,&quot;caption&quot;:&quot;&quot;,&quot;created_timestamp&quot;:&quot;0&quot;,&quot;copyright&quot;:&quot;&quot;,&quot;focal_length&quot;:&quot;0&quot;,&quot;iso&quot;:&quot;0&quot;,&quot;shutter_speed&quot;:&quot;0&quot;,&quot;title&quot;:&quot;&quot;,&quot;orientation&quot;:&quot;0&quot;}\" data-image-title=\"Mut f\u00fcr Mission\" data-image-description=\"\" data-image-caption=\"\" data-large-file=\"https:\/\/i0.wp.com\/kirche-hilsbach-weiler.de\/hw\/wp-content\/uploads\/2020\/07\/hand-644145_1920.jpg?fit=700%2C467&amp;ssl=1\" class=\"wp-image-8434\" src=\"https:\/\/i0.wp.com\/kirche-hilsbach-weiler.de\/hw\/wp-content\/uploads\/2020\/07\/hand-644145_1920.jpg?resize=700%2C467&#038;ssl=1\" alt=\"\" srcset=\"https:\/\/i0.wp.com\/kirche-hilsbach-weiler.de\/hw\/wp-content\/uploads\/2020\/07\/hand-644145_1920.jpg?resize=1024%2C683&amp;ssl=1 1024w, https:\/\/i0.wp.com\/kirche-hilsbach-weiler.de\/hw\/wp-content\/uploads\/2020\/07\/hand-644145_1920.jpg?resize=300%2C200&amp;ssl=1 300w, https:\/\/i0.wp.com\/kirche-hilsbach-weiler.de\/hw\/wp-content\/uploads\/2020\/07\/hand-644145_1920.jpg?resize=768%2C512&amp;ssl=1 768w, https:\/\/i0.wp.com\/kirche-hilsbach-weiler.de\/hw\/wp-content\/uploads\/2020\/07\/hand-644145_1920.jpg?resize=1536%2C1024&amp;ssl=1 1536w, https:\/\/i0.wp.com\/kirche-hilsbach-weiler.de\/hw\/wp-content\/uploads\/2020\/07\/hand-644145_1920.jpg?w=1920&amp;ssl=1 1920w, https:\/\/i0.wp.com\/kirche-hilsbach-weiler.de\/hw\/wp-content\/uploads\/2020\/07\/hand-644145_1920.jpg?w=1400&amp;ssl=1 1400w\" sizes=\"auto, (max-width: 700px) 100vw, 700px\" \/><\/a>\r\n<figcaption>Was zeichnet eine Gemeinde aus? Was ist ihre Mission?<\/figcaption>\r\n<\/figure>\r\n\r\n\r\n\r\n<p>&nbsp;<\/p>\r\n\r\n\r\n\r\n<p>Unsere verschiedenen Gruppen und Veranstaltungen sollen dazu dienen, dass wir und die Menschen in unserer Umgebung etwas von Gottes Liebe und seinem Interesse an uns sp\u00fcren.&nbsp;<\/p>\r\n\r\n\r\n\r\n<p>Doch die Gute Nachricht gilt allen Menschen \u2013 weltweit.<br>Aus unserer Gemeinde sind und waren mutige Menschen bereit, anderen Menschen von der Liebe Jesu weiterzugeben.<\/p>\r\n\r\n\r\n\r\n<p>Bei allem eigenen Mut sind sie dabei auf den R\u00fcckhalt ihrer Gemeinde und die Hintergrundarbeit ihrer Missionsgemeinschaft (z.B. die <a href=\"http:\/\/www.dmgint.de\" target=\"_blank\" rel=\"noopener noreferrer\">DMG<\/a>) angewiesen.<\/p>\r\n\r\n\r\n\r\n<p>Hier kommt <strong>MUT<\/strong> ins Spiel, das <strong>M<\/strong>issions<strong>U<\/strong>nterst\u00fctzer<strong>T<\/strong>eam unserer Gemeinde.<br>Wir wollen die Verbindung zu unseren &#8220;Entsandten&#8221; halten, an ihrem Ergehen Anteil nehmen, die Gemeinde \u00fcber ihre T\u00e4tigkeit informieren und f\u00fcr sie beten.<\/p>\r\n\r\n\r\n\r\n<p>W\u00e4re es nicht sch\u00f6n, wenn Hilsbach-Weiler eine \u201eHeimatgemeinde\u201c f\u00fcr weitere Botschafter werden k\u00f6nnte?<br>Wenn Sie weitere Informationen ben\u00f6tigen, dann schreiben Sie eine Mail an: <a href=\"&#109;&#x61;i&#x6c;&#x74;&#111;&#x3a;m&#117;&#x74;&#64;&#x6b;i&#114;&#x63;h&#x65;-&#104;&#x69;l&#x73;&#x62;&#97;&#x63;h&#45;&#x77;&#101;&#x69;l&#101;&#x72;&#46;&#x64;e\">&#109;&#x75;t&#64;&#x6b;i&#114;&#x63;h&#x65;&#x2d;&#104;&#x69;l&#115;&#x62;a&#99;&#x68;-&#x77;&#x65;&#105;&#x6c;&#x65;&#114;&#x2e;d&#101;<\/a><\/p>\r\n","protected":false},"excerpt":{"rendered":"<p>&nbsp; Unsere verschiedenen Gruppen und Veranstaltungen sollen dazu dienen, dass wir und die Menschen in unserer Umgebung etwas von Gottes Liebe und seinem Interesse an uns sp\u00fcren.&nbsp; Doch die Gute Nachricht gilt allen Menschen \u2013 weltweit.Aus unserer Gemeinde sind und waren mutige Menschen bereit, anderen Menschen von der Liebe Jesu weiterzugeben. Bei allem eigenen Mut &#8230; <span class=\"more\"><a class=\"more-link\" href=\"https:\/\/kirche-hilsbach-weiler.de\/hw\/?page_id=8334\">[Weiter&#8230;]<\/a><\/span><\/p>\n","protected":false},"author":5,"featured_media":0,"parent":0,"menu_order":0,"comment_status":"closed","ping_status":"closed","template":"","meta":{"ngg_post_thumbnail":0,"footnotes":""},"class_list":["entry","page","publish","author-spickel","post-8334"],"jetpack_shortlink":"https:\/\/wp.me\/P4vBdR-2aq","jetpack_likes_enabled":false,"jetpack-related-posts":[{"id":8362,"url":"https:\/\/kirche-hilsbach-weiler.de\/hw\/?page_id=8362","url_meta":{"origin":8334,"position":0},"title":"Monika Mench","author":"Stefan Pickel","date":"17. Juli 2020","format":false,"excerpt":"\u00a0 \"Liebe deinen N\u00e4chsten wie dich selbst\". (Markus 12,31) Monika war von September 2020 bis August 2021 in Frankreich. \u00dcber ihre Arbeit dort schreibt sie: \"Meine Leidenschaft ist es, Fl\u00fcchtlingen und Migranten in einer Vorstadt von Paris zu dienen. Sie haben alles verlassen, - Land, Familien, Verwandte, vertraute Umgebung \u2013\u2026","rel":"","context":"\u00c4hnlicher Beitrag","block_context":{"text":"\u00c4hnlicher Beitrag","link":""},"img":{"alt_text":"","src":"https:\/\/i0.wp.com\/kirche-hilsbach-weiler.de\/hw\/wp-content\/uploads\/2014\/03\/Mench-scaled.jpg?resize=350%2C200&ssl=1","width":350,"height":200,"srcset":"https:\/\/i0.wp.com\/kirche-hilsbach-weiler.de\/hw\/wp-content\/uploads\/2014\/03\/Mench-scaled.jpg?resize=350%2C200&ssl=1 1x, https:\/\/i0.wp.com\/kirche-hilsbach-weiler.de\/hw\/wp-content\/uploads\/2014\/03\/Mench-scaled.jpg?resize=525%2C300&ssl=1 1.5x, https:\/\/i0.wp.com\/kirche-hilsbach-weiler.de\/hw\/wp-content\/uploads\/2014\/03\/Mench-scaled.jpg?resize=700%2C400&ssl=1 2x, https:\/\/i0.wp.com\/kirche-hilsbach-weiler.de\/hw\/wp-content\/uploads\/2014\/03\/Mench-scaled.jpg?resize=1050%2C600&ssl=1 3x, https:\/\/i0.wp.com\/kirche-hilsbach-weiler.de\/hw\/wp-content\/uploads\/2014\/03\/Mench-scaled.jpg?resize=1400%2C800&ssl=1 4x"},"classes":[]},{"id":6060,"url":"https:\/\/kirche-hilsbach-weiler.de\/hw\/","url_meta":{"origin":8334,"position":1},"title":"Herzlich willkommen","author":"Administrator","date":"18. November 2017","format":false,"excerpt":"Sch\u00f6n, dass Sie da sind! Die evangelische Kirchengemeinde HilsbachWeiler geh\u00f6rt zum evangelischen Kirchenbezirk Kraichgau in der evangelischen Landeskirche in Baden (ekiba). Im h\u00fcgeligen Kraichgau liegen die beiden Sinsheimer Ortsteile Hilsbach (ca. 2200 Einwohner, davon ca. 700 Evangelische) und Weiler (ca. 2000 Einwohner, davon ca. 750 Evangelische). Unser Profil: Wir sind\u2026","rel":"","context":"\u00c4hnlicher Beitrag","block_context":{"text":"\u00c4hnlicher Beitrag","link":""},"img":{"alt_text":"","src":"","width":0,"height":0},"classes":[]},{"id":25,"url":"https:\/\/kirche-hilsbach-weiler.de\/hw\/?page_id=25","url_meta":{"origin":8334,"position":2},"title":"Infos","author":"Administrator","date":"29. Juni 2012","format":false,"excerpt":"","rel":"","context":"\u00c4hnlicher Beitrag","block_context":{"text":"\u00c4hnlicher Beitrag","link":""},"img":{"alt_text":"","src":"https:\/\/i0.wp.com\/kirche-hilsbach-weiler.de\/hw\/wp-content\/uploads\/2020\/04\/KirchenHilsbachWeiler-17-scaled.jpg?resize=350%2C200&ssl=1","width":350,"height":200,"srcset":"https:\/\/i0.wp.com\/kirche-hilsbach-weiler.de\/hw\/wp-content\/uploads\/2020\/04\/KirchenHilsbachWeiler-17-scaled.jpg?resize=350%2C200&ssl=1 1x, https:\/\/i0.wp.com\/kirche-hilsbach-weiler.de\/hw\/wp-content\/uploads\/2020\/04\/KirchenHilsbachWeiler-17-scaled.jpg?resize=525%2C300&ssl=1 1.5x, https:\/\/i0.wp.com\/kirche-hilsbach-weiler.de\/hw\/wp-content\/uploads\/2020\/04\/KirchenHilsbachWeiler-17-scaled.jpg?resize=700%2C400&ssl=1 2x, https:\/\/i0.wp.com\/kirche-hilsbach-weiler.de\/hw\/wp-content\/uploads\/2020\/04\/KirchenHilsbachWeiler-17-scaled.jpg?resize=1050%2C600&ssl=1 3x, https:\/\/i0.wp.com\/kirche-hilsbach-weiler.de\/hw\/wp-content\/uploads\/2020\/04\/KirchenHilsbachWeiler-17-scaled.jpg?resize=1400%2C800&ssl=1 4x"},"classes":[]},{"id":2041,"url":"https:\/\/kirche-hilsbach-weiler.de\/hw\/?page_id=2041","url_meta":{"origin":8334,"position":3},"title":"Kirchengemeinderat HilsbachWeiler","author":"Stefan Pickel","date":"13. Januar 2020","format":false,"excerpt":"Bei den letzten Kirchenwahlen im Dezember 2025 wurde der aktuell amtierende Kirchengemeinderat gew\u00e4hlt. Pfarrer Dr. Markus Printz ist von Amtes wegen Mitglied im Kirchengemeinderat. Der Kirchengemeinderat ist \u00fcber folgende Mailadresse erreichbar: kgr@kirche-hilsbach-weiler.de Gerne k\u00f6nnen Sie sich mit Ihren Anliegen auch pers\u00f6nlich an jedes der Mitglieder (Kirchen\u00e4lteste) wenden: Der Kirchengemeinderat (=\u2026","rel":"","context":"\u00c4hnlicher Beitrag","block_context":{"text":"\u00c4hnlicher Beitrag","link":""},"img":{"alt_text":"","src":"https:\/\/i0.wp.com\/kirche-hilsbach-weiler.de\/hw\/wp-content\/uploads\/2022\/10\/KGR-2022.jpg?resize=350%2C200&ssl=1","width":350,"height":200,"srcset":"https:\/\/i0.wp.com\/kirche-hilsbach-weiler.de\/hw\/wp-content\/uploads\/2022\/10\/KGR-2022.jpg?resize=350%2C200&ssl=1 1x, https:\/\/i0.wp.com\/kirche-hilsbach-weiler.de\/hw\/wp-content\/uploads\/2022\/10\/KGR-2022.jpg?resize=525%2C300&ssl=1 1.5x, https:\/\/i0.wp.com\/kirche-hilsbach-weiler.de\/hw\/wp-content\/uploads\/2022\/10\/KGR-2022.jpg?resize=700%2C400&ssl=1 2x, https:\/\/i0.wp.com\/kirche-hilsbach-weiler.de\/hw\/wp-content\/uploads\/2022\/10\/KGR-2022.jpg?resize=1050%2C600&ssl=1 3x, https:\/\/i0.wp.com\/kirche-hilsbach-weiler.de\/hw\/wp-content\/uploads\/2022\/10\/KGR-2022.jpg?resize=1400%2C800&ssl=1 4x"},"classes":[]},{"id":5972,"url":"https:\/\/kirche-hilsbach-weiler.de\/hw\/?page_id=5972","url_meta":{"origin":8334,"position":4},"title":"SalzCH\u00d6Rner","author":"Administrator","date":"18. November 2017","format":false,"excerpt":"Die SalzCH\u00d6Rner wurden 1989 als Jugendchor Hilsbach-Weiler gegr\u00fcndet. Der fr\u00fchere Zusatz \u201aJunger Chor Hilsbach-Weiler\u2018 stimmt \u2013 was das Lebensalter der S\u00e4nger betrifft \u2013 heute zumindest noch gef\u00fchlt: Wir sind ungef\u00e4hr 25 S\u00e4ngerinnen und S\u00e4nger ganz unterschiedlichen Alters von etwa 18 bis 80 Jahren. Mitsingen darf bei uns jedoch jeder, der\u2026","rel":"","context":"\u00c4hnlicher Beitrag","block_context":{"text":"\u00c4hnlicher Beitrag","link":""},"img":{"alt_text":"","src":"https:\/\/i0.wp.com\/kirche-hilsbach-weiler.de\/hw\/wp-content\/uploads\/2015\/10\/SalzCH%C3%96Rner-2015-breit.jpg?fit=1200%2C253&ssl=1&resize=350%2C200","width":350,"height":200,"srcset":"https:\/\/i0.wp.com\/kirche-hilsbach-weiler.de\/hw\/wp-content\/uploads\/2015\/10\/SalzCH%C3%96Rner-2015-breit.jpg?fit=1200%2C253&ssl=1&resize=350%2C200 1x, https:\/\/i0.wp.com\/kirche-hilsbach-weiler.de\/hw\/wp-content\/uploads\/2015\/10\/SalzCH%C3%96Rner-2015-breit.jpg?fit=1200%2C253&ssl=1&resize=525%2C300 1.5x, https:\/\/i0.wp.com\/kirche-hilsbach-weiler.de\/hw\/wp-content\/uploads\/2015\/10\/SalzCH%C3%96Rner-2015-breit.jpg?fit=1200%2C253&ssl=1&resize=700%2C400 2x, https:\/\/i0.wp.com\/kirche-hilsbach-weiler.de\/hw\/wp-content\/uploads\/2015\/10\/SalzCH%C3%96Rner-2015-breit.jpg?fit=1200%2C253&ssl=1&resize=1050%2C600 3x"},"classes":[]},{"id":1649,"url":"https:\/\/kirche-hilsbach-weiler.de\/hw\/?page_id=1649","url_meta":{"origin":8334,"position":5},"title":"O.A.S.E.","author":"Administrator","date":"7. M\u00e4rz 2014","format":false,"excerpt":"Von 2011 - 2017 gab es die \"O.A.S.E.\", einen Gottesdienst, der offen \u2013 anders \u2013 spannend \u2013 erfrischend ist, bei dem ganze Familien herzlich willkommen sind und jeder auf seine Kosten kommt, den wir lebendig, kreativ und mit allen Sinnen feiern, der von mehreren Teams vorbereitet und gestaltet wird (Ablauf,\u2026","rel":"","context":"\u00c4hnlicher Beitrag","block_context":{"text":"\u00c4hnlicher Beitrag","link":""},"img":{"alt_text":"","src":"https:\/\/i0.wp.com\/kirche-hilsbach-weiler.de\/hw\/wp-content\/uploads\/2014\/03\/oase_page.jpg?fit=928%2C417&ssl=1&resize=350%2C200","width":350,"height":200,"srcset":"https:\/\/i0.wp.com\/kirche-hilsbach-weiler.de\/hw\/wp-content\/uploads\/2014\/03\/oase_page.jpg?fit=928%2C417&ssl=1&resize=350%2C200 1x, https:\/\/i0.wp.com\/kirche-hilsbach-weiler.de\/hw\/wp-content\/uploads\/2014\/03\/oase_page.jpg?fit=928%2C417&ssl=1&resize=525%2C300 1.5x, https:\/\/i0.wp.com\/kirche-hilsbach-weiler.de\/hw\/wp-content\/uploads\/2014\/03\/oase_page.jpg?fit=928%2C417&ssl=1&resize=700%2C400 2x"},"classes":[]}],"jetpack_sharing_enabled":true,"_links":{"self":[{"href":"https:\/\/kirche-hilsbach-weiler.de\/hw\/index.php?rest_route=\/wp\/v2\/pages\/8334","targetHints":{"allow":["GET"]}}],"collection":[{"href":"https:\/\/kirche-hilsbach-weiler.de\/hw\/index.php?rest_route=\/wp\/v2\/pages"}],"about":[{"href":"https:\/\/kirche-hilsbach-weiler.de\/hw\/index.php?rest_route=\/wp\/v2\/types\/page"}],"author":[{"embeddable":true,"href":"https:\/\/kirche-hilsbach-weiler.de\/hw\/index.php?rest_route=\/wp\/v2\/users\/5"}],"replies":[{"embeddable":true,"href":"https:\/\/kirche-hilsbach-weiler.de\/hw\/index.php?rest_route=%2Fwp%2Fv2%2Fcomments&post=8334"}],"version-history":[{"count":2,"href":"https:\/\/kirche-hilsbach-weiler.de\/hw\/index.php?rest_route=\/wp\/v2\/pages\/8334\/revisions"}],"predecessor-version":[{"id":11795,"href":"https:\/\/kirche-hilsbach-weiler.de\/hw\/index.php?rest_route=\/wp\/v2\/pages\/8334\/revisions\/11795"}],"wp:attachment":[{"href":"https:\/\/kirche-hilsbach-weiler.de\/hw\/index.php?rest_route=%2Fwp%2Fv2%2Fmedia&parent=8334"}],"curies":[{"name":"wp","href":"https:\/\/api.w.org\/{rel}","templated":true}]}}