{"id":8685,"date":"2020-11-10T18:14:58","date_gmt":"2020-11-10T17:14:58","guid":{"rendered":"https:\/\/kirche-hilsbach-weiler.de\/hw\/?page_id=8685"},"modified":"2020-11-11T16:55:27","modified_gmt":"2020-11-11T15:55:27","slug":"weihnachten-neu-erleben-worum-geht-es","status":"publish","type":"page","link":"https:\/\/kirche-hilsbach-weiler.de\/hw\/?page_id=8685","title":{"rendered":"Weihnachten neu erleben"},"content":{"rendered":"\r\n<div class=\"wp-block-image\">\r\n<figure class=\"aligncenter size-large\"><img data-recalc-dims=\"1\" decoding=\"async\" class=\"aligncenter\" src=\"https:\/\/i0.wp.com\/kirche-hilsbach-weiler.de\/hw\/wp-content\/uploads\/2020\/11\/wneziel.jpg?w=700&#038;ssl=1\" alt=\"\"><\/figure>\r\n<\/div>\r\n\r\n\r\n\r\n<figure class=\"wp-block-embed-youtube wp-block-embed is-type-video is-provider-youtube wp-embed-aspect-16-9 wp-has-aspect-ratio\"><\/figure>\r\n<div class=\"wp-block-jetpack-slideshow aligncenter\" data-effect=\"slide\">\r\n<div class=\"wp-block-jetpack-slideshow_container swiper-container\">\r\n<div style=\"text-align: center;\"><div class=\"su-youtube su-u-responsive-media-no\"><iframe loading=\"lazy\" width=\"700\" height=\"400\" src=\"https:\/\/www.youtube.com\/embed\/6yXnNYS6xOI?\" frameborder=\"0\" allowfullscreen allow=\"autoplay; encrypted-media; picture-in-picture\" title=\"\"><\/iframe><\/div><\/div>\r\n<div style=\"text-align: center;\"><div class=\"su-image-carousel  su-image-carousel-has-spacing su-image-carousel-has-outline su-image-carousel-adaptive su-image-carousel-slides-style-default su-image-carousel-controls-style-dark su-image-carousel-align-center\" style=\"max-width:700px\" data-flickity-options='{\"groupCells\":true,\"cellSelector\":\".su-image-carousel-item\",\"adaptiveHeight\":true,\"cellAlign\":\"left\",\"prevNextButtons\":true,\"pageDots\":true,\"autoPlay\":false,\"imagesLoaded\":true,\"contain\":false,\"selectedAttraction\":0.025000000000000001387778780781445675529539585113525390625,\"friction\":0.2800000000000000266453525910037569701671600341796875}' id=\"su_image_carousel_69e7561f3fad3\"><div class=\"su-image-carousel-item\"><div class=\"su-image-carousel-item-content\"><img loading=\"lazy\" decoding=\"async\" width=\"700\" height=\"702\" src=\"https:\/\/i0.wp.com\/kirche-hilsbach-weiler.de\/hw\/wp-content\/uploads\/2020\/11\/wne03start.jpg?fit=700%2C702&amp;ssl=1\" class=\"\" alt=\"\" srcset=\"https:\/\/i0.wp.com\/kirche-hilsbach-weiler.de\/hw\/wp-content\/uploads\/2020\/11\/wne03start.jpg?w=1186&amp;ssl=1 1186w, https:\/\/i0.wp.com\/kirche-hilsbach-weiler.de\/hw\/wp-content\/uploads\/2020\/11\/wne03start.jpg?resize=300%2C300&amp;ssl=1 300w, https:\/\/i0.wp.com\/kirche-hilsbach-weiler.de\/hw\/wp-content\/uploads\/2020\/11\/wne03start.jpg?resize=1021%2C1024&amp;ssl=1 1021w, https:\/\/i0.wp.com\/kirche-hilsbach-weiler.de\/hw\/wp-content\/uploads\/2020\/11\/wne03start.jpg?resize=150%2C150&amp;ssl=1 150w, https:\/\/i0.wp.com\/kirche-hilsbach-weiler.de\/hw\/wp-content\/uploads\/2020\/11\/wne03start.jpg?resize=768%2C771&amp;ssl=1 768w\" sizes=\"auto, (max-width: 700px) 100vw, 700px\" data-attachment-id=\"8787\" data-permalink=\"https:\/\/kirche-hilsbach-weiler.de\/hw\/?attachment_id=8787\" data-orig-file=\"https:\/\/i0.wp.com\/kirche-hilsbach-weiler.de\/hw\/wp-content\/uploads\/2020\/11\/wne03start.jpg?fit=1186%2C1190&amp;ssl=1\" data-orig-size=\"1186,1190\" data-comments-opened=\"0\" data-image-meta=\"{&quot;aperture&quot;:&quot;0&quot;,&quot;credit&quot;:&quot;&quot;,&quot;camera&quot;:&quot;&quot;,&quot;caption&quot;:&quot;&quot;,&quot;created_timestamp&quot;:&quot;0&quot;,&quot;copyright&quot;:&quot;&quot;,&quot;focal_length&quot;:&quot;0&quot;,&quot;iso&quot;:&quot;0&quot;,&quot;shutter_speed&quot;:&quot;0&quot;,&quot;title&quot;:&quot;&quot;,&quot;orientation&quot;:&quot;1&quot;}\" data-image-title=\"wne03start\" data-image-description=\"\" data-image-caption=\"&lt;p&gt;Was erwartet Sie?&lt;\/p&gt;\n\" data-large-file=\"https:\/\/i0.wp.com\/kirche-hilsbach-weiler.de\/hw\/wp-content\/uploads\/2020\/11\/wne03start.jpg?fit=700%2C702&amp;ssl=1\" \/><\/div><\/div><div class=\"su-image-carousel-item\"><div class=\"su-image-carousel-item-content\"><img loading=\"lazy\" decoding=\"async\" width=\"700\" height=\"696\" src=\"https:\/\/i0.wp.com\/kirche-hilsbach-weiler.de\/hw\/wp-content\/uploads\/2020\/11\/wne03a-e1605038874379.jpg?fit=700%2C696&amp;ssl=1\" class=\"\" alt=\"\" data-attachment-id=\"8751\" data-permalink=\"https:\/\/kirche-hilsbach-weiler.de\/hw\/?attachment_id=8751\" data-orig-file=\"https:\/\/i0.wp.com\/kirche-hilsbach-weiler.de\/hw\/wp-content\/uploads\/2020\/11\/wne03a-e1605038874379.jpg?fit=817%2C812&amp;ssl=1\" data-orig-size=\"817,812\" data-comments-opened=\"0\" data-image-meta=\"{&quot;aperture&quot;:&quot;0&quot;,&quot;credit&quot;:&quot;&quot;,&quot;camera&quot;:&quot;&quot;,&quot;caption&quot;:&quot;&quot;,&quot;created_timestamp&quot;:&quot;0&quot;,&quot;copyright&quot;:&quot;&quot;,&quot;focal_length&quot;:&quot;0&quot;,&quot;iso&quot;:&quot;0&quot;,&quot;shutter_speed&quot;:&quot;0&quot;,&quot;title&quot;:&quot;&quot;,&quot;orientation&quot;:&quot;1&quot;}\" data-image-title=\"wne03a\" data-image-description=\"\" data-image-caption=\"&lt;p&gt;24 Tage Weihnachten neu erleben&lt;\/p&gt;\n\" data-large-file=\"https:\/\/i0.wp.com\/kirche-hilsbach-weiler.de\/hw\/wp-content\/uploads\/2020\/11\/wne03a-e1605038874379.jpg?fit=700%2C696&amp;ssl=1\" \/><\/div><\/div><div class=\"su-image-carousel-item\"><div class=\"su-image-carousel-item-content\"><img loading=\"lazy\" decoding=\"async\" width=\"700\" height=\"701\" src=\"https:\/\/i0.wp.com\/kirche-hilsbach-weiler.de\/hw\/wp-content\/uploads\/2020\/11\/wne03g.jpg?fit=700%2C701&amp;ssl=1\" class=\"\" alt=\"\" srcset=\"https:\/\/i0.wp.com\/kirche-hilsbach-weiler.de\/hw\/wp-content\/uploads\/2020\/11\/wne03g.jpg?w=1788&amp;ssl=1 1788w, https:\/\/i0.wp.com\/kirche-hilsbach-weiler.de\/hw\/wp-content\/uploads\/2020\/11\/wne03g.jpg?resize=300%2C300&amp;ssl=1 300w, https:\/\/i0.wp.com\/kirche-hilsbach-weiler.de\/hw\/wp-content\/uploads\/2020\/11\/wne03g.jpg?resize=1022%2C1024&amp;ssl=1 1022w, https:\/\/i0.wp.com\/kirche-hilsbach-weiler.de\/hw\/wp-content\/uploads\/2020\/11\/wne03g.jpg?resize=150%2C150&amp;ssl=1 150w, https:\/\/i0.wp.com\/kirche-hilsbach-weiler.de\/hw\/wp-content\/uploads\/2020\/11\/wne03g.jpg?resize=768%2C770&amp;ssl=1 768w, https:\/\/i0.wp.com\/kirche-hilsbach-weiler.de\/hw\/wp-content\/uploads\/2020\/11\/wne03g.jpg?resize=1533%2C1536&amp;ssl=1 1533w, https:\/\/i0.wp.com\/kirche-hilsbach-weiler.de\/hw\/wp-content\/uploads\/2020\/11\/wne03g.jpg?resize=1186%2C1190&amp;ssl=1 1186w, https:\/\/i0.wp.com\/kirche-hilsbach-weiler.de\/hw\/wp-content\/uploads\/2020\/11\/wne03g.jpg?resize=620%2C622&amp;ssl=1 620w, https:\/\/i0.wp.com\/kirche-hilsbach-weiler.de\/hw\/wp-content\/uploads\/2020\/11\/wne03g.jpg?resize=400%2C401&amp;ssl=1 400w, https:\/\/i0.wp.com\/kirche-hilsbach-weiler.de\/hw\/wp-content\/uploads\/2020\/11\/wne03g.jpg?w=1400&amp;ssl=1 1400w\" sizes=\"auto, (max-width: 700px) 100vw, 700px\" data-attachment-id=\"8786\" data-permalink=\"https:\/\/kirche-hilsbach-weiler.de\/hw\/?attachment_id=8786\" data-orig-file=\"https:\/\/i0.wp.com\/kirche-hilsbach-weiler.de\/hw\/wp-content\/uploads\/2020\/11\/wne03g.jpg?fit=1788%2C1792&amp;ssl=1\" data-orig-size=\"1788,1792\" data-comments-opened=\"0\" data-image-meta=\"{&quot;aperture&quot;:&quot;0&quot;,&quot;credit&quot;:&quot;&quot;,&quot;camera&quot;:&quot;&quot;,&quot;caption&quot;:&quot;&quot;,&quot;created_timestamp&quot;:&quot;0&quot;,&quot;copyright&quot;:&quot;&quot;,&quot;focal_length&quot;:&quot;0&quot;,&quot;iso&quot;:&quot;0&quot;,&quot;shutter_speed&quot;:&quot;0&quot;,&quot;title&quot;:&quot;&quot;,&quot;orientation&quot;:&quot;1&quot;}\" data-image-title=\"wne03g\" data-image-description=\"\" data-image-caption=\"&lt;p&gt;24 Impulse aus einen Adventskalenderbuch&lt;\/p&gt;\n\" data-large-file=\"https:\/\/i0.wp.com\/kirche-hilsbach-weiler.de\/hw\/wp-content\/uploads\/2020\/11\/wne03g.jpg?fit=700%2C701&amp;ssl=1\" \/><\/div><\/div><div class=\"su-image-carousel-item\"><div class=\"su-image-carousel-item-content\"><img loading=\"lazy\" decoding=\"async\" width=\"700\" height=\"701\" src=\"https:\/\/i0.wp.com\/kirche-hilsbach-weiler.de\/hw\/wp-content\/uploads\/2020\/11\/wne3b-e1605038329906.jpg?fit=700%2C701&amp;ssl=1\" class=\"\" alt=\"\" srcset=\"https:\/\/i0.wp.com\/kirche-hilsbach-weiler.de\/hw\/wp-content\/uploads\/2020\/11\/wne3b-e1605038329906.jpg?w=860&amp;ssl=1 860w, https:\/\/i0.wp.com\/kirche-hilsbach-weiler.de\/hw\/wp-content\/uploads\/2020\/11\/wne3b-e1605038329906.jpg?resize=620%2C622&amp;ssl=1 620w, https:\/\/i0.wp.com\/kirche-hilsbach-weiler.de\/hw\/wp-content\/uploads\/2020\/11\/wne3b-e1605038329906.jpg?resize=400%2C401&amp;ssl=1 400w\" sizes=\"auto, (max-width: 700px) 100vw, 700px\" data-attachment-id=\"8752\" data-permalink=\"https:\/\/kirche-hilsbach-weiler.de\/hw\/?attachment_id=8752\" data-orig-file=\"https:\/\/i0.wp.com\/kirche-hilsbach-weiler.de\/hw\/wp-content\/uploads\/2020\/11\/wne3b-e1605038329906.jpg?fit=860%2C862&amp;ssl=1\" data-orig-size=\"860,862\" data-comments-opened=\"0\" data-image-meta=\"{&quot;aperture&quot;:&quot;0&quot;,&quot;credit&quot;:&quot;&quot;,&quot;camera&quot;:&quot;&quot;,&quot;caption&quot;:&quot;&quot;,&quot;created_timestamp&quot;:&quot;0&quot;,&quot;copyright&quot;:&quot;&quot;,&quot;focal_length&quot;:&quot;0&quot;,&quot;iso&quot;:&quot;0&quot;,&quot;shutter_speed&quot;:&quot;0&quot;,&quot;title&quot;:&quot;&quot;,&quot;orientation&quot;:&quot;1&quot;}\" data-image-title=\"wne3b\" data-image-description=\"\" data-image-caption=\"&lt;p&gt;4 Online-Videobotschaften&lt;\/p&gt;\n\" data-large-file=\"https:\/\/i0.wp.com\/kirche-hilsbach-weiler.de\/hw\/wp-content\/uploads\/2020\/11\/wne3b-e1605038329906.jpg?fit=700%2C701&amp;ssl=1\" \/><\/div><\/div><div class=\"su-image-carousel-item\"><div class=\"su-image-carousel-item-content\"><img loading=\"lazy\" decoding=\"async\" width=\"700\" height=\"703\" src=\"https:\/\/i0.wp.com\/kirche-hilsbach-weiler.de\/hw\/wp-content\/uploads\/2020\/11\/wne3c-e1605038348483.jpg?fit=700%2C703&amp;ssl=1\" class=\"\" alt=\"\" srcset=\"https:\/\/i0.wp.com\/kirche-hilsbach-weiler.de\/hw\/wp-content\/uploads\/2020\/11\/wne3c-e1605038348483.jpg?w=858&amp;ssl=1 858w, https:\/\/i0.wp.com\/kirche-hilsbach-weiler.de\/hw\/wp-content\/uploads\/2020\/11\/wne3c-e1605038348483.jpg?resize=400%2C401&amp;ssl=1 400w\" sizes=\"auto, (max-width: 700px) 100vw, 700px\" data-attachment-id=\"8753\" data-permalink=\"https:\/\/kirche-hilsbach-weiler.de\/hw\/?attachment_id=8753\" data-orig-file=\"https:\/\/i0.wp.com\/kirche-hilsbach-weiler.de\/hw\/wp-content\/uploads\/2020\/11\/wne3c-e1605038348483.jpg?fit=858%2C862&amp;ssl=1\" data-orig-size=\"858,862\" data-comments-opened=\"0\" data-image-meta=\"{&quot;aperture&quot;:&quot;0&quot;,&quot;credit&quot;:&quot;&quot;,&quot;camera&quot;:&quot;&quot;,&quot;caption&quot;:&quot;&quot;,&quot;created_timestamp&quot;:&quot;0&quot;,&quot;copyright&quot;:&quot;&quot;,&quot;focal_length&quot;:&quot;0&quot;,&quot;iso&quot;:&quot;0&quot;,&quot;shutter_speed&quot;:&quot;0&quot;,&quot;title&quot;:&quot;&quot;,&quot;orientation&quot;:&quot;1&quot;}\" data-image-title=\"wne3c\" data-image-description=\"\" data-image-caption=\"&lt;p&gt;4 Gottesdienste&lt;\/p&gt;\n\" data-large-file=\"https:\/\/i0.wp.com\/kirche-hilsbach-weiler.de\/hw\/wp-content\/uploads\/2020\/11\/wne3c-e1605038348483.jpg?fit=700%2C703&amp;ssl=1\" \/><\/div><\/div><div class=\"su-image-carousel-item\"><div class=\"su-image-carousel-item-content\"><img loading=\"lazy\" decoding=\"async\" width=\"700\" height=\"698\" src=\"https:\/\/i0.wp.com\/kirche-hilsbach-weiler.de\/hw\/wp-content\/uploads\/2020\/11\/wne3e-e1605038392432.jpg?fit=700%2C698&amp;ssl=1\" class=\"\" alt=\"\" data-attachment-id=\"8755\" data-permalink=\"https:\/\/kirche-hilsbach-weiler.de\/hw\/?attachment_id=8755\" data-orig-file=\"https:\/\/i0.wp.com\/kirche-hilsbach-weiler.de\/hw\/wp-content\/uploads\/2020\/11\/wne3e-e1605038392432.jpg?fit=865%2C862&amp;ssl=1\" data-orig-size=\"865,862\" data-comments-opened=\"0\" data-image-meta=\"{&quot;aperture&quot;:&quot;0&quot;,&quot;credit&quot;:&quot;&quot;,&quot;camera&quot;:&quot;&quot;,&quot;caption&quot;:&quot;&quot;,&quot;created_timestamp&quot;:&quot;0&quot;,&quot;copyright&quot;:&quot;&quot;,&quot;focal_length&quot;:&quot;0&quot;,&quot;iso&quot;:&quot;0&quot;,&quot;shutter_speed&quot;:&quot;0&quot;,&quot;title&quot;:&quot;&quot;,&quot;orientation&quot;:&quot;1&quot;}\" data-image-title=\"wne3e\" data-image-description=\"\" data-image-caption=\"&lt;p&gt;Ein Kinder- und Jugendprogramm&lt;\/p&gt;\n\" data-large-file=\"https:\/\/i0.wp.com\/kirche-hilsbach-weiler.de\/hw\/wp-content\/uploads\/2020\/11\/wne3e-e1605038392432.jpg?fit=700%2C698&amp;ssl=1\" \/><\/div><\/div><div class=\"su-image-carousel-item\"><div class=\"su-image-carousel-item-content\"><img loading=\"lazy\" decoding=\"async\" width=\"700\" height=\"702\" src=\"https:\/\/i0.wp.com\/kirche-hilsbach-weiler.de\/hw\/wp-content\/uploads\/2020\/11\/wne3d-e1605038371883.jpg?fit=700%2C702&amp;ssl=1\" class=\"\" alt=\"\" srcset=\"https:\/\/i0.wp.com\/kirche-hilsbach-weiler.de\/hw\/wp-content\/uploads\/2020\/11\/wne3d-e1605038371883.jpg?w=859&amp;ssl=1 859w, https:\/\/i0.wp.com\/kirche-hilsbach-weiler.de\/hw\/wp-content\/uploads\/2020\/11\/wne3d-e1605038371883.jpg?resize=620%2C621&amp;ssl=1 620w, https:\/\/i0.wp.com\/kirche-hilsbach-weiler.de\/hw\/wp-content\/uploads\/2020\/11\/wne3d-e1605038371883.jpg?resize=400%2C401&amp;ssl=1 400w\" sizes=\"auto, (max-width: 700px) 100vw, 700px\" data-attachment-id=\"8754\" data-permalink=\"https:\/\/kirche-hilsbach-weiler.de\/hw\/?attachment_id=8754\" data-orig-file=\"https:\/\/i0.wp.com\/kirche-hilsbach-weiler.de\/hw\/wp-content\/uploads\/2020\/11\/wne3d-e1605038371883.jpg?fit=859%2C862&amp;ssl=1\" data-orig-size=\"859,862\" data-comments-opened=\"0\" data-image-meta=\"{&quot;aperture&quot;:&quot;0&quot;,&quot;credit&quot;:&quot;&quot;,&quot;camera&quot;:&quot;&quot;,&quot;caption&quot;:&quot;&quot;,&quot;created_timestamp&quot;:&quot;0&quot;,&quot;copyright&quot;:&quot;&quot;,&quot;focal_length&quot;:&quot;0&quot;,&quot;iso&quot;:&quot;0&quot;,&quot;shutter_speed&quot;:&quot;0&quot;,&quot;title&quot;:&quot;&quot;,&quot;orientation&quot;:&quot;1&quot;}\" data-image-title=\"wne3d\" data-image-description=\"\" data-image-caption=\"&lt;p&gt;24 Tage Gebet&lt;\/p&gt;\n\" data-large-file=\"https:\/\/i0.wp.com\/kirche-hilsbach-weiler.de\/hw\/wp-content\/uploads\/2020\/11\/wne3d-e1605038371883.jpg?fit=700%2C702&amp;ssl=1\" \/><\/div><\/div><div class=\"su-image-carousel-item\"><div class=\"su-image-carousel-item-content\"><img loading=\"lazy\" decoding=\"async\" width=\"700\" height=\"699\" src=\"https:\/\/i0.wp.com\/kirche-hilsbach-weiler.de\/hw\/wp-content\/uploads\/2020\/11\/wne3f-e1605038409142.jpg?fit=700%2C699&amp;ssl=1\" class=\"\" alt=\"\" data-attachment-id=\"8756\" data-permalink=\"https:\/\/kirche-hilsbach-weiler.de\/hw\/?attachment_id=8756\" data-orig-file=\"https:\/\/i0.wp.com\/kirche-hilsbach-weiler.de\/hw\/wp-content\/uploads\/2020\/11\/wne3f-e1605038409142.jpg?fit=864%2C862&amp;ssl=1\" data-orig-size=\"864,862\" data-comments-opened=\"0\" data-image-meta=\"{&quot;aperture&quot;:&quot;0&quot;,&quot;credit&quot;:&quot;&quot;,&quot;camera&quot;:&quot;&quot;,&quot;caption&quot;:&quot;&quot;,&quot;created_timestamp&quot;:&quot;0&quot;,&quot;copyright&quot;:&quot;&quot;,&quot;focal_length&quot;:&quot;0&quot;,&quot;iso&quot;:&quot;0&quot;,&quot;shutter_speed&quot;:&quot;0&quot;,&quot;title&quot;:&quot;&quot;,&quot;orientation&quot;:&quot;1&quot;}\" data-image-title=\"wne3f\" data-image-description=\"\" data-image-caption=\"&lt;p&gt;1 Heiligabend Erlebnis&lt;\/p&gt;\n\" data-large-file=\"https:\/\/i0.wp.com\/kirche-hilsbach-weiler.de\/hw\/wp-content\/uploads\/2020\/11\/wne3f-e1605038409142.jpg?fit=700%2C699&amp;ssl=1\" \/><\/div><\/div><\/div><script id=\"su_image_carousel_69e7561f3fad3_script\">if(window.SUImageCarousel){setTimeout(function() {window.SUImageCarousel.initGallery(document.getElementById(\"su_image_carousel_69e7561f3fad3\"))}, 0);}var su_image_carousel_69e7561f3fad3_script=document.getElementById(\"su_image_carousel_69e7561f3fad3_script\");if(su_image_carousel_69e7561f3fad3_script){su_image_carousel_69e7561f3fad3_script.parentNode.removeChild(su_image_carousel_69e7561f3fad3_script);}<\/script><img data-recalc-dims=\"1\" decoding=\"async\" class=\"aligncenter\" src=\"https:\/\/i0.wp.com\/kirche-hilsbach-weiler.de\/hw\/wp-content\/uploads\/2020\/11\/wnebeitrag.jpg?w=700&#038;ssl=1\" alt=\"\"><\/div>\r\n<\/div>\r\n<\/div>\r\n\r\n\r\n\r\n<p><a href=\"https:\/\/www.24x-weihnachten-neu-erleben.de\" target=\"_blank\" rel=\"noopener noreferrer\"><img data-recalc-dims=\"1\" loading=\"lazy\" decoding=\"async\" data-attachment-id=\"8813\" data-permalink=\"https:\/\/kirche-hilsbach-weiler.de\/hw\/?attachment_id=8813\" data-orig-file=\"https:\/\/i0.wp.com\/kirche-hilsbach-weiler.de\/hw\/wp-content\/uploads\/2020\/11\/wne05.jpg?fit=1180%2C1190&amp;ssl=1\" data-orig-size=\"1180,1190\" data-comments-opened=\"0\" data-image-meta=\"{&quot;aperture&quot;:&quot;0&quot;,&quot;credit&quot;:&quot;&quot;,&quot;camera&quot;:&quot;&quot;,&quot;caption&quot;:&quot;&quot;,&quot;created_timestamp&quot;:&quot;0&quot;,&quot;copyright&quot;:&quot;&quot;,&quot;focal_length&quot;:&quot;0&quot;,&quot;iso&quot;:&quot;0&quot;,&quot;shutter_speed&quot;:&quot;0&quot;,&quot;title&quot;:&quot;&quot;,&quot;orientation&quot;:&quot;1&quot;}\" data-image-title=\"wne05\" data-image-description=\"\" data-image-caption=\"\" data-large-file=\"https:\/\/i0.wp.com\/kirche-hilsbach-weiler.de\/hw\/wp-content\/uploads\/2020\/11\/wne05.jpg?fit=700%2C706&amp;ssl=1\" class=\"aligncenter wp-image-8813 size-full\" src=\"https:\/\/i0.wp.com\/kirche-hilsbach-weiler.de\/hw\/wp-content\/uploads\/2020\/11\/wne05.jpg?resize=700%2C706&#038;ssl=1\" alt=\"\" width=\"700\" height=\"706\" srcset=\"https:\/\/i0.wp.com\/kirche-hilsbach-weiler.de\/hw\/wp-content\/uploads\/2020\/11\/wne05.jpg?w=1180&amp;ssl=1 1180w, https:\/\/i0.wp.com\/kirche-hilsbach-weiler.de\/hw\/wp-content\/uploads\/2020\/11\/wne05.jpg?resize=297%2C300&amp;ssl=1 297w, https:\/\/i0.wp.com\/kirche-hilsbach-weiler.de\/hw\/wp-content\/uploads\/2020\/11\/wne05.jpg?resize=1015%2C1024&amp;ssl=1 1015w, https:\/\/i0.wp.com\/kirche-hilsbach-weiler.de\/hw\/wp-content\/uploads\/2020\/11\/wne05.jpg?resize=150%2C150&amp;ssl=1 150w, https:\/\/i0.wp.com\/kirche-hilsbach-weiler.de\/hw\/wp-content\/uploads\/2020\/11\/wne05.jpg?resize=768%2C775&amp;ssl=1 768w\" sizes=\"auto, (max-width: 700px) 100vw, 700px\" \/><\/a><\/p>\r\n\r\n\r\n\r\n\r\n\r\n\r\n\r\n\r\n","protected":false},"excerpt":{"rendered":"","protected":false},"author":5,"featured_media":0,"parent":0,"menu_order":0,"comment_status":"closed","ping_status":"closed","template":"page-full-width.php","meta":{"ngg_post_thumbnail":0,"footnotes":""},"class_list":["entry","page","publish","author-spickel","post-8685"],"jetpack_shortlink":"https:\/\/wp.me\/P4vBdR-2g5","jetpack_likes_enabled":false,"jetpack-related-posts":[{"id":6060,"url":"https:\/\/kirche-hilsbach-weiler.de\/hw\/","url_meta":{"origin":8685,"position":0},"title":"Herzlich willkommen","author":"Administrator","date":"18. November 2017","format":false,"excerpt":"Sch\u00f6n, dass Sie da sind! Die evangelische Kirchengemeinde HilsbachWeiler geh\u00f6rt zum evangelischen Kirchenbezirk Kraichgau in der evangelischen Landeskirche in Baden (ekiba). Im h\u00fcgeligen Kraichgau liegen die beiden Sinsheimer Ortsteile Hilsbach (ca. 2200 Einwohner, davon ca. 700 Evangelische) und Weiler (ca. 2000 Einwohner, davon ca. 750 Evangelische). Unser Profil: Wir sind\u2026","rel":"","context":"\u00c4hnlicher Beitrag","block_context":{"text":"\u00c4hnlicher Beitrag","link":""},"img":{"alt_text":"","src":"","width":0,"height":0},"classes":[]}],"jetpack_sharing_enabled":true,"_links":{"self":[{"href":"https:\/\/kirche-hilsbach-weiler.de\/hw\/index.php?rest_route=\/wp\/v2\/pages\/8685","targetHints":{"allow":["GET"]}}],"collection":[{"href":"https:\/\/kirche-hilsbach-weiler.de\/hw\/index.php?rest_route=\/wp\/v2\/pages"}],"about":[{"href":"https:\/\/kirche-hilsbach-weiler.de\/hw\/index.php?rest_route=\/wp\/v2\/types\/page"}],"author":[{"embeddable":true,"href":"https:\/\/kirche-hilsbach-weiler.de\/hw\/index.php?rest_route=\/wp\/v2\/users\/5"}],"replies":[{"embeddable":true,"href":"https:\/\/kirche-hilsbach-weiler.de\/hw\/index.php?rest_route=%2Fwp%2Fv2%2Fcomments&post=8685"}],"version-history":[{"count":0,"href":"https:\/\/kirche-hilsbach-weiler.de\/hw\/index.php?rest_route=\/wp\/v2\/pages\/8685\/revisions"}],"wp:attachment":[{"href":"https:\/\/kirche-hilsbach-weiler.de\/hw\/index.php?rest_route=%2Fwp%2Fv2%2Fmedia&parent=8685"}],"curies":[{"name":"wp","href":"https:\/\/api.w.org\/{rel}","templated":true}]}}