{"id":8972,"date":"2020-11-27T10:02:05","date_gmt":"2020-11-27T09:02:05","guid":{"rendered":"https:\/\/kirche-hilsbach-weiler.de\/hw\/?page_id=8972"},"modified":"2021-11-18T19:11:34","modified_gmt":"2021-11-18T18:11:34","slug":"24x-weihnachten-neu-erleben-zum-hoeren","status":"publish","type":"page","link":"https:\/\/kirche-hilsbach-weiler.de\/hw\/?page_id=8972","title":{"rendered":"24x Weihnachten neu erleben &#8211; Das Adventskalenderbuch zum Anh\u00f6ren"},"content":{"rendered":"<p>24 verschiedene Menschen aus der Gemeinde haben sich zusammengetan und dieses Buch f\u00fcr Sie vorgelesen. Jeden Tag &#8211; wie beim Adventskalender &#8211; gibt&#8217;s ein neues Kapitel.<br \/>\nGenie\u00dfen Sie also die Texte bei einer guten Tasse Kaffee oder Tee, unterwegs oder zu Hause, am PC oder mit dem Smartphone und freuen Sie sich, viele bekannte aber auch neue Stimmen zu h\u00f6ren. Wir w\u00fcnschen eine besinnliche Adventszeit und gute Impulse zum Nach- und Weiterdenken.<\/p>\n\n\n\n\n\n\n\n\n\n\n\n\n\n\n\n\n\n\n\n\n\n\n\n\n\n\n<p>Diese Audiodateien sind aus lizenzrechtlichen Gr\u00fcnden nur bis 7. Januar 2022 zum Anh\u00f6ren hier zu finden und k\u00f6nnen und d\u00fcrfen nicht heruntergeladen werden.<\/p>\n<p>Themenwelt \u201eWeihnachten neu erleben\u201c beim SCM Verlag:<br \/>\n<a href=\"https:\/\/www.scm-verlag.de\/aktuelles\/themenwelten\/wne\" target=\"_blank\" rel=\"noopener noreferrer\">https:\/\/www.scm-verlag.de\/aktuelles\/themenwelten\/wne<\/a><\/p>\n<div class=\"WordSection1\">\n<p><img data-recalc-dims=\"1\" loading=\"lazy\" decoding=\"async\" data-attachment-id=\"8786\" data-permalink=\"https:\/\/kirche-hilsbach-weiler.de\/hw\/?attachment_id=8786\" data-orig-file=\"https:\/\/i0.wp.com\/kirche-hilsbach-weiler.de\/hw\/wp-content\/uploads\/2020\/11\/wne03g.jpg?fit=1788%2C1792&amp;ssl=1\" data-orig-size=\"1788,1792\" data-comments-opened=\"0\" data-image-meta=\"{&quot;aperture&quot;:&quot;0&quot;,&quot;credit&quot;:&quot;&quot;,&quot;camera&quot;:&quot;&quot;,&quot;caption&quot;:&quot;&quot;,&quot;created_timestamp&quot;:&quot;0&quot;,&quot;copyright&quot;:&quot;&quot;,&quot;focal_length&quot;:&quot;0&quot;,&quot;iso&quot;:&quot;0&quot;,&quot;shutter_speed&quot;:&quot;0&quot;,&quot;title&quot;:&quot;&quot;,&quot;orientation&quot;:&quot;1&quot;}\" data-image-title=\"wne03g\" data-image-description=\"\" data-image-caption=\"&lt;p&gt;24 Impulse aus einen Adventskalenderbuch&lt;\/p&gt;\n\" data-large-file=\"https:\/\/i0.wp.com\/kirche-hilsbach-weiler.de\/hw\/wp-content\/uploads\/2020\/11\/wne03g.jpg?fit=700%2C701&amp;ssl=1\" class=\"alignnone wp-image-8786 \" src=\"https:\/\/i0.wp.com\/kirche-hilsbach-weiler.de\/hw\/wp-content\/uploads\/2020\/11\/wne03g.jpg?resize=355%2C356&#038;ssl=1\" alt=\"\" width=\"355\" height=\"356\" srcset=\"https:\/\/i0.wp.com\/kirche-hilsbach-weiler.de\/hw\/wp-content\/uploads\/2020\/11\/wne03g.jpg?resize=1022%2C1024&amp;ssl=1 1022w, https:\/\/i0.wp.com\/kirche-hilsbach-weiler.de\/hw\/wp-content\/uploads\/2020\/11\/wne03g.jpg?resize=300%2C300&amp;ssl=1 300w, https:\/\/i0.wp.com\/kirche-hilsbach-weiler.de\/hw\/wp-content\/uploads\/2020\/11\/wne03g.jpg?resize=150%2C150&amp;ssl=1 150w, https:\/\/i0.wp.com\/kirche-hilsbach-weiler.de\/hw\/wp-content\/uploads\/2020\/11\/wne03g.jpg?resize=768%2C770&amp;ssl=1 768w, https:\/\/i0.wp.com\/kirche-hilsbach-weiler.de\/hw\/wp-content\/uploads\/2020\/11\/wne03g.jpg?resize=1533%2C1536&amp;ssl=1 1533w, https:\/\/i0.wp.com\/kirche-hilsbach-weiler.de\/hw\/wp-content\/uploads\/2020\/11\/wne03g.jpg?resize=1186%2C1190&amp;ssl=1 1186w, https:\/\/i0.wp.com\/kirche-hilsbach-weiler.de\/hw\/wp-content\/uploads\/2020\/11\/wne03g.jpg?resize=620%2C622&amp;ssl=1 620w, https:\/\/i0.wp.com\/kirche-hilsbach-weiler.de\/hw\/wp-content\/uploads\/2020\/11\/wne03g.jpg?resize=400%2C401&amp;ssl=1 400w, https:\/\/i0.wp.com\/kirche-hilsbach-weiler.de\/hw\/wp-content\/uploads\/2020\/11\/wne03g.jpg?w=1788&amp;ssl=1 1788w, https:\/\/i0.wp.com\/kirche-hilsbach-weiler.de\/hw\/wp-content\/uploads\/2020\/11\/wne03g.jpg?w=1400&amp;ssl=1 1400w\" sizes=\"auto, (max-width: 355px) 100vw, 355px\" \/><b><span style=\"font-family: 'Arial',sans-serif; font-size: 10pt;\"><br \/>\nO<\/span><\/b><b><span style=\"font-family: 'Arial',sans-serif; font-size: 10pt;\">skar K\u00f6nig: 24 x Weihnachten neu erleben, \u00a9 2020 SCM R.Brockhaus in der SCM Verlagsgruppe GmbH, Witten\/Holzgerlingen<\/span><\/b><\/p>\n<\/div>\n","protected":false},"excerpt":{"rendered":"<p>24 verschiedene Menschen aus der Gemeinde haben sich zusammengetan und dieses Buch f\u00fcr Sie vorgelesen. Jeden Tag &#8211; wie beim Adventskalender &#8211; gibt&#8217;s ein neues Kapitel. Genie\u00dfen Sie also die Texte bei einer guten Tasse Kaffee oder Tee, unterwegs oder zu Hause, am PC oder mit dem Smartphone und freuen Sie sich, viele bekannte aber &#8230; <span class=\"more\"><a class=\"more-link\" href=\"https:\/\/kirche-hilsbach-weiler.de\/hw\/?page_id=8972\">[Weiter&#8230;]<\/a><\/span><\/p>\n","protected":false},"author":7,"featured_media":0,"parent":0,"menu_order":0,"comment_status":"closed","ping_status":"closed","template":"","meta":{"ngg_post_thumbnail":0,"footnotes":""},"class_list":["entry","page","publish","author-aseewald","post-8972"],"jetpack_shortlink":"https:\/\/wp.me\/P4vBdR-2kI","jetpack_likes_enabled":false,"jetpack-related-posts":[{"id":10551,"url":"https:\/\/kirche-hilsbach-weiler.de\/hw\/?page_id=10551","url_meta":{"origin":8972,"position":0},"title":"Ostern neu erleben &#8211; Das Buch zum Anh\u00f6ren","author":"Administrator","date":"11. M\u00e4rz 2023","format":false,"excerpt":"\u00dcber 30 verschiedene Menschen aus der Gemeinde haben sich zusammengetan und dieses Buch f\u00fcr Sie vorgelesen. Jeden Tag gibt's ein neues Kapitel. Genie\u00dfen Sie also die Texte bei einer guten Tasse Kaffee oder Tee, unterwegs oder zu Hause, am PC oder mit dem Smartphone und freuen Sie sich, viele bekannte,\u2026","rel":"","context":"\u00c4hnlicher Beitrag","block_context":{"text":"\u00c4hnlicher Beitrag","link":""},"img":{"alt_text":"Oskar K\u00f6nig: Ostern neu erleben, \u00a9 2023 SCM R.Brockhaus in der SCM Verlagsgruppe GmbH, Holzgerlingen","src":"https:\/\/i0.wp.com\/kirche-hilsbach-weiler.de\/hw\/wp-content\/uploads\/2023\/02\/227000047-188x300.jpg?resize=350%2C200&ssl=1","width":350,"height":200},"classes":[]},{"id":2041,"url":"https:\/\/kirche-hilsbach-weiler.de\/hw\/?page_id=2041","url_meta":{"origin":8972,"position":1},"title":"Kirchengemeinderat HilsbachWeiler","author":"Stefan Pickel","date":"13. Januar 2020","format":false,"excerpt":"Bei den letzten Kirchenwahlen im Dezember 2025 wurde der aktuell amtierende Kirchengemeinderat gew\u00e4hlt. Pfarrer Dr. Markus Printz ist von Amtes wegen Mitglied im Kirchengemeinderat. Der Kirchengemeinderat ist \u00fcber folgende Mailadresse erreichbar: kgr@kirche-hilsbach-weiler.de Gerne k\u00f6nnen Sie sich mit Ihren Anliegen auch pers\u00f6nlich an jedes der Mitglieder (Kirchen\u00e4lteste) wenden: Der Kirchengemeinderat (=\u2026","rel":"","context":"\u00c4hnlicher Beitrag","block_context":{"text":"\u00c4hnlicher Beitrag","link":""},"img":{"alt_text":"","src":"https:\/\/i0.wp.com\/kirche-hilsbach-weiler.de\/hw\/wp-content\/uploads\/2022\/10\/KGR-2022.jpg?resize=350%2C200&ssl=1","width":350,"height":200,"srcset":"https:\/\/i0.wp.com\/kirche-hilsbach-weiler.de\/hw\/wp-content\/uploads\/2022\/10\/KGR-2022.jpg?resize=350%2C200&ssl=1 1x, https:\/\/i0.wp.com\/kirche-hilsbach-weiler.de\/hw\/wp-content\/uploads\/2022\/10\/KGR-2022.jpg?resize=525%2C300&ssl=1 1.5x, https:\/\/i0.wp.com\/kirche-hilsbach-weiler.de\/hw\/wp-content\/uploads\/2022\/10\/KGR-2022.jpg?resize=700%2C400&ssl=1 2x, https:\/\/i0.wp.com\/kirche-hilsbach-weiler.de\/hw\/wp-content\/uploads\/2022\/10\/KGR-2022.jpg?resize=1050%2C600&ssl=1 3x, https:\/\/i0.wp.com\/kirche-hilsbach-weiler.de\/hw\/wp-content\/uploads\/2022\/10\/KGR-2022.jpg?resize=1400%2C800&ssl=1 4x"},"classes":[]},{"id":6003,"url":"https:\/\/kirche-hilsbach-weiler.de\/hw\/?page_id=6003","url_meta":{"origin":8972,"position":2},"title":"Hauskreis","author":"Administrator","date":"18. November 2017","format":false,"excerpt":"Sechs Fragen zum Hauskreis Hilsbach-Weiler Was ist denn Euer Hauskreis? In unserem Hauskreis treffen wir uns regelm\u00e4\u00dfig, um Glauben und Leben zu teilen. Ist das also ein frommer Geheimzirkel? Nat\u00fcrlich nicht. Die Treffen sind genauso \u00f6ffentlich wie andere Veranstaltungen. Wir treffen uns abwechselnd bei einzelnen Teilnehmern zu Hause, weil das\u2026","rel":"","context":"\u00c4hnlicher Beitrag","block_context":{"text":"\u00c4hnlicher Beitrag","link":""},"img":{"alt_text":"Hauskreis-Symbolfoto","src":"https:\/\/i0.wp.com\/kirche-hilsbach-weiler.de\/hw\/wp-content\/uploads\/2020\/04\/meeting-1015288_1920-e1588058179566.jpg?fit=1200%2C674&ssl=1&resize=350%2C200","width":350,"height":200,"srcset":"https:\/\/i0.wp.com\/kirche-hilsbach-weiler.de\/hw\/wp-content\/uploads\/2020\/04\/meeting-1015288_1920-e1588058179566.jpg?fit=1200%2C674&ssl=1&resize=350%2C200 1x, https:\/\/i0.wp.com\/kirche-hilsbach-weiler.de\/hw\/wp-content\/uploads\/2020\/04\/meeting-1015288_1920-e1588058179566.jpg?fit=1200%2C674&ssl=1&resize=525%2C300 1.5x, https:\/\/i0.wp.com\/kirche-hilsbach-weiler.de\/hw\/wp-content\/uploads\/2020\/04\/meeting-1015288_1920-e1588058179566.jpg?fit=1200%2C674&ssl=1&resize=700%2C400 2x, https:\/\/i0.wp.com\/kirche-hilsbach-weiler.de\/hw\/wp-content\/uploads\/2020\/04\/meeting-1015288_1920-e1588058179566.jpg?fit=1200%2C674&ssl=1&resize=1050%2C600 3x"},"classes":[]},{"id":2016,"url":"https:\/\/kirche-hilsbach-weiler.de\/hw\/?page_id=2016","url_meta":{"origin":8972,"position":3},"title":"Projekt Jugendreferent","author":"Administrator","date":"29. M\u00e4rz 2014","format":false,"excerpt":"Eine Studie (www.stickyfaith.org) hat ergeben, dass ungef\u00e4hr die H\u00e4lfte aller Jugendlichen (in den USA) nach ihrem Schulabschluss in gro\u00dfe Glaubensn\u00f6te kommen oder sich sogar ganz vom Glauben distanzieren. Sehr wahrscheinlich ist die Zahl in Deutschland nicht wirklich erfreulicher. Wir meinen: Das muss nicht so sein! Ganz und gar nicht! Deswegen\u2026","rel":"","context":"\u00c4hnlicher Beitrag","block_context":{"text":"\u00c4hnlicher Beitrag","link":""},"img":{"alt_text":"header_juref1","src":"https:\/\/i0.wp.com\/kirche-hilsbach-weiler.de\/hw\/wp-content\/uploads\/2014\/03\/header_juref1.jpg?resize=350%2C200","width":350,"height":200,"srcset":"https:\/\/i0.wp.com\/kirche-hilsbach-weiler.de\/hw\/wp-content\/uploads\/2014\/03\/header_juref1.jpg?resize=350%2C200 1x, https:\/\/i0.wp.com\/kirche-hilsbach-weiler.de\/hw\/wp-content\/uploads\/2014\/03\/header_juref1.jpg?resize=525%2C300 1.5x, https:\/\/i0.wp.com\/kirche-hilsbach-weiler.de\/hw\/wp-content\/uploads\/2014\/03\/header_juref1.jpg?resize=700%2C400 2x"},"classes":[]},{"id":8362,"url":"https:\/\/kirche-hilsbach-weiler.de\/hw\/?page_id=8362","url_meta":{"origin":8972,"position":4},"title":"Monika Mench","author":"Stefan Pickel","date":"17. Juli 2020","format":false,"excerpt":"\u00a0 \"Liebe deinen N\u00e4chsten wie dich selbst\". (Markus 12,31) Monika war von September 2020 bis August 2021 in Frankreich. \u00dcber ihre Arbeit dort schreibt sie: \"Meine Leidenschaft ist es, Fl\u00fcchtlingen und Migranten in einer Vorstadt von Paris zu dienen. Sie haben alles verlassen, - Land, Familien, Verwandte, vertraute Umgebung \u2013\u2026","rel":"","context":"\u00c4hnlicher Beitrag","block_context":{"text":"\u00c4hnlicher Beitrag","link":""},"img":{"alt_text":"","src":"https:\/\/i0.wp.com\/kirche-hilsbach-weiler.de\/hw\/wp-content\/uploads\/2014\/03\/Mench-scaled.jpg?resize=350%2C200&ssl=1","width":350,"height":200,"srcset":"https:\/\/i0.wp.com\/kirche-hilsbach-weiler.de\/hw\/wp-content\/uploads\/2014\/03\/Mench-scaled.jpg?resize=350%2C200&ssl=1 1x, https:\/\/i0.wp.com\/kirche-hilsbach-weiler.de\/hw\/wp-content\/uploads\/2014\/03\/Mench-scaled.jpg?resize=525%2C300&ssl=1 1.5x, https:\/\/i0.wp.com\/kirche-hilsbach-weiler.de\/hw\/wp-content\/uploads\/2014\/03\/Mench-scaled.jpg?resize=700%2C400&ssl=1 2x, https:\/\/i0.wp.com\/kirche-hilsbach-weiler.de\/hw\/wp-content\/uploads\/2014\/03\/Mench-scaled.jpg?resize=1050%2C600&ssl=1 3x, https:\/\/i0.wp.com\/kirche-hilsbach-weiler.de\/hw\/wp-content\/uploads\/2014\/03\/Mench-scaled.jpg?resize=1400%2C800&ssl=1 4x"},"classes":[]},{"id":5988,"url":"https:\/\/kirche-hilsbach-weiler.de\/hw\/?page_id=5988","url_meta":{"origin":8972,"position":5},"title":"Kirchenchor Weiler","author":"Administrator","date":"18. November 2017","format":false,"excerpt":"Der Evangelische Kirchenchor Weiler konnte im Jahr 2010 sein 125-j\u00e4hriges Bestehen feiern. Mit gro\u00dfer Freude singt er in den Gemeindegottesdiensten zum Lobe Gottes. Immer am Sonntag \u201eKantate \u2013 Singet dem Herrn\u201c gestaltet der Kirchenchor einen besonderen kirchenmusikalischen Gottesdienst, in dem meist gr\u00f6\u00dfere Werke \u2013 auch mit Instrumentalisten - aufgef\u00fchrt werden.\u2026","rel":"","context":"\u00c4hnlicher Beitrag","block_context":{"text":"\u00c4hnlicher Beitrag","link":""},"img":{"alt_text":"","src":"","width":0,"height":0},"classes":[]}],"jetpack_sharing_enabled":true,"_links":{"self":[{"href":"https:\/\/kirche-hilsbach-weiler.de\/hw\/index.php?rest_route=\/wp\/v2\/pages\/8972","targetHints":{"allow":["GET"]}}],"collection":[{"href":"https:\/\/kirche-hilsbach-weiler.de\/hw\/index.php?rest_route=\/wp\/v2\/pages"}],"about":[{"href":"https:\/\/kirche-hilsbach-weiler.de\/hw\/index.php?rest_route=\/wp\/v2\/types\/page"}],"author":[{"embeddable":true,"href":"https:\/\/kirche-hilsbach-weiler.de\/hw\/index.php?rest_route=\/wp\/v2\/users\/7"}],"replies":[{"embeddable":true,"href":"https:\/\/kirche-hilsbach-weiler.de\/hw\/index.php?rest_route=%2Fwp%2Fv2%2Fcomments&post=8972"}],"version-history":[{"count":0,"href":"https:\/\/kirche-hilsbach-weiler.de\/hw\/index.php?rest_route=\/wp\/v2\/pages\/8972\/revisions"}],"wp:attachment":[{"href":"https:\/\/kirche-hilsbach-weiler.de\/hw\/index.php?rest_route=%2Fwp%2Fv2%2Fmedia&parent=8972"}],"curies":[{"name":"wp","href":"https:\/\/api.w.org\/{rel}","templated":true}]}}